{"id":23581,"date":"2016-12-13T15:43:30","date_gmt":"2016-12-13T14:43:30","guid":{"rendered":"http:\/\/www.lte-anbieter.info\/lte-news\/?page_id=23581"},"modified":"2019-08-10T14:04:21","modified_gmt":"2019-08-10T12:04:21","slug":"kontakt","status":"publish","type":"page","link":"https:\/\/www.lte-anbieter.info\/lte-news\/kontakt","title":{"rendered":"Kontakt"},"content":{"rendered":"<p>&nbsp;<\/p>\n<p>Im folgenden Kontaktformular k\u00f6nnen Sie uns per Mail erreichen. Bitte haben Sie Verst\u00e4ndniss, dass wir keinen Support per Mail geben k\u00f6nnen. Wir sind <u>kein<\/u> Anbieter von Tarifen sind, sondern ein Infoportal.<\/p>\n<p>&nbsp;<\/p>\n<p><b>Bei Fragen rund um LTE, nutzen Sie bitte unser <a href=\"https:\/\/www.lte-anbieter.info\/lte-forum\/\">LTE-Forum<\/a>. Die meisten Fragen und Probleme k\u00f6nnen dort schnell und fachkundig gel\u00f6st werden. Danke!<\/b><\/p>\n<p>&nbsp;<\/p>\n<p>&nbsp;<\/p>\n<style type=\"text\/css\" id=\"cspFormShell_11_627724_style\">#cspFormShell_11_627724 {}\n#cspFormShell_11_627724 label {\n\twidth: 100%;\n}\n\/*Fields shell basic*\/\n#cspFormShell_11_627724 input:not([type=\"checkbox\"]):not([type=\"radio\"]),\n#cspFormShell_11_627724 textarea,\n#cspFormShell_11_627724 .cfsListSelect, \n#cspFormShell_11_627724 .cfsCheck,\n#cspFormShell_11_627724 button{\n    padding: 10px;\n    width: 100%;\n    font-size: 18px;\n    line-height: normal;  \tborder: 1px solidrgba(51,51,51,0.1);\n    color:rgba(51,51,51,0.7);\n  \tbackground-color:#f7f7f7;    hyphens: none;\n    border-radius: 0;\n    margin: 0;\n    max-width: 100%;\n    vertical-align: baseline;\n  \tdisplay: block;\n  \theight: auto;\n}\n#cspFormShell_11_627724 .cfsFieldShell input[type=\"submit\"]:not([type=\"checkbox\"]):not([type=\"radio\"]), \n#cspFormShell_11_627724 .cfsFieldShell input[type=\"reset\"]:not([type=\"checkbox\"]):not([type=\"radio\"]), \n#cspFormShell_11_627724 .cfsFieldShell input[type=\"button\"],\n#cspFormShell_11_627724 .cfsFieldShell button {\n\tcursor: pointer;\n  \tfont-weight: 700;\n    border: 0 none;\n    color: #fff;\n    text-transform: uppercase;\n  \t-webkit-appearance: none;\n}\n#cspFormShell_11_627724 .cfsFieldShell input[type=\"submit\"]:not([type=\"checkbox\"]):not([type=\"radio\"]), \n#cspFormShell_11_627724 .cfsFieldShell input[type=\"button\"],\n#cspFormShell_11_627724 .cfsFieldShell button {  \tbackground-color: #333333;\n  \tbackground-image: none;}\n#cspFormShell_11_627724 .cfsFieldShell input[type=\"submit\"]:not([type=\"checkbox\"]):not([type=\"radio\"]):hover, \n#cspFormShell_11_627724 .cfsFieldShell input[type=\"button\"]:hover,\n#cspFormShell_11_627724 .cfsFieldShell button:hover {  \tbackground-color:rgba(51,51,51,0.7);}\n#cspFormShell_11_627724 .cfsFieldShell input[type=\"reset\"]:not([type=\"checkbox\"]):not([type=\"radio\"]) {  \tbackground-color: #333333;\n  \tbackground-image: none;}\n#cspFormShell_11_627724 .cfsFieldShell input[type=\"reset\"]:not([type=\"checkbox\"]):not([type=\"radio\"]):hover {  \tbackground-color:rgba(51,51,51,0.7);}\n\/* Placeholder text color -- selectors need to be separate to work. *\/\n#cspFormShell_11_627724 ::-webkit-input-placeholder {\n\tcolor: rgba(51, 51, 51, 0.7);\n}\n#cspFormShell_11_627724 :-moz-placeholder {\n\tcolor: rgba(51, 51, 51, 0.7);\n}\n#cspFormShell_11_627724 ::-moz-placeholder {\n\tcolor: rgba(51, 51, 51, 0.7);\n\topacity: 1; \/* Since FF19 lowers the opacity of the placeholder by default *\/\n}\n#cspFormShell_11_627724 :-ms-input-placeholder {\n\tcolor: rgba(51, 51, 51, 0.7);\n}#cspFormShell_11_627724 { width: 100%}#cspFormShell_11_627724 .cfsSuccessMsg { color: #4ae8ea !important}<\/style><div id=\"cspFormShell_11_627724\" class=\"cfsFormShell\"><form class=\"csfForm\" method=\"post\" action=\"https:\/\/www.lte-anbieter.info\/lte-news\/\">\n<div class=\"supRow cfsFieldsRow\"><div class=\"supSm6 cfsFieldCol\" data-name=\"first_name\" data-type=\"text\"><div class=\"cfsFieldShell cfsField_text\" ><input type=\"text\" name=\"fields[first_name]\" value=\"\" data-name=\"first_name\" required  placeholder=\"Vorname\" \/><\/div><\/div><div class=\"supSm6 cfsFieldCol\" data-name=\"last_name\" data-type=\"text\"><div class=\"cfsFieldShell cfsField_text\" ><input type=\"text\" name=\"fields[last_name]\" value=\"\" data-name=\"last_name\" placeholder=\"Nachname (optional)\" \/><\/div><\/div><\/div><div class=\"supRow cfsFieldsRow\"><div class=\"supSm12 cfsFieldCol\" data-name=\"email\" data-type=\"email\"><div class=\"cfsFieldShell cfsField_email\" ><input type=\"email\" name=\"fields[email]\" value=\"\" data-name=\"email\" required  placeholder=\"Email\" \/><\/div><\/div><\/div><div class=\"supRow cfsFieldsRow\"><div class=\"supSm12 cfsFieldCol\" data-name=\"subject\" data-type=\"text\"><div class=\"cfsFieldShell cfsField_text\" ><input type=\"text\" name=\"fields[subject]\" value=\"\" data-name=\"subject\" required  placeholder=\"Anliegen\" \/><\/div><\/div><\/div><div class=\"supRow cfsFieldsRow\"><div class=\"supSm12 cfsFieldCol\" data-name=\"message\" data-type=\"textarea\"><div class=\"cfsFieldShell cfsField_textarea\" ><textarea name=\"fields[message]\" data-name=\"message\" required  placeholder=\"Ihre Nachricht an uns\" maxlength=\"999\" supRows=\"3\" cols=\"50\"><\/textarea><\/div><\/div><\/div><div class=\"supRow cfsFieldsRow\"><div class=\"supSm12 cfsFieldCol\" data-name=\"catcha\" data-type=\"recaptcha\"><div class=\"cfsFieldShell cfsField_recaptcha\" ><label><span class=\"cfsInputLabel\">Sicherheitsfrage&nbsp;<\/span><div class=\"g-recaptcha\" data-sitekey=\"6LeduQ4UAAAAALChXqM034qVyKddbTszYzDEiZQR\" data-theme=\"light\" data-type=\"audio\" data-size=\"compact\" ><\/div><\/label><\/div><\/div><\/div><div class=\"supRow cfsFieldsRow\"><div class=\"supSm6 cfsFieldCol\" data-name=\"send\" data-type=\"submit\"><div class=\"cfsFieldShell cfsField_submit\" ><input type=\"submit\" name=\"fields[send]\" value=\"absenden\" data-name=\"send\" \/><\/div><\/div><div class=\"supSm6 cfsFieldCol\" data-name=\"reset\" data-type=\"reset\"><div class=\"cfsFieldShell cfsField_reset\" ><input type=\"reset\" name=\"fields[reset]\" value=\"Reset\" data-name=\"reset\" \/><\/div><\/div><\/div>\n<input type=\"hidden\" name=\"mod\" value=\"forms\"  \/><input type=\"hidden\" name=\"action\" value=\"contact\"  \/><input type=\"hidden\" name=\"id\" value=\"11\"  \/><input type=\"hidden\" name=\"_wpnonce\" value=\"a9bba17617\"  \/><div class=\"cfsContactMsg\"><\/div><\/form><\/div><span style=\"display: none !important;\" class=\"cfsFormDesc\">eyJpZCI6IjExIiwibGFiZWwiOiJrb250YWt0MSIsImFjdGl2ZSI6IjEiLCJvcmlnaW5hbF9pZCI6IjEiLCJ1bmlxdWVfaWQiOiJ3ZWZqMiIsInBhcmFtcyI6eyJlbmFibGVGb3JNZW1iZXJzaGlwIjoiMCIsInRwbCI6eyJ3aWR0aCI6IjEwMCIsIndpZHRoX21lYXN1cmUiOiIlIiwiYmdfdHlwZV8wIjoibm9uZSIsImJnX2ltZ18wIjoiIiwiYmdfY29sb3JfMCI6IiM4MWQ3NDIiLCJiZ190eXBlXzEiOiJjb2xvciIsImJnX2ltZ18xIjoiIiwiYmdfY29sb3JfMSI6IiMzMzMzMzMiLCJiZ190eXBlXzIiOiJjb2xvciIsImJnX2ltZ18yIjoiIiwiYmdfY29sb3JfMiI6IiMzMzMzMzMiLCJiZ190eXBlXzMiOiJjb2xvciIsImJnX2ltZ18zIjoiIiwiYmdfY29sb3JfMyI6IiMzMzMzMzMiLCJmaWVsZF9lcnJvcl9pbnZhbGlkIjoiIiwiZm9ybV9zZW50X21zZyI6IkRhbmtlIGZcdTAwZmNyIElocmUgTmFjaHJpY2h0ISIsImZvcm1fc2VudF9tc2dfY29sb3IiOiIjNGFlOGVhIiwiaGlkZV9vbl9zdWJtaXQiOiIxIiwicmVkaXJlY3Rfb25fc3VibWl0IjoiaHR0cHM6XC9cL3d3dy5sdGUtYW5iaWV0ZXIuaW5mb1wvbHRlLW5ld3NcL2ZlcnRpZyIsInRlc3RfZW1haWwiOiJLb250YWt0QGx0ZS1hbmJpZXRlci5pbmZvIiwic2F2ZV9jb250YWN0cyI6IjEiLCJleHBfZGVsaW0iOiI7IiwiZmJfY29udmVydF9iYXNlIjoiIiwicHViX3Bvc3RfdHlwZSI6InBvc3QiLCJwdWJfcG9zdF9zdGF0dXMiOiJwdWJsaXNoIiwicmVnX3dwX2NyZWF0ZV91c2VyX3JvbGUiOiJzdWJzY3JpYmVyIiwiZmllbGRfd3JhcHBlciI6IjxkaXYgW2ZpZWxkX3NoZWxsX2NsYXNzZXNdIFtmaWVsZF9zaGVsbF9zdHlsZXNdPltmaWVsZF08XC9kaXY+In0sImZpZWxkcyI6W3sibGFiZWwiOiIiLCJwbGFjZWhvbGRlciI6IlZvcm5hbWUiLCJodG1sIjoidGV4dCIsInZhbHVlIjoiIiwibWFuZGF0b3J5IjoiMSIsIm5hbWUiOiJmaXJzdF9uYW1lIiwiYnNfY2xhc3NfaWQiOiI2IiwiZGlzcGxheSI6IiIsIm1pbl9zaXplIjoiIiwibWF4X3NpemUiOiIiLCJhZGRfY2xhc3NlcyI6IiIsImFkZF9zdHlsZXMiOiIiLCJhZGRfYXR0ciI6IiIsInZuX29ubHlfbnVtYmVyIjoiMCIsInZuX29ubHlfbGV0dGVycyI6IjAiLCJ2bl9wYXR0ZXJuIjoiMCIsInZhbHVlX3ByZXNldCI6IiIsImRlZl9jaGVja2VkIjoiMCIsImxhYmVsX2RlbGltIjoiIiwidm5fZXF1YWwiOiIifSx7ImxhYmVsIjoiIiwicGxhY2Vob2xkZXIiOiJOYWNobmFtZSAob3B0aW9uYWwpIiwiaHRtbCI6InRleHQiLCJ2YWx1ZSI6IiIsIm1hbmRhdG9yeSI6IjAiLCJuYW1lIjoibGFzdF9uYW1lIiwiYnNfY2xhc3NfaWQiOiI2IiwiZGlzcGxheSI6IiIsIm1pbl9zaXplIjoiIiwibWF4X3NpemUiOiIiLCJhZGRfY2xhc3NlcyI6IiIsImFkZF9zdHlsZXMiOiIiLCJhZGRfYXR0ciI6IiIsInZuX29ubHlfbnVtYmVyIjoiMCIsInZuX29ubHlfbGV0dGVycyI6IjAiLCJ2bl9wYXR0ZXJuIjoiMCIsInZhbHVlX3ByZXNldCI6IiIsImRlZl9jaGVja2VkIjoiMCIsImxhYmVsX2RlbGltIjoiIiwidm5fZXF1YWwiOiIifSx7ImxhYmVsIjoiIiwicGxhY2Vob2xkZXIiOiJFbWFpbCIsImh0bWwiOiJlbWFpbCIsInZhbHVlIjoiIiwibWFuZGF0b3J5IjoiMSIsIm5hbWUiOiJlbWFpbCIsImJzX2NsYXNzX2lkIjoiMTIiLCJkaXNwbGF5Ijoicm93IiwibWluX3NpemUiOiIiLCJtYXhfc2l6ZSI6IiIsImFkZF9jbGFzc2VzIjoiIiwiYWRkX3N0eWxlcyI6IiIsImFkZF9hdHRyIjoiIiwidm5fb25seV9udW1iZXIiOiIwIiwidm5fb25seV9sZXR0ZXJzIjoiMCIsInZuX3BhdHRlcm4iOiIwIiwiZGVmX2NoZWNrZWQiOiIwIn0seyJsYWJlbCI6IiIsInBsYWNlaG9sZGVyIjoiQW5saWVnZW4iLCJodG1sIjoidGV4dCIsInZhbHVlIjoiIiwibWFuZGF0b3J5IjoiMSIsIm5hbWUiOiJzdWJqZWN0IiwiYnNfY2xhc3NfaWQiOiIxMiIsImRpc3BsYXkiOiJyb3ciLCJtaW5fc2l6ZSI6IiIsIm1heF9zaXplIjoiIiwiYWRkX2NsYXNzZXMiOiIiLCJhZGRfc3R5bGVzIjoiIiwiYWRkX2F0dHIiOiIiLCJ2bl9vbmx5X251bWJlciI6IjAiLCJ2bl9vbmx5X2xldHRlcnMiOiIwIiwidm5fcGF0dGVybiI6IjAiLCJ2YWx1ZV9wcmVzZXQiOiIiLCJkZWZfY2hlY2tlZCI6IjAiLCJsYWJlbF9kZWxpbSI6IiIsInZuX2VxdWFsIjoiIn0seyJsYWJlbCI6IiIsInBsYWNlaG9sZGVyIjoiSWhyZSBOYWNocmljaHQgYW4gdW5zIiwiaHRtbCI6InRleHRhcmVhIiwidmFsdWUiOiIiLCJtYW5kYXRvcnkiOiIxIiwibmFtZSI6Im1lc3NhZ2UiLCJic19jbGFzc19pZCI6IjEyIiwiZGlzcGxheSI6InJvdyIsIm1pbl9zaXplIjoiIiwibWF4X3NpemUiOiI5OTkiLCJhZGRfY2xhc3NlcyI6IiIsImFkZF9zdHlsZXMiOiIiLCJhZGRfYXR0ciI6IiIsInZuX29ubHlfbnVtYmVyIjoiMCIsInZuX29ubHlfbGV0dGVycyI6IjAiLCJ2bl9wYXR0ZXJuIjoiMCIsInZhbHVlX3ByZXNldCI6IiIsImRlZl9jaGVja2VkIjoiMCIsImxhYmVsX2RlbGltIjoiIiwidm5fZXF1YWwiOiIifSx7ImxhYmVsIjoiU2ljaGVyaGVpdHNmcmFnZSIsInBsYWNlaG9sZGVyIjoiIiwiaHRtbCI6InJlY2FwdGNoYSIsInZhbHVlIjoiIiwibWFuZGF0b3J5IjoiMCIsIm5hbWUiOiJjYXRjaGEiLCJic19jbGFzc19pZCI6IjEyIiwiZGlzcGxheSI6InJvdyIsIm1pbl9zaXplIjoiIiwibWF4X3NpemUiOiIiLCJhZGRfY2xhc3NlcyI6IiIsImFkZF9zdHlsZXMiOiIiLCJhZGRfYXR0ciI6IiIsInZuX29ubHlfbnVtYmVyIjoiMCIsInZuX29ubHlfbGV0dGVycyI6IjAiLCJ2bl9wYXR0ZXJuIjoiIiwidmFsdWVfcHJlc2V0IjoiIiwiZGVmX2NoZWNrZWQiOiIwIiwibGFiZWxfZGVsaW0iOiIiLCJ2bl9lcXVhbCI6IiIsInJlY2FwLXRoZW1lIjoibGlnaHQiLCJyZWNhcC10eXBlIjoiYXVkaW8iLCJyZWNhcC1zaXplIjoiY29tcGFjdCJ9LHsibGFiZWwiOiJhYnNlbmRlbiIsInBsYWNlaG9sZGVyIjoiIiwiaHRtbCI6InN1Ym1pdCIsInZhbHVlIjoiIiwibWFuZGF0b3J5IjoiMCIsIm5hbWUiOiJzZW5kIiwiYnNfY2xhc3NfaWQiOiI2IiwiZGlzcGxheSI6IiIsIm1pbl9zaXplIjoiIiwibWF4X3NpemUiOiIiLCJhZGRfY2xhc3NlcyI6IiIsImFkZF9zdHlsZXMiOiIiLCJhZGRfYXR0ciI6IiIsInZuX29ubHlfbnVtYmVyIjoiMCIsInZuX29ubHlfbGV0dGVycyI6IjAiLCJ2bl9wYXR0ZXJuIjoiMCIsInZhbHVlX3ByZXNldCI6IiIsImRlZl9jaGVja2VkIjoiMCIsImxhYmVsX2RlbGltIjoiIiwidm5fZXF1YWwiOiIifSx7ImxhYmVsIjoiUmVzZXQiLCJwbGFjZWhvbGRlciI6IiIsImh0bWwiOiJyZXNldCIsInZhbHVlIjoiIiwibWFuZGF0b3J5IjoiMCIsIm5hbWUiOiJyZXNldCIsImJzX2NsYXNzX2lkIjoiNiIsImRpc3BsYXkiOiIiLCJtaW5fc2l6ZSI6IiIsIm1heF9zaXplIjoiIiwiYWRkX2NsYXNzZXMiOiIiLCJhZGRfc3R5bGVzIjoiIiwiYWRkX2F0dHIiOiIiLCJ2bl9vbmx5X251bWJlciI6IjAiLCJ2bl9vbmx5X2xldHRlcnMiOiIwIiwidm5fcGF0dGVybiI6IjAiLCJkZWZfY2hlY2tlZCI6IjAifV0sIm9wdHNfYXR0cnMiOnsiYmdfbnVtYmVyIjoiNCJ9fSwiaW1nX3ByZXZpZXciOiJiYXNlLWNvbnRhY3QuanBnIiwidmlld3MiOiI4MDI0IiwidW5pcXVlX3ZpZXdzIjoiNjQzNCIsImFjdGlvbnMiOiI2OTIiLCJzb3J0X29yZGVyIjoiMTAiLCJpc19wcm8iOiIwIiwiYWJfaWQiOiIwIiwiZGF0ZV9jcmVhdGVkIjoiMjAxNi0wNS0wMyAxNTowMTowMyIsImltZ19wcmV2aWV3X3VybCI6Imh0dHBzOlwvXC93d3cubHRlLWFuYmlldGVyLmluZm9cL2x0ZS1uZXdzXC93cC1jb250ZW50XC9wbHVnaW5zXC9jb250YWN0LWZvcm0tYnktc3Vwc3lzdGljXC9hc3NldHNcL2Zvcm1zXC9pbWdcL3ByZXZpZXdcL2Jhc2UtY29udGFjdC5qcGciLCJ2aWV3X2lkIjoiMTFfNjI3NzI0Iiwidmlld19odG1sX2lkIjoiY3NwRm9ybVNoZWxsXzExXzYyNzcyNCIsImNvbm5lY3RfaGFzaCI6ImMwOTVlYWFmYzU2ODg0MGMwNjcwYmQxNmQ2YjUxY2UzIn0=<\/span>\n<p>&nbsp;<\/p>\n<div style='text-align:center' class='yasr-auto-insert-visitor'><\/div>","protected":false},"excerpt":{"rendered":"<p>&nbsp; Im folgenden Kontaktformular k\u00f6nnen Sie uns per Mail erreichen. Bitte haben Sie Verst\u00e4ndniss, dass wir keinen Support per Mail geben k\u00f6nnen. Wir sind kein Anbieter von Tarifen sind, sondern ein Infoportal. &nbsp; Bei Fragen rund um LTE, nutzen Sie bitte unser LTE-Forum. Die meisten Fragen und Probleme k\u00f6nnen dort schnell und fachkundig gel\u00f6st werden. [&hellip;]<\/p>\n","protected":false},"author":1,"featured_media":0,"parent":0,"menu_order":0,"comment_status":"closed","ping_status":"closed","template":"","meta":{"yasr_overall_rating":0,"yasr_post_is_review":"","yasr_auto_insert_disabled":"","yasr_review_type":"","iawp_total_views":617,"footnotes":""},"class_list":["post-23581","page","type-page","status-publish","hentry"],"yasr_visitor_votes":{"stars_attributes":{"read_only":false,"span_bottom":false},"number_of_votes":25,"sum_votes":79},"jetpack_shortlink":"https:\/\/wp.me\/POOxv-68l","_links":{"self":[{"href":"https:\/\/www.lte-anbieter.info\/lte-news\/wp-json\/wp\/v2\/pages\/23581","targetHints":{"allow":["GET"]}}],"collection":[{"href":"https:\/\/www.lte-anbieter.info\/lte-news\/wp-json\/wp\/v2\/pages"}],"about":[{"href":"https:\/\/www.lte-anbieter.info\/lte-news\/wp-json\/wp\/v2\/types\/page"}],"author":[{"embeddable":true,"href":"https:\/\/www.lte-anbieter.info\/lte-news\/wp-json\/wp\/v2\/users\/1"}],"replies":[{"embeddable":true,"href":"https:\/\/www.lte-anbieter.info\/lte-news\/wp-json\/wp\/v2\/comments?post=23581"}],"version-history":[{"count":0,"href":"https:\/\/www.lte-anbieter.info\/lte-news\/wp-json\/wp\/v2\/pages\/23581\/revisions"}],"wp:attachment":[{"href":"https:\/\/www.lte-anbieter.info\/lte-news\/wp-json\/wp\/v2\/media?parent=23581"}],"curies":[{"name":"wp","href":"https:\/\/api.w.org\/{rel}","templated":true}]}}