{"id":28408,"date":"2026-02-02T09:40:16","date_gmt":"2026-02-02T08:40:16","guid":{"rendered":"http:\/\/www.lte-anbieter.info\/lte-news\/?page_id=28408"},"modified":"2026-02-04T14:15:18","modified_gmt":"2026-02-04T13:15:18","slug":"welches-netz-hat-aldi-talk","status":"publish","type":"page","link":"https:\/\/www.lte-anbieter.info\/lte-news\/welches-netz-hat-aldi-talk","title":{"rendered":"Welches Netz hat Aldi-Talk?"},"content":{"rendered":"<p>&nbsp;<\/p>\n<p>Das Prepaid-Angebot von Aldi, genannt \u201e<a href=\"https:\/\/www.lte-anbieter.info\/prepaid\/anbieter\/aldi-talk.php\" data-internallinksmanager029f6b8e52c=\"53\" title=\"Aldi-Talk Tarife und Testbericht\">Aldi-Talk<\/a>\u201c, geh\u00f6rt zu Deutschlands beliebtesten Mobilfunktarifen \u00fcberhaupt. Doch was steht eigentlich f\u00fcr ein Handynetz dahinter? Wie gut ist dies und bietet es \u00fcberhaupt schon LTE bzw. <a href=\"https:\/\/www.lte-anbieter.info\/5g\/\" data-internallinksmanager029f6b8e52c=\"73\" title=\"alles zum LTE-Nachfolger 5G\">5G<\/a>? Die Redaktion von LTE-Anbieter.info gibt folgend Antwort auf diese und weitere Fragen zum Angebot.<!--more--><\/p>\n<p>&nbsp;<\/p>\n<p><img decoding=\"async\" src=\"https:\/\/www.lte-anbieter.info\/lte-news\/wp-content\/uploads\/2025\/01\/aldi-talk3.webp\" alt=\"Aldi Talk\" class=\"fullwidth\" fetchpriority=\"high\"><\/p>\n<h2>Das Mobilfunknetz von Aldi-Talk<\/h2>\n<p>Aldi selbst besitzt keine eigenen Mobilfunkmasten und somit auch kein Funknetz. Vielmehr handelt es sich um einen sogenannten <em>&#8222;virtuellen Anbieter&#8220;<\/em>, der Kapazit\u00e4ten anmietet und eigene Tarife an seine Discounter-Kunden vertreibt. Der aktuelle Partner hei\u00dft &#8222;<a href=\"https:\/\/www.lte-anbieter.info\/lte-provider\/o2\/o2-lte.php\" data-internallinksmanager029f6b8e52c=\"34\" title=\"O2 LTE- und 5G-Tarife zeigen\">O2 Telef\u00f3nica<\/a>&#8220;. Lange Zeit stellte \u00fcbrigens Eplus den Netzprovider. Doch nach der \u00dcbernahme durch O2, wurden in Deutschland <a href=\"https:\/\/www.lte-anbieter.info\/lte-news\/o2-national-roaming-gestartet\" target=\"_blank\" rel=\"noopener\">beide Mobilnetze zusammengelegt<\/a>. <u>Die Antwort lautet also:<\/u> Sie telefonieren, simsen und surfen bei Aldi im O2-Netz (<strong>E-Netz<\/strong>). Dieses wurde letztmalig von der Stiftung-Warentest 04\/2025 mit &#8222;gut&#8220; bewertet (Note 1.9). <a href=\"https:\/\/www.lte-anbieter.info\/lte-provider\/vodafone\/vodafone-lte.php\" data-internallinksmanager029f6b8e52c=\"33\" title=\"Vodafone LTE- und 5G-Tarife zeigen\">Vodafone<\/a> und <a href=\"https:\/\/www.lte-anbieter.info\/lte-provider\/telekom\/telekom-lte.php\" data-internallinksmanager029f6b8e52c=\"32\" title=\"LTE- und 5G-Tarife der Deutschen Telekom zeigen\">Dt. Telekom<\/a> hingegen betreiben das D2- bzw. D1-Netz mit LTE oder <a href=\"https:\/\/www.lte-anbieter.info\/5g\/\">5G<\/a>. Dar\u00fcber hinaus, gibt es aber auch aktuellere Tests, wie der folgende Abschnitt zeigt.<\/p>\n<h2>Wie gut ist die Qualit\u00e4t?<\/h2>\n<p>Neben Vodafone und der Deutschen Telekom, arbeitet auch O2 intensiv am Mobilfunkausbau. Doch <a href=\"https:\/\/www.lte-anbieter.info\/lte-news\/index.php?s=netztest\" target=\"_blank\" rel=\"noopener\">unabh\u00e4ngige Netztests belegen seit Jahren<\/a>, dass der Abstand zu den zwei Mittbewerbern immer noch besteht, aber kontinuierlich kleiner wird. Teilweise liegt O2 sogar schon gleichauf. Abstriche gibt es den Tests zufolge noch in Hinblick auf die Schnelligkeit au\u00dferhalb der St\u00e4dte, wo die Konkurrenz in der Regel mehr Leistung bietet. Daf\u00fcr sind Angebote auf Basis des O2-Netzes sehr viel g\u00fcnstiger und bieten weit mehr Datenvolumen.<\/p>\n<p>&nbsp;<\/p>\n<div class=\"highlight2\">Jetzt aktuelle Aktionsangebote bei Aldi-Talk sichern hier auf <a href=\"https:\/\/www.lte-anbieter.info\/details\/AldiTalk\" target=\"_blank\" rel=\"nofollow noopener\">unter www.aldi-talk.de<\/a><\/div>\n<h2>Wie gut ist die Netzabdeckung im Aldi-Talk Netz?<\/h2>\n<p>Beim Ausbau der 5G-Verf\u00fcgbarkeit f\u00fchrt O2 neben der Telekom aktuell (2026) bundesweit. Verbleibende Probleme bei der Netzabdeckung sind, wenn \u00fcberhaupt, vornehmlich noch l\u00e4ndlichen Raum zu erwarten. Wer in einer Metropole oder stadtnahe wohnt, braucht keinerlei Probleme bef\u00fcrchten. Wir raten daher prim\u00e4r Bewohnern in d\u00fcnn besiedelten Regionen, z.B. der Spreewaldregion, eher von O2-basierten Tarifangeboten, wie <a href=\"https:\/\/www.lte-anbieter.info\/prepaid\/anbieter\/aldi-talk.php\" target=\"_blank\" rel=\"noopener\">Aldi-Talk<\/a>, ab. Die Abdeckung kann \u00fcbrigens jeder relativ genau f\u00fcr seinen Wohnort einsehen. So bietet <a href=\"https:\/\/www.lte-anbieter.info\/details\/O2Verf\" rel=\"nofollow noopener\" target=\"_blank\">O2 eine detaillierte Netzverf\u00fcgbarkeitskarte<\/a>. Da wie ob schon erw\u00e4hnt, O2 als Provider f\u00fcr Aldi-Talk fungiert, kann diese Karte auch Interessenten des Discountangebots als Recherchegrundlage dienen. <\/p>\n<p><script async src=\"https:\/\/pagead2.googlesyndication.com\/pagead\/js\/adsbygoogle.js\"><\/script><br \/>\n<!-- LTENewsResp --><br \/>\n<ins class=\"adsbygoogle\"\n     style=\"display:block\"\n     data-ad-client=\"ca-pub-2912090649858721\"\n     data-ad-slot=\"5159581627\"\n     data-ad-format=\"auto\"\n     data-full-width-responsive=\"true\"><\/ins><br \/>\n<script>\n     (adsbygoogle = window.adsbygoogle || []).push({});\n<\/script><\/p>\n<h2>Habe ich LTE oder 5G im Netz von Aldi?<\/h2>\n<p>Ja! Seit l\u00e4ngerem schon surfen Aldi-Kunden mit LTE (O2). Seit Juli 2023 ist sogar 5G mit den Prepaidangeboten des Discounters m\u00f6glich! Wer aber an dieser Stelle die \u00fcblichen Datenraten im hohen dreistelligen Bereich erwartet, wird leider entt\u00e4uscht. Die \u00dcbertragungsrate im 4G- und 5G-Netz wird auf <u>100-150 MBit beschr\u00e4nkt<\/u>. Das ist immerhin schneller wie ein <a href=\"https:\/\/www.lte-anbieter.info\/lte-alternativen\/vdsl-kabel\/vdsl-kabel-flatrate.php\" data-internallinksmanager029f6b8e52c=\"63\" title=\"Was ist VDSL und was kostet es?\">VDSL<\/a>-Anschluss, liegt aber weit hinter den <a href=\"https:\/\/www.lte-anbieter.info\/ratgeber\/schnelligkeit-lte.php\" target=\"_blank\" rel=\"noopener\">M\u00f6glichkeiten der LTE-Technik von aktuell gut 500 MBit<\/a> bzw. 5G mit \u00fcber 1000 Mbit\/s. Wer auf Highspeed-Internet unterwegs Wert legt, sollte sich zu einen Vertragstarif aus dem Hause Telekom oder Vodafone informieren (<a href=\"https:\/\/www.lte-anbieter.info\/tarife\/smartphone-tarifvergleich.php\" target=\"_blank\" rel=\"noopener\">Vergleich<\/a>). Dort leistet 5G deutlich mehr. Allerdings sei bemerkt, dass auch 100 MBit\/s im Alltag meist v\u00f6llig ausreichend sind. Sogar f\u00fcr zwei 4K-Videosstreams reicht die Geschwindigkeit&#8230;<\/p>\n<h2>Aldi Talk Tarife &#038; Angebote<\/h2>\n<p>Die Popularit\u00e4t der Aldi-Prepaid-Tarife r\u00fchrt vor allem durch die g\u00fcnstigen Preise. So bietet der Anbieter bereits mit seinem Einstiegs-Paket \u201eAldi Kombi-Paket S\u201c eine <a href=\"https:\/\/www.lte-anbieter.info\/allnet\/tarifvergleich.php\" data-internallinksmanager029f6b8e52c=\"5\" title=\"aktuelle Allnetflat-Tarife vergleichen\">Allnetflat<\/a> f\u00fcr unbegrenztes Telefonieren in alle Netze mit 25 GB LTE-Datenvolumen f\u00fcr 8.99 Euro! Eine \u00dcbersicht aller Aldi-Tarife, haben wir Ihnen <a href=\"https:\/\/www.lte-anbieter.info\/prepaid\/anbieter\/aldi-talk.php\" target=\"_blank\" rel=\"noopener\">hier zusammengestellt<\/a>. Direkt bestellt werden kann \u00fcbrigens auch online hier <a href=\"https:\/\/www.lte-anbieter.info\/details\/AldiTalk\" target=\"_blank\" rel=\"noopener\">unter www.aldi-talk.de<\/a>.<\/p>\n<h2>Gibt es eine Datenautomatik?<\/h2>\n<div class=\"pic_r\"><img decoding=\"async\" src=\"https:\/\/www.lte-anbieter.info\/lte-news\/wp-content\/uploads\/2018\/09\/aldi-talk-netz.jpg\" alt=\"Wertung zu Aldi-Talk\" title=\"Wertung zu Aldi-Talk von unserer Redaktion\" width=\"250\"><\/div>\n<p>Auch wenn bei vielen O2-basierten Angeboten \u00fcblich, gibt es bei Aldi-Talk gl\u00fccklicher Weise keine <a href=\"https:\/\/www.lte-anbieter.info\/ratgeber\/datenautomatik.php\" title=\"Was ist eine Datenautomatik und wie stellt man sie ab?\" target=\"_blank\" rel=\"noopener\">Datenautomatik<\/a>. Wohl aber l\u00e4sst sich bei Bedarf zus\u00e4tzliches Volumen nachbuchen.<\/p>\n<h2>Hat Aldi VoLTE, Wifi-Telefonie und eSIM?<\/h2>\n<p>Der Anbieter bietet allen Nutzern Zugang zur 4G-Telefonie, auch <a href=\"https:\/\/www.lte-anbieter.info\/volte\/\">VoLTE<\/a> genannt. Damit verbessert sich die Sprachqualit\u00e4t erheblich! Zudem hat O2 bereits Ende 2021 <a href=\"https:\/\/www.lte-anbieter.info\/3g\/\" data-internallinksmanager029f6b8e52c=\"74\" title=\"alles \u00fcber 3G und dessen Abschaltung erfahren\">3G<\/a> abgeschaltet, so dass dies fast schon zwingend n\u00f6tig f\u00fcr eine gute Versorgung bzw. Abdeckung ist. Sonst kann man n\u00e4mlich nur noch \u00fcber 2G telefonieren. Auch <a href=\"https:\/\/www.lte-anbieter.info\/technik\/wlan\/wifi-calling.php\">WLAN-Telefonie<\/a> ist m\u00f6glich, was z.B. in Innenr\u00e4umen ideal ist, wo oft der Netzempfang suboptimal ausf\u00e4llt. Allerdings muss Ihr Smartphone die Techniken auch beherrschen (ab ca. 2019 fast alle Modelle). <a href=\"https:\/\/www.lte-anbieter.info\/ratgeber\/e-sim.php\">eSIM<\/a>s offeriert Aldi leider auch noch nicht an.<\/p>\n<h2>Aldi Talk Hotline-Nummern<\/h2>\n<p>Sie wollen den Kundendienst von Alditalk erreichen oder telefonisch bestellen? Wir haben Ihnen hier alle <a href=\"https:\/\/www.lte-anbieter.info\/lte-news\/aldi-talk-hotline-rufnummern\">M\u00f6glichkeiten zum Kontakt in einer \u00dcbersicht recherchiert<\/a>!<\/p>\n<h2>Unser Fazit<\/h2>\n<p>Sparf\u00fcchse surfen und telefonieren mit Aldi-Talk im O2-Netz zu Top-Konditionen. Der Discounter lockt mit extrem g\u00fcnstigen Sprach-Allnet-Flats samt LTE\/5G f\u00fcr unter 10 Euro im Monat. 2022 langte das sogar f\u00fcr ein &#8222;<a href=\"https:\/\/www.lte-anbieter.info\/lte-news\/smartphone-magazin-netztest-2023-o2-netz-ist-hervorragend\" target=\"_blank\" rel=\"noopener\">hervorrangen<\/a>&#8220; beim Smartphone-Magazin Netztest. Die Funkabdeckung au\u00dferhalb der St\u00e4dte ist aber noch ausbauf\u00e4hig.<\/p>\n<h2>Welche Anbieter nutzen noch das Netz von O2?<\/h2>\n<p>Das sind eine ganze Menge, um nicht zu sagen gut 90 Prozent aller Mobilfunkmarken in Deutschland. S\u00e4mtliche aufzuz\u00e4hlen ist fast unm\u00f6glich, es d\u00fcrften um die 50 sein. Hier ein Auszug der popul\u00e4rsten: <a href=\"https:\/\/www.lte-anbieter.info\/prepaid\/anbieter\/aldi-talk.php\" target=\"_blank\" rel=\"noopener\">Aldi-Talk<\/a>, <a href=\"https:\/\/www.lte-anbieter.info\/prepaid\/anbieter\/blau.php\" target=\"_blank\" rel=\"noopener\">Blau.de<\/a>, <a href=\"https:\/\/www.lte-anbieter.info\/lte-provider\/dsim\/deutschland-sim-lte.php\" target=\"_blank\" rel=\"noopener\">Deutschland SIM<\/a>, <a href=\"https:\/\/www.lte-anbieter.info\/prepaid\/anbieter\/fonic.php\" target=\"_blank\" rel=\"noopener\">Fonic<\/a>, <a href=\"https:\/\/www.lte-anbieter.info\/prepaid\/anbieter\/tchibo.php\" target=\"_blank\" rel=\"noopener\">Tchibo Mobil<\/a>, Yourfone, <a href=\"https:\/\/www.lte-anbieter.info\/lte-provider\/smart\/smartmobil.php\" target=\"_blank\" rel=\"noopener\">Smartmobil<\/a>, <a href=\"https:\/\/www.lte-anbieter.info\/prepaid\/anbieter\/nettokom.php\" target=\"_blank\" rel=\"noopener\">Nettocom<\/a>, <a href=\"https:\/\/www.lte-anbieter.info\/lte-provider\/bild\/bildconnect.php\" target=\"_blank\" rel=\"noopener\">Bildconnect<\/a>, <a href=\"https:\/\/www.lte-anbieter.info\/prepaid\/anbieter\/ay-yildiz.php\" target=\"_blank\" rel=\"noopener\">Ay Yildiz<\/a>, <a href=\"https:\/\/www.lte-anbieter.info\/lte-provider\/sim\/sim-de.php\" target=\"_blank\" rel=\"noopener\">SIM.de<\/a> und <a href=\"https:\/\/www.lte-anbieter.info\/lte-provider\/winsim\/winsim-lte.php\" target=\"_blank\" rel=\"noopener\">Winsim.de<\/a>.<\/p>\n<p><u><\/p>\n<h2>Anbieter &#038; Tarife im O2-Netz im Preisvergleich:<\/h2>\n<p><\/u><br \/>\nNachfolgend haben wir f\u00fcr Sie noch alle wichtigen Smartphone-Tarife im O2-Netz (samt &#8222;Aldi-Talk&#8220;) in einem Tarifvergleich zusammengefasst. Viel Spa\u00df beim Vergleich!<\/p>\n<p>&nbsp;<\/p>\n<p><script type=\"text\/javascript\" src=\"https:\/\/www.tariffuxx.de\/tools\/view\/twl-mobile?tool_id=375\" id=\"twl-mobile-375\"><\/script><br \/>\n<noscript>Bitte aktivieren Sie JavaScript, um den Tarifvergleich zu nutzen.<\/noscript><\/p>\n<h2>Tipps und Ratgeber<\/h2>\n<p>&raquo; <a href=\"https:\/\/www.lte-anbieter.info\/lte-news\/aldi-talk-ploetzlich-kein-guthaben-mehr\">Aldi: Pl\u00f6tzlich kein Guthaben mehr?<\/a><br \/>\n&raquo; <a href=\"https:\/\/www.lte-anbieter.info\/lte-news\/aldi-talk-hotline-rufnummern\">Aldi-Talk Hotlines im \u00dcberblick<\/a><\/p>\n<p>&nbsp;<\/p>\n<div style='text-align:center' class='yasr-auto-insert-visitor'><\/div>","protected":false},"excerpt":{"rendered":"<p>&nbsp; Das Prepaid-Angebot von Aldi, genannt \u201eAldi-Talk\u201c, geh\u00f6rt zu Deutschlands beliebtesten Mobilfunktarifen \u00fcberhaupt. Doch was steht eigentlich f\u00fcr ein Handynetz dahinter? Wie gut ist dies und bietet es \u00fcberhaupt schon LTE bzw. 5G? Die Redaktion von LTE-Anbieter.info gibt folgend Antwort auf diese und weitere Fragen zum Angebot.<\/p>\n","protected":false},"author":1,"featured_media":0,"parent":0,"menu_order":0,"comment_status":"closed","ping_status":"closed","template":"","meta":{"yasr_overall_rating":0,"yasr_post_is_review":"yes","yasr_auto_insert_disabled":"","yasr_review_type":"CreativeWorkSeries","iawp_total_views":35191,"footnotes":""},"class_list":["post-28408","page","type-page","status-publish","hentry"],"yasr_visitor_votes":{"stars_attributes":{"read_only":false,"span_bottom":false},"number_of_votes":64,"sum_votes":199},"jetpack_shortlink":"https:\/\/wp.me\/POOxv-7oc","_links":{"self":[{"href":"https:\/\/www.lte-anbieter.info\/lte-news\/wp-json\/wp\/v2\/pages\/28408","targetHints":{"allow":["GET"]}}],"collection":[{"href":"https:\/\/www.lte-anbieter.info\/lte-news\/wp-json\/wp\/v2\/pages"}],"about":[{"href":"https:\/\/www.lte-anbieter.info\/lte-news\/wp-json\/wp\/v2\/types\/page"}],"author":[{"embeddable":true,"href":"https:\/\/www.lte-anbieter.info\/lte-news\/wp-json\/wp\/v2\/users\/1"}],"replies":[{"embeddable":true,"href":"https:\/\/www.lte-anbieter.info\/lte-news\/wp-json\/wp\/v2\/comments?post=28408"}],"version-history":[{"count":5,"href":"https:\/\/www.lte-anbieter.info\/lte-news\/wp-json\/wp\/v2\/pages\/28408\/revisions"}],"predecessor-version":[{"id":44290,"href":"https:\/\/www.lte-anbieter.info\/lte-news\/wp-json\/wp\/v2\/pages\/28408\/revisions\/44290"}],"wp:attachment":[{"href":"https:\/\/www.lte-anbieter.info\/lte-news\/wp-json\/wp\/v2\/media?parent=28408"}],"curies":[{"name":"wp","href":"https:\/\/api.w.org\/{rel}","templated":true}]}}