{"id":28590,"date":"2026-02-06T10:05:06","date_gmt":"2026-02-06T09:05:06","guid":{"rendered":"http:\/\/www.lte-anbieter.info\/lte-news\/?page_id=28590"},"modified":"2026-04-04T11:03:57","modified_gmt":"2026-04-04T09:03:57","slug":"welches-netz-hat-congstar","status":"publish","type":"page","link":"https:\/\/www.lte-anbieter.info\/lte-news\/welches-netz-hat-congstar","title":{"rendered":"Welches Netz hat Congstar?"},"content":{"rendered":"<p>&nbsp;<\/p>\n<p>Die Marke \u201e<a href=\"https:\/\/www.lte-anbieter.info\/lte-provider\/congstar\/congstar-lte.php\" data-internallinksmanager029f6b8e52c=\"37\" title=\"Congstar Tarife zeigen\">congstar<\/a>\u201c geh\u00f6rt nach wie vor zu den beliebtesten Mobilfunkmarken Deutschlands. In der connect Leserwahl 2025 wurde der Anbieter zum 14. Mal in Folge \u201eMobilfunkanbieter des Jahres\u201c. Doch welches Netz nutzt eigentlich congstar und wie gut ist es? Folgend haben wir alle Antworten auf diese und weitere Fragen f\u00fcr Sie zusammengestellt.<!--more--><\/p>\n<h2>Mobilfunknetz von congstar (2026)<\/h2>\n<div class=\"pic_r\"><img decoding=\"async\" src=\"https:\/\/www.lte-anbieter.info\/lte-news\/wp-content\/uploads\/2023\/11\/logo-congstar.webp\" title=\"Congstar Mobilfunk\" width=\"140\" fetchpriority=\"high\"><\/div>\n<p>Eigentlich ist die Frage nicht ganz richtig. Denn <a href=\"https:\/\/www.lte-anbieter.info\/lte-provider\/congstar\/congstar-lte.php\" target=\"_blank\" rel=\"noopener\">congstar<\/a> selbst hat <u>kein eigenes Mobilfunknetz<\/u>. Es handelt sich vielmehr um einen sogenannten \u201evirtuellen Provider\u201c. Konkret nutzt congstar dabei das Funknetz der Konzernmutter \u2013 der <strong>Deutschen Telekom<\/strong>. Congstar-Kunden greifen also auf das gleiche, mehrfach ausgezeichnete <u>D1-Netz<\/u> zur\u00fcck, genau wie Telekomkunden auch.<\/p>\n<h2>Wie ist eigentlich die Qualit\u00e4t?<\/h2>\n<p>J\u00e4hrlich testen mehrere Zeitungen, wie die \u201eConnect\u201c oder \u201eComputerbild\u201c, das Mobilfunknetz in Deutschland. Hin und wieder steuert auch die Stiftung Warentest ein Ergebnis bei (2022 Testergebnis &#8222;gut&#8220; Note 1.6). Seit Jahren schon heimst die <a href=\"https:\/\/www.lte-anbieter.info\/lte-provider\/telekom\/telekom-lte.php\" data-internallinksmanager029f6b8e52c=\"32\" title=\"LTE- und 5G-Tarife der Deutschen Telekom zeigen\">Deutsche Telekom<\/a> ein Sieg nach dem anderen ein f\u00fcr \u201edas Beste Netz\u201c und macht damit auch stets Werbung. Die Ergebnisse der letzten Jahre <a href=\"https:\/\/www.lte-anbieter.info\/lte-news\/index.php?s=netztest\" target=\"_blank\" rel=\"noopener\">k\u00f6nnen Sie hier nachlesen<\/a>. Wer bei congstar ist, hat also Zugriff auf das beste Mobilnetz. Allerdings mit einigen Abstrichen, wie wir im \u00fcbern\u00e4chsten Abschnitt zeigen.<\/p>\n<p>&nbsp;<\/p>\n<div class=\"highlight2\">Schon gewusst? Congstar bietet meist attraktive Neukundenrabatte <a href=\"https:\/\/www.lte-anbieter.info\/details\/congstar\" rel=\"nofollow noopener\" target=\"_blank\">f\u00fcr Onlinebesteller hier auf www.congstar.de<\/a> &#8230;<\/div>\n<h2>Wie gut ist die Netzabdeckung im congstar-Netz?<\/h2>\n<p>Im vorangegangenen Abschnitt haben wir bereits hergeleitet, dass die Telekom als Netzprovider auftritt. Die Funkabdeckung f\u00e4llt bundesweit ein Tick besser aus, als die von <a href=\"https:\/\/www.lte-anbieter.info\/lte-provider\/o2\/o2-lte.php\" data-internallinksmanager029f6b8e52c=\"34\" title=\"O2 LTE- und 5G-Tarife zeigen\">O2<\/a> oder <a href=\"https:\/\/www.lte-anbieter.info\/lte-provider\/vodafone\/vodafone-lte.php\" data-internallinksmanager029f6b8e52c=\"33\" title=\"Vodafone LTE- und 5G-Tarife zeigen\">Vodafone<\/a>. Nach eigenen Angaben, decken die Bonner aktuell rund 99,6 Prozent der Bev\u00f6lkerung mit LTE\/4G ab. Die Telekom stellt \u00fcbrigens sogar eine <a href=\"https:\/\/www.lte-anbieter.info\/details\/tmobileVerf\" rel=\"nofollow noopener\" target=\"_blank\">Funkabdeckungskarte<\/a> bereit.<\/p>\n<h2>Habe ich LTE bzw. 5G bei congstar?<\/h2>\n<p>Tats\u00e4chlich war das Thema LTE war viele Jahre lang der Pferdefu\u00df schlechthin bei congstar. Denn lange Zeit mussten Interessenten hier ganz auf den eigentlich l\u00e4ngst etablierten Highspeed-Standard verzichten. Dass man sich nicht ewig dem Trend entziehen kann, hatten 2018 endlich auch die Tarifplaner bei congstar begriffen. Seither gab es LTE, allerdings zun\u00e4chst nur in ausgesuchten Tarifen gegen Aufpreis. <\/p>\n<p>&nbsp;<\/p>\n<p>Seit 2020 ist LTE in <u>allen<\/u> Tarifen ohne Aufpreis enthalten. Allerdings wird der LTE-Zugang auf magere 50 MBit (Vertrags-Allnetflats) bzw. 25 MBit (Prepaid) beschnitten, w\u00e4hrend es bei der Telekom direkt mit bis 300 MBit\/s durchs Internet geht. Mit <a href=\"https:\/\/www.lte-anbieter.info\/5g\/\">5G<\/a> sind im Telekomnetz sogar schon \u00fcber 1000 MBit\/s m\u00f6glich. <a href=\"https:\/\/www.lte-anbieter.info\/5g\/\" data-internallinksmanager029f6b8e52c=\"73\" title=\"alles zum LTE-Nachfolger 5G\">5G<\/a> gibt es seit Juni 2023 endlich auch f\u00fcr Congstar-Kunden. Die Datenrate erh\u00f6ht sich mit 5G allerdings zun\u00e4chst nicht und bleibt bei 50 Mbit\/s. Allerdings l\u00e4sst sich die maximale Geschwindigkeit f\u00fcr 3 \u20ac af 100 MBit erh\u00f6hen. Allgemein verbessert sich mit 5G aber die Netzabdeckung und Reaktionszeit. Prepaid-Kunden bleibt 5G aber weiter auf 25 MBit\/s beschr\u00e4nkt.<\/p>\n<h2>congstar Tarife &#038; Angebote<\/h2>\n<div class=\"pic_r\"><img decoding=\"async\" src=\"https:\/\/www.lte-anbieter.info\/lte-news\/wp-content\/uploads\/2018\/10\/congstar-netz.jpg\" alt=\"Wertung congstar\" title=\"Wertung des congstar-Netzes durch unsere Redaktion\" width=\"250\" loading=\"lazy\"><\/div>\n<p>Das Tarifangebot ist \u00e4u\u00dferst weit gef\u00e4chert. Angefangen bei mehreren Prepaid-Varianten, \u00fcber Tarif-Planungstools und diversen Smartphone-Tarifen, gibt es noch <a href=\"https:\/\/www.lte-anbieter.info\/tarife\/lte-datentarife-ratgeber.php\" data-internallinksmanager029f6b8e52c=\"6\" title=\"Datentarife vergleichen\">Datentarife<\/a> f\u00fcr mobiles Surfen (<a href=\"https:\/\/www.lte-anbieter.info\/lte-provider\/congstar\/congstar-lte.php\">Details<\/a>). Zu guter Letzt hat congstar sogar einen Heim-Tarif mit LTE als DSL-Alternative im Angebot namens \u201e<a href=\"https:\/\/www.lte-anbieter.info\/lte-provider\/congstar\/homespot-lte.php\" target=\"_blank\" rel=\"noopener\">congstar Homespot<\/a>\u201c. Diese erfreuen sich gro\u00dfer Beliebtheit und bieten auf Wunsch mehrere hundert Gigabyte Datenvolumen. Gedacht vor allem als Alternative zu einem DSL-Anschluss (mangels Verf\u00fcgbarkeit) oder um flexibel \u00fcberall schnell zu surfen ganz ohne Festnetzzugang.<\/p>\n<h2>Hat Congstar eine Datenautomatik?<\/h2>\n<p>Nein, gl\u00fccklicher Weise nicht. Wer sein monatliches Datenvolumen verbraucht hat, kann optional nachbuchen, muss aber nicht.<\/p>\n<h2>Gibt es WLAN-Telefonie, VoLTE oder eSIMs?<\/h2>\n<p>Ja! Congstar-Kunden (nur Vertrag) profitieren auch vom modernen <a href=\"https:\/\/www.lte-anbieter.info\/volte\/\">Voice over LTE<\/a>, was die Sprachqualit\u00e4t erheblich steigert und auch die Abdeckung. Mitte 2021 hatte auch die Telekom ihr <a href=\"https:\/\/www.lte-anbieter.info\/3g\/\" data-internallinksmanager029f6b8e52c=\"74\" title=\"alles \u00fcber 3G und dessen Abschaltung erfahren\">3G<\/a>-Netz abgeschaltet, so dass man ansonsten nur \u00fcber das alte 2G telefonieren k\u00f6nnte. <a href=\"https:\/\/www.lte-anbieter.info\/technik\/wlan\/wifi-calling.php\">WIFI-Calling<\/a> hingegen verbessert die Abdeckung z.B. in Geb\u00e4uden oder im Ausland. Also perspektivisch \u00fcberall dort, wo das Mobilfunknetz nicht bzw. schlecht verf\u00fcgbar ist. Nur Ihr Smartphone muss beide Dienste technisch unterst\u00fctzen. Das ist aber bei fast allen Modellen seit 2019 der Fall. \u00dcbrigens: Auch <a href=\"https:\/\/www.lte-anbieter.info\/ratgeber\/e-sim.php\">eSIM<\/a>s k\u00f6nnen bei Bedarf bestellt werden.<\/p>\n<h2>congstar Hotline-Nummern<\/h2>\n<p>Sie wollen sich direkt an den Kundensupport wenden, wissen aber nicht wo? Hier haben wir f\u00fcr Sie alle wichtigen Servicenummern und <a href=\"https:\/\/www.lte-anbieter.info\/lte-news\/congstar-kundenservice-uebersicht\" target=\"_blank\" rel=\"noopener\">Kontaktm\u00f6glichkeiten zu congstar zusammengestellt<\/a>. Bedenken Sie aber, dass es bei <a href=\"https:\/\/www.lte-anbieter.info\/details\/congstar\" rel=\"nofollow noopener\" target=\"_blank\">Onlinebestellung hier meist attraktive Rabatte gibt<\/a>, auf die man bei Telefonbestellung verzichten muss.<\/p>\n<h2>Welche Anbieter nutzen noch das Netz der Telekom?<\/h2>\n<p>Im Gegensatz zu O2, gibt es nicht viele Drittmarken im Telekomnetz. Neben congstar ist hier sonst nur noch das <a href=\"https:\/\/www.lte-anbieter.info\/prepaid\/anbieter\/edeka.php\" target=\"_blank\" rel=\"noopener\">Prepaidangebot von Edeka<\/a>, <a href=\"https:\/\/www.lte-anbieter.info\/tarife\/tests\/fraenk-erfahrungsbericht.php\">Fraenk<\/a> und <a href=\"https:\/\/www.lte-anbieter.info\/prepaid\/anbieter\/norma-lte.php\">Norma-Connect<\/a> und <a href=\"https:\/\/www.lte-anbieter.info\/tarife\/tests\/fraenk-erfahrungsbericht.php\">Fraenk<\/a> zu nennen. Sowie einige Tarifangebote bei <a href=\"\/\/www.lte-anbieter.info\/lte-provider\/klarmobil\/klarmobil-lte.php\" rel=\"nofollow noopener\" target=\"_blank\">Klarmobil<\/a>.<\/p>\n<p>&nbsp;<\/p>\n<p><script async src=\"https:\/\/pagead2.googlesyndication.com\/pagead\/js\/adsbygoogle.js\"><\/script><br \/>\n<!-- LTENewsResp --><br \/>\n<ins class=\"adsbygoogle\"\n     style=\"display:block\"\n     data-ad-client=\"ca-pub-2912090649858721\"\n     data-ad-slot=\"5159581627\"\n     data-ad-format=\"auto\"\n     data-full-width-responsive=\"true\"><\/ins><br \/>\n<script>\n     (adsbygoogle = window.adsbygoogle || []).push({});\n<\/script><\/p>\n<h2>Unser Fazit<\/h2>\n<p>congstar funkt im besten Netz! Allerdings nur, wenn LTE bzw. 5G genutzt werden kann. Denn das Pr\u00e4dikat \u201ebestes Netz\u201c aus den zahlreichen Tests der letzten Jahre, bezieht sich nur auf die Testergebnisse <u>mit<\/u> 4G bzw. dessen Nachfolger. Hier bekommen sparsame Verbraucher viel Netzqualit\u00e4t zum kleinen Preis&#8230;<\/p>\n<h2>Anbieter &#038; Tarife mit Telekom-Netz im Preisvergleich<\/h2>\n<p>Folgenden hat unsere Redaktion f\u00fcr Sie alle Alternativen zu congstar im Telekomnetz herausgesucht die passen k\u00f6nnten. Sowohl Prepaid- als auch Postpaidtarife wurden hierf\u00fcr ber\u00fccksichtigt!<\/p>\n<p>&nbsp;<\/p>\n<p><script type=\"text\/javascript\" src=\"https:\/\/www.tariffuxx.de\/tools\/view\/twl-mobile?tool_id=377\" id=\"twl-mobile-377\"><\/script><br \/>\n<noscript>Bitte aktivieren Sie JavaScript, um den Tarifvergleich zu nutzen.<\/noscript><\/p>\n<p>&nbsp;<\/p>\n<div style='text-align:center' class='yasr-auto-insert-visitor'><\/div>","protected":false},"excerpt":{"rendered":"<p>&nbsp; Die Marke \u201econgstar\u201c geh\u00f6rt nach wie vor zu den beliebtesten Mobilfunkmarken Deutschlands. In der connect Leserwahl 2025 wurde der Anbieter zum 14. Mal in Folge \u201eMobilfunkanbieter des Jahres\u201c. Doch welches Netz nutzt eigentlich congstar und wie gut ist es? Folgend haben wir alle Antworten auf diese und weitere Fragen f\u00fcr Sie zusammengestellt.<\/p>\n","protected":false},"author":1,"featured_media":0,"parent":0,"menu_order":0,"comment_status":"closed","ping_status":"closed","template":"","meta":{"yasr_overall_rating":0,"yasr_post_is_review":"yes","yasr_auto_insert_disabled":"","yasr_review_type":"CreativeWorkSeries","iawp_total_views":12044,"footnotes":""},"class_list":["post-28590","page","type-page","status-publish","hentry"],"yasr_visitor_votes":{"stars_attributes":{"read_only":false,"span_bottom":false},"number_of_votes":100,"sum_votes":283},"jetpack_shortlink":"https:\/\/wp.me\/POOxv-7r8","_links":{"self":[{"href":"https:\/\/www.lte-anbieter.info\/lte-news\/wp-json\/wp\/v2\/pages\/28590","targetHints":{"allow":["GET"]}}],"collection":[{"href":"https:\/\/www.lte-anbieter.info\/lte-news\/wp-json\/wp\/v2\/pages"}],"about":[{"href":"https:\/\/www.lte-anbieter.info\/lte-news\/wp-json\/wp\/v2\/types\/page"}],"author":[{"embeddable":true,"href":"https:\/\/www.lte-anbieter.info\/lte-news\/wp-json\/wp\/v2\/users\/1"}],"replies":[{"embeddable":true,"href":"https:\/\/www.lte-anbieter.info\/lte-news\/wp-json\/wp\/v2\/comments?post=28590"}],"version-history":[{"count":5,"href":"https:\/\/www.lte-anbieter.info\/lte-news\/wp-json\/wp\/v2\/pages\/28590\/revisions"}],"predecessor-version":[{"id":44419,"href":"https:\/\/www.lte-anbieter.info\/lte-news\/wp-json\/wp\/v2\/pages\/28590\/revisions\/44419"}],"wp:attachment":[{"href":"https:\/\/www.lte-anbieter.info\/lte-news\/wp-json\/wp\/v2\/media?parent=28590"}],"curies":[{"name":"wp","href":"https:\/\/api.w.org\/{rel}","templated":true}]}}