{"id":28890,"date":"2026-02-04T09:10:31","date_gmt":"2026-02-04T08:10:31","guid":{"rendered":"http:\/\/www.lte-anbieter.info\/lte-news\/?page_id=28890"},"modified":"2026-02-04T14:23:18","modified_gmt":"2026-02-04T13:23:18","slug":"welches-netz-hat-1und1","status":"publish","type":"page","link":"https:\/\/www.lte-anbieter.info\/lte-news\/welches-netz-hat-1und1","title":{"rendered":"Welches Mobilfunk-Netz hat 1&#038;1?"},"content":{"rendered":"<p>&nbsp;<\/p>\n<p>1und1 bietet nicht nur schnelles Internet per (V)DSL, sondern offeriert auch Smartphone-Tarife im eigenen Mobilfunknetz. Diese zeichnen sich durch ein ausgewogenes Preis-Leistungsverh\u00e4ltnis aus. Zudem lockt der Anbieter stets mit den neusten Top-Smartphones.<\/p>\n<p>&nbsp;<\/p>\n<p>Doch in welchem Netz funkt 1&#038;1 eigentlich und wie gut ist dies? Und gibt es LTE oder gar <a href=\"https:\/\/www.lte-anbieter.info\/5g\/\" data-internallinksmanager029f6b8e52c=\"73\" title=\"alles zum LTE-Nachfolger 5G\">5G<\/a>? Wie steht es mit dem Festnetz? Diese und weitere Antworten finden Sie hier in unserem Netz-Spezial zu 1&#038;1.<!--more--><\/p>\n<h2><u>1. Das Mobilfunknetz von 1und1<\/u><\/h2>\n<div class=\"pic_r\"><a href=\"https:\/\/www.lte-anbieter.info\/details\/1und1mobil1\" rel=\"nofollow noopener\" target=\"_blank\"><img decoding=\"async\" src=\"https:\/\/www.lte-anbieter.info\/lte-news\/wp-content\/uploads\/2024\/10\/1und1logo.webp\" alt=\"1und1\" width=\"160\" fetchpriority=\"high\"><\/a><\/div>\n<p>1&#038;1 geh\u00f6rt wohl zu den gr\u00f6\u00dften Vertrieblern f\u00fcr Internet und Mobilfunk in Deutschland. Der Umsatz liegt bei \u00fcber 4 Mrd. Euro j\u00e4hrlich. Doch ein eigenes Funknetz betreibt 1und1 erst seit Ende 2022. Wobei man bei den Anf\u00e4ngen noch nicht wirklich von einem Netz reden konnte. Zun\u00e4chst funkten keine 10 Masten in zwei St\u00e4dten und das auch vorerst nur f\u00fcr &#8222;5G Zuhause&#8220;.<\/p>\n<p>&nbsp;<\/p>\n<p>Smartphone-Kunden im hauseigenen 5G-Netz, bedient 1&#038;1 seit Anfang Dezember 2023. Allerdings steckt der Ausbau noch ganz am Anfang, so dass sich das Unternehmen weiter eines Tricks bedient, doch dazu sp\u00e4ter mehr.<\/p>\n<p>&nbsp;<\/p>\n<div class=\"highlight\">Tipp: Bei Bestellung der Smartphone-Tarife <a href=\"https:\/\/www.lte-anbieter.info\/details\/1und1mobil1\" rel=\"nofollow noopener\" target=\"_blank\">hier auf www.1und1.de<\/a> winken hier aktuell attraktive Neukundenrabatte. Gleich pr\u00fcfen!<\/div>\n<h2>Wie gut ist die Netzabdeckung bei 1&#038;1?<\/h2>\n<p>Hier muss man zun\u00e4chst wissen, dass das hauseigene Mobilfunknetz noch im Fr\u00fchstadium steckt. In Q1\/2026 funkten nur ca. 1000-1200 Antennen in etwa 170 St\u00e4dten[1]. Zum Vergleich: <a href=\"https:\/\/www.lte-anbieter.info\/lte-provider\/vodafone\/vodafone-lte.php\" data-internallinksmanager029f6b8e52c=\"33\" title=\"Vodafone LTE- und 5G-Tarife zeigen\">Vodafone<\/a> und Telekom betreiben je mehrere zehnttausend Masten bundesweit. Im Dezember 2025 verwies 1&#038;1 auf eine Abdeckung im 5G-Netz von 25 Prozent (12,5 Mio. erreichbare Nutzer). Das entspricht genau der Zielvorgabe der Bundesnetzagentur. Das bedeutet: In rund 5 Jahren erreicht der Provider 1\/4 der Deutschen mit seinem eigenen Mobilfunknetz. Gem\u00e4\u00df den Auflagen der Bundesnetzagentur, muss das Unternehmen bis 2030 50% der Bev\u00f6lkerung schaffen. Ein Ziel, dass noch in weiter Ferne liegt! Eine echte Mammutaufgabe also, die da noch vor 1&#038;1 liegt.<\/p>\n<p>&nbsp;<\/p>\n<p>Der Provider fing beim Netzausbau aber auch komplett bei Null an, so dass es wohl einige Jahre dauern d\u00fcrfte, bis man von einer echten Konkurrenz zu Vodafone und der Telekom sprechen kann.<\/p>\n<p>&nbsp;<\/p>\n<div class=\"background5\">\n<span class=\"ihand\"><\/span>Vor diesem Hintergrund, kann 1&#038;1 nat\u00fcrlich seinen Kunden noch keine Handytarife ausschlie\u00dflich auf Basis des eigenen Netzes verkaufen. <u>Der Trick ist:<\/u> Eine Kooperation mit Vodafone als Netzpartner durch sogenanntes &#8222;National Roaming&#8220;. Immer dann, wenn 1&#038;1 noch nicht ausgebaut hat, springt das Vodafone-Netz mit LTE oder 5G ein. Das geschieht v\u00f6llig automatisch, ohne das man das als Nutzer merkt. Bis Q3\/2024 war \u00fcbrigens f\u00fcr Jahre <a href=\"https:\/\/www.lte-anbieter.info\/lte-provider\/o2\/o2-lte.php\" data-internallinksmanager029f6b8e52c=\"34\" title=\"O2 LTE- und 5G-Tarife zeigen\">O2<\/a> Netzpartner. 1&#038;1 hat sich aber nun doch wieder f\u00fcr Vodafone entschieden.\n<\/div>\n<p>&nbsp;<\/p>\n<p>Beim Netzausbau konnte Vodafone in den letzten Jahren gute Fortschritte machen, wie auch der Netztest von <a href=\"https:\/\/www.lte-anbieter.info\/lte-news\/telekom-gewinnt-chip-netztest-2026\">Chip Ende 2025 zeigte<\/a>. Anfang 2026 waren via Vodafone gut 93 Prozent der Fl\u00e4che in nahezu allen St\u00e4dten mit 5G-Internet versorgt. Wie gut es um die Funkabdeckung bei Ihnen in der Region steht, verr\u00e4t ganz genau <a href=\"https:\/\/www.lte-anbieter.info\/details\/Vodafonemap\" rel=\"nofollow noopener\" target=\"_blank\">ein Blick auf die VF-Netzabdeckungskarte<\/a>.<\/p>\n<p>&nbsp;<\/p>\n<p><img decoding=\"async\" src=\"https:\/\/www.lte-anbieter.info\/lte-news\/wp-content\/uploads\/2021\/09\/mast-land-dorf2.webp\" alt=\"Mobilfunk-Mast\" class=\"fullwidth\" loading=\"lazy\"><\/p>\n<h2>Wie ist die Qualit\u00e4t?<\/h2>\n<p>Im Vergleich zur Deutschen Telekom ist die Netzqualit\u00e4t sehr gut, aber noch ausbauf\u00e4hig. Dass zeigen immer wieder <a href=\"https:\/\/www.lte-anbieter.info\/lte-news\/index.php?s=netztest\" target=\"_blank\" rel=\"noopener\">unabh\u00e4ngige Netztests<\/a>, wo Vodafone im Schnitt auf Platz 2 nach der Telekom liegt.<\/p>\n<p>&nbsp;<\/p>\n<p><script async src=\"https:\/\/pagead2.googlesyndication.com\/pagead\/js\/adsbygoogle.js\"><\/script><br \/>\n<!-- LTENewsResp --><br \/>\n<ins class=\"adsbygoogle\"\n     style=\"display:block\"\n     data-ad-client=\"ca-pub-2912090649858721\"\n     data-ad-slot=\"5159581627\"\n     data-ad-format=\"auto\"\n     data-full-width-responsive=\"true\"><\/ins><br \/>\n<script>\n     (adsbygoogle = window.adsbygoogle || []).push({});\n<\/script><\/p>\n<h2>Habe ich LTE bzw. 5G bei 1&#038;1?<\/h2>\n<p>Ja! 1&#038;1 und Netzpartner Vodafone stellen beide Standards zur Verf\u00fcgung. Die Daten\u00fcbertragungsrate betr\u00e4gt \u00fcber LTE und 5G gleicherma\u00dfen bis zu 300 MBit\/s. Die Uploadleistung gibt 1und1 mit bis zu 50 MBit\/s an. Nur die 5G-Zuhause-Tarife, welche ausschlie\u00dflich \u00fcber das 1&#038;1-eigene Netz laufen, bieten bis zu 500 MBit\/s.<\/p>\n<h2>1und1 Tarife &#038; Angebote<\/h2>\n<div class=\"pic_r\"><img decoding=\"async\" src=\"https:\/\/www.lte-anbieter.info\/lte-news\/wp-content\/uploads\/2024\/10\/1und1-netz.webp\" alt=\"1und1 Bewertung Mobilfunknetz\" title=\"Bewertung des 1und1-Netzes durch unsere Redaktion\" width=\"240\" loading=\"lazy\"><\/div>\n<p>Zun\u00e4chst sei erw\u00e4hnt, dass es sich bei allen Tarifen um echte Allnetflats handelt. Also mit unbegrenzter Telefonie sowie SMS innerhalb Deutschlands sowie der EU. Eine <a href=\"https:\/\/www.lte-anbieter.info\/lte-provider\/1und1\/tarife-1und1-lte.php#smartphone\" target=\"_blank\" rel=\"noopener\">\u00dcbersicht der Pakete finden Sie hier<\/a>.<\/p>\n<h2>Gibt es eine Datenautomatik?<\/h2>\n<p>Nein, es wird kein Volumen automatisch nachgebucht, wenn dieses aufgebraucht wurde.<\/p>\n<h2>Gibt es VoLTE, WLAN-Telefonie und eSIMs bei 1&#038;1?<\/h2>\n<p>Ja, die Mobilfunkangebote bieten mittlerweile sowohl moderne <a href=\"https:\/\/www.lte-anbieter.info\/volte\/\">Telefonie \u00fcber LTE<\/a>, als <a href=\"https:\/\/www.lte-anbieter.info\/technik\/wlan\/wifi-calling.php\">auch via WLAN<\/a>. Zumindest, wenn das eigene Smartphone die Techniken schon unterst\u00fctzt. Dies ist bei den meisten neueren Modellen seit ca. 2019 der Fall. Auch <a href=\"https:\/\/www.lte-anbieter.info\/ratgeber\/e-sim.php\">eSIMs<\/a> k\u00f6nnen bei Bedarf bestellt werden.<\/p>\n<h2><u>2. Das Festnetz von 1und1<\/u><\/h2>\n<p>Das Unternehmen bietet nicht nur Mobilfunk, sondern auch Heim-Tarife \u00fcber (V)DSL oder neuerdings auch Glasfaser. Durch die \u00dcbernahme von Versatel vor einigen Jahren, konnte sich 1und1 ein eigenes Glasfaser-Netz aneignen. Hinzu kommen diverse Kooperationen. Dar\u00fcber werden die Fiber-Tarife abgewickelt. \u00dcberwiegend handelt es sich im Festnetzbereich aber nach wie vor um Resale-Anschl\u00fcsse der <a href=\"https:\/\/www.lte-anbieter.info\/lte-provider\/telekom\/telekom-lte.php\" data-internallinksmanager029f6b8e52c=\"32\" title=\"LTE- und 5G-Tarife der Deutschen Telekom zeigen\">Dt. Telekom<\/a>. \u00dcber welches Netz man genau angebunden wird, erf\u00e4hrt der Kunde (im Gegensatz zum Mobilfunk) aber leider nicht.<\/p>\n<h2>1und1 Hotline-Nummern<\/h2>\n<p>Sparen Sie sich die Suche nach den ganzen Kontaktdaten. Wir haben f\u00fcr Sie eine <a href=\"https:\/\/www.lte-anbieter.info\/lte-news\/1und1-kundenservice-kontakt\">\u00dcbersicht aller wichtigen Nummern<\/a> und sonstigen M\u00f6glichkeiten zusammengestellt!<\/p>\n<h2>Welche Anbieter nutzen noch das Netz von 1&#038;1?<\/h2>\n<p>Das sind eine ganze Menge! Man k\u00f6nnte sogar sagen, dass ca. 50 Prozent aller Tarifangebote und Marken im Netz von 1&#038;1 Drillisch operieren &#8211; je mit Vodafone als Netzpartner. Hier die popul\u00e4rsten Vertreter: <a href=\"https:\/\/www.lte-anbieter.info\/lte-provider\/sim\/sim-de.php\" data-internallinksmanager029f6b8e52c=\"43\" title=\"SIM.de Tarife vergleichen\">SIM.de<\/a>, <a href=\"https:\/\/www.lte-anbieter.info\/lte-provider\/winsim\/winsim-lte.php\" data-internallinksmanager029f6b8e52c=\"42\" title=\"WinSIM Tarife vergleichen\">WinSIM<\/a>, <a href=\"https:\/\/www.lte-anbieter.info\/lte-provider\/maxxim\/maxxim-lte.php\" data-internallinksmanager029f6b8e52c=\"41\" title=\"Maxxim Tarife zeigen\">Maxxim<\/a>, <a href=\"https:\/\/www.lte-anbieter.info\/details\/cyberSIM\" target=\"_blank\" rel=\"nofollow\">CyberSIM<\/a>, <a href=\"https:\/\/www.lte-anbieter.info\/lte-provider\/blacksim\/blacksim-tarife.php\" data-internallinksmanager029f6b8e52c=\"44\" title=\"BlackSIM Tarife vergleichen\">BlackSIM<\/a>, <a href=\"https:\/\/www.lte-anbieter.info\/lte-provider\/resell\/premium-sim.php\" data-internallinksmanager029f6b8e52c=\"36\" title=\"PremiumSIM Tarife zeigen\">PremiumSIM<\/a>, <a href=\"https:\/\/www.lte-anbieter.info\/lte-provider\/smart\/smartmobil.php\" data-internallinksmanager029f6b8e52c=\"38\" title=\"Smartmobil Tarife zeigen\">SmartMobil<\/a> und <a href=\"https:\/\/www.lte-anbieter.info\/lte-provider\/mega\/megasim.php\" data-internallinksmanager029f6b8e52c=\"40\" title=\"MegaSIM Tarife zeigen\">MegaSIM<\/a>. <\/p>\n<h2>Anbieter &#038; Tarife im 1und1-Netz im Preisvergleich<\/h2>\n<p>Folgend haben wir f\u00fcr Sie noch alle wichtigen Smartphone-Tarife im 1und1-Netz (samt &#8222;1und1&#8220;) in einem Tarifvergleich zusammengefasst.<\/p>\n<p>&nbsp;<\/p>\n<p><script type=\"text\/javascript\" src=\"https:\/\/www.tariffuxx.de\/tools\/view\/twl-mobile?tool_id=3239\" id=\"twl-mobile-3239\"><\/script><br \/>\n<noscript>Bitte aktivieren Sie JavaScript, um den Vergleich nutzen zu k\u00f6nnen.<\/noscript><\/p>\n<div class=\"quellenews2\">\nQuelle: [1] https:\/\/www.heise.de\/en\/news\/1-1-s-Open-RAN-network-all-customers-to-be-migrated-by-the-end-of-the-year-10302165.html; plus eigene Z\u00e4hlung\n<\/div>\n<div style='text-align:center' class='yasr-auto-insert-visitor'><\/div>","protected":false},"excerpt":{"rendered":"<p>&nbsp; 1und1 bietet nicht nur schnelles Internet per (V)DSL, sondern offeriert auch Smartphone-Tarife im eigenen Mobilfunknetz. Diese zeichnen sich durch ein ausgewogenes Preis-Leistungsverh\u00e4ltnis aus. Zudem lockt der Anbieter stets mit den neusten Top-Smartphones. &nbsp; Doch in welchem Netz funkt 1&#038;1 eigentlich und wie gut ist dies? Und gibt es LTE oder gar 5G? Wie steht [&hellip;]<\/p>\n","protected":false},"author":1,"featured_media":0,"parent":0,"menu_order":0,"comment_status":"closed","ping_status":"closed","template":"","meta":{"yasr_overall_rating":0,"yasr_post_is_review":"yes","yasr_auto_insert_disabled":"","yasr_review_type":"","iawp_total_views":98903,"footnotes":""},"class_list":["post-28890","page","type-page","status-publish","hentry"],"yasr_visitor_votes":{"stars_attributes":{"read_only":false,"span_bottom":false},"number_of_votes":95,"sum_votes":299},"jetpack_shortlink":"https:\/\/wp.me\/POOxv-7vY","_links":{"self":[{"href":"https:\/\/www.lte-anbieter.info\/lte-news\/wp-json\/wp\/v2\/pages\/28890","targetHints":{"allow":["GET"]}}],"collection":[{"href":"https:\/\/www.lte-anbieter.info\/lte-news\/wp-json\/wp\/v2\/pages"}],"about":[{"href":"https:\/\/www.lte-anbieter.info\/lte-news\/wp-json\/wp\/v2\/types\/page"}],"author":[{"embeddable":true,"href":"https:\/\/www.lte-anbieter.info\/lte-news\/wp-json\/wp\/v2\/users\/1"}],"replies":[{"embeddable":true,"href":"https:\/\/www.lte-anbieter.info\/lte-news\/wp-json\/wp\/v2\/comments?post=28890"}],"version-history":[{"count":5,"href":"https:\/\/www.lte-anbieter.info\/lte-news\/wp-json\/wp\/v2\/pages\/28890\/revisions"}],"predecessor-version":[{"id":42114,"href":"https:\/\/www.lte-anbieter.info\/lte-news\/wp-json\/wp\/v2\/pages\/28890\/revisions\/42114"}],"wp:attachment":[{"href":"https:\/\/www.lte-anbieter.info\/lte-news\/wp-json\/wp\/v2\/media?parent=28890"}],"curies":[{"name":"wp","href":"https:\/\/api.w.org\/{rel}","templated":true}]}}