{"id":29017,"date":"2026-03-22T16:52:11","date_gmt":"2026-03-22T15:52:11","guid":{"rendered":"https:\/\/www.lte-anbieter.info\/lte-news\/?page_id=29017"},"modified":"2026-04-04T11:21:22","modified_gmt":"2026-04-04T09:21:22","slug":"welches-netz-pyur","status":"publish","type":"page","link":"https:\/\/www.lte-anbieter.info\/lte-news\/welches-netz-pyur","title":{"rendered":"Welches Netz nuzt P\u0178UR?"},"content":{"rendered":"<p>&nbsp;<\/p>\n<div class=\"pic_r\"><img decoding=\"async\" src=\"https:\/\/www.lte-anbieter.info\/lte-news\/wp-content\/uploads\/2021\/11\/pyur.webp\" alt=\"PYUR\" width=\"160\" fetchpriority=\"high\"><\/div>\n<p>Hinter P\u0178UR verbirgt sich die Privatkundenmarke der Telecolumbus AG. PYUR bietet neben schnellen Kabel-Internet auch noch einige Mobilfunktarife zum kleinen Preis. Doch auf Basis welches Mobilfunknetzes eigentlich und wie ist die Qualit\u00e4t? Antworten auf diese und weitere Fragen finden Sie folgend.<!--more--><\/p>\n<h2>Das Mobilfunknetz von PYUR<\/h2>\n<p>PYUR selbst betreibt zwar ein eigenes Kabel-Netz f\u00fcr schnelles Internet &#038; TV, aber keines f\u00fcr Mobilfunk. S\u00e4mtliche Tarife werden in Kooperation mit <a href=\"https:\/\/www.lte-anbieter.info\/lte-provider\/o2\/o2-lte.php\" data-internallinksmanager029f6b8e52c=\"34\" title=\"O2 LTE- und 5G-Tarife zeigen\">O2 Telef\u00f3nica<\/a> realisiert. Sie surfen und telefonieren also via O2!<\/p>\n<p>&nbsp;<\/p>\n<div class=\"highlight2\">\nAchtung wichtiges Update: PYUR hat Ende 2019 sein Mobilfunkangebot eingestampft. Wir empfehlen Interessenten auf einen anderen Anbieter auszuweichen. Die besten Preise und aktuellen Angebote, <a href=\"https:\/\/www.lte-anbieter.info\/tarife\/smartphone-tarifvergleich.php\">zeigt hier unser Tarifvergleich<\/a>.<\/div>\n<p>&nbsp;<\/p>\n<div class=\"pic_l_cl\"><img decoding=\"async\" src=\"https:\/\/www.lte-anbieter.info\/lte-news\/wp-content\/uploads\/2017\/10\/pyur-mobil.jpg\" alt=\"PYUR\" class=\"fullwidth\" loading=\"lazy\"><\/div>\n<h2>Wie ist eigentlich die Qualit\u00e4t?<\/h2>\n<p>O2 konnte in den vergangenen Jahren den Abstand zur Telekom und <a href=\"https:\/\/www.lte-anbieter.info\/lte-provider\/vodafone\/vodafone-lte.php\" data-internallinksmanager029f6b8e52c=\"33\" title=\"Vodafone LTE- und 5G-Tarife zeigen\">Vodafone<\/a> weiter verringern. Dennoch rangiert das Netz auf dem dritten Platz. Das zeigten auch <a href=\"https:\/\/www.lte-anbieter.info\/lte-news\/index.php?s=netztest\" target=\"_blank\" rel=\"noopener\">die letzten unabh\u00e4ngigen Netztests<\/a>. Daf\u00fcr profitieren Sie aber von deutlich g\u00fcnstigeren Preisen. Wer sich ma\u00dfgeblich in St\u00e4dten aufh\u00e4lt, wird zudem kaum Unterschiede zur Konkurrenz merken, wohl aber im l\u00e4ndlichen Raum. Wie es um die Verf\u00fcgbarkeit bzw. den Ausbau des O2-Netzes steht (was PYUR-Kunden nutzen), k\u00f6nnen Sie <a href=\"https:\/\/www.lte-anbieter.info\/details\/O2Verf\" rel=\"nofollow noopener\" target=\"_blank\">hier auf dieser Karte ablesen<\/a>.<\/p>\n<h2>Habe ich LTE bei PUYR Mobil?<\/h2>\n<p>Ja, absolut! Alle \u201ePure Mobile\u201c Tarife sind voll LTE-f\u00e4hig. Sie surfen mit bis zu 50 MBit bzw. 32 MBit beim Upload durchs Internet. Nach Aufbrauchen des Datenvolumens erfolgt die Drosselung auf 64 KBit\/s. <a href=\"https:\/\/www.lte-anbieter.info\/5g\/\" data-internallinksmanager029f6b8e52c=\"73\" title=\"alles zum LTE-Nachfolger 5G\">5G<\/a> gibts allerdings noch nicht und das d\u00fcrfte wohl noch einige Jahre so bleiben&#8230; <\/p>\n<h2>P\u0178UR Tarife &#038; Angebote<\/h2>\n<div class=\"pic_r\"><img decoding=\"async\" src=\"https:\/\/www.lte-anbieter.info\/lte-news\/wp-content\/uploads\/2018\/12\/pyur-netz.jpg\" alt=\"Mobilfunknetz Bewertung von PYUR\" title=\"Wie gut ist das Netz von PYUR?\" width=\"250\"><\/div>\n<p>Sie k\u00f6nnen aus insgesamt zwei <a href=\"https:\/\/www.lte-anbieter.info\/allnet\/allnet-flat-ratgeber.php\" title=\"Was ist das?\" target=\"_blank\" rel=\"noopener\">Allnetflats<\/a> w\u00e4hlen. Surfen sowie SMS sind also komplett abgedeckt. Lediglich im inkludierten Datenvolumen gibt es Unterschiede. \u201ePure Mobil 1 GB\u201c bietet, wie der Name schon andeutet, 1 GB f\u00fcr 15 \u20ac monatlich.<\/p>\n<h2>Gibt es hier eine Datenautomatik?<\/h2>\n<p>Nein! Gl\u00fccklicher Weise verzichtet der Anbieter auf diese Kundenabzocke. Was sich hinter der <a href=\"https:\/\/www.lte-anbieter.info\/ratgeber\/datenautomatik.php\" data-internallinksmanager029f6b8e52c=\"65\" title=\"alles zur sogenannten Datenautomatik erfahren\">Datenautomatik<\/a> verbirgt, erfahren Sie <a href=\"https:\/\/www.lte-anbieter.info\/ratgeber\/datenautomatik.php\" title=\"alles zur Datenautomatik und den Anbietern erfahren\">hier<\/a>.<\/p>\n<h2>P\u0178UR Hotline-Nummern<\/h2>\n<p>Fragen und Probleme? Wir haben Ihnen hier alle <a href=\"https:\/\/www.lte-anbieter.info\/lte-news\/pyur-hotlines-kundenservice\">PYUR Kontaktdaten und Hotline-Nummern zusammengestellt<\/a>.<\/p>\n<h2>Kabel Internetflatrates<\/h2>\n<p>Auch die Angebote f\u00fcr station\u00e4res Internet k\u00f6nnen sich sehen lassen. Ein Vorteil f\u00e4llt vor allem auch preislich ins Gewicht. Denn die Internettarife von PYUR sind zun\u00e4chst ohne Festnetzflat, was leider heute eher selten angeboten wird. Viele Verbraucher telefonieren ohnehin nur noch \u00fcbers Handy, so dass ein Heimanschluss oft gar nicht mehr ben\u00f6tigt (aber mit bezahlt) wird. 200 MBit gibt es daher z.B. schon aber 33 \u20ac monatlich! Eine Festnetzflat kann nat\u00fcrlich optional zugebucht werden.<\/p>\n<h2>Welche Anbieter nutzen noch das Netz von O2?<\/h2>\n<p>Eine ganze Menge, um nicht zu sagen der \u00fcberwiegende Teil der am Markt verf\u00fcgbarken Mobilfunktarife. Wie z.B. <a href=\"https:\/\/www.lte-anbieter.info\/prepaid\/anbieter\/aldi-talk.php\" target=\"_blank\" rel=\"noopener\">Aldi-Talk<\/a>, <a href=\"https:\/\/www.lte-anbieter.info\/prepaid\/anbieter\/tchibo.php\" target=\"_blank\" rel=\"noopener\">Tchibo Mobil<\/a> oder <a href=\"https:\/\/www.lte-anbieter.info\/lte-provider\/sim\/sim-de.php\" target=\"_blank\" rel=\"noopener\">SIM.de<\/a>. <\/p>\n<h2>Anbieter &#038; Tarife mit O2-Netz im Preisvergleich<\/h2>\n<p>Im folgenden Tarifvergleich haben wir Ihnen die wichtigsten Smartphone-Tarife auf Basis des O2-Mobilfunknetzes zusammengestellt.<\/p>\n<p>&nbsp;<\/p>\n<p><script type=\"text\/javascript\" src=\"https:\/\/www.tariffuxx.de\/tools\/view\/twl-mobile?tool_id=375\" id=\"twl-mobile-375\"><\/script><br \/>\n<noscript>Bitte aktivieren Sie JavaScript, um den Tarifvergleich zu nutzen.<\/noscript><\/p>\n<p>&nbsp;<\/p>\n<div style='text-align:center' class='yasr-auto-insert-visitor'><\/div>","protected":false},"excerpt":{"rendered":"<p>&nbsp; Hinter P\u0178UR verbirgt sich die Privatkundenmarke der Telecolumbus AG. PYUR bietet neben schnellen Kabel-Internet auch noch einige Mobilfunktarife zum kleinen Preis. Doch auf Basis welches Mobilfunknetzes eigentlich und wie ist die Qualit\u00e4t? Antworten auf diese und weitere Fragen finden Sie folgend.<\/p>\n","protected":false},"author":1,"featured_media":0,"parent":0,"menu_order":0,"comment_status":"closed","ping_status":"closed","template":"","meta":{"yasr_overall_rating":0,"yasr_post_is_review":"","yasr_auto_insert_disabled":"","yasr_review_type":"","iawp_total_views":1388,"footnotes":""},"class_list":["post-29017","page","type-page","status-publish","hentry"],"yasr_visitor_votes":{"stars_attributes":{"read_only":false,"span_bottom":false},"number_of_votes":3,"sum_votes":12},"jetpack_shortlink":"https:\/\/wp.me\/POOxv-7y1","_links":{"self":[{"href":"https:\/\/www.lte-anbieter.info\/lte-news\/wp-json\/wp\/v2\/pages\/29017","targetHints":{"allow":["GET"]}}],"collection":[{"href":"https:\/\/www.lte-anbieter.info\/lte-news\/wp-json\/wp\/v2\/pages"}],"about":[{"href":"https:\/\/www.lte-anbieter.info\/lte-news\/wp-json\/wp\/v2\/types\/page"}],"author":[{"embeddable":true,"href":"https:\/\/www.lte-anbieter.info\/lte-news\/wp-json\/wp\/v2\/users\/1"}],"replies":[{"embeddable":true,"href":"https:\/\/www.lte-anbieter.info\/lte-news\/wp-json\/wp\/v2\/comments?post=29017"}],"version-history":[{"count":3,"href":"https:\/\/www.lte-anbieter.info\/lte-news\/wp-json\/wp\/v2\/pages\/29017\/revisions"}],"predecessor-version":[{"id":44426,"href":"https:\/\/www.lte-anbieter.info\/lte-news\/wp-json\/wp\/v2\/pages\/29017\/revisions\/44426"}],"wp:attachment":[{"href":"https:\/\/www.lte-anbieter.info\/lte-news\/wp-json\/wp\/v2\/media?parent=29017"}],"curies":[{"name":"wp","href":"https:\/\/api.w.org\/{rel}","templated":true}]}}