{"id":30071,"date":"2025-10-10T16:08:11","date_gmt":"2025-10-10T14:08:11","guid":{"rendered":"https:\/\/www.lte-anbieter.info\/lte-news\/?page_id=30071"},"modified":"2025-10-11T17:22:48","modified_gmt":"2025-10-11T15:22:48","slug":"hybrid-bestellen","status":"publish","type":"page","link":"https:\/\/www.lte-anbieter.info\/lte-news\/hybrid-bestellen","title":{"rendered":"Telekom Hybrid-Internet Tarif bestellen | so gehts"},"content":{"rendered":"<p>&nbsp;<\/p>\n<p>Die <a href=\"https:\/\/www.lte-anbieter.info\/lte-provider\/telekom\/telekom-lte.php\" data-internallinksmanager029f6b8e52c=\"32\" title=\"LTE- und 5G-Tarife der Deutschen Telekom zeigen\">Deutsche Telekom<\/a> hat seit mehreren Jahren schon eine einzigartige Technik im Angebot, die das Beste von (V)DSL nd LTE zu einem Anschluss verbindet \u2013 \u201eMagentaZuhause mit Hybrid\u201c. Seit Februar 2023 vertreibt die Dt. Telekom auch <a href=\"https:\/\/www.lte-anbieter.info\/hybrid\/5g\/telekom-5g-hybrid.php\">Hybrid-Technik mit 5G<\/a>. Damit k\u00f6nnten Festnetzanschl\u00fcsse per DSL\/<a href=\"https:\/\/www.lte-anbieter.info\/lte-alternativen\/vdsl-kabel\/vdsl-kabel-flatrate.php\" data-internallinksmanager029f6b8e52c=\"63\" title=\"Was ist VDSL und was kostet es?\">VDSL<\/a> nochmals deutlich beschleunigt werden. Hybrid ist als <u>kostenlose<\/u> Zusatzoption zu den VDSL- oder DSL-Tarifen der Telekom nutzbar. Wir zeigen, wo man die Tarife findet und direkt bestellt.<\/p>\n<p>&nbsp;<\/p>\n<p><img decoding=\"async\" src=\"https:\/\/www.lte-anbieter.info\/lte-news\/wp-content\/uploads\/2023\/02\/5g-hybrid-2.webp\" alt=\"Hybrid Internet\" fetchpriority=\"high\"><\/p>\n<h2>Magenta Hybrid \u00fcber LTE bzw. 5G bestellen<\/h2>\n<p>Seit Sommer 2020 findet man im <a href=\"https:\/\/www.lte-anbieter.info\/details\/TelekomStart\" rel=\"noopener nofollow\" target=\"_blank\">Telekom-Onlineshop<\/a> \u00fcbrigens die Hybrid-Tarife nicht mehr direkt. Stattdessen kann seither JEDER Hybrid ganz einfach zuschalten bzw. im Zuge der Bestellung eines neuen DSL- oder VDSL-Anschlusses mitbestellen.<\/p>\n<p>&nbsp;<\/p>\n<p>Nach der <a href=\"https:\/\/www.lte-anbieter.info\/details\/TelekomVerf\" rel=\"noopener nofollow\" target=\"_blank\">Verf\u00fcgbarkeitspr\u00fcfung hier<\/a>, erfahren Sie, ob sie den Funkturbo nutzen k\u00f6nnen. Durch Hybrid wird jeder Zugang um <u><strong>zus\u00e4tzlich maximal 250 MBit beschleunigt<\/strong><\/u>. Je nach gew\u00e4hltem Tarif, kann so z.B. ein DSL-Anschluss mit nur 16 MBit auf bis zu 100 MBit beschleunigt werden. M\u00f6glich macht das die Kombination von Festnetz und Mobilfunk (LTE oder <a href=\"https:\/\/www.lte-anbieter.info\/5g\/\" data-internallinksmanager029f6b8e52c=\"73\" title=\"alles zum LTE-Nachfolger 5G\">5G<\/a>) durch einen speziellen Router.<\/p>\n<p>&nbsp;<\/p>\n<div class=\"highlight2\">\n&raquo;&raquo;  <a href=\"https:\/\/www.lte-anbieter.info\/details\/hybrid\" rel=\"noopener nofollow\" target=\"_blank\">\u00dcbersicht und Bestellung von MagentaZuhause bei der Deutschen Telekom<\/a> zu denen dann Hybrid als Option mitbestellt werden kann.\n<\/div>\n<h2>Wichtig<\/h2>\n<p>Leider versteckt die Telekom LTE- bzw. <a href=\"https:\/\/www.lte-anbieter.info\/hybrid\/5g\/telekom-5g-hybrid.php\" data-internallinksmanager029f6b8e52c=\"18\" title=\"mehr \u00fcber 5G Hybrid von der Telekom erfahren\">5G-Hybrid<\/a> etwas. Die M\u00f6glichkeit den Turbobooster mit zu den Magenta-Zuhause Paketen hinzu zu buchen erh\u00e4lt man erst im Bestellvorgang bzw. nach der Verf\u00fcgbarkeits\u00fcberpr\u00fcfung, wie der folgende Screenshot zeigt. Die Varianten werden nicht direkt auf der Tarif\u00fcbersicht der Telekom angezeigt &#8230;<\/p>\n<div class=\"pic_r_cl\"><img decoding=\"async\" src=\"https:\/\/www.lte-anbieter.info\/lte-news\/wp-content\/uploads\/2023\/10\/hybrid-bestellen.webp\" alt=\"5G Hybrid Option bestellen\" loading=\"lazy\"><\/p>\n<p>Screenshot: telekom.de<\/p>\n<\/div>\n<h2>Onlinerabatt nutzen<\/h2>\n<p>Der Vorteil bei der Bestellung per Internet ist gleichzeitig, dass man sich einen attraktiven Rabatt sichert. Aktuell bis 200 \u20ac + Preisvorteil in den ersten 3 Monaten.<\/p>\n<h2>Was kann Hybrid-Internet?<\/h2>\n<p>Hybrid-Internet verbindet festnetzbasiertes (V)DSL mit schnellem LTE\/5G zu einem gemeinsamen \u201eDreamteam\u201c, dass beide St\u00e4rken vereint. So sind auch in l\u00e4ndlichen Regionen bis zu dreistellige MBit-Werte m\u00f6glich. Das Beste daran: Es gibt <u>keine Volumenbeschr\u00e4nkung<\/u> wie sonst bei \u201enormalen\u201c LTE-Tarifen. Bestellt man z.B. Festnetztarif MagentaZuhause L mit 250 MBit, beschleunigt Hybrid XXL per 5G den Zugang um weitere 250 MBit auf bis zu 500 MBit\/s.<\/p>\n<h2>Router kaufen oder mieten?<\/h2>\n<p>F\u00fcr die Nutzung ben\u00f6tigen Sie in jeden Fall einen passenden Router samt einer speziellen Au\u00dfenantenne. Normale LTE- oder DSL-Router beherrschen die neue Technik nicht. Die Telekom offeriert bei der Bestellung nat\u00fcrlich ein B\u00fcndel der n\u00f6tigen Endger\u00e4te. Aufgrund der nicht unerheblichen Kosten beim Kauf, empfehlen wir die Miete f\u00fcr 7.95 \u20ac monatlich f\u00fcr den Speedport Smart 4 + Antenne. Das Ger\u00e4t bietet sogar neuste <a href=\"https:\/\/www.lte-anbieter.info\/technik\/wlan\/wlan-ratgeber.php\" data-internallinksmanager029f6b8e52c=\"9\" title=\"alle WLAN-Standards im Vergleich\">WIFI 6<\/a>, also schnelleres WLAN.<\/p>\n<h3>Wissenswertes zum Thema:<\/h3>\n<p>&raquo; <a href=\"https:\/\/www.lte-anbieter.info\/hybrid\/magenta-zuhause-hybrid.php\">alles zu Magenta Hybrid erfahren<\/a><br \/>\n&raquo; <a href=\"https:\/\/www.lte-anbieter.info\/daheim\/lte-zuhause.php\">andere LTE Tarife f\u00fcr daheim als DSL-Ersatz<\/a><\/p>\n<p>&nbsp;<\/p>\n<div style='text-align:center' class='yasr-auto-insert-visitor'><\/div>","protected":false},"excerpt":{"rendered":"<p>&nbsp; Die Deutsche Telekom hat seit mehreren Jahren schon eine einzigartige Technik im Angebot, die das Beste von (V)DSL nd LTE zu einem Anschluss verbindet \u2013 \u201eMagentaZuhause mit Hybrid\u201c. Seit Februar 2023 vertreibt die Dt. Telekom auch Hybrid-Technik mit 5G. Damit k\u00f6nnten Festnetzanschl\u00fcsse per DSL\/VDSL nochmals deutlich beschleunigt werden. Hybrid ist als kostenlose Zusatzoption zu [&hellip;]<\/p>\n","protected":false},"author":1,"featured_media":0,"parent":0,"menu_order":0,"comment_status":"closed","ping_status":"closed","template":"","meta":{"yasr_overall_rating":0,"yasr_post_is_review":"","yasr_auto_insert_disabled":"","yasr_review_type":"","iawp_total_views":150,"footnotes":""},"class_list":["post-30071","page","type-page","status-publish","hentry"],"yasr_visitor_votes":{"stars_attributes":{"read_only":false,"span_bottom":false},"number_of_votes":12,"sum_votes":39},"jetpack_shortlink":"https:\/\/wp.me\/POOxv-7P1","_links":{"self":[{"href":"https:\/\/www.lte-anbieter.info\/lte-news\/wp-json\/wp\/v2\/pages\/30071","targetHints":{"allow":["GET"]}}],"collection":[{"href":"https:\/\/www.lte-anbieter.info\/lte-news\/wp-json\/wp\/v2\/pages"}],"about":[{"href":"https:\/\/www.lte-anbieter.info\/lte-news\/wp-json\/wp\/v2\/types\/page"}],"author":[{"embeddable":true,"href":"https:\/\/www.lte-anbieter.info\/lte-news\/wp-json\/wp\/v2\/users\/1"}],"replies":[{"embeddable":true,"href":"https:\/\/www.lte-anbieter.info\/lte-news\/wp-json\/wp\/v2\/comments?post=30071"}],"version-history":[{"count":5,"href":"https:\/\/www.lte-anbieter.info\/lte-news\/wp-json\/wp\/v2\/pages\/30071\/revisions"}],"predecessor-version":[{"id":43968,"href":"https:\/\/www.lte-anbieter.info\/lte-news\/wp-json\/wp\/v2\/pages\/30071\/revisions\/43968"}],"wp:attachment":[{"href":"https:\/\/www.lte-anbieter.info\/lte-news\/wp-json\/wp\/v2\/media?parent=30071"}],"curies":[{"name":"wp","href":"https:\/\/api.w.org\/{rel}","templated":true}]}}