{"id":30318,"date":"2026-02-06T08:52:18","date_gmt":"2026-02-06T07:52:18","guid":{"rendered":"https:\/\/www.lte-anbieter.info\/lte-news\/?page_id=30318"},"modified":"2026-02-07T10:05:41","modified_gmt":"2026-02-07T09:05:41","slug":"welches-netz-hat-blau","status":"publish","type":"page","link":"https:\/\/www.lte-anbieter.info\/lte-news\/welches-netz-hat-blau","title":{"rendered":"Welches Netz hat Blau?"},"content":{"rendered":"<p>&nbsp;<\/p>\n<p>Bei &#8222;Blau&#8220; handelt es sich um eine der bekanntesten Mobilfunkmarken in Deutschland. Der Anbieter hat sowohl Prepaid- wie auch normale Vertrags-Tarife im Angebot und lockt regelm\u00e4\u00dfig mit g\u00fcnstigen Sonderangeboten. Aber in welchem Netz ist man eigentlich, wenn man sich f\u00fcr Blau.de entscheidet? Gibt es da LTE und <a href=\"https:\/\/www.lte-anbieter.info\/5g\/\" data-internallinksmanager029f6b8e52c=\"73\" title=\"alles zum LTE-Nachfolger 5G\">5G<\/a>? All dies und mehr, erfahren Sie hier in unserem Netz-Spezial.<!--more--><\/p>\n<h2>Das Mobilfunknetz von Blau (2026)<\/h2>\n<div class=\"pic_r\"><img decoding=\"async\" src=\"https:\/\/www.lte-anbieter.info\/lte-news\/wp-content\/uploads\/2021\/11\/blau.webp\" alt=\"Blau\" width=\"210\" fetchpriority=\"high\"><\/div>\n<p>Zun\u00e4chst einmal muss man wissen, dass es sich bei Blau.de nicht um einen Netzbetreiber handelt, sondern lediglich um eine Vertriebsmarke von <a href=\"https:\/\/www.lte-anbieter.info\/lte-provider\/o2\/o2-lte.php\" data-internallinksmanager029f6b8e52c=\"34\" title=\"O2 LTE- und 5G-Tarife zeigen\">O2 Telef\u00f3nica<\/a>. Demzufolge tritt auch die Konzernmutter als Netzgeber auf. Wer sich f\u00fcr einen Blau-Mobilfunktarif entscheidet, surft und telefoniert also \u00fcber O2 (E-Netz)!<\/p>\n<h2>Wie ist die Qualit\u00e4t?<\/h2>\n<p>Seit Jahren schon h\u00e4ngt O2, was die Versorgungsdichte und Qualit\u00e4t angeht, etwas hinter der Konkurrenz (<a href=\"https:\/\/www.lte-anbieter.info\/lte-provider\/vodafone\/vodafone-lte.php\" data-internallinksmanager029f6b8e52c=\"33\" title=\"Vodafone LTE- und 5G-Tarife zeigen\">Vodafone<\/a> und <a href=\"https:\/\/www.lte-anbieter.info\/lte-provider\/telekom\/telekom-lte.php\" data-internallinksmanager029f6b8e52c=\"32\" title=\"LTE- und 5G-Tarife der Deutschen Telekom zeigen\">Dt. Telekom<\/a>) zur\u00fcck. Zu dem Ergebnis kommen <a href=\"https:\/\/www.lte-anbieter.info\/lte-news\/index.php?s=netztest\" rel=\"noopener\" target=\"_blank\">immer wieder unabh\u00e4ngige Netztest<\/a>. Doch O2 hat den Umstand anscheinend erkannt und holt sp\u00e4testens seit 2019 immer st\u00e4rker auf und seit 2023 kommt der Provider sogar an die alten Platzhirsche heran. Zudem gibt es einen weiteren entscheidenden Vorteil bez\u00fcglich der Sprachqualit\u00e4t: Denn im Gegensatz zu den anderen Anbietern, gew\u00e4hrt O2 <u>allen<\/u> Kunden &#8211; also auch von <a href=\"https:\/\/www.lte-anbieter.info\/prepaid\/anbieter\/blau.php\">Blau<\/a> &#8211; Zugang zu dem Dienst <a href=\"https:\/\/www.lte-anbieter.info\/volte\/\" data-internallinksmanager029f6b8e52c=\"7\" title=\"mehr \u00fcber VoLTE (LTE-Telefonie) erfahren\">Voice over LTE<\/a> (<a href=\"https:\/\/www.lte-anbieter.info\/volte\/\">VoLTE<\/a>). Damit steigt die Sprachqualit\u00e4t deutlich und man telefoniert direkt im LTE-Netz. Beim Telefonieren wird somit nicht mehr von 4G auf 2G runtergeschaltet.<\/p>\n<h2>Wie gut ist die Netzversorgung von Blau?<\/h2>\n<p>Auch in Punkto Netzabdeckung gibt es bei O2 noch ein klein wenig Nachholbedarf. Aber auch hier hat O2 die Konkurrenz fast eingeholt. Nur im abgelegenen l\u00e4ndlichen Raum klagen Kunden oft noch \u00fcber Empfangsprobleme. Der Konzern investiert aber massiv in den Ausbau, so dass die meisten L\u00fccken bald geschlossen sein d\u00fcrften. Wie es um die O2-Funkabdeckfung bei Ihnen vor Ort bestellt ist, zeigt \u00fcbrigens <a href=\"https:\/\/www.lte-anbieter.info\/details\/O2Verf\" rel=\"nofollow noopener\" target=\"_blank\">hier ein Blick auf die O2-Ausbaukarte<\/a>.<\/p>\n<h2>Gibt es 4G\/LTE bei Blau?<\/h2>\n<div class=\"pic_r\"><img decoding=\"async\" src=\"https:\/\/www.lte-anbieter.info\/lte-news\/wp-content\/uploads\/2023\/01\/blau-netz.webp\" alt=\"Unsere Netzwertung zu Blau\" title=\"Bewertung des Blau-Netzes durch unsere Redaktion\" width=\"250\" loading=\"lazy\"><\/div>\n<p>Definitiv ja! O2 war sogar in Deutschland der erste Anbieter, welcher alle Kunden ausnahmslos ins LTE-Netz gelassen hat. Es gibt nur einen kleinen Haken, denn w\u00e4hrend man bei den Tarifen direkt beim Anbieter mit <a href=\"https:\/\/www.lte-anbieter.info\/ratgeber\/lte-plus.php\" rel=\"noopener\" target=\"_blank\">LTE-Max<\/a> surft (bei O2 300 MBit\/s), werden die meisten Drittmarken im O2-Universum auf 50 bis 100 MBit gebremst. Bei Blau trifft letzteres zu!<\/p>\n<p>&nbsp;<\/p>\n<p>Wer mehr Performance will, sollte also einen Blick <a href=\"https:\/\/www.lte-anbieter.info\/lte-provider\/o2\/o2-lte.php#smartphone\" rel=\"noopener\" target=\"_blank\">auf die O2-Mobile-Tarife werfen<\/a>. Hier surft man bei O2 n\u00e4mlich mit <a href=\"https:\/\/www.lte-anbieter.info\/ratgeber\/lte-plus.php\" data-internallinksmanager029f6b8e52c=\"67\" title=\"Was ist LTE Max?\">LTE Max<\/a>, was zur Zeit einer H\u00f6chstgeschwindigkeit von 300 MBit\/s (je nach Tarif) entspricht.<\/p>\n<h2>Hat Blau schon 5G?<\/h2>\n<p>Ja! Seit Dezember 2023 m\u00fcssen Kunden des Anbieters nicht mehr auf die neuste Mobilfunktechnik verzichten. In den Vertragstarifen ist <a href=\"https:\/\/www.lte-anbieter.info\/5g\/\">5G<\/a> kostenlos enthalten. An der maximalen Datenrate von 50 MBit\/s \u00e4ndert sich aber nichts. Im August 2024 hatten dann schlie\u00dflich auch die Prepaid-Tarife 5G bekommen.<\/p>\n<h2>Alle Blau Tarife und Angebote<\/h2>\n<p>Wie schon angedeutet, bietet der Anbieter sowohl Prepaid- wie auch Postpaid-Tarife \u2013 also mit bzw. ohne Vertrag. Die Offerten k\u00f6nnen sich unserer Meinung nach sehen lassen und m\u00fcssen sich nicht vor dem Wettbewerb verstecken. Hier finden Sie eine <a href=\"https:\/\/www.lte-anbieter.info\/prepaid\/anbieter\/blau.php\">\u00dcbersicht der Tarife und mehr Hintergrundinformationen zu Blau<\/a>.<\/p>\n<h2>Gibt es eine Datenautomatik bei Blau?<\/h2>\n<p>Viele Tarife im O2-Netz sind mit einer sogenannten <a href=\"https:\/\/www.lte-anbieter.info\/ratgeber\/datenautomatik.php\" title=\"alles zum Thema Datenautomatik erfahren\">Datenautomatik<\/a> ausgestattet. Dabei wird bei Erreichen des monatlichen Inklusiv-Datenvolumens einfach neues gegen Entgelte hinzugebucht. Bei Blau gibt es dieses \u201eFeature\u201c gl\u00fccklicher Weise nicht.<\/p>\n<h2>Was ist mit VoLTE, WLAN-Telefonie und eSIMs?<\/h2>\n<p>Blau-Kunden k\u00f6nnen von den Vorteilen profitieren, die <a href=\"https:\/\/www.lte-anbieter.info\/volte\/\">Voice over LTE<\/a> (VoLTE) und <a href=\"https:\/\/www.lte-anbieter.info\/technik\/wlan\/wifi-calling.php\">WLAN-Telefonie<\/a> bieten. Erstere verbessert die Sprachqualit\u00e4t und Netzabdeckung erheblich. Zumal O2 Ende 2021 das <a href=\"https:\/\/www.lte-anbieter.info\/3g\/\" data-internallinksmanager029f6b8e52c=\"74\" title=\"alles \u00fcber 3G und dessen Abschaltung erfahren\">3G<\/a>-Netz komplett <a href=\"https:\/\/www.lte-anbieter.info\/3g\/\">einstellt hat<\/a>. <a href=\"https:\/\/www.lte-anbieter.info\/ratgeber\/e-sim.php\">eSIM<\/a>s lassen sich bei Blau ebenfalls bestellen.<\/p>\n<h2>Tarifvergleich: alle anderen Angebote im O2-Netz mit Blau im Vergleich<\/h2>\n<p>Blau ist doch nicht das Richtige f\u00fcr Sie? Oder wollen Sie die Angebote noch mit allen anderen Anbietern im O2-Netz vergleichen? Kein Problem \u2013 die folgende \u00dcbersicht zeigt alle M\u00f6glichkeiten bequem und aktuell im \u00dcberblick.<\/p>\n<p>&nbsp;<\/p>\n<p><script type=\"text\/javascript\" src=\"https:\/\/www.tariffuxx.de\/tools\/view\/twl-mobile?tool_id=375\" id=\"twl-mobile-375\"><\/script><br \/>\n<noscript>Bitte aktivieren Sie JavaScript, um den Tarifvergleich zu nutzen.<\/noscript><\/p>\n<h2>Kundenhotlines<\/h2>\n<p>Fragen und Probleme rund ums Angebot von Blau? Diese \u00dcbersicht zeigt <a href=\"https:\/\/www.lte-anbieter.info\/lte-news\/blau-hotline-kundenservice\">alle Kontaktm\u00f6glichkeiten zum Blau-Kundenservice<\/a>.<\/p>\n<p>&nbsp;<\/p>\n<div style='text-align:center' class='yasr-auto-insert-visitor'><\/div>","protected":false},"excerpt":{"rendered":"<p>&nbsp; Bei &#8222;Blau&#8220; handelt es sich um eine der bekanntesten Mobilfunkmarken in Deutschland. Der Anbieter hat sowohl Prepaid- wie auch normale Vertrags-Tarife im Angebot und lockt regelm\u00e4\u00dfig mit g\u00fcnstigen Sonderangeboten. Aber in welchem Netz ist man eigentlich, wenn man sich f\u00fcr Blau.de entscheidet? Gibt es da LTE und 5G? All dies und mehr, erfahren Sie [&hellip;]<\/p>\n","protected":false},"author":1,"featured_media":0,"parent":0,"menu_order":0,"comment_status":"closed","ping_status":"closed","template":"","meta":{"yasr_overall_rating":0,"yasr_post_is_review":"yes","yasr_auto_insert_disabled":"","yasr_review_type":"CreativeWorkSeries","iawp_total_views":5900,"footnotes":""},"class_list":["post-30318","page","type-page","status-publish","hentry"],"yasr_visitor_votes":{"stars_attributes":{"read_only":false,"span_bottom":false},"number_of_votes":8,"sum_votes":29},"jetpack_shortlink":"https:\/\/wp.me\/POOxv-7T0","_links":{"self":[{"href":"https:\/\/www.lte-anbieter.info\/lte-news\/wp-json\/wp\/v2\/pages\/30318","targetHints":{"allow":["GET"]}}],"collection":[{"href":"https:\/\/www.lte-anbieter.info\/lte-news\/wp-json\/wp\/v2\/pages"}],"about":[{"href":"https:\/\/www.lte-anbieter.info\/lte-news\/wp-json\/wp\/v2\/types\/page"}],"author":[{"embeddable":true,"href":"https:\/\/www.lte-anbieter.info\/lte-news\/wp-json\/wp\/v2\/users\/1"}],"replies":[{"embeddable":true,"href":"https:\/\/www.lte-anbieter.info\/lte-news\/wp-json\/wp\/v2\/comments?post=30318"}],"version-history":[{"count":5,"href":"https:\/\/www.lte-anbieter.info\/lte-news\/wp-json\/wp\/v2\/pages\/30318\/revisions"}],"predecessor-version":[{"id":44295,"href":"https:\/\/www.lte-anbieter.info\/lte-news\/wp-json\/wp\/v2\/pages\/30318\/revisions\/44295"}],"wp:attachment":[{"href":"https:\/\/www.lte-anbieter.info\/lte-news\/wp-json\/wp\/v2\/media?parent=30318"}],"curies":[{"name":"wp","href":"https:\/\/api.w.org\/{rel}","templated":true}]}}