{"id":30725,"date":"2026-04-02T16:51:05","date_gmt":"2026-04-02T14:51:05","guid":{"rendered":"https:\/\/www.lte-anbieter.info\/lte-news\/?page_id=30725"},"modified":"2026-04-04T10:35:47","modified_gmt":"2026-04-04T08:35:47","slug":"gigacube-flex-bestellen","status":"publish","type":"page","link":"https:\/\/www.lte-anbieter.info\/lte-news\/gigacube-flex-bestellen","title":{"rendered":"Gigacube Flex Tarif bestellen | so geht\u2019s"},"content":{"rendered":"<p>&nbsp;<\/p>\n<p>Die sogenannten <a href=\"https:\/\/www.lte-anbieter.info\/daheim\/vodafone-gigacube.php\" data-internallinksmanager029f6b8e52c=\"22\" title=\"alles zum Vodafone Gigacube Angebot sowie den Tarifen erfahren\">Gigacube<\/a>-Zuhause Tarife von <a href=\"https:\/\/www.lte-anbieter.info\/lte-provider\/vodafone\/vodafone-lte.php\" data-internallinksmanager029f6b8e52c=\"33\" title=\"Vodafone LTE- und 5G-Tarife zeigen\">Vodafone<\/a> (bundesweit nutzbar) erfreuen sich gro\u00dfer Beliebtheit. Die L\u00f6sung verspricht schlie\u00dflich schnelles Internet &#8211; \u00fcberall per LTE\/<a href=\"https:\/\/www.lte-anbieter.info\/5g\/\" data-internallinksmanager029f6b8e52c=\"73\" title=\"alles zum LTE-Nachfolger 5G\">5G<\/a> und mit nur einem Handgriff. Doch was viele nicht wissen &#8211; statt den Vertragstarifen, gibt es auch eine Variante mit voller Kostenkontrolle. Sie zahlen nur bei Nutzung! Wir zeigen, was der Tarif bietet und wie man ihn bestellt.<!--more--><\/p>\n<p>&nbsp;<\/p>\n<p><img decoding=\"async\" src=\"https:\/\/www.lte-anbieter.info\/lte-news\/wp-content\/uploads\/2022\/08\/gigacube-zte-4g1.webp\" alt=\"Gigacube Flex Tarif buchen\" title=\"Gigacube Flex Tarif buchen\" fetchpriority=\"high\"><\/p>\n<h2>Was kann der Flex-Tarif: Die Vorteile<\/h2>\n<p>Die <a href=\"https:\/\/www.lte-anbieter.info\/daheim\/vodafone-gigacube.php\">herk\u00f6mmlichen Gigacube-Tarife<\/a> haben allesamt eine Laufzeit von 2 Jahren, also 24 Monaten. Die Flex-Variante zwar auch, aber hier zahlt man <u>nur bei Nutzung die monatliche Grundgeb\u00fchr<\/u>. Wer also z.B. den Router nur im Dezember und M\u00e4rz anschlie\u00dft, muss lediglich f\u00fcr diese zwei Monate die Grundgeb\u00fchr entrichten. Bei den regul\u00e4ren Tarifen w\u00fcrde hingegen jeder Monat einzeln abgerechnet!<\/p>\n<p>&nbsp;<\/p>\n<p>Wichtig ist aber, dass die SIM-Karte aus dem Endger\u00e4t entfernt wird. Selbst nur 1 Sekunde Datenverbindung w\u00fcrden reichen, damit Vodafone den vollen Monat in Rechnung stellt. Das vermeidet man nur durch komplette Trennung von der Stromzufuhr bzw. noch sicherer auf dem Weg der SIM-Entfernung. <\/p>\n<h2>Wieviel Datenvolumen bietet der Tarif?<\/h2>\n<p>Das monatliche Datenvolumen betr\u00e4gt aktuell <strong>200 Gigabyte<\/strong> zum Preis von 51.99 Euro.<\/p>\n<h2>Gigacube Flex bestellen<\/h2>\n<p>Leider hat Vodafone den Tarif mittlerweile auf seiner Seite etwas versteckt. Wer Gigacube-Flex bestellen will, muss schon tiefer graben. Offensichtlich mag Vodafone lieber die herk\u00f6mmlichen Vertragstarife unters Volk bringen. Wir haben f\u00fcr Sie den Link herausgesucht.<\/p>\n<p>&nbsp;<\/p>\n<div class=\"button-container align-left no-info\">\n  <a class=\"buttons rot\" href=\"https:\/\/www.lte-anbieter.info\/details\/gigacubeflex\" rel=\"nofollow noopener\" target=\"_blank\">&#10149; Gigacube Flex Tarif bestellen<\/a>\n<\/div>\n<h2>passender Router zu Gigacube Flex<\/h2>\n<p>Regul\u00e4r wird der aktuelle <a href=\"https:\/\/www.lte-anbieter.info\/lte-hardware\/all\/router-vodafone-gigacube-4g\">Gigacube der dritten Generation<\/a> f\u00fcr einmalig 129.90 Euro angeboten. Das Modell von ZTE unterst\u00fctzt LTE bis CAT20, das hei\u00dft bis zu 2000 MBit\/s. Viel Reserven also, da der Tarif per LTE aktuell &#8222;nur&#8220; bis zu 500 MBit bietet. Alternativ kann man sich aber auch f\u00fcr den <a href=\"https:\/\/www.lte-anbieter.info\/lte-hardware\/all\/router-vodafone-gigacube-5g-4-generation\">5G-Router<\/a> (4. Generation) entscheiden, wobei die Zuzahlung auf 279.90 \u20ac steigt.<\/p>\n<p>&nbsp;<\/p>\n<p><img decoding=\"async\" src=\"https:\/\/www.lte-anbieter.info\/lte-news\/wp-content\/uploads\/2022\/08\/gigacube-zte-4g.webp\"alt=\"GigaCube 4G von ZTE\" loading=\"lazy\"><\/p>\n<h2>Vergleich aller Gigacube-Pakete<\/h2>\n<p>Der Vorteil der regul\u00e4ren Tarife gegen\u00fcber dem Flex-Paket, sind die teils h\u00f6heren Datenvolumina. Hier sind momentan 100 bzw. 200 GB m\u00f6glich, was selbst f\u00fcr Streaming-Fans v\u00f6llig ausreichen sollte. Das Premiumpaket &#8222;<a href=\"https:\/\/www.lte-anbieter.info\/daheim\/gigacube-unlimited.php\">Gigacube Zuhause Unlimited<\/a>&#8220; hat sogar g\u00e4nzlich keine Limitierung mehr. Eine \u00dcbersicht der Preise und M\u00f6glichkeiten finden Sie <a href=\"https:\/\/www.lte-anbieter.info\/lte-provider\/vodafone\/vodafone-lte.php\" rel=\"noopener\" target=\"_blank\">hier im Gigacube-Vergleich<\/a>.<\/p>\n<h2>h\u00e4ufige Fragen<\/h2>\n<p><b>Muss ich den Router nach Ablauf der Laufzeit zur\u00fcckgeben?<\/b>: Nein, der ist dann Ihnen. Daf\u00fcr wurde ja ein relativ hoher Einmalpreis bei der Bestellung bezahlt.<\/p>\n<p>&nbsp;<\/p>\n<p><strong>Wie wird der Tarif abgerechnet?<\/strong>: Hier verweist Vodafone auf den sogenannten Rechnungsmonat. Alle wichtigen Infos dazu finden Sie <a href=\"https:\/\/www.lte-anbieter.info\/daheim\/gigacube-flex.php#abrechnung\" target=\"_blank\" rel=\"noopener\">hier<\/a>.<\/p>\n<p>&nbsp;<\/p>\n<p><strong>Wie buche ich einen neunen Monat im Flex-Tarif?<\/strong>: Eine extra Buchung ist hier nicht n\u00f6tig. Legen Sie einfach die SIM-Karte in den Router und versorgen diesen mit Strom. Sobald eine Datenverbindung hergestellt wurde, beginnt der Abrechnungszeitraum. Das bedeutet aber wie schon angedeutet, dass man den Router <u>komplett vom Strom trennen muss<\/u> wenn man ihn f\u00fcr eine l\u00e4ngere Zeit nicht nutzen m\u00f6chte. Ansonsten werden weiter Daten generiert (wenn auch sehr wenig) und somit auch jeden Monat die Grundgeb\u00fchr! Das sollte man unbedingt beachten, falls man nicht unn\u00f6tig einen Monat bezahlen m\u00f6chte. Wir h\u00e4tten uns hier einen kleinen Sicherheitspuffer f\u00fcr solche Versehen von sagen wir 1 MB gew\u00fcnscht &#8230;<\/p>\n<p>&nbsp;<\/p>\n<p><strong>Den ersten Monat hat Vodafone voll abgerechnet ohne Nutzung<\/strong>: Ja, das ist korrekt. Vodafone hat Ende 2022 den Flex-Tarif etwas modifiziert und seither berechnet der Anbieter den ersten Monat voll und erst danach nur noch je Nutzung &#8230;<\/p>\n<h2>Weiterf\u00fchrendes<\/h2>\n<p>&raquo; <a href=\"https:\/\/www.lte-anbieter.info\/daheim\/gigacube-flex.php\">mehr \u00fcber Gigacube Flex erfahren<\/a><br \/>\n&raquo; <a href=\"https:\/\/www.lte-anbieter.info\/ratgeber\/einrichten\/lte-mit-gigacube-installieren.php\">Gigacube installieren: Ratgeber<\/a><br \/>\n&raquo; <a href=\"https:\/\/www.lte-anbieter.info\/lte-news\/gigacube-hacks-telefonie-mobilitaet-und-empfang\">Gigacube Hacks: So holen Sie alles aus dem Tarif raus<\/a><br \/>\n&raquo; <a href=\"https:\/\/www.lte-anbieter.info\/lte-news\/dsl-ueber-funk\">DSL bzw. WLAN \u00fcber Funk?<\/a><\/p>\n<p>&nbsp;<\/p>\n<div style='text-align:center' class='yasr-auto-insert-visitor'><\/div>","protected":false},"excerpt":{"rendered":"<p>&nbsp; Die sogenannten Gigacube-Zuhause Tarife von Vodafone (bundesweit nutzbar) erfreuen sich gro\u00dfer Beliebtheit. Die L\u00f6sung verspricht schlie\u00dflich schnelles Internet &#8211; \u00fcberall per LTE\/5G und mit nur einem Handgriff. Doch was viele nicht wissen &#8211; statt den Vertragstarifen, gibt es auch eine Variante mit voller Kostenkontrolle. Sie zahlen nur bei Nutzung! Wir zeigen, was der Tarif [&hellip;]<\/p>\n","protected":false},"author":1,"featured_media":0,"parent":0,"menu_order":0,"comment_status":"closed","ping_status":"closed","template":"","meta":{"yasr_overall_rating":0,"yasr_post_is_review":"","yasr_auto_insert_disabled":"","yasr_review_type":"","iawp_total_views":455,"footnotes":""},"class_list":["post-30725","page","type-page","status-publish","hentry"],"yasr_visitor_votes":{"stars_attributes":{"read_only":false,"span_bottom":false},"number_of_votes":29,"sum_votes":96},"jetpack_shortlink":"https:\/\/wp.me\/POOxv-7Zz","_links":{"self":[{"href":"https:\/\/www.lte-anbieter.info\/lte-news\/wp-json\/wp\/v2\/pages\/30725","targetHints":{"allow":["GET"]}}],"collection":[{"href":"https:\/\/www.lte-anbieter.info\/lte-news\/wp-json\/wp\/v2\/pages"}],"about":[{"href":"https:\/\/www.lte-anbieter.info\/lte-news\/wp-json\/wp\/v2\/types\/page"}],"author":[{"embeddable":true,"href":"https:\/\/www.lte-anbieter.info\/lte-news\/wp-json\/wp\/v2\/users\/1"}],"replies":[{"embeddable":true,"href":"https:\/\/www.lte-anbieter.info\/lte-news\/wp-json\/wp\/v2\/comments?post=30725"}],"version-history":[{"count":5,"href":"https:\/\/www.lte-anbieter.info\/lte-news\/wp-json\/wp\/v2\/pages\/30725\/revisions"}],"predecessor-version":[{"id":44399,"href":"https:\/\/www.lte-anbieter.info\/lte-news\/wp-json\/wp\/v2\/pages\/30725\/revisions\/44399"}],"wp:attachment":[{"href":"https:\/\/www.lte-anbieter.info\/lte-news\/wp-json\/wp\/v2\/media?parent=30725"}],"curies":[{"name":"wp","href":"https:\/\/api.w.org\/{rel}","templated":true}]}}