{"id":30764,"date":"2026-02-05T09:55:53","date_gmt":"2026-02-05T08:55:53","guid":{"rendered":"https:\/\/www.lte-anbieter.info\/lte-news\/?page_id=30764"},"modified":"2026-02-07T10:26:39","modified_gmt":"2026-02-07T09:26:39","slug":"welches-netz-hat-tchibo","status":"publish","type":"page","link":"https:\/\/www.lte-anbieter.info\/lte-news\/welches-netz-hat-tchibo","title":{"rendered":"Welches Netz hat Tchibo?"},"content":{"rendered":"<p>&nbsp;<\/p>\n<p>Bei Tchibo handelt es sich bekanntlich nicht nur rein um einen Kaffeer\u00f6ster. Die Kette z\u00e4hlt zu den gr\u00f6\u00dften Konsumg\u00fcterunternehmen Deutschlands. Neben allerlei Alltags-Accessoires, vertreibt Tchibo zudem seit \u00fcber 20 Jahren erfolgreich g\u00fcnstige Mobilfunk-Tarife. Doch welches Netz kommt hier zum Einsatz? Gibt es auch LTE bzw. <a href=\"https:\/\/www.lte-anbieter.info\/5g\/\" data-internallinksmanager029f6b8e52c=\"73\" title=\"alles zum LTE-Nachfolger 5G\">5G<\/a> und wie ist die Funkabdeckung bei Tchibo? Dies und mehr erfahren Sie hier in unserem Ratgeber.<!--more--><\/p>\n<div class=\"pic_l_cl\"><img decoding=\"async\" src=\"https:\/\/www.lte-anbieter.info\/lte-news\/wp-content\/uploads\/2025\/01\/tchibo-mobil.webp\" alt=\"Tchibo Mobil\" fetchpriority=\"high\"><\/div>\n<h2>Das Mobilfunknetz 2026<\/h2>\n<p>In Deutschland gibt es aktuell nur vier Mobilfunknetz-Betreiber: Deutschen Telekom, O2, 1&#038;1 und <a href=\"https:\/\/www.lte-anbieter.info\/lte-provider\/vodafone\/vodafone-lte.php\" data-internallinksmanager029f6b8e52c=\"33\" title=\"Vodafone LTE- und 5G-Tarife zeigen\">Vodafone<\/a>. Tchibo selbst unterh\u00e4lt also kein eigenes Netz, sondern mietet sich bei einem dieser Unternehmen ein und vertreibt dann Tarife unter der &#8222;Tchibo-Mobil&#8220; Marke. Man spricht daher auch von einem \u201evirtuellen\u201c Anbieter. Partner ist in diesem Fall <a href=\"https:\/\/www.lte-anbieter.info\/lte-provider\/o2\/o2-lte.php\" data-internallinksmanager029f6b8e52c=\"34\" title=\"O2 LTE- und 5G-Tarife zeigen\">O2 Telef\u00f3nica<\/a> (E-Netz). Tchibo-Kunden telefonieren und browsen demzufolge im O2-Netz.<\/p>\n<h2>Wie ist die Qualit\u00e4t?<\/h2>\n<p>Jahr f\u00fcr Jahr gibt es von mehreren Seiten <a href=\"https:\/\/www.lte-anbieter.info\/lte-news\/index.php?s=netztest\">unabh\u00e4ngige Netztests<\/a>, etwa von der Zeitschrift \u201econnect\u201c. Auch wenn O2 in letzter Zeit deutliche Fortschritte erzielen konnte &#8211; im Vergleich zur Telekom oder Vodafone hinkt die Netzabdeckung noch leicht hinterher. Auch Stiftung-Warentest kam in der letzten Pr\u00fcfung (2022) nur auf die Note 1,9 (Telekom 1,6 und Vodafone 1,7).<\/p>\n<p>&nbsp;<\/p>\n<p>Der Abstand schwindet aber j\u00e4hrlich zunehmend. Wer in dicht besiedelten Gebieten wohnt, wird wahrscheinlich keinerlei Unterschiede feststellen k\u00f6nnen. Wohl aber gibt es aber im O2-Netz in l\u00e4ndlichen Gegenden immer wieder Versorgungsl\u00fccken, teils surft man nur mit ultralangsamen 2G. Immerhin: O2 gibt f\u00fcr alle virtuellen Anbieter (wie z.B. Tchibo Mobil) das sogenannte <a href=\"https:\/\/www.lte-anbieter.info\/volte\/\" target=\"_blank\" rel=\"noopener\">Voice over LTE<\/a> frei. Also Telefonie per LTE, die glasklare Sprachqualit\u00e4t erm\u00f6glicht. Auch <a href=\"https:\/\/www.lte-anbieter.info\/technik\/wlan\/wifi-calling.php\">WLAN-Calling<\/a> ist m\u00f6glich. F\u00fcr beide Dienste muss das Smartphone aber kompatibel sein, was bei so ziemlich allen Ger\u00e4ten seit ca. 2019 der Fall ist. <a href=\"https:\/\/www.lte-anbieter.info\/ratgeber\/e-sim.php\">eSIM<\/a>s k\u00f6nnen dagegen noch nicht bestellt werden.<\/p>\n<h2>Gibt es LTE\/4G bei Tchibo?<\/h2>\n<p>Ja! Aber nicht mit der vollen Leistung, wie bei den Vertrags- und Prepaid-Tarifen direkt von O2. Dort liegt die maximale Datenrate (<a href=\"https:\/\/www.lte-anbieter.info\/ratgeber\/lte-plus.php\" data-internallinksmanager029f6b8e52c=\"67\" title=\"Was ist LTE Max?\">LTE Max<\/a>) bei 300 MBit\/s. Netzpartner, wie <a href=\"https:\/\/www.lte-anbieter.info\/prepaid\/anbieter\/tchibo.php\" rel=\"noopener\" target=\"_blank\">Tchibo<\/a>, <a href=\"https:\/\/www.lte-anbieter.info\/prepaid\/anbieter\/aldi-talk.php\" rel=\"noopener\" target=\"_blank\">Aldi<\/a> oder <a href=\"https:\/\/www.lte-anbieter.info\/prepaid\/anbieter\/blau.php\" rel=\"noopener\" target=\"_blank\">Blau<\/a>, werden dagegen auf 50 bis 100 MBit\/s beschr\u00e4nkt. Der Upload betr\u00e4gt maximal 25 MBit\/s. Im Prinzip reicht diese \u00dcbertragungsrate im Alltag vollkommen aus. Nur wer h\u00e4ufig Daten hochl\u00e4dt, wir wahrscheinlich bei schnelleren Angeboten besser aufgehoben sein (<a href=\"https:\/\/www.lte-anbieter.info\/tarife\/smartphone-tarifvergleich.php\" rel=\"noopener\" target=\"_blank\">Vergleich<\/a>).<\/p>\n<h2>Hat Tchibo auch 5G?<\/h2>\n<p>Lange Zeit mussten Prepaidnutzer auf <a href=\"https:\/\/www.lte-anbieter.info\/5g\/\">5G<\/a>, den 4G-Nachfolger, verzichten. Seit 13.11.2023 ist aber auch das endlich Geschichte. Tchibo-Kunden k\u00f6nnen neben 4G seither auch das neuere 5G nutzen. An der m\u00f6glichen Daten\u00fcbertragungsrate (Geschwindigkeit) \u00e4ndert das allerdings nichts, denn diese bleibt bei <u>maximal 100 MBit\/s<\/u> bestehen. 5G wirkt sich aber z.B. auf geringere Reaktionszeiten aus und kann den Akkuverbrauch senken. Dar\u00fcber hinaus steigt die Verbindungsstabilit\u00e4t im Schnitt an.<\/p>\n<h2>Wie gut ist die Netzabdeckung bei Tchibo?<\/h2>\n<div class=\"pic_r\"><img decoding=\"async\" src=\"https:\/\/www.lte-anbieter.info\/lte-news\/wp-content\/uploads\/2025\/01\/tchibo-netz.webp\" alt=\"Tchibo Netz Bewertung\" title=\"Bewertung des Tchibo-Netzes durch die Redaktion\" width=\"250\" loading=\"lazy\"><\/div>\n<p>Netz-Pate O2 gibt die 4G-Versorgung mit ca. 99 Prozent an. Bei <a href=\"https:\/\/www.5g-anbieter.info\/verfuegbarkeit\/o2-5g-verfuegbarkeit-testen.html\" target=\"_blank\" rel=\"noopener\">5G sind es ca. 99 Prozent<\/a>. Fast alle Bundesb\u00fcrger k\u00f6nnen also schon auf den schnellen LTE-Standard zugreifen. Das \u00e4ltere <a href=\"https:\/\/www.lte-anbieter.info\/3g\/\" data-internallinksmanager029f6b8e52c=\"74\" title=\"alles \u00fcber 3G und dessen Abschaltung erfahren\">3G<\/a>-Netz wurde hingegen bis Ende 2021 komplett <a href=\"https:\/\/www.lte-anbieter.info\/3g\/\">abgeschaltet<\/a>. Wer seine Umgebung ganz genau analysieren m\u00f6chte, kann dies <a href=\"https:\/\/www.lte-anbieter.info\/details\/O2Verf\" rel=\"nofollow noopener\" target=\"_blank\">hier auf der O2-Mobilfunk-Netzabdeckungskarte<\/a>.<\/p>\n<h2>Hat Tchibo eine Datenautomatik?<\/h2>\n<p>Nein, zus\u00e4tzliches Volumen wird nicht automatisch eingebucht, sondern kann bei Bedarf bestellt werden.<\/p>\n<h2>alle Tchibo-Tarife und Angebote im \u00dcberblick<\/h2>\n<p>Tchibo f\u00fchrt vier verschiedene Smartphone Prepaid Allnet-Flatrates namens \u201eSmart\u201c. Dar\u00fcber hinaus gibt\u2019s nat\u00fcrlich auch <a href=\"https:\/\/www.lte-anbieter.info\/tarife\/lte-datentarife-ratgeber.php\" data-internallinksmanager029f6b8e52c=\"6\" title=\"Datentarife vergleichen\">Datentarife<\/a>. Alle Angebote finden Sie hier in unserem <a href=\"https:\/\/www.lte-anbieter.info\/prepaid\/anbieter\/tchibo.php\" rel=\"noopener\" target=\"_blank\">Tchibo-Spezial<\/a> oder <a href=\"https:\/\/www.lte-anbieter.info\/details\/tchibo\" rel=\"nofollow noopener\" target=\"_blank\">hier auf www.tchibo.de\/mobil<\/a>.<\/p>\n<h2>Muss ich das Guthaben regelm\u00e4\u00dfig aufladen?<\/h2>\n<p>Ja, wie auch bei anderen Prepaid-Anbietern, ist dies die Grundlage daf\u00fcr, dass die Karte nicht deaktiviert wird. Mehr dazu <a href=\"https:\/\/www.lte-anbieter.info\/lte-news\/prepaid-guthaben-gueltigkeit-uebersicht\">hier<\/a>.<\/p>\n<h2>Tarifvergleich: alle anderen Angebote im O2-Netz mit Tchibo im Vergleich<\/h2>\n<p>F\u00fcr Sie sind bei dem Kaffeer\u00f6ster doch nicht die richtigen Angebote oder Tarife dabei? Kein Problem! Denn der \u00fcberwiegende Teil der Tarife am deutschen Markt basieren auf dem O2-Netz. Gro\u00dfe Auswahl und kleine Preise also!<\/p>\n<p>&nbsp;<\/p>\n<p><script type=\"text\/javascript\" src=\"https:\/\/www.tariffuxx.de\/tools\/view\/twl-mobile?tool_id=375\" id=\"twl-mobile-375\"><\/script><br \/>\n<noscript>Bitte aktivieren Sie JavaScript, um den Tchibo-Vergleich zu nutzen.<\/noscript><\/p>\n<p>&nbsp;<\/p>\n<h2>Kontaktm\u00f6glichkeiten<\/h2>\n<p>Die Nummern f\u00fcr den Service und andere Kontaktdaten unterscheiden sich beim Mobilfunkangebot vom regul\u00e4ren Shop-Vertrieb. Wir haben daher die wichtigsten <a href=\"https:\/\/www.lte-anbieter.info\/lte-news\/tchibo-mobil-kundenservice\">Kontaktm\u00f6glichkeiten f\u00fcr den Tchibo-Mobil Kundendienst f\u00fcr Sie hier zusammengestellt<\/a>.<\/p>\n<p>&nbsp;<\/p>\n<div style='text-align:center' class='yasr-auto-insert-visitor'><\/div>","protected":false},"excerpt":{"rendered":"<p>&nbsp; Bei Tchibo handelt es sich bekanntlich nicht nur rein um einen Kaffeer\u00f6ster. Die Kette z\u00e4hlt zu den gr\u00f6\u00dften Konsumg\u00fcterunternehmen Deutschlands. Neben allerlei Alltags-Accessoires, vertreibt Tchibo zudem seit \u00fcber 20 Jahren erfolgreich g\u00fcnstige Mobilfunk-Tarife. Doch welches Netz kommt hier zum Einsatz? Gibt es auch LTE bzw. 5G und wie ist die Funkabdeckung bei Tchibo? Dies [&hellip;]<\/p>\n","protected":false},"author":1,"featured_media":0,"parent":0,"menu_order":0,"comment_status":"closed","ping_status":"closed","template":"","meta":{"yasr_overall_rating":0,"yasr_post_is_review":"yes","yasr_auto_insert_disabled":"","yasr_review_type":"CreativeWorkSeries","iawp_total_views":9079,"footnotes":""},"class_list":["post-30764","page","type-page","status-publish","hentry"],"yasr_visitor_votes":{"stars_attributes":{"read_only":false,"span_bottom":false},"number_of_votes":19,"sum_votes":53},"jetpack_shortlink":"https:\/\/wp.me\/POOxv-80c","_links":{"self":[{"href":"https:\/\/www.lte-anbieter.info\/lte-news\/wp-json\/wp\/v2\/pages\/30764","targetHints":{"allow":["GET"]}}],"collection":[{"href":"https:\/\/www.lte-anbieter.info\/lte-news\/wp-json\/wp\/v2\/pages"}],"about":[{"href":"https:\/\/www.lte-anbieter.info\/lte-news\/wp-json\/wp\/v2\/types\/page"}],"author":[{"embeddable":true,"href":"https:\/\/www.lte-anbieter.info\/lte-news\/wp-json\/wp\/v2\/users\/1"}],"replies":[{"embeddable":true,"href":"https:\/\/www.lte-anbieter.info\/lte-news\/wp-json\/wp\/v2\/comments?post=30764"}],"version-history":[{"count":5,"href":"https:\/\/www.lte-anbieter.info\/lte-news\/wp-json\/wp\/v2\/pages\/30764\/revisions"}],"predecessor-version":[{"id":44302,"href":"https:\/\/www.lte-anbieter.info\/lte-news\/wp-json\/wp\/v2\/pages\/30764\/revisions\/44302"}],"wp:attachment":[{"href":"https:\/\/www.lte-anbieter.info\/lte-news\/wp-json\/wp\/v2\/media?parent=30764"}],"curies":[{"name":"wp","href":"https:\/\/api.w.org\/{rel}","templated":true}]}}