{"id":30781,"date":"2026-02-06T08:27:01","date_gmt":"2026-02-06T07:27:01","guid":{"rendered":"https:\/\/www.lte-anbieter.info\/lte-news\/?page_id=30781"},"modified":"2026-02-07T10:18:01","modified_gmt":"2026-02-07T09:18:01","slug":"welches-netz-hat-otelo","status":"publish","type":"page","link":"https:\/\/www.lte-anbieter.info\/lte-news\/welches-netz-hat-otelo","title":{"rendered":"Welches Netz hat Otelo?"},"content":{"rendered":"<h4>Und habe ich schon 4G bzw. 5G bei den Otelo-Tarifen?<\/h4>\n<p>&nbsp;<\/p>\n<p>Bei \u201e<a href=\"https:\/\/www.lte-anbieter.info\/lte-provider\/otelo\/otelo-lte.php\" data-internallinksmanager029f6b8e52c=\"35\" title=\"Otelo Tarife zeigen\">Otelo<\/a>\u201c, handelt es sich um eine Discount-Marke von <a href=\"https:\/\/www.lte-anbieter.info\/lte-provider\/vodafone\/vodafone-lte.php\" data-internallinksmanager029f6b8e52c=\"33\" title=\"Vodafone LTE- und 5G-Tarife zeigen\">Vodafone<\/a>. \u00c4hnlich also wie <a href=\"https:\/\/www.lte-anbieter.info\/lte-provider\/congstar\/congstar-lte.php\" data-internallinksmanager029f6b8e52c=\"37\" title=\"Congstar Tarife zeigen\">congstar<\/a> \u2013 eine Tochter der Deutschen Telekom. Otelo bietet recht preiswerte Mobilfunktarife. Doch in welchem Netz telefoniert und surft man hier eigentlich? Und gibt es bei Otelo LTE und <a href=\"https:\/\/www.lte-anbieter.info\/5g\/\" data-internallinksmanager029f6b8e52c=\"73\" title=\"alles zum LTE-Nachfolger 5G\">5G<\/a>? Diese und weitere Antworten gibt dieser kleine Ratgeber.<!--more--><\/p>\n<h2>Otelos Mobilfunknetz 2026<\/h2>\n<div class=\"pic_r\"><img decoding=\"async\" src=\"https:\/\/www.lte-anbieter.info\/lte-news\/wp-content\/uploads\/2020\/01\/otelo_logo.png\" alt=\"Otelo\" width=\"180\" fetchpriority=\"high\"><\/div>\n<p>Wie schon angedeutet, handelt es sich bei <strong>Otelo<\/strong> (<a href=\"https:\/\/www.lte-anbieter.info\/details\/otelo\" rel=\"nofollow noopener\" target=\"_blank\">www.otelo.de<\/a>) lediglich um eine Vertriebsmarke die zu Vodafone geh\u00f6rt. Daher kommt auch deren Netz zum Einsatz. Wer eines der Tarife bucht, greift also auf das <u>D2-Vodafone-Netz<\/u> zur\u00fcck.<\/p>\n<h2>Gibt es LTE\/4G bei Otelo?<\/h2>\n<p>Bis Mitte 2019 lautete die Antwort hier eindeutig nein. Vodafone versuchte jahrelang LTE\/4G nur f\u00fcr seine Vertrags- und Prepaidkunden vorzuhalten. Doch ewig konnte man sich nat\u00fcrlich dem Trend nicht entziehen. So ist seit <a href=\"https:\/\/www.lte-anbieter.info\/lte-news\/otelo-optional-jetzt-mit-lte\">Mai 2019<\/a> LTE bei den Allnet-Flat sowie Daten-Vertragstarifen inklusive. Die Prepaid-Tarife folgten erst Anfang 2020. Jetzt, 2026, sind nat\u00fcrlich alle Tarife mit 4G!<\/p>\n<h2>Habe ich 5G bei Otelo?<\/h2>\n<p>Im September 2023 f\u00fchrte der Anbieter das moderne 5G ein. Inklusive ist der Datenturbo in allen Postpaid-Tarifen.<\/p>\n<h2>Wie schnell sind die Handy-Tarife bei Otelo?<\/h2>\n<p>Die Daten\u00fcbertragungsrate bei den Otelo-Tarifen mit LTE oder 5G liegt von Haus aus bei 50 MBit\/s. Bei Bedarf kann die Geschwindigkeit gegen Aufpreis in H\u00f6he von 5 \u20ac monatlich auf 100 MBit\/s verdoppelt werden. Wer dagegen mehr Geschwindigkeit m\u00f6chte, ist auf die <a href=\"https:\/\/www.lte-anbieter.info\/prepaid\/anbieter\/callya-vodafone.php\">Callya<\/a>&#8211; oder <a href=\"https:\/\/www.lte-anbieter.info\/lte-provider\/vodafone\/vodafone-lte.php#smartphone\">Gigamobil-Tarife<\/a> direkt von Vodafone angewiesen. Hier gibt\u2019s \u00fcber 4G bis 300 MBit\/s. Doch nicht nur das, denn die Gigamobil-Pakete bieten von Haus aus schon das noch schnellere <a href=\"https:\/\/www.lte-anbieter.info\/5g\/\">5G<\/a> ohne Aufpreis. Sogar bei <a href=\"https:\/\/www.lte-anbieter.info\/prepaid\/anbieter\/callya-vodafone.php\" data-internallinksmanager029f6b8e52c=\"52\" title=\"Callya Prepaid Tarife von Vodafone im Vergleich\">Callya<\/a> ist 5G bereits inklusive!<\/p>\n<p>&nbsp;<\/p>\n<div class=\"highlight2\">Otelo bestellen: Hier <a href=\"https:\/\/www.lte-anbieter.info\/details\/otelo\" rel=\"nofollow noopener\" target=\"_blank\">auf www.otelo.de<\/a> findest du alle aktuellen Angebote samt den Onlinerabatten<\/div>\n<h2>Wie ist die Sprach- und Netzqualit\u00e4t?<\/h2>\n<div class=\"pic_r\"><img decoding=\"async\" src=\"https:\/\/www.lte-anbieter.info\/lte-news\/wp-content\/uploads\/2023\/01\/otelo-netz.webp\" alt=\"Otelo Netzqualit\u00e4t Bewertung\" title=\"Bewertung des Otelo-Netzes von unserer Redaktion\" width=\"220\" loading=\"lazy\"><\/div>\n<p>Allgemein schnitt das Netz von Vodafone in <a href=\"https:\/\/www.lte-anbieter.info\/lte-news\/index.php?s=netztest\">unabh\u00e4ngigen Netztests<\/a> der letzten Jahre immer sehr gut ab und in etwa auf dem Niveau der Deutschen Telekom. <a href=\"https:\/\/www.lte-anbieter.info\/volte\/\">Voice over LTE<\/a> f\u00fcr bessere Sprachqualit\u00e4t steht allen Nutzern zur Verf\u00fcgung. Lediglich <a href=\"https:\/\/www.lte-anbieter.info\/technik\/wlan\/wifi-calling.php\">WLAN-Call<\/a> und <a href=\"https:\/\/www.lte-anbieter.info\/ratgeber\/e-sim.php\">eSIM<\/a> werden noch nicht angeboten.<\/p>\n<h2>Wie gut ist die Netzabdeckung?<\/h2>\n<p>Die 4G-Abdeckung kann im Vodafone-Netz mittlerweile als sehr gut beschrieben werden und erreicht 99 Prozent, bei 5G sind es um die 93 Prozent. Der \u00e4ltere Funkstandard <a href=\"https:\/\/www.lte-anbieter.info\/3g\/\" data-internallinksmanager029f6b8e52c=\"74\" title=\"alles \u00fcber 3G und dessen Abschaltung erfahren\">3G<\/a> wurde, wie schon erw\u00e4hnt, im Sommer 2021 komplett <a href=\"https:\/\/www.lte-anbieter.info\/3g\/\">abgeschaltet<\/a>. Nur 2G bleibt also noch als Fallback-Alternative, falls einmal 4G nicht verf\u00fcgbar sein sollte oder gar das Handy noch kein LTE unterst\u00fctzt. Wer sich genau \u00fcber die <a href=\"https:\/\/www.lte-anbieter.info\/details\/Vodafonemap\" rel=\"nofollow noopener\" target=\"_blank\">Netzabdeckung von Vodafone<\/a> vor Ort informieren will, findet hier eine Ausbaukarte des Anbieters.<\/p>\n<h2>Haben die Otelo-Tarife eine Datenautomatik?<\/h2>\n<p>Nein, es wird kein extra Datenvolumen ungefragt eingebucht. Wer doch einmal mehr ben\u00f6tigt, kann z.B. 1 GB f\u00fcr 5 \u20ac nachordern.<\/p>\n<h2>Tarifvergleich: alle anderen Angebote im Vodafone-Netz mit Otelo im Vergleich<\/h2>\n<p>Der folgende Vergleich zeigt sonstige Tarife in Vodafones Mobilnetz, egal ob Prepaid oder mit Vertrag.<\/p>\n<p>&nbsp;<\/p>\n<p><script type=\"text\/javascript\" src=\"https:\/\/www.tariffuxx.de\/tools\/view\/twl-mobile?tool_id=376\" id=\"twl-mobile-376\"><\/script><br \/>\n<noscript>Bitte aktivieren Sie JavaScript, um den Tarifvergleich zu nutzen.<\/noscript><\/p>\n<p>&nbsp;<\/p>\n<div style='text-align:center' class='yasr-auto-insert-visitor'><\/div>","protected":false},"excerpt":{"rendered":"<p>Und habe ich schon 4G bzw. 5G bei den Otelo-Tarifen? &nbsp; Bei \u201eOtelo\u201c, handelt es sich um eine Discount-Marke von Vodafone. \u00c4hnlich also wie congstar \u2013 eine Tochter der Deutschen Telekom. Otelo bietet recht preiswerte Mobilfunktarife. Doch in welchem Netz telefoniert und surft man hier eigentlich? Und gibt es bei Otelo LTE und 5G? Diese [&hellip;]<\/p>\n","protected":false},"author":1,"featured_media":0,"parent":0,"menu_order":0,"comment_status":"closed","ping_status":"closed","template":"","meta":{"yasr_overall_rating":0,"yasr_post_is_review":"yes","yasr_auto_insert_disabled":"","yasr_review_type":"CreativeWorkSeries","iawp_total_views":3171,"footnotes":""},"class_list":["post-30781","page","type-page","status-publish","hentry"],"yasr_visitor_votes":{"stars_attributes":{"read_only":false,"span_bottom":false},"number_of_votes":8,"sum_votes":28},"jetpack_shortlink":"https:\/\/wp.me\/POOxv-80t","_links":{"self":[{"href":"https:\/\/www.lte-anbieter.info\/lte-news\/wp-json\/wp\/v2\/pages\/30781","targetHints":{"allow":["GET"]}}],"collection":[{"href":"https:\/\/www.lte-anbieter.info\/lte-news\/wp-json\/wp\/v2\/pages"}],"about":[{"href":"https:\/\/www.lte-anbieter.info\/lte-news\/wp-json\/wp\/v2\/types\/page"}],"author":[{"embeddable":true,"href":"https:\/\/www.lte-anbieter.info\/lte-news\/wp-json\/wp\/v2\/users\/1"}],"replies":[{"embeddable":true,"href":"https:\/\/www.lte-anbieter.info\/lte-news\/wp-json\/wp\/v2\/comments?post=30781"}],"version-history":[{"count":5,"href":"https:\/\/www.lte-anbieter.info\/lte-news\/wp-json\/wp\/v2\/pages\/30781\/revisions"}],"predecessor-version":[{"id":44299,"href":"https:\/\/www.lte-anbieter.info\/lte-news\/wp-json\/wp\/v2\/pages\/30781\/revisions\/44299"}],"wp:attachment":[{"href":"https:\/\/www.lte-anbieter.info\/lte-news\/wp-json\/wp\/v2\/media?parent=30781"}],"curies":[{"name":"wp","href":"https:\/\/api.w.org\/{rel}","templated":true}]}}