{"id":30812,"date":"2025-10-23T10:28:09","date_gmt":"2025-10-23T08:28:09","guid":{"rendered":"https:\/\/www.lte-anbieter.info\/lte-news\/?page_id=30812"},"modified":"2025-10-24T15:45:42","modified_gmt":"2025-10-24T13:45:42","slug":"welches-netz-hat-nettokom","status":"publish","type":"page","link":"https:\/\/www.lte-anbieter.info\/lte-news\/welches-netz-hat-nettokom","title":{"rendered":"Welches Netz hat NettoKOM?"},"content":{"rendered":"<p>&nbsp;<\/p>\n<p>Neben Lidl und Aldi z\u00e4hlt Netto zu den bekannten, gr\u00f6\u00dferen Lebensmitteldiscountern Deutschlands. Neben dem \u00fcblichen Sortiment f\u00fchrt das Unternehmen auch Prepaid-Tarife f\u00fcrs Handy. Doch in welchem Netz funken diese \u00fcberhaupt? Gibt\u2019s bei den Angeboten auch das schnelle 4G oder <a href=\"https:\/\/www.lte-anbieter.info\/5g\/\" data-internallinksmanager029f6b8e52c=\"73\" title=\"alles zum LTE-Nachfolger 5G\">5G<\/a> und was kostet das? Diese und mehr erfahren Sie hier in diesem kleinen Ratgeber.<!--more--><\/p>\n<h2>Das Netz von Netto KOM<\/h2>\n<div class=\"pic_r\"><img decoding=\"async\" src=\"https:\/\/www.lte-anbieter.info\/lte-news\/wp-content\/uploads\/2023\/08\/nettokom.webp\" alt=\"NettoKOM\" width=\"180\" fetchpriority=\"high\"><\/div>\n<p>Nat\u00fcrlich betreibt der Lebensmittelh\u00e4ndler selbst keine Mobilfunkinfrastruktur. Vielmehr kooperiert Netto mit einem der drei gro\u00dfen Mobilfunknetzbetreibern. In diesem Fall Telef\u00f3nica Germany. NettoKom Kunden surfen und telefonieren daher im <a href=\"https:\/\/www.lte-anbieter.info\/lte-provider\/o2\/o2-lte.php\" data-internallinksmanager029f6b8e52c=\"34\" title=\"O2 LTE- und 5G-Tarife zeigen\">O2<\/a>-Netz (E-Netz). <\/p>\n<h2>Wie ist die Qualit\u00e4t und Netzabdeckung?<\/h2>\n<p>Obwohl O2 beim Netzausbau in den vergangenen Jahren deutliche Fortschritte erzielen konnte, besonders bei LTE, kommt das Unternehmen noch nicht ganz an das Niveau von <a href=\"https:\/\/www.lte-anbieter.info\/lte-provider\/vodafone\/vodafone-lte.php\" data-internallinksmanager029f6b8e52c=\"33\" title=\"Vodafone LTE- und 5G-Tarife zeigen\">Vodafone<\/a> oder der Deutschen Telekom heran. Auch Netztests best\u00e4tigen dies <a href=\"https:\/\/www.lte-anbieter.info\/lte-news\/index.php?s=netztest\">regelm\u00e4\u00dfig<\/a>. Allerdings ist der Abstand nur noch marginal. Zudem sind die Angebote im O2-Netz daf\u00fcr meist sehr preiswert und O2 \u00f6ffnet Dienste wie <a href=\"https:\/\/www.lte-anbieter.info\/volte\/\">VoLTE<\/a> oder <a href=\"https:\/\/www.lte-anbieter.info\/technik\/wlan\/wifi-calling.php\">Wificalling<\/a> f\u00fcr s\u00e4mtliche Nutzer, also sogar f\u00fcr Prepaid-Tarife. Beide verbessern die Abdeckung und Sprachqualit\u00e4t beim Telefonieren, sofern vom Smartphone unterst\u00fctzt. <\/p>\n<h2>Gibt es LTE bzw. 5G bei Netto?<\/h2>\n<div class=\"pic_r\"><img decoding=\"async\" src=\"https:\/\/www.lte-anbieter.info\/lte-news\/wp-content\/uploads\/2019\/08\/netto-netz.jpg\" alt=\"NettoKOM Bewertung Netz\" width=\"250\" loading=\"lazy\"><\/div>\n<p>Definitiv ja! Da ja O2 als Netzpartner auftritt, k\u00f6nnen alle Nutzer auch den schnellen 4G\/LTE-Standard nutzen. Im August 2023 kam \u00fcberraschend sogar noch 5G hinzu. Sie surfen also auch im Netz der neusten Generation, sofern das Smartphone schon dazu f\u00e4hig ist.<\/p>\n<p>&nbsp;<\/p>\n<p>Allerdings ist die maximale Datenrate sowohl bei LTE als auch 5G auf 100 MBit\/s begrenzt. \u00dcbrigens auch bei vielen anderen Drittanbietern die O2 als Partner haben, wie <a href=\"https:\/\/www.lte-anbieter.info\/prepaid\/anbieter\/blau.php\">Blau<\/a> oder <a href=\"https:\/\/www.lte-anbieter.info\/prepaid\/anbieter\/aldi-talk.php\">Aldi-Talk<\/a> (hier max. 150 MBit). Wer etwas Schnelleres sucht, ist direkt bei Vodafone, <a href=\"https:\/\/www.lte-anbieter.info\/lte-provider\/telekom\/telekom-lte.php\" data-internallinksmanager029f6b8e52c=\"32\" title=\"LTE- und 5G-Tarife der Deutschen Telekom zeigen\">Dt. Telekom<\/a> oder O2 besser aufgeboben. Denn dort gibt es immer LTE- bzw. 5G-Max, also die bestm\u00f6gliche Datenrate. Daher 500 MBit bei Vodafone, 300 MBit f\u00fcr Telekomkunden und 300 MBit bei O2. Ein Blick auf <a href=\"https:\/\/www.lte-anbieter.info\/tarife\/smartphone-tarifvergleich.php\">unseren Preisvergleich zeigt<\/a>, was das monatlich kostet.<\/p>\n<h2>NettoKOM Angebote<\/h2>\n<p>Neben dem Basistarif ohne monatliche Kosten, bietet der Discounter noch drei interessante Allnetflats samt 5G-Flat ab 8.99 \u20ac im Monat. Mehr Details zu den Angeboten finden Sie hier in unserem <a href=\"https:\/\/www.lte-anbieter.info\/prepaid\/anbieter\/nettokom.php\">Nettokom-Spezial<\/a>.<\/p>\n<h2>Was ist mit eSIM<\/h2>\n<p><a href=\"https:\/\/www.lte-anbieter.info\/ratgeber\/e-sim.php\">Elektronische SIM-Karten<\/a> k\u00f6nnen bei Nettokom aktuell noch nicht bestellt werden.<\/p>\n<h2>Alle Anbieter &#038; Tarife im O2-Netz im Preisvergleich<\/h2>\n<p>Wie schon angedeutet, gibt es dutzende andere Anbieter in Deutschland, welche auf O2 als Netzpartner zugreifen. Entsprechend gro\u00df f\u00e4llt auch die Auswahl aus. Folgend haben wir f\u00fcr Sie alle Alternativen aufgelistet, die ggf. in Frage kommen k\u00f6nnten. Sie finden stets den g\u00fcnstigsten Preis.<\/p>\n<p>&nbsp;<\/p>\n<p><script type=\"text\/javascript\" src=\"https:\/\/www.tariffuxx.de\/tools\/view\/twl-mobile?tool_id=375\" id=\"twl-mobile-375\"><\/script><br \/>\n<noscript>Bitte aktivieren Sie JavaScript, um den Tarifvergleich zu nutzen.<\/noscript><\/p>\n<p>&nbsp;<\/p>\n<div style='text-align:center' class='yasr-auto-insert-visitor'><\/div>","protected":false},"excerpt":{"rendered":"<p>&nbsp; Neben Lidl und Aldi z\u00e4hlt Netto zu den bekannten, gr\u00f6\u00dferen Lebensmitteldiscountern Deutschlands. Neben dem \u00fcblichen Sortiment f\u00fchrt das Unternehmen auch Prepaid-Tarife f\u00fcrs Handy. Doch in welchem Netz funken diese \u00fcberhaupt? Gibt\u2019s bei den Angeboten auch das schnelle 4G oder 5G und was kostet das? Diese und mehr erfahren Sie hier in diesem kleinen Ratgeber.<\/p>\n","protected":false},"author":1,"featured_media":0,"parent":0,"menu_order":0,"comment_status":"closed","ping_status":"closed","template":"","meta":{"yasr_overall_rating":0,"yasr_post_is_review":"","yasr_auto_insert_disabled":"","yasr_review_type":"","iawp_total_views":2276,"footnotes":""},"class_list":["post-30812","page","type-page","status-publish","hentry"],"yasr_visitor_votes":{"stars_attributes":{"read_only":false,"span_bottom":false},"number_of_votes":5,"sum_votes":19},"jetpack_shortlink":"https:\/\/wp.me\/POOxv-80Y","_links":{"self":[{"href":"https:\/\/www.lte-anbieter.info\/lte-news\/wp-json\/wp\/v2\/pages\/30812","targetHints":{"allow":["GET"]}}],"collection":[{"href":"https:\/\/www.lte-anbieter.info\/lte-news\/wp-json\/wp\/v2\/pages"}],"about":[{"href":"https:\/\/www.lte-anbieter.info\/lte-news\/wp-json\/wp\/v2\/types\/page"}],"author":[{"embeddable":true,"href":"https:\/\/www.lte-anbieter.info\/lte-news\/wp-json\/wp\/v2\/users\/1"}],"replies":[{"embeddable":true,"href":"https:\/\/www.lte-anbieter.info\/lte-news\/wp-json\/wp\/v2\/comments?post=30812"}],"version-history":[{"count":5,"href":"https:\/\/www.lte-anbieter.info\/lte-news\/wp-json\/wp\/v2\/pages\/30812\/revisions"}],"predecessor-version":[{"id":44030,"href":"https:\/\/www.lte-anbieter.info\/lte-news\/wp-json\/wp\/v2\/pages\/30812\/revisions\/44030"}],"wp:attachment":[{"href":"https:\/\/www.lte-anbieter.info\/lte-news\/wp-json\/wp\/v2\/media?parent=30812"}],"curies":[{"name":"wp","href":"https:\/\/api.w.org\/{rel}","templated":true}]}}