{"id":30946,"date":"2025-10-22T12:25:40","date_gmt":"2025-10-22T10:25:40","guid":{"rendered":"https:\/\/www.lte-anbieter.info\/lte-news\/?page_id=30946"},"modified":"2025-10-24T10:33:35","modified_gmt":"2025-10-24T08:33:35","slug":"aldi-talk-ploetzlich-kein-guthaben-mehr","status":"publish","type":"page","link":"https:\/\/www.lte-anbieter.info\/lte-news\/aldi-talk-ploetzlich-kein-guthaben-mehr","title":{"rendered":"Aldi Talk: Pl\u00f6tzlich ist Guthaben weg | Gr\u00fcnde &#038; L\u00f6sungen"},"content":{"rendered":"<p>&nbsp;<\/p>\n<p>Nicht nur in unseren Kommentarspalten und <a href=\"https:\/\/www.lte-anbieter.info\/lte-forum\/\">Forum<\/a> finden sich zuhauf Beschwerden von aufgebrachten <a href=\"https:\/\/www.lte-anbieter.info\/prepaid\/anbieter\/aldi-talk.php\" data-internallinksmanager029f6b8e52c=\"53\" title=\"Aldi-Talk Tarife und Testbericht\">Aldi-Talk<\/a> Kunden. Der Grund ist fast immer der gleiche: Kurz nach dem Aufladen ist der Betrag schon wieder weg, obwohl angeblich nichts gemacht wurde. Wir zeigen, worin die L\u00f6sung besteht und wie Sie nie mehr in die \u201eGuthaben-Falle\u201c bei Aldi tappen.<!--more--><\/p>\n<div class=\"pic_r_cl\"><img decoding=\"async\" src=\"https:\/\/www.lte-anbieter.info\/lte-news\/wp-content\/uploads\/2024\/10\/guthaben-weg-aldi.webp\" alt=\"Nicht genug Prepaidguthaben mehr bei Aldi\" title=\"Ratgeber: Was wenn Guthaben bei Aldi auf einmal weg?\"><\/p>\n<p>Nicht mehr genug Prepaid-Guthaben drauf ohne was gemacht?<\/p>\n<\/div>\n<h2>\u201eDas Guthaben ist pl\u00f6tzlich leer\u201c<\/h2>\n<p>So oder \u00e4hnlich lauten meist die verzweifelten Hilferufe vieler <a href=\"https:\/\/www.lte-anbieter.info\/prepaid\/anbieter\/aldi-talk.php\">Aldi-Talk<\/a> Nutzer. Der Prepaid-Anbieter erfreut sich wegen der g\u00fcnstigen Preise gr\u00f6\u00dfter Beliebtheit und z\u00e4hlt zu den meistgenutzten Providern. Doch wie kann es dann sein, dass so viele ein Problem mit dem Angebot haben? Die Beschwerden gleichen sich meist in dem Punkt, dass Geld aufgeladen wurde und kurz danach ist ein Gro\u00dfteil oder alles schon wieder weg. Manch einer unterstellt dann sogar eine betr\u00fcgerische Absicht. Doch die Ursache ist simpel wie perfide f\u00fcr unbedachte Kunden&#8230;<\/p>\n<h2>Ursachen und L\u00f6sungen<\/h2>\n<p>Hintergrund f\u00fcr den vermeintlichen &#8222;Guthaben-Klau&#8220; ist folgendes: Wie bei allen Prepaid-Anbietern, gibt es auch bei Aldi-Talk das sogenannte Basis-Paket. Also der Grundtarif wenn man so will, wo monatlich keine Kosten anfallen, es sei denn man telefoniert. In diesem landet man als Neukunden zun\u00e4chst. Im Basis-Tarif werden 9 Cent pro Minute und SMS abgezogen. Optional lassen sich diverse Flat-Pakete und Internet-Optionen buchen.<\/p>\n<h2>Es nun gibt vier Gr\u00fcnde bzw. M\u00f6glichkeiten, die Ihr Guthaben pl\u00f6tzlich leeren:<\/h2>\n<p><strong><u>Ursache 1<\/u><\/strong>: Sind Sie im Basis-Tarif und aktivieren die mobile Datenverbindung am Smartphone (wenn nicht sogar regul\u00e4r aktiv). Dadurch liegt dann eine aktive Interverbindung vor &#8211; auch wenn Sie nicht surfen, etwas runterladen, Whatsapp nutzen oder was auch immer, findet Datenverkehr statt!<\/p>\n<p>&nbsp;<\/p>\n<p>Das Problem: <u>Pro Megabyte (MB) fallen dann im Basispaket satte 24 Cent an<\/u>! In K\u00fcrzester Zeit k\u00f6nnen so ohne weiteres 10 \u20ac frisch aufgeladenes Guthaben aufgezehrt sein. Noch schneller geht es, wenn man die Datenverbindung normal nutzt, also z.B. durch Surfen oder Whatsapp. Pro Bild sind dann schon mal gut 1-2 \u20ac Guthaben weg, pro aufgerufener Internetseite ebenfalls!<\/p>\n<div class=\"pic_r_cl\"><img decoding=\"async\" src=\"https:\/\/www.lte-anbieter.info\/lte-news\/wp-content\/uploads\/2024\/10\/keine-tarifoption.webp\" alt=\"Aldi-Talk: keine Tarifoption gebucht\" title=\"Achtung: Keine Tarifoption bei Aldi-Talk gebucht\"><\/div>\n<p>&nbsp;<\/p>\n<p>&nbsp;<\/p>\n<p><u>L\u00f6sung:<\/u> Aktivieren Sie im Basispaket <strong>NIE<\/strong> die mobile Internetverbindung bzw. schalten diese aus. Das g\u00fcnstigste Komplettpaket (\u201eS\u201c) bietet bereits \u00fcppige 25 GB monatlich samt Telefonflat <a href=\"https:\/\/www.lte-anbieter.info\/details\/AldiTalk\" target=\"_blank\" rel=\"nofollow\">f\u00fcr nur 8.99 \u20ac \u00e1 4 Wochen<\/a>. F\u00fcr Wenigsurfer g\u00e4be es noch eine reine Internet-Flatrate (S) mit 1 GB f\u00fcr 2.99 Euro. Noch g\u00fcnstiger ist die Tagesflat &#8222;Surf-Ticket S&#8220; f\u00fcr 1.99 \u20ac mit 1 GB pro 24 Stunden. Alle Pakete sind z.B. \u00fcber die Aldi Mobil App m\u00f6glich (siehe unten).<\/p>\n<div class=\"pic_r_cl\"><img decoding=\"async\" src=\"https:\/\/www.lte-anbieter.info\/lte-news\/wp-content\/uploads\/2024\/10\/aldi-paket-buchen.webp\" alt=\"Tarifpaket bei Aldi-Talk buchen\" loading=\"lazy\"><\/p>\n<p>Aldi Talk Paket buchen zum Telefonieren + surfen zum Festpreis<\/p>\n<\/div>\n<p>&nbsp;<\/p>\n<p><strong><u>Ursache 2:<\/u><\/strong> Sie haben eine Tarifoption gebucht und das Guthaben ist dennoch schnell geschrumpft oder war weg? Das k\u00f6nnte daran liegen, dass es eine Weile dauern kann, bis die Option auch bei Aldi registriert wurde. Daher folgende, einfache <u>L\u00f6sung<\/u>: Warten Sie nach der Buchung (z.B. von Paket M) bis Sie eine Best\u00e4tigungs-SMS erhalten. <u>Erst dann<\/u> die Internetverbindung aktivieren oder telefonieren! Gleiches gilt \u00fcbrigens f\u00fcr das Aufladen von Guthaben. Bis der neue Stand in der App oder im Kundenmen\u00fc (Browser) angezeigt wird, kann es einige Minuten dauern.<\/p>\n<p>&nbsp;<\/p>\n<p><script async src=\"https:\/\/pagead2.googlesyndication.com\/pagead\/js\/adsbygoogle.js\"><\/script><br \/>\n<!-- AldiGuthabenweg --><br \/>\n<ins class=\"adsbygoogle\"\n     style=\"display:block\"\n     data-ad-client=\"ca-pub-2912090649858721\"\n     data-ad-slot=\"8069294921\"\n     data-ad-format=\"auto\"\n     data-full-width-responsive=\"true\"><\/ins><br \/>\n<script>\n     (adsbygoogle = window.adsbygoogle || []).push({});\n<\/script><\/p>\n<p>&nbsp;<\/p>\n<p><strong><u>Ursache 3:<\/u><\/strong> Sie hatten immer eine Tarifoption gebucht \u2013 nach dem Aufladen des Guthabens war aber dennoch viel oder alles Guthaben bald wieder aufgebraucht? <u>L\u00f6sung:<\/u> Das liegt leider daran, <u>dass man nachdem das Guthaben aufgebraucht wurde bzw. dieses nicht f\u00fcr den sonst gebuchten Tarif reicht, zun\u00e4chst wieder in den Basis-Tarif f\u00e4llt<\/u>. \u00dcbersieht man den Hinweis, tappt man genauso in die 24 Cent Falle f\u00fcrs Internet. Buchen Sie also in dem Fall einfach die alte Option wieder.<\/p>\n<p>&nbsp;<\/p>\n<p>Ursache 4:<\/u><\/strong> Kommt weniger h\u00e4ufig vor, ist aber m\u00f6glich! Im Hintergrund laufen ein oder mehrere Abos, also Drittanbieter die f\u00fcr bestimmte Dienste Geld abbuchen. Fr\u00fcher waren das die ber\u00fchmten Klingelt\u00f6ne, heute kann das alles M\u00f6gliche sein. Abhilfe schafft am einfachsten die Konfiguration der <a href=\"https:\/\/www.verbraucherzentrale.de\/wissen\/digitale-welt\/mobilfunk-und-festnetz\/drittanbietersperre-schutz-vor-ungewollten-abos-12613\" rel=\"nofollow noopener\" target=\"_blank\">Drittanbietersperre<\/a> bei Aldi. Zu finden im Kundenmen\u00fc unter &#8222;Konto&#8220; -> &#8222;Account: Drittanbieterdienste&#8220;. Alternativ geht das nat\u00fcrlich auch \u00fcber die <a href=\"https:\/\/www.lte-anbieter.info\/lte-news\/aldi-talk-hotline-rufnummern\">Aldi-Hotline<\/a>.<\/p>\n<p>&nbsp;<\/p>\n<div class=\"pic_r_cl\"><img decoding=\"async\" src=\"https:\/\/www.lte-anbieter.info\/lte-news\/wp-content\/uploads\/2024\/10\/drittanbieter-aldi.webp\" alt=\"Drittanbietersperre bei Aldi einrichten\" title=\"Drittanbietersperre bei Aldi einrichten\" class=\"fullwidth\" loading=\"lazy\"><\/p>\n<p>Drittanbieter als Kostenfalle sperren | Bild: Screenshot Aldi-Talk Men\u00fc<\/p>\n<\/div>\n<h2>App hilft \u00dcbersicht zu behalten<\/h2>\n<p>Damit Sie immer wissen, welcher Tarif\/Tarifoption gerade gebucht ist, wie hoch das Guthaben ist und vieles mehr, empfehlen wir die Installation der Aldi-Talk App. Mit der haben Sie Tarife, Kosten und Verbrauch immer im Blick und k\u00f6nnen bequem Optionen zu bzw. wieder wegbuchen. Die App gibt\u2019s <a href=\"https:\/\/play.google.com\/store\/apps\/details?id=de.eplus.mappecc.client.android.alditalk&#038;hl=de\" rel=\"nofollow noopener\" target=\"_blank\">f\u00fcr Android<\/a> oder <a href=\"https:\/\/apps.apple.com\/de\/app\/aldi-talk\/id423979998\" rel=\"nofollow noopener\" target=\"_blank\">iOS<\/a>.<\/p>\n<div class=\"pic_r_cl\"><img decoding=\"async\" src=\"https:\/\/www.lte-anbieter.info\/lte-news\/wp-content\/uploads\/2024\/10\/aldi-talk-app.webp\" alt=\"Aldi Talk App zur Verwaltung\" title=\"Aldi App zur Verwaltung\" class=\"fullwidth\" loading=\"lazy\"><\/p>\n<p>Screenshots aus der Aldi-Talk App<\/p>\n<\/div>\n<h2>Ihr Guthaben reduziert sich trotzt aktiver Option?<\/h2>\n<p>Dann hilft der Blick auf den Einzelverbindungsnachweis. Einfach hier bei Aldi-Talk in den pers\u00f6nlichen Bereich <a href=\"https:\/\/login.alditalk-kundenbetreuung.de\" rel=\"nofollow noopener\" target=\"_blank\">einloggen<\/a> und die Verbindungen der letzten Monate auflisten lassen. Zu finden in &#8222;Konto&#8220; -> &#8222;Daten: Konto\u00fcbersicht&#8220; -> &#8222;Einzelverbindungsnachweis&#8220;. Wurden Auslandsgespr\u00e4che gef\u00fchrt oder SMS geschrieben? Oder wof\u00fcr wurde genau Geld abgezogen. Aldi listet sogar einzelne Datenverbindungen mit dem Verbrauch in Kilobyte bzw. Megabyte auf. So finden Sie garantiert die Ursache. Falls der Einzelverbindungsnachweis allerdings nicht aktiviert wurde, m\u00fcssten sie dies zun\u00e4chst vornehmen und dann einige Tage sp\u00e4ter noch einmal vorbeischauen.<\/p>\n<p>&nbsp;<\/p>\n<p><img decoding=\"async\" src=\"https:\/\/www.lte-anbieter.info\/lte-news\/wp-content\/uploads\/2021\/12\/aldi-einzelverbindung.webp\" alt=\"Einzelverbindungsnachweise ansehen\" loading=\"lazy\"><\/p>\n<p>&nbsp;<\/p>\n<h2>Test: Wie viel Guthaben verbraucht man im Basistarif f\u00fcr&#8230;<\/h2>\n<p>Wir haben exemplarisch einmal getestet, wie schnell sich ihr eingezahltes Geld in Luft aufl\u00f6st, sofern man im Basis-Tarif ohne Internetoption mobiles Internet aktiviert:<\/p>\n<p>&nbsp;<\/p>\n<p>1) Schon 10 Minuten mit aktivierten mobilen Daten, verursachten bei uns im Test (ohne etwas zu tun) Kosten von ca. 10 Cent in 10 Minuten. Sollten sich im Hintergrund diverse Apps noch mit aktuellen Daten versorgen (z.B. News-Push Dienste), kann der Wert noch Sprunghaft steigen.<\/p>\n<p>&nbsp;<\/p>\n<p>2) Ein einiger Aufruf unserer Wetter-App (wetter.com) verursachte ein Guthabenschwund von 8 Cent. In nur 10 Sekunden die der Vorgang dauerte wohlgemerkt!<\/p>\n<p>&nbsp;<\/p>\n<p>3) Als n\u00e4chstes riefen wir testweise welt.de auf und lie\u00dfen die Startseite am Handy komplett laden (3-5 Sekunden). Daf\u00fcr wurde der Guthabenstand bei inaktiver Datenverbindung notiert. Im Anschluss Internet aktiviert, die Seite geladen und wieder deaktiviert. Daf\u00fcr schmolz unser Aldi-Guthaben um stattliche 0,93 Euro. 15 Webseiten k\u00f6nnten also bereits eine komplette Aufladung von 15 \u20ac aufzehren.<\/p>\n<p>&nbsp;<\/p>\n<p>4) Zu guter Letzt verschickten wir ein Foto per Whatsapp an einen Freund. Ergebnis: &#8211; 0,16 Euro. <\/p>\n<p>&nbsp;<\/p>\n<p>Die Beispiele sollen zeigen, dass schon kleinste Aktivit\u00e4ten zu betr\u00e4chtlichen Kosten f\u00fchren k\u00f6nnen, wenn man im Basistarif bei Aldi Internet nutzt. Buchen Sie also in jedem Fall immer ein Daten- oder Komplettpaket, falls sie nicht nur daheim WLAN nutzen, sondern auch mobile Daten aktivieren.<\/p>\n<h2>SIM-Karte pl\u00f6tzlich gesperrt?<\/h2>\n<p>Hin und wieder beschweren sich auch Aldi-Nutzer, dass ihre SIM-Karte auf einmal nicht mehr geht bzw. gesperrt wurde. Das liegt daran, dass man hin und wieder Geld aufladen muss, sonst sperrt Aldi die Karte nach sp\u00e4testens 12 Monaten. Jede neue Aufladung verl\u00e4ngert das sogenannte Aktivit\u00e4tszeitfenster. 5 \u20ac um 4 Monate, 15 \u20ac um 12 und 30 \u20ac f\u00fcr 24 Monate. Den Stand k\u00f6nnen Sie im Kundenportal im Men\u00fcpunkt \u201eSIM\u201c einsehen. Oder sie w\u00e4hlen die Tastenkombination *102# W\u00e4hltaste.<\/p>\n<h2>Keine Lust mehr und Anbieterwechsel?<\/h2>\n<p>Unser gro\u00dfer Tarifvergleich zeigt folgend die besten Angebote am Mobilfunkmarkt. Und zwar <u>sowohl Prepaid- als auch Vertragstarife<\/u>. Ber\u00fccksichtigt werden zudem alle drei Netzanbieter, also Telekom, <a href=\"https:\/\/www.lte-anbieter.info\/lte-provider\/o2\/o2-lte.php\" data-internallinksmanager029f6b8e52c=\"34\" title=\"O2 LTE- und 5G-Tarife zeigen\">O2<\/a> und <a href=\"https:\/\/www.lte-anbieter.info\/lte-provider\/vodafone\/vodafone-lte.php\" data-internallinksmanager029f6b8e52c=\"33\" title=\"Vodafone LTE- und 5G-Tarife zeigen\">Vodafone<\/a>. Vielleicht ist ein besserer Tarif f\u00fcr Sie dabei?<\/p>\n<p>&nbsp;<\/p>\n<p><script type=\"text\/javascript\" src=\"https:\/\/www.tariffuxx.de\/tools\/view\/twl-mobile?tool_id=375\" id=\"twl-mobile-375\"><\/script><br \/>\n<noscript>Bitte aktivieren Sie JavaScript, um den Tarifvergleich zu nutzen.<\/noscript><\/p>\n<p>&nbsp;<\/p>\n<h2>Schon gewusst?<\/h2>\n<p>&raquo; <a href=\"https:\/\/www.lte-anbieter.info\/lte-news\/uebriges-datenvolumen-abfragen-ohne-app\">Restliches Datenvolumen abfragen ohne App?!<\/a><\/p>\n<p>&nbsp;<\/p>\n<div style='text-align:center' class='yasr-auto-insert-visitor'><\/div>","protected":false},"excerpt":{"rendered":"<p>&nbsp; Nicht nur in unseren Kommentarspalten und Forum finden sich zuhauf Beschwerden von aufgebrachten Aldi-Talk Kunden. Der Grund ist fast immer der gleiche: Kurz nach dem Aufladen ist der Betrag schon wieder weg, obwohl angeblich nichts gemacht wurde. Wir zeigen, worin die L\u00f6sung besteht und wie Sie nie mehr in die \u201eGuthaben-Falle\u201c bei Aldi tappen.<\/p>\n","protected":false},"author":1,"featured_media":0,"parent":0,"menu_order":0,"comment_status":"closed","ping_status":"closed","template":"","meta":{"yasr_overall_rating":0,"yasr_post_is_review":"yes","yasr_auto_insert_disabled":"","yasr_review_type":"CreativeWorkSeries","iawp_total_views":85052,"footnotes":""},"class_list":["post-30946","page","type-page","status-publish","hentry"],"yasr_visitor_votes":{"stars_attributes":{"read_only":false,"span_bottom":false},"number_of_votes":209,"sum_votes":610},"jetpack_shortlink":"https:\/\/wp.me\/POOxv-838","_links":{"self":[{"href":"https:\/\/www.lte-anbieter.info\/lte-news\/wp-json\/wp\/v2\/pages\/30946","targetHints":{"allow":["GET"]}}],"collection":[{"href":"https:\/\/www.lte-anbieter.info\/lte-news\/wp-json\/wp\/v2\/pages"}],"about":[{"href":"https:\/\/www.lte-anbieter.info\/lte-news\/wp-json\/wp\/v2\/types\/page"}],"author":[{"embeddable":true,"href":"https:\/\/www.lte-anbieter.info\/lte-news\/wp-json\/wp\/v2\/users\/1"}],"replies":[{"embeddable":true,"href":"https:\/\/www.lte-anbieter.info\/lte-news\/wp-json\/wp\/v2\/comments?post=30946"}],"version-history":[{"count":5,"href":"https:\/\/www.lte-anbieter.info\/lte-news\/wp-json\/wp\/v2\/pages\/30946\/revisions"}],"predecessor-version":[{"id":43996,"href":"https:\/\/www.lte-anbieter.info\/lte-news\/wp-json\/wp\/v2\/pages\/30946\/revisions\/43996"}],"wp:attachment":[{"href":"https:\/\/www.lte-anbieter.info\/lte-news\/wp-json\/wp\/v2\/media?parent=30946"}],"curies":[{"name":"wp","href":"https:\/\/api.w.org\/{rel}","templated":true}]}}