{"id":31206,"date":"2023-11-03T10:07:59","date_gmt":"2023-11-03T09:07:59","guid":{"rendered":"https:\/\/www.lte-anbieter.info\/lte-news\/?page_id=31206"},"modified":"2023-11-04T11:05:49","modified_gmt":"2023-11-04T10:05:49","slug":"telekom-hybrid-internet-business-bestellen","status":"publish","type":"page","link":"https:\/\/www.lte-anbieter.info\/lte-news\/telekom-hybrid-internet-business-bestellen","title":{"rendered":"Telekom: Hybrid Internet f\u00fcr Gesch\u00e4ftskunden bestellen"},"content":{"rendered":"<p>\nDie <a href=\"https:\/\/www.lte-anbieter.info\/lte-provider\/telekom\/telekom-lte.php\" data-internallinksmanager029f6b8e52c=\"32\" title=\"LTE- und 5G-Tarife der Deutschen Telekom zeigen\">Deutsche Telekom<\/a> bietet das sogenannte \u201eHybrid Internet\u201c nicht nur f\u00fcr Privat-, sondern auch f\u00fcr <a href=\"https:\/\/www.lte-anbieter.info\/business\/lte-fuer-firmen.php\" data-internallinksmanager029f6b8e52c=\"64\" title=\"mehr \u00fcber LTE-Tarife f\u00fcr Unternehmen\">Gesch\u00e4ftskunden<\/a>. Diese Business-Versionen sind allerdings auf der Webseite der Telekom mittlerweile sehr schwer zu finden, man k\u00f6nnte sagen \u201eversteckt\u201c. Wir zeigen, wie Sie die Angebote bestellen k\u00f6nnen.<!--more--><\/p>\n<p>&nbsp;<\/p>\n<p><img decoding=\"async\" src=\"https:\/\/www.lte-anbieter.info\/lte-news\/wp-content\/uploads\/2023\/11\/hybrid-internet-titel.webp\" alt=\"Hybrid f\u00fcr Gesch\u00e4ftskunden Titel\"><\/p>\n<h2>Hybrid f\u00fcr Businesskunden!?<\/h2>\n<p>Kurz noch zu den Vorteilen der Angebote f\u00fcr alle, die noch nichts konkret mit dem Begriff \u201e<a href=\"https:\/\/www.lte-anbieter.info\/hybrid\/hybrid-lte-dsl.php\">Hybrid Internet<\/a>\u201c anfangen k\u00f6nnen. Dabei handelt es sich um eine, vor mehreren Jahren exklusiv in Deutschland von der Telekom eingef\u00fchrten Breitbandtechnik, welche LTE- oder <a href=\"https:\/\/www.lte-anbieter.info\/5g\/\" data-internallinksmanager029f6b8e52c=\"73\" title=\"alles zum LTE-Nachfolger 5G\">5G<\/a>-Funk und (V)DSL miteinander intelligent verbindet. Beide Zugangsarten teilen sich praktisch die Lasten. So k\u00f6nnen selbst in Regionen ohne guten DSL-Ausbau f\u00fcr Firmen und Selbstst\u00e4ndige relativ schnelle Internetflatrates bereitgestellt werden. Flatrate ist dabei w\u00f6rtlich zu nehmen! Denn im Gegensatz zu vielen LTE-only Tarifen, haben die Hybrid-Pakete <u>keinerlei Datenbegrenzung<\/u>, sprich Drosselung.<\/p>\n<p>&nbsp;<\/p>\n<p><iframe loading=\"lazy\" width=\"588\" height=\"315\" src=\"https:\/\/www.youtube.com\/embed\/aJhO1Pi3p6k\" frameborder=\"0\" allow=\"accelerometer; autoplay; encrypted-media; gyroscope; picture-in-picture\" allowfullscreen><\/iframe><\/p>\n<p>&nbsp;<\/p>\n<div class=\"highlight\"><strong>So bestellen Sie die Hybrid-Pakete f\u00fcr Gesch\u00e4ftskunden?<\/strong><br \/>\nCompany Start Hybrid kann am bequemsten <a href=\"https:\/\/www.lte-anbieter.info\/details\/bhybrid\" rel=\"noopener nofollow\" target=\"_blank\">hier bei der Telekom im Gesch\u00e4ftskundenbereich bestellt werden<\/a> (unter der Tariftabelle).<\/div>\n<h2>Jetzt auch mit 5G<\/h2>\n<p>Die neuste Hybrid-Internet Version arbeiten seit 2023 sogar mit dem noch schnelleren 5G. Da viele der verwendeten Funkfrequenzen aber eine schlechte Geb\u00e4udedurchdringung besitzen, wurde eine externe aktive Au\u00dfenantenne eingef\u00fchrt, welche auf folgendem Bild zu sehen ist. Diese ist sozusagen elementar f\u00fcr die Nutzung der Hybrid-Tarife. Der Empf\u00e4nger wird einfach au\u00dfen am Fensterbrett, der Br\u00fcstung oder Hauswand befestigt. Alle n\u00f6tigen Installations- und Befestigungsmaterialien werden mitgeliefert.<\/p>\n<p>&nbsp;<\/p>\n<p><img decoding=\"async\" src=\"https:\/\/www.lte-anbieter.info\/lte-news\/wp-content\/uploads\/2023\/11\/5g-hybrid-empfaenger.webp\" alt=\"5G Hybrid Antenne Telekom\"><\/p>\n<h2>Company Start Hybrid<\/h2>\n<p>Der Name der neuen Business Hybrid-Tarife lautet \u00fcbrigens &#8222;Company Start Hybrid&#8220;. Angeboten werden drei Tarife mit 16, 50 oder 100 MBit\/s als Basisanschluss (Festnetz). \u00dcber 5G oder LTE k\u00f6nnen dann <u>nochmal bis 300 MBit\/s hinzukommen<\/u>. Los gehts ab 41.95 \u20ac netto monatlich. Mit enthalten sind diverse Services, wie 8 Stunden Entst\u00f6rung, Cloud mit 100 GB und drei Rufnummern.<\/p>\n<p>&nbsp;<\/p>\n<div class=\"highlight2\"><strong>Wie bestelle ich die Hybrid-Pakete f\u00fcr Gesch\u00e4ftskunden?<\/strong><br \/>\nCompany Start Hybrid einfach hier <a href=\"https:\/\/www.lte-anbieter.info\/details\/bhybrid\" rel=\"noopener nofollow\" target=\"_blank\">bei der Telekom im Gesch\u00e4ftskundenbereich bestellen<\/a> (unter der Tariftabelle) und mit deutlich mehr Leistung arbeiten.<\/div>\n<h2>Weiterf\u00fchrendes<\/h2>\n<p>&raquo; <a href=\"https:\/\/www.lte-anbieter.info\/business\/lte-fuer-firmen.php\">mehr \u00fcber LTE f\u00fcr Gesch\u00e4ftskunden (station\u00e4r+mobil)<\/a><br \/>\n&raquo; <a href=\"http:\/\/\"https:\/\/www.lte-anbieter.info\/business\/gigacube-business.php\"><a href=\"https:\/\/www.lte-anbieter.info\/daheim\/vodafone-gigacube.php\" data-internallinksmanager029f6b8e52c=\"22\" title=\"alles zum Vodafone Gigacube Angebot sowie den Tarifen erfahren\">Gigacube<\/a> Business &#8211; \u00fcberall schnelles WLAN via 5G\/LTE<\/a><br \/>\n&raquo; <a href=\"https:\/\/www.lte-anbieter.info\/business\/home-office-lte.php\">Internet per LTE f\u00fcr das Homeoffice<\/a><\/p>\n<div class=\"quellenews2\">\nBild 5G-Antenne: Deutsche Telekom\n<\/div>\n<div style='text-align:center' class='yasr-auto-insert-visitor'><\/div>","protected":false},"excerpt":{"rendered":"<p>Die Deutsche Telekom bietet das sogenannte \u201eHybrid Internet\u201c nicht nur f\u00fcr Privat-, sondern auch f\u00fcr Gesch\u00e4ftskunden. Diese Business-Versionen sind allerdings auf der Webseite der Telekom mittlerweile sehr schwer zu finden, man k\u00f6nnte sagen \u201eversteckt\u201c. Wir zeigen, wie Sie die Angebote bestellen k\u00f6nnen.<\/p>\n","protected":false},"author":1,"featured_media":0,"parent":0,"menu_order":0,"comment_status":"closed","ping_status":"closed","template":"","meta":{"yasr_overall_rating":0,"yasr_post_is_review":"","yasr_auto_insert_disabled":"","yasr_review_type":"","iawp_total_views":48,"footnotes":""},"class_list":["post-31206","page","type-page","status-publish","hentry"],"yasr_visitor_votes":{"stars_attributes":{"read_only":false,"span_bottom":false},"number_of_votes":1,"sum_votes":4},"jetpack_shortlink":"https:\/\/wp.me\/POOxv-87k","_links":{"self":[{"href":"https:\/\/www.lte-anbieter.info\/lte-news\/wp-json\/wp\/v2\/pages\/31206","targetHints":{"allow":["GET"]}}],"collection":[{"href":"https:\/\/www.lte-anbieter.info\/lte-news\/wp-json\/wp\/v2\/pages"}],"about":[{"href":"https:\/\/www.lte-anbieter.info\/lte-news\/wp-json\/wp\/v2\/types\/page"}],"author":[{"embeddable":true,"href":"https:\/\/www.lte-anbieter.info\/lte-news\/wp-json\/wp\/v2\/users\/1"}],"replies":[{"embeddable":true,"href":"https:\/\/www.lte-anbieter.info\/lte-news\/wp-json\/wp\/v2\/comments?post=31206"}],"version-history":[{"count":8,"href":"https:\/\/www.lte-anbieter.info\/lte-news\/wp-json\/wp\/v2\/pages\/31206\/revisions"}],"predecessor-version":[{"id":42007,"href":"https:\/\/www.lte-anbieter.info\/lte-news\/wp-json\/wp\/v2\/pages\/31206\/revisions\/42007"}],"wp:attachment":[{"href":"https:\/\/www.lte-anbieter.info\/lte-news\/wp-json\/wp\/v2\/media?parent=31206"}],"curies":[{"name":"wp","href":"https:\/\/api.w.org\/{rel}","templated":true}]}}