{"id":32628,"date":"2026-04-03T10:26:47","date_gmt":"2026-04-03T08:26:47","guid":{"rendered":"https:\/\/www.lte-anbieter.info\/lte-news\/?page_id=32628"},"modified":"2026-04-04T11:26:42","modified_gmt":"2026-04-04T09:26:42","slug":"congstar-homespot-bestellen","status":"publish","type":"page","link":"https:\/\/www.lte-anbieter.info\/lte-news\/congstar-homespot-bestellen","title":{"rendered":"Congstar Homespot bestellen | so geht\u2019s"},"content":{"rendered":"<p>Der Discounter \u201e<a href=\"https:\/\/www.lte-anbieter.info\/lte-provider\/congstar\/congstar-lte.php\">congstar<\/a>\u201c bietet nicht nur g\u00fcnstige Smartphone-Tarife im mehrfach ausgezeichneten Telekom-Netz. Mit dem \u201eHomespot\u201c, vertreibt <a href=\"https:\/\/www.lte-anbieter.info\/lte-provider\/congstar\/congstar-lte.php\" data-internallinksmanager029f6b8e52c=\"37\" title=\"Congstar Tarife zeigen\">congstar<\/a> auch LTE-basierte, station\u00e4re Internetzug\u00e4nge. Praktisch Highspeed f\u00fcr jeden Ort an dem man zuhause ist, ganz ohne DSL-Ausbau. Wir zeigen, was die Angebote bieten und wie man sie am besten bestellt!<!--more--><\/p>\n<div class=\"pic_l_cl\"><img decoding=\"async\" src=\"https:\/\/www.lte-anbieter.info\/lte-news\/wp-content\/uploads\/2023\/07\/congstar-homespot-bestellen.webp\" alt=\"congstar Homespot buchen\" fetchpriority=\"high\"><\/div>\n<h2>Was kann der Homespot von Congstar? Die Vorteile im \u00dcberblick:<\/h2>\n<p>Mit den <a href=\"https:\/\/www.lte-anbieter.info\/lte-provider\/congstar\/homespot-lte.php\" data-internallinksmanager029f6b8e52c=\"20\" title=\"alles zu den congstar Homespot Tarifen\">congstar Homespot<\/a> Tarifen per LTE bekommt man endlich \u00fcberall einen Internetzugang mit bis zu 50 MBit\/s &#8211; das entspricht immerhin VDSL50. Einfach nur den mitgelieferten Router anschlie\u00dfen, SIM-Karte einlegen und los geht\u2019s. Einzige Voraussetzung ist, dass LTE\/<a href=\"https:\/\/www.lte-anbieter.info\/5g\/\" data-internallinksmanager029f6b8e52c=\"73\" title=\"alles zum LTE-Nachfolger 5G\">5G<\/a> von der Deutschen Telekom verf\u00fcgbar ist. Wo und wie gut das der Fall ist, <a href=\"https:\/\/www.lte-anbieter.info\/details\/telekomkarte\" rel=\"nofollow noopener\" target=\"_blank\">zeigt diese Karte des Anbieters<\/a>. Mittlerweile deckt das Netz fast jeden Winkel Deutschlands ab. Congstar bietet drei verschiedene Tarife mit 100, 200 oder 400 GB monatlich. Letzteres reicht sogar f\u00fcr einige Netflix-Abende. Kostenpunkt: Zwischen 22 und 42 Euro, je nach gew\u00e4hltem Tarif. Also sehr fair finden wir!<\/p>\n<h2>jetzt auch mit 5G<\/h2>\n<p>Mittlerweile k\u00f6nnen Kunden 3 \u20ac Mehrkosten im Monat die m\u00f6gliche Geschwindigkeit sogar auf 100 MBit\/s erweitern.<\/p>\n<h2>Congstar Homespot bestellen<\/h2>\n<p>Am besten bucht man die Angebote direkt online <a href=\"https:\/\/www.lte-anbieter.info\/details\/congstar\" rel=\"noopener nofollow\" target=\"_blank\">hier auf www.congstar.de<\/a>. Aktuell winkt \u00fcbrigens bei vielen Paketen deutlich mehr Volumen ohne Aufpreis!<\/p>\n<p>&nbsp;<\/p>\n<div class=\"button-container align-left no-info\">\n  <a class=\"buttons rot\" href=\"https:\/\/www.lte-anbieter.info\/details\/congstarhomespot\" rel=\"nofollow noopener\" target=\"_blank\">&#10149; congstar Homespot-Tarif bestellen<\/a>\n<\/div>\n<h2>Flex Tarif<\/h2>\n<p>Wahlweise kann man \u00fcbrigens auch alle Tarife als Flex-Variante bestellen. Dann einfach \u201eohne Laufzeit\u201c w\u00e4hlen. Der Unterschied: Nutzer k\u00f6nnen prinzipiell jederzeit k\u00fcndigen, wenn der Homespot doch nicht mehr gebraucht wird. Am monatlichen Grundpreis Preis \u00e4ndert sich nichts, nur an der Einmalgeb\u00fchr. Letztere betr\u00e4gt dann f\u00fcr Neukunden 20,- statt 0,- \u20ac.<\/p>\n<h2>passender Router<\/h2>\n<p>Congstar bietet gleich bei der Bestellung den passenden Homespot Router an. Entweder den 5G Router &#8222;HH515L&#8220; von TLC f\u00fcr den station\u00e4ren Gebrauch oder einen mobilen Hotspot von ZTE (U60 HyperMobile 2 5G). Die Ger\u00e4te k\u00f6nnen f\u00fcr einen kleinen Obolus um die 1-3 \u20ac monatlich gemietet werden.<\/p>\n<p>&nbsp;<\/p>\n<div class=\"pic_r_cl\"><img decoding=\"async\" src=\"https:\/\/www.lte-anbieter.info\/lte-news\/wp-content\/uploads\/2023\/07\/congstar-homespot-router.webp\" alt=\"Homespot Router von congstar\" loading=\"lazy\"><\/p>\n<p>Congstar Homespot Router | Symbolbild<\/p>\n<\/div>\n<h2>H\u00e4ufige Fragen<\/h2>\n<p><strong><em>Muss man den Router nach Vertragsende zur\u00fcckgeben?<\/em><\/strong>: Wenn man sich f\u00fcr die Mietvariante entscheidet, zahlt man den Homespot sozusagen \u00fcber 24 Monate ab. Auch bei der Flex-Variante! Danach geh\u00f6rt das Ger\u00e4t Ihnen.<\/p>\n<p>&nbsp;<\/p>\n<p><strong><em>Kann ich den Router \u00fcberall mit hinnehmen?<\/em><\/strong> Lange Zeit war das nicht der Fall. Seit 2026 kann der Homespot aber nicht nur bundesweit genutzt werden, sondern auch auf Reisen innerhalb der Europ\u00e4ischen Union!<\/p>\n<h2>Weiterf\u00fchrendes<\/h2>\n<p>&raquo; <a href=\"https:\/\/www.lte-anbieter.info\/lte-news\/homespot-hacks-so-holen-sie-alles-aus-den-congstar-tarifen-heraus\">Homespot Hacks: So holen Sie alles aus dem Tarif raus<\/a><br \/>\n&raquo; <a href=\"..\/..\/ratgeber\/einrichten\/congstar-homespot-installieren.php\">congstar Homespot installieren und einrichten<\/a><br \/>\n&raquo; <a href=\"https:\/\/www.lte-anbieter.info\/daheim\/internet-ohne-dsl.php\">Internet ohne DSL &#8211; was ist m\u00f6glich?<\/a><br \/>\n&raquo; <a href=\"https:\/\/www.lte-anbieter.info\/lte-news\/internet-ohne-vertrag-ratgeber\">Internet ohne Vertrag &#8211; welche M\u00f6glichkeiten gibt es?<\/a><br \/>\n&raquo; <a href=\"https:\/\/www.lte-anbieter.info\/lte-news\/dsl-ueber-funk\">DSL \u00fcber Funk: Was ist m\u00f6glich?<\/a><\/p>\n<p>&nbsp;<\/p>\n<div style='text-align:center' class='yasr-auto-insert-visitor'><\/div>","protected":false},"excerpt":{"rendered":"<p>Der Discounter \u201econgstar\u201c bietet nicht nur g\u00fcnstige Smartphone-Tarife im mehrfach ausgezeichneten Telekom-Netz. Mit dem \u201eHomespot\u201c, vertreibt congstar auch LTE-basierte, station\u00e4re Internetzug\u00e4nge. Praktisch Highspeed f\u00fcr jeden Ort an dem man zuhause ist, ganz ohne DSL-Ausbau. Wir zeigen, was die Angebote bieten und wie man sie am besten bestellt!<\/p>\n","protected":false},"author":1,"featured_media":0,"parent":0,"menu_order":0,"comment_status":"closed","ping_status":"closed","template":"","meta":{"yasr_overall_rating":0,"yasr_post_is_review":"","yasr_auto_insert_disabled":"","yasr_review_type":"","iawp_total_views":89,"footnotes":""},"class_list":["post-32628","page","type-page","status-publish","hentry"],"yasr_visitor_votes":{"stars_attributes":{"read_only":false,"span_bottom":false},"number_of_votes":1,"sum_votes":5},"jetpack_shortlink":"https:\/\/wp.me\/POOxv-8ug","_links":{"self":[{"href":"https:\/\/www.lte-anbieter.info\/lte-news\/wp-json\/wp\/v2\/pages\/32628","targetHints":{"allow":["GET"]}}],"collection":[{"href":"https:\/\/www.lte-anbieter.info\/lte-news\/wp-json\/wp\/v2\/pages"}],"about":[{"href":"https:\/\/www.lte-anbieter.info\/lte-news\/wp-json\/wp\/v2\/types\/page"}],"author":[{"embeddable":true,"href":"https:\/\/www.lte-anbieter.info\/lte-news\/wp-json\/wp\/v2\/users\/1"}],"replies":[{"embeddable":true,"href":"https:\/\/www.lte-anbieter.info\/lte-news\/wp-json\/wp\/v2\/comments?post=32628"}],"version-history":[{"count":5,"href":"https:\/\/www.lte-anbieter.info\/lte-news\/wp-json\/wp\/v2\/pages\/32628\/revisions"}],"predecessor-version":[{"id":44430,"href":"https:\/\/www.lte-anbieter.info\/lte-news\/wp-json\/wp\/v2\/pages\/32628\/revisions\/44430"}],"wp:attachment":[{"href":"https:\/\/www.lte-anbieter.info\/lte-news\/wp-json\/wp\/v2\/media?parent=32628"}],"curies":[{"name":"wp","href":"https:\/\/api.w.org\/{rel}","templated":true}]}}