{"id":32734,"date":"2025-08-01T10:48:38","date_gmt":"2025-08-01T08:48:38","guid":{"rendered":"https:\/\/www.lte-anbieter.info\/lte-news\/?page_id=32734"},"modified":"2025-08-04T10:26:58","modified_gmt":"2025-08-04T08:26:58","slug":"callya-karte-bestellen","status":"publish","type":"page","link":"https:\/\/www.lte-anbieter.info\/lte-news\/callya-karte-bestellen","title":{"rendered":"Callya Karte (kostenlos) bestellen | so geht\u2019s"},"content":{"rendered":"<p>&nbsp;<\/p>\n<p><a href=\"https:\/\/www.lte-anbieter.info\/lte-provider\/vodafone\/vodafone-lte.php\" data-internallinksmanager029f6b8e52c=\"33\" title=\"Vodafone LTE- und 5G-Tarife zeigen\">Vodafone<\/a> bietet f\u00fcr Prepaid-Freunde nicht nur g\u00fcnstige Tarife (dazu sp\u00e4ter mehr), sondern auch ein ganz besonderes Spezial f\u00fcr Neukunden. So l\u00e4sst sich die <a href=\"https:\/\/www.lte-anbieter.info\/prepaid\/anbieter\/callya-vodafone.php\" data-internallinksmanager029f6b8e52c=\"52\" title=\"Callya Prepaid Tarife von Vodafone im Vergleich\">Callya<\/a> SIM-Karte tats\u00e4chlich aktuell kostenlos bestellen. Wir zeigen wie, wo und welcher Tarif ideal ist.<!--more--><\/p>\n<div class=\"pic_r_cl\"><img decoding=\"async\" src=\"https:\/\/www.lte-anbieter.info\/lte-news\/wp-content\/uploads\/2025\/08\/callya-karte-bestellen.webp\" alt=\"Callya Karte bestellen\"><\/div>\n<h2>Callya bestellen<\/h2>\n<p>Sparf\u00fcchse k\u00f6nnen hier <a href=\"https:\/\/www.lte-anbieter.info\/details\/callya\" rel=\"noopener nofollow\" target=\"_blank\">im Onlineshop von Vodafone auf www.vodafone.de\/callya<\/a> die Starter-SIM zurzeit gratis bestellen. Es fallen nicht einmal Versandkosten an! W\u00e4hlt man das Basispaket \u201eCallya Classic\u201c, betr\u00e4gt auch der monatliche Grundpreis ebenfalls 0,- Euro. Nur SMS oder Telefonie-Einheiten werden, Guthaben vorausgesetzt, mit 9 Cent berechnet und mobiles Internet mit 3 Cent je MB (nicht empfehlenswert).<\/p>\n<p>&nbsp;<\/p>\n<p><u>Und so einfach geht\u2019s:<\/u> Klicken Sie zun\u00e4chst auf den oben genannten Bestell-Link. W\u00e4hlen Sie entweder das Basis-Paket oder einen der anderen Callya-Tarife und klicken unten auf den Button \u201ezur kostenlosen Freikarte\u201c. Jetzt nur noch die pers\u00f6nlichen Daten f\u00fcr Abrechnung und Versand eingeben, Identifizierungsmethode (Video- oder Postident) w\u00e4hlen und abschicken.<\/p>\n<p>&nbsp;<\/p>\n<p>In unserem Test dauerte es 3 Werktage bis die Callya Karte ankam. Wer direkt lostelefonieren oder surfen m\u00f6chte, muss allerdings nun noch f\u00fcr Guthaben sorgen. Am einfachsten ist der Erwerb von Guthaben-Vouchers f\u00fcr Vodafone im Supermarkt. An fast jeder Kasse finden sich die entsprechenden K\u00e4rtchen. Die Aufladung erfolgt dann \u00fcber den Code auf dem Kassenbon welchen man nach Bezahlung erh\u00e4lt. Aktiviert werden kann dieser dann sehr einfach \u00fcber die \u201eMein Vodafone App\u201c. Alternativ l\u00e4sst sich der gew\u00fcnschte Betrag nat\u00fcrlich auch per Kreditkarte, Giro oder Paypal Guthaben einziehen.<\/p>\n<h2>Unser Tariftipp<\/h2>\n<p>Genauer gesagt gibt es zwei: F\u00fcr die meisten d\u00fcrfte das beliebte \u201e<strong>Callya <a href=\"https:\/\/www.lte-anbieter.info\/allnet\/tarifvergleich.php\" data-internallinksmanager029f6b8e52c=\"5\" title=\"aktuelle Allnetflat-Tarife vergleichen\">Allnetflat<\/a> S<\/strong>\u201c ideal sein. Hier stehen f\u00fcr nur 9.99 \u20ac immerhin 25 GB LTE-Datenvolumen zur Verf\u00fcgung. Inklusive einer Sprachflat f\u00fcr Gespr\u00e4che innerhalb Deutschlands und vom EU-Ausland nach DE! Sogar <a href=\"https:\/\/www.lte-anbieter.info\/5g\/\" data-internallinksmanager029f6b8e52c=\"73\" title=\"alles zum LTE-Nachfolger 5G\">5G<\/a> kann mit passendem Smartphone ohne Mehrkosten genutzt werden! Dar\u00fcber hinaus bietet Vodafone nat\u00fcrlich noch eine Reihe weiterer interessanter Tarifoptionen &#8211; siehe folgender Link. &raquo; <a href=\"https:\/\/www.lte-anbieter.info\/prepaid\/anbieter\/callya-vodafone.php\" rel=\"noopener\" target=\"_blank\">mehr \u00fcber die Callya-Tarife erfahren<\/a><\/p>\n<p>&nbsp;<\/p>\n<div style='text-align:center' class='yasr-auto-insert-visitor'><\/div>","protected":false},"excerpt":{"rendered":"<p>&nbsp; Vodafone bietet f\u00fcr Prepaid-Freunde nicht nur g\u00fcnstige Tarife (dazu sp\u00e4ter mehr), sondern auch ein ganz besonderes Spezial f\u00fcr Neukunden. So l\u00e4sst sich die Callya SIM-Karte tats\u00e4chlich aktuell kostenlos bestellen. Wir zeigen wie, wo und welcher Tarif ideal ist.<\/p>\n","protected":false},"author":1,"featured_media":0,"parent":0,"menu_order":0,"comment_status":"closed","ping_status":"closed","template":"","meta":{"yasr_overall_rating":0,"yasr_post_is_review":"","yasr_auto_insert_disabled":"","yasr_review_type":"","iawp_total_views":244,"footnotes":""},"class_list":["post-32734","page","type-page","status-publish","hentry"],"yasr_visitor_votes":{"stars_attributes":{"read_only":false,"span_bottom":false},"number_of_votes":3,"sum_votes":13},"jetpack_shortlink":"https:\/\/wp.me\/POOxv-8vY","_links":{"self":[{"href":"https:\/\/www.lte-anbieter.info\/lte-news\/wp-json\/wp\/v2\/pages\/32734","targetHints":{"allow":["GET"]}}],"collection":[{"href":"https:\/\/www.lte-anbieter.info\/lte-news\/wp-json\/wp\/v2\/pages"}],"about":[{"href":"https:\/\/www.lte-anbieter.info\/lte-news\/wp-json\/wp\/v2\/types\/page"}],"author":[{"embeddable":true,"href":"https:\/\/www.lte-anbieter.info\/lte-news\/wp-json\/wp\/v2\/users\/1"}],"replies":[{"embeddable":true,"href":"https:\/\/www.lte-anbieter.info\/lte-news\/wp-json\/wp\/v2\/comments?post=32734"}],"version-history":[{"count":5,"href":"https:\/\/www.lte-anbieter.info\/lte-news\/wp-json\/wp\/v2\/pages\/32734\/revisions"}],"predecessor-version":[{"id":43823,"href":"https:\/\/www.lte-anbieter.info\/lte-news\/wp-json\/wp\/v2\/pages\/32734\/revisions\/43823"}],"wp:attachment":[{"href":"https:\/\/www.lte-anbieter.info\/lte-news\/wp-json\/wp\/v2\/media?parent=32734"}],"curies":[{"name":"wp","href":"https:\/\/api.w.org\/{rel}","templated":true}]}}