{"id":32760,"date":"2026-04-03T11:51:36","date_gmt":"2026-04-03T09:51:36","guid":{"rendered":"https:\/\/www.lte-anbieter.info\/lte-news\/?page_id=32760"},"modified":"2026-04-04T11:00:13","modified_gmt":"2026-04-04T09:00:13","slug":"telekom-speedbox-bestellen","status":"publish","type":"page","link":"https:\/\/www.lte-anbieter.info\/lte-news\/telekom-speedbox-bestellen","title":{"rendered":"Telekom Speedbox bestellen | Internetzugang ohne DSL"},"content":{"rendered":"<p>&nbsp;<\/p>\n<p>Die <a href=\"https:\/\/www.lte-anbieter.info\/lte-provider\/telekom\/telekom-lte.php\" data-internallinksmanager029f6b8e52c=\"32\" title=\"LTE- und 5G-Tarife der Deutschen Telekom zeigen\">Deutsche Telekom<\/a> bietet mit den sogenannten \u201e<a href=\"https:\/\/www.lte-anbieter.info\/daheim\/telekom-speedbox.php\" data-internallinksmanager029f6b8e52c=\"19\" title=\"mehr zu den Speedbox Tarifen der Telekom\">Speedbox<\/a>\u201c Tarifen rasant schnelles Internet an jedem Ort und sofort verf\u00fcgbar. Selbst ohne DSL-Ausbau. Einfach nur den <a href=\"https:\/\/www.lte-anbieter.info\/lte-hardware\/router\/lte-router-ratgeber.php\" data-internallinksmanager029f6b8e52c=\"23\" title=\"LTE Router in der \u00dcbersicht + Ratgeber\">4G-Router<\/a> aufstellen und lossurfen! Zudem ist die Nutzung flexibel \u00fcberall in Deutschland m\u00f6glich \u2013 sogar ohne Stromanschluss. Erfahren Sie hier, was die Angebote bieten und wie man sie am besten bestellt!<!--more--><\/p>\n<div class=\"pic_l_cl\"><img decoding=\"async\" src=\"https:\/\/www.lte-anbieter.info\/lte-news\/wp-content\/uploads\/2021\/08\/speedbox-weiss.jpg\" alt=\"Telekom Speedbox\" class=\"fullwidth\" fetchpriority=\"high\"><\/div>\n<h2>Was kann die Speedbox? Die Vorteile im \u00dcberblick:<\/h2>\n<p>W\u00e4hrend Festnetz-Internetanschl\u00fcsse \u00fcber (V)DSL oder Kabel immer nur an einem Ort funktionieren \u2013 sofern \u00fcberhaupt schon verf\u00fcgbar \u2013 funktionieren die portablen <strong>MagentaMobil Speedbox Tarife<\/strong> nahezu \u00fcberall. Denn diese werden \u00fcber Mobilfunk, also LTE oder <a href=\"https:\/\/www.lte-anbieter.info\/5g\/\" data-internallinksmanager029f6b8e52c=\"73\" title=\"alles zum LTE-Nachfolger 5G\">5G<\/a> realisiert. Schnelles WLAN zum Mitnehmen wo man es braucht also! Egal ob Ferienwohnung, Urlaubsort, Campingplatz, Wohnwagen, Zweitwohnung oder Hauptwohnsitz. Bis zu 300 MBit pro Sekunde sind m\u00f6glich, dank 5G unter Umst\u00e4nden sogar noch weit, weit mehr!<\/p>\n<h2>Kosten<\/h2>\n<p>MagentaMobil Speedbox S startet bei 39.95 \u20ac monatlich und bietet 100 GB Datenvolumen. Wem das nicht langt, kann aber auch 200 oder 400 GB w\u00e4hlen. Der Router selbst wird einmalig mit nur 1 \u20ac verrechnet. Des weiteren bietet die Telekom noch eine Flexi-Variante, welche 5 \u20ac teurer ist. Der Vorteil: Sie zahlen immer nur in den Monaten wo es ben\u00f6tigt wird und nicht 12 Monate pro Jahr.<\/p>\n<h2>Speedbox bestellen<\/h2>\n<p>Am schnellsten und einfachsten geht die Bestellung <a href=\"https:\/\/www.lte-anbieter.info\/details\/speedbox\" rel=\"noopener nofollow\" target=\"_blank\">hier auf www.telekom.de\/speedbox<\/a>. Einfach nur Versand- und Rechnungsdaten eingeben, Verifizierung per Videochat oder Post w\u00e4hlen, fertig!<\/p>\n<h2>Flex Tarif<\/h2>\n<p>Der regul\u00e4re Speedbox-Tarif kann \u00fcbrigens <u>auch ohne Mindestlaufzeit<\/u> bestellt werden. Dann zahlt man immer nur den Monat, in dem auch eine Nutzung erfolgte. Daf\u00fcr steigt die monatliche Geb\u00fchr aber um 5 Euro und die Router-Geb\u00fchr erh\u00f6ht sich von 1 Euro auf 99.95 Euro.<\/p>\n<h2>H\u00e4ufige Fragen<\/h2>\n<p><strong><em>Kann ich den Router \u00fcberall mit hinnehmen?<\/em><\/strong><br \/>\nJa, in Deutschland kann die Speedbox \u00fcberall, wo LTE von der Telekom verf\u00fcgbar ist, eingesetzt werden. Wo das genau der Fall ist und wo nicht, zeigt ein <a href=\"https:\/\/www.lte-anbieter.info\/details\/tmobileVerf\" rel=\"noopener nofollow\" target=\"_blank\">Blick auf die Netzausbaukarte der Dt. Telekom<\/a>. Das gilt nicht f\u00fcrs EU-Ausland oder au\u00dferhalb der Europ\u00e4ischen Union. 5G ist leider \u00fcbrigens ab dem Tarif M inklusive.<br \/>\n<br \/>\n<strong><em>Was gibt es f\u00fcr alternative Angebote?<\/em><\/strong><br \/>\nSehr \u00e4hnlich sind die <a href=\"https:\/\/www.lte-anbieter.info\/daheim\/vodafone-gigacube.php\">Gigacube-Tarife von Vodafone<\/a>. Auch hier gibt es schnelles LTE\/5G bis ca. 1 GBit. Optional kann sogar ein Paket mit unlimitiertem Volumen bestellt werden. Auch der <a href=\"https:\/\/www.lte-anbieter.info\/daheim\/vodafone-gigacube.php\" data-internallinksmanager029f6b8e52c=\"22\" title=\"alles zum Vodafone Gigacube Angebot sowie den Tarifen erfahren\">Gigacube<\/a> l\u00e4sst sich \u00fcberall in Deutschland mit hinnehmen und liefert so festnetzunabh\u00e4ngig schnelles WLAN.<\/p>\n<h2>Weiterf\u00fchrendes<\/h2>\n<p>&raquo; <a href=\"https:\/\/www.lte-anbieter.info\/daheim\/erfahrungsbericht-telekom-speedbox-2020.php\">Testbericht zum Telekom-Speedbox Angebot<\/a><br \/>\n&raquo; <a href=\"https:\/\/www.lte-anbieter.info\/daheim\/internet-ohne-dsl.php\">Internet ohne DSL &#8211; was ist m\u00f6glich?<\/a><br \/>\n&raquo; <a href=\"https:\/\/www.lte-anbieter.info\/lte-hardware\/router\/speedbox-router-telekom.php\">alle Speedbox-Modelle im \u00dcberblick<\/a><\/p>\n<p>&nbsp;<\/p>\n<div style='text-align:center' class='yasr-auto-insert-visitor'><\/div>","protected":false},"excerpt":{"rendered":"<p>&nbsp; Die Deutsche Telekom bietet mit den sogenannten \u201eSpeedbox\u201c Tarifen rasant schnelles Internet an jedem Ort und sofort verf\u00fcgbar. Selbst ohne DSL-Ausbau. Einfach nur den 4G-Router aufstellen und lossurfen! Zudem ist die Nutzung flexibel \u00fcberall in Deutschland m\u00f6glich \u2013 sogar ohne Stromanschluss. Erfahren Sie hier, was die Angebote bieten und wie man sie am besten [&hellip;]<\/p>\n","protected":false},"author":1,"featured_media":0,"parent":0,"menu_order":0,"comment_status":"closed","ping_status":"closed","template":"","meta":{"yasr_overall_rating":0,"yasr_post_is_review":"","yasr_auto_insert_disabled":"","yasr_review_type":"","iawp_total_views":152,"footnotes":""},"class_list":["post-32760","page","type-page","status-publish","hentry"],"yasr_visitor_votes":{"stars_attributes":{"read_only":false,"span_bottom":false},"number_of_votes":1,"sum_votes":4},"jetpack_shortlink":"https:\/\/wp.me\/POOxv-8wo","_links":{"self":[{"href":"https:\/\/www.lte-anbieter.info\/lte-news\/wp-json\/wp\/v2\/pages\/32760","targetHints":{"allow":["GET"]}}],"collection":[{"href":"https:\/\/www.lte-anbieter.info\/lte-news\/wp-json\/wp\/v2\/pages"}],"about":[{"href":"https:\/\/www.lte-anbieter.info\/lte-news\/wp-json\/wp\/v2\/types\/page"}],"author":[{"embeddable":true,"href":"https:\/\/www.lte-anbieter.info\/lte-news\/wp-json\/wp\/v2\/users\/1"}],"replies":[{"embeddable":true,"href":"https:\/\/www.lte-anbieter.info\/lte-news\/wp-json\/wp\/v2\/comments?post=32760"}],"version-history":[{"count":5,"href":"https:\/\/www.lte-anbieter.info\/lte-news\/wp-json\/wp\/v2\/pages\/32760\/revisions"}],"predecessor-version":[{"id":44416,"href":"https:\/\/www.lte-anbieter.info\/lte-news\/wp-json\/wp\/v2\/pages\/32760\/revisions\/44416"}],"wp:attachment":[{"href":"https:\/\/www.lte-anbieter.info\/lte-news\/wp-json\/wp\/v2\/media?parent=32760"}],"curies":[{"name":"wp","href":"https:\/\/api.w.org\/{rel}","templated":true}]}}