{"id":32849,"date":"2025-10-23T16:06:02","date_gmt":"2025-10-23T14:06:02","guid":{"rendered":"https:\/\/www.lte-anbieter.info\/lte-news\/?page_id=32849"},"modified":"2025-10-24T15:57:30","modified_gmt":"2025-10-24T13:57:30","slug":"welches-netz-hat-edeka","status":"publish","type":"page","link":"https:\/\/www.lte-anbieter.info\/lte-news\/welches-netz-hat-edeka","title":{"rendered":"Welches Netz hat Edeka Smart?"},"content":{"rendered":"<p>&nbsp;<\/p>\n<p>Der Lebensmittelh\u00e4ndler \u201eEdeka\u201c steht nicht nur f\u00fcr lokale Lebensmittel, sondern bietet auch ein sehr attraktives Mobilfunkangebot. Unserer Meinung nach, kann es das sogar in vielen Punkten mit dem allseits beliebten <a href=\"https:\/\/www.lte-anbieter.info\/prepaid\/anbieter\/aldi-talk.php\" data-internallinksmanager029f6b8e52c=\"53\" title=\"Aldi-Talk Tarife und Testbericht\">Aldi-Talk<\/a> aufnehmen. Doch auf welches Handynetz greift der Discounter eigentlich zur\u00fcck? Wie gut ist dieses in Deutschland ausgebaut und gibt es schon das schnelle 4G oder gar <a href=\"https:\/\/www.lte-anbieter.info\/5g\/\" data-internallinksmanager029f6b8e52c=\"73\" title=\"alles zum LTE-Nachfolger 5G\">5G<\/a>? Die Redaktion von LTE-Anbieter.info hat die Antworten.<!--more--><\/p>\n<h2>Das Mobilfunknetz von Edeka<\/h2>\n<div class=\"pic_r\"><img decoding=\"async\" src=\"https:\/\/www.lte-anbieter.info\/lte-news\/wp-content\/uploads\/2021\/11\/edeka-netz.webp\" alt=\"Edeka Mobilfunk-Netz\" width=\"200\" fetchpriority=\"high\"><\/a><\/div>\n<p>Edeka geh\u00f6rt zu den sogenannten virtuellen Providern. Das bedeutet, der Anbieter betreibt selbst kein echtes Mobilfunknetz mit Masten und Antennen, sondern nutzt nur das eines anderen Netzbetreibers. Denn davon gibt es in Deutschland nur drei (Telekom, <a href=\"https:\/\/www.lte-anbieter.info\/lte-provider\/vodafone\/vodafone-lte.php\" data-internallinksmanager029f6b8e52c=\"33\" title=\"Vodafone LTE- und 5G-Tarife zeigen\">Vodafone<\/a>, <a href=\"https:\/\/www.lte-anbieter.info\/lte-provider\/o2\/o2-lte.php\" data-internallinksmanager029f6b8e52c=\"34\" title=\"O2 LTE- und 5G-Tarife zeigen\">O2<\/a>). Die Frage ist also eher, auf welches k\u00f6nnen Edeka-Kunden <u>zugreifen<\/u>? Die Antwort lautet: Auf das mehrfach ausgezeichnete <u>D1-Funknetz der Deutschen Telekom.<\/u><\/p>\n<h2>Wie gut ist die Qualit\u00e4t und Abdeckung bei den Edeka Smartphone-Tarifen?<\/h2>\n<p>Sehr gut! Denn die <a href=\"https:\/\/www.lte-anbieter.info\/lte-provider\/telekom\/telekom-lte.php\" data-internallinksmanager029f6b8e52c=\"32\" title=\"LTE- und 5G-Tarife der Deutschen Telekom zeigen\">Deutsche Telekom<\/a>, die das Netz f\u00fcr &#8222;Edeka Smart&#8220; zur Verf\u00fcgung stellt, gewinnt seit Jahren <a href=\"https:\/\/www.lte-anbieter.info\/lte-news\/index.php?s=netztest\">s\u00e4mtliche Netztests<\/a> und heimst einen 1. Platz nach dem anderen ein. Das gilt sowohl f\u00fcr die Funkabdeckung (<a href=\"https:\/\/www.lte-anbieter.info\/details\/tmobileVerf\" rel=\"noopener nofollow\" target=\"_blank\">Karte<\/a> ansehen), als auch f\u00fcr Sprachqualit\u00e4t und Performance. Im Gegensatz zu den meisten anderen Prepaid-Anbietern, surfen Sie n\u00e4mlich wie Vertragskunden und nicht k\u00fcnstlich gebremst. Siehe folgend&#8230;<\/p>\n<h2>Gibt es auch LTE bzw. 5G im Netz von Edeka?<\/h2>\n<p>Ja auf jeden Fall! Alle Edeka Smart Pakete beinhalten schnelles LTE mit bis zu 100 MBit\/s. Seit Mitte 2025 ist endlich auch <a href=\"https:\/\/www.lte-anbieter.info\/5g\/\">5G<\/a> mit enthalten!<\/p>\n<h2>Edeka Tarife &#038; Angebote<\/h2>\n<p>Insgesamt bietet der Anbieter, neben dem kostenlosen Basispaket, drei verschiedene Tarife mit der Bezeichnung \u201ekombi\u201c. Bereits das g\u00fcnstige \u201ekombi M\u201c Paket bietet z.B. 15 GB Datenvolumen monatlich und eine <a href=\"https:\/\/www.lte-anbieter.info\/allnet\/tarifvergleich.php\" data-internallinksmanager029f6b8e52c=\"5\" title=\"aktuelle Allnetflat-Tarife vergleichen\">Allnetflat<\/a> zum Telefonieren. Alle Tarifangebote haben wir f\u00fcr Sie \u00fcbrigens <a href=\"https:\/\/www.lte-anbieter.info\/prepaid\/anbieter\/edeka.php#tarife\">hier gegen\u00fcbergestellt<\/a>.<\/p>\n<h2>Wie stehts mit VoLTE, WLAN-Calling und eSIM?<\/h2>\n<p>Edekakunden profitieren auch von den Vorteilen, welche 4G-Telefonie (<a href=\"https:\/\/www.lte-anbieter.info\/volte\/\">VoLTE<\/a>) mit sich bringt. Also bessere Sprachqualit\u00e4t und Versorgungssicherheit. Immerhin wurde im Telekomnetz <a href=\"https:\/\/www.lte-anbieter.info\/3g\/\" data-internallinksmanager029f6b8e52c=\"74\" title=\"alles \u00fcber 3G und dessen Abschaltung erfahren\">3G<\/a> schon Mitte 2021 komplett abgeschaltet. <a href=\"https:\/\/www.lte-anbieter.info\/technik\/wlan\/wifi-calling.php\">WIFI-Calling<\/a> versorgt Sie zudem auch in Geb\u00e4uden mit glasklarer Verbindung, selbst wenn die Mobilfunkabdeckung hier schlecht oder gar nicht gegeben ist. Nur das Handy muss die Techniken supporten (fast alle Modelle ab 2019). Auch <a href=\"https:\/\/www.lte-anbieter.info\/ratgeber\/e-sim.php\">eSIMs<\/a> k\u00f6nnen bei Edeka Smart bedarfsweise geordert werden.<\/p>\n<h2>Edeka Hotline-Nummern<\/h2>\n<div class=\"pic_r\"><img decoding=\"async\" src=\"https:\/\/www.lte-anbieter.info\/lte-news\/wp-content\/uploads\/2023\/01\/edeka-netz.webp\" alt=\"EDEKA: Unsere Netzbewertung\" width=\"220\" loading=\"lazy\"><\/div>\n<p>Bei Fragen und Problemen k\u00f6nnen Kunden bzw. Neukunden auf die Hotline des Providers zur\u00fcckgreifen. Welche M\u00f6glichkeiten der Kontaktaufnahme Edeka Smart bietet, erfahren Sie hier in unserem <a href=\"https:\/\/www.lte-anbieter.info\/lte-news\/edeka-service-liste\">Edeka-Hotline Spezial<\/a>.<\/p>\n<h2>Unser Fazit<\/h2>\n<p>Das starke LTE-Netz mit satter Leistung und vergleichsweise faire Preise, machen die Edeka Smart Tarife unserer Ansicht nach zu einer echten Alternative. Besonders zu vielen anderen <a href=\"https:\/\/www.lte-anbieter.info\/prepaid\/anbieter-uebersicht.php\">Prepaid-Anbietern<\/a>, welche meist nur im O2-Netz operieren!<\/p>\n<h2>Welche Anbieter nutzen noch das Netz der Dt. Telekom?<\/h2>\n<p>Hier gibt es tats\u00e4chlich nur ganz wenige, besonders im Prepaidbereich. Neben Edeka sind vor allem die Telekomtochter <a href=\"https:\/\/www.lte-anbieter.info\/lte-provider\/congstar\/congstar-lte.php\">congstar<\/a> sowie <a href=\"https:\/\/www.lte-anbieter.info\/prepaid\/anbieter\/norma-lte.php\">Norma<\/a> zu nennen. Was es sonst noch f\u00fcr Angebote, auch mit Vertrag gibt, zeigt der folgende Preisvergleich:<\/p>\n<p>&nbsp;<\/p>\n<p><script type=\"text\/javascript\" src=\"https:\/\/www.tariffuxx.de\/tools\/view\/twl-mobile?tool_id=377\" id=\"twl-mobile-377\"><\/script><br \/>\n<noscript>Bitte aktivieren Sie JavaScript, um den Tarifvergleich zu nutzen.<\/noscript><\/p>\n<p>&nbsp;<\/p>\n<div style='text-align:center' class='yasr-auto-insert-visitor'><\/div>","protected":false},"excerpt":{"rendered":"<p>&nbsp; Der Lebensmittelh\u00e4ndler \u201eEdeka\u201c steht nicht nur f\u00fcr lokale Lebensmittel, sondern bietet auch ein sehr attraktives Mobilfunkangebot. Unserer Meinung nach, kann es das sogar in vielen Punkten mit dem allseits beliebten Aldi-Talk aufnehmen. Doch auf welches Handynetz greift der Discounter eigentlich zur\u00fcck? Wie gut ist dieses in Deutschland ausgebaut und gibt es schon das schnelle [&hellip;]<\/p>\n","protected":false},"author":1,"featured_media":0,"parent":0,"menu_order":0,"comment_status":"closed","ping_status":"closed","template":"","meta":{"yasr_overall_rating":0,"yasr_post_is_review":"yes","yasr_auto_insert_disabled":"","yasr_review_type":"CreativeWorkSeries","iawp_total_views":913,"footnotes":""},"class_list":["post-32849","page","type-page","status-publish","hentry"],"yasr_visitor_votes":{"stars_attributes":{"read_only":false,"span_bottom":false},"number_of_votes":2,"sum_votes":10},"jetpack_shortlink":"https:\/\/wp.me\/POOxv-8xP","_links":{"self":[{"href":"https:\/\/www.lte-anbieter.info\/lte-news\/wp-json\/wp\/v2\/pages\/32849","targetHints":{"allow":["GET"]}}],"collection":[{"href":"https:\/\/www.lte-anbieter.info\/lte-news\/wp-json\/wp\/v2\/pages"}],"about":[{"href":"https:\/\/www.lte-anbieter.info\/lte-news\/wp-json\/wp\/v2\/types\/page"}],"author":[{"embeddable":true,"href":"https:\/\/www.lte-anbieter.info\/lte-news\/wp-json\/wp\/v2\/users\/1"}],"replies":[{"embeddable":true,"href":"https:\/\/www.lte-anbieter.info\/lte-news\/wp-json\/wp\/v2\/comments?post=32849"}],"version-history":[{"count":3,"href":"https:\/\/www.lte-anbieter.info\/lte-news\/wp-json\/wp\/v2\/pages\/32849\/revisions"}],"predecessor-version":[{"id":43086,"href":"https:\/\/www.lte-anbieter.info\/lte-news\/wp-json\/wp\/v2\/pages\/32849\/revisions\/43086"}],"wp:attachment":[{"href":"https:\/\/www.lte-anbieter.info\/lte-news\/wp-json\/wp\/v2\/media?parent=32849"}],"curies":[{"name":"wp","href":"https:\/\/api.w.org\/{rel}","templated":true}]}}