{"id":32874,"date":"2026-02-03T08:56:37","date_gmt":"2026-02-03T07:56:37","guid":{"rendered":"https:\/\/www.lte-anbieter.info\/lte-news\/?page_id=32874"},"modified":"2026-02-04T14:18:33","modified_gmt":"2026-02-04T13:18:33","slug":"welches-netz-hat-o2","status":"publish","type":"page","link":"https:\/\/www.lte-anbieter.info\/lte-news\/welches-netz-hat-o2","title":{"rendered":"Welches Netz hat O2?"},"content":{"rendered":"<p>&nbsp;<\/p>\n<p><a href=\"https:\/\/www.lte-anbieter.info\/lte-provider\/o2\/o2-lte.php\" data-internallinksmanager029f6b8e52c=\"34\" title=\"O2 LTE- und 5G-Tarife zeigen\">O2<\/a> geh\u00f6rt zu den gr\u00f6\u00dften Playern am deutschen Internet- und Telefoniemarkt. Doch welches Netz hat bzw. nutzt der Anbieter eigentlich und wie gut schneidet dieses im Vergleich zu anderen Netzanbietern ab? Dies und mehr erfahren Sie hier in unserem O2-Netz Spezial.<!--more--><\/p>\n<p>&nbsp;<\/p>\n<p><img decoding=\"async\" src=\"https:\/\/www.lte-anbieter.info\/lte-news\/wp-content\/uploads\/2022\/01\/welches-netz-o2.webp\" alt=\"Welches Mobilnetz nutzt O2?\" class=\"fullwidth\" fetchpriority=\"high\"><\/p>\n<h2>1. Das Mobilfunknetz<\/h2>\n<p>O2 unterh\u00e4lt als einer von drei Unternehmen in Deutschland ein <u>eigenes Mobilfunknetz<\/u>, besser bekannt als <strong>&#8222;E-Netz&#8220;<\/strong>. Telef\u00f3nica Deutschland z\u00e4hlt daher neben <a href=\"https:\/\/www.lte-anbieter.info\/lte-provider\/vodafone\/vodafone-lte.php\" data-internallinksmanager029f6b8e52c=\"33\" title=\"Vodafone LTE- und 5G-Tarife zeigen\">Vodafone<\/a> und der <a href=\"https:\/\/www.lte-anbieter.info\/lte-provider\/telekom\/telekom-lte.php\" data-internallinksmanager029f6b8e52c=\"32\" title=\"LTE- und 5G-Tarife der Deutschen Telekom zeigen\">Dt. Telekom<\/a> zu den Netzbetreibern, auf dessen Grundlage alle andere Marken ohne eigene Infrastruktur zur\u00fcckgreifen. Also z.B. <a href=\"https:\/\/www.lte-anbieter.info\/prepaid\/anbieter\/aldi-talk.php\" data-internallinksmanager029f6b8e52c=\"53\" title=\"Aldi-Talk Tarife und Testbericht\">Aldi-Talk<\/a>, Blau, <a href=\"https:\/\/www.lte-anbieter.info\/lte-provider\/smart\/smartmobil.php\" data-internallinksmanager029f6b8e52c=\"38\" title=\"Smartmobil Tarife zeigen\">Smartmobil<\/a> und so weiter. Nach der \u00dcbernahme von Eplus vor einigen Jahren, stieg O2 sogar zum gr\u00f6\u00dften hiesigen Mobilfunkanbieter, gemessen an der Kundenzahl, auf.<\/p>\n<p>&nbsp;<\/p>\n<p><u>PS:<\/u> 1und1 baut seit 2020 auch an einem eigenen Mobilfunknetz f\u00fcr den LTE-Nachfolger <a href=\"https:\/\/www.lte-anbieter.info\/5g\/\">5G<\/a>. Ende 2023 startete der Provider offiziell mit seinem eigenen <a href=\"https:\/\/www.lte-anbieter.info\/5g\/\" data-internallinksmanager029f6b8e52c=\"73\" title=\"alles zum LTE-Nachfolger 5G\">5G<\/a>-Netz, allerdings vorerst <a href=\"https:\/\/www.5g-anbieter.info\/verfuegbarkeit\/1und1-5g-verfuegbarkeit-testen.html\" target=\"_blank\" rel=\"noopener\">nur in wenigen St\u00e4dten<\/a>. <\/p>\n<h2>Wie gut ist die Netzversorgung bei O2?<\/h2>\n<p>Im direkten Vergleich schneidet O2 bei <a href=\"https:\/\/www.lte-anbieter.info\/lte-news\/index.php?s=netztest\">unabh\u00e4ngigen Netztests<\/a>, wie z.B. von der Zeitschrift connect, seit Jahren etwas schlechter als die Mitbewerber ab. Stiftung Warentest urteilte letztmals im April 2022 mit der Note 1,9 (Telekom 1,6 und Vodafone 1,7). In Punkto Abdeckung und Geschwindigkeit f\u00fchren nach wie vor Vodafone und die Deutsche Telekom, allerdings nur noch moderat. Wer sich selbst ein Bild von der Ausbausituation bei sich vor Ort machen m\u00f6chte, findet hier <a href=\"https:\/\/www.lte-anbieter.info\/details\/O2Verf\" rel=\"noopener nofollow\" target=\"_blank\">auf dieser Karte von O2 Einblicke<\/a> zum Status quo.<\/p>\n<h2>Wie ist die Qualit\u00e4t?<\/h2>\n<p>Sofern Empfang vor Ort besteht, ist O2 hinsichtlich der Qualit\u00e4t den anderen Netzbetreibern durchaus ebenw\u00fcrdig. Das liegt insbesondere daran, dass O2 allen Kunden die Nutzung von <a href=\"https:\/\/www.lte-anbieter.info\/volte\/\">Voice over LTE<\/a> sowie <a href=\"https:\/\/www.lte-anbieter.info\/technik\/wlan\/wifi-calling.php\">Wifi-Calling<\/a> erlaubt. Diese tragen erheblich zur Verbesserung der Abdeckung und Sprachqualit\u00e4t bei. Vodafone und Telekom dagegen bieten die Dienste nur ausgesuchten Vertragskunden. Auch <a href=\"https:\/\/www.lte-anbieter.info\/ratgeber\/e-sim.php\">eSIM<\/a>s k\u00f6nnen optional bestellt werden.<\/p>\n<h2>Gibt es 4G\/LTE bei O2 und wie schnell ist es?<\/h2>\n<p>Ja, auch jeden Fall! O2 war sogar der erste Anbieter, welcher s\u00e4mtliche Kunden, sogar <a href=\"https:\/\/www.lte-anbieter.info\/prepaid\/prepaid-lte-ratgeber.php\">Prepaid<\/a>, ins eigene LTE-Netz lie\u00df. Die maximale Daten\u00fcbertragungsrate liegt bei maximal 300 MBit\/s, je nach Tarif. Genau wie bei Vodafone und der Telekom also!<\/p>\n<h2>Hat O2 auch 5G?<\/h2>\n<div class=\"pic_r\"><img decoding=\"async\" src=\"https:\/\/www.lte-anbieter.info\/lte-news\/wp-content\/uploads\/2025\/01\/o2-netz.webp\" title=\"Unsere Wertung zum O2-Netz\" alt=\"Bewertung O2-Netz\" width=\"250\" loading=\"lazy\"><\/div>\n<p>Ja! Seit Q1\/2020 sind einige Tarife (siehe <a href=\"https:\/\/www.lte-anbieter.info\/lte-provider\/o2\/o2-lte.php#smartphone\">hier<\/a>) 5G-f\u00e4hig. Vorausgesetzt man wohnt in einem der <a href=\"https:\/\/www.5g-anbieter.info\/verfuegbarkeit\/o2-5g-verfuegbarkeit-testen.html\" target=\"_blank\" rel=\"noopener\">Regionen wo O2 das Netz schon f\u00fcr 5G modernisiert hat<\/a> und besitzt ein passendes 5G-Smartphone. Anfang 2026 erreichte die 5G-Abdeckung bei O2 99 Prozent.<\/p>\n<h2>2. Das Festnetz<\/h2>\n<p>Neben Mobilfunk-Tarifen, bietet O2 auch recht <a href=\"https:\/\/www.lte-anbieter.info\/details\/o2dsl\" rel=\"noopener nofollow\" target=\"_blank\">attraktive Festnetz-Internetzug\u00e4nge<\/a> per (V)DSL, Kabel und sogar Glasfaser. Allerdings betreibt der Anbieter kaum in Eigenregie die daf\u00fcr n\u00f6tigen Infrastrukturen, sondern baut diese im Gegenteil seit Jahren ab. Stattdessen setzt man auf Kooperationspartner \u2013 also andere Netzbetreiber. Der \u00fcberwiegende Teil wird \u00fcber die Deutsche Telekom als Partner angemietet. Ein Festnetz-Breitbandanschluss von O2 kommt also technisch gesehen im Regelfall von der Telekom (auch Resale genannt). Zusammenfassen kann man daher sagen, dass O2 aktuell ein <u>reiner Mobilfunknetzanbieter ist<\/u>. Zwar versucht sich der Anbieter seit 2020 im Ausbau eines eigenen Glasfasernetzes mit diversen Partnern, doch ist dieses aktuell noch im Anfangsstadium.<\/p>\n<h2>Tarifvergleich: andere Angebote im O2-Netz im Vergleich<\/h2>\n<p>Die Angebote von O2 (z.B. O2 Mobile) sind f\u00fcr Sie doch nicht so das Richtige? Die gute Nachricht: Es gibt im O2-Netz mehr Anbieter und Tarife als von jedem anderen. Im folgenden Tarifvergleich finden Sie mit Sicherheit ein passendes Schn\u00e4ppchen.<\/p>\n<p>&nbsp;<\/p>\n<p><script type=\"text\/javascript\" src=\"https:\/\/www.tariffuxx.de\/tools\/view\/twl-mobile?tool_id=375\" id=\"twl-mobile-375\"><\/script><br \/>\n<noscript>Bitte aktivieren Sie JavaScript, um den Tarifvergleich zu nutzen.<\/noscript><br \/>\n<\/p>\n<h2>Hotlines<\/h2>\n<p>F\u00fcr Fragen und Probleme bietet O2 nat\u00fcrlich auch eigene Callcenter. Die wichtigsten Rufnummern und Kontaktm\u00f6glichkeiten haben wir f\u00fcr Sie <a href=\"https:\/\/www.lte-anbieter.info\/lte-news\/o2-service-telefonnummern-liste\">hier zusammengetragen<\/a>.<\/p>\n<p>&nbsp;<\/p>\n<div style='text-align:center' class='yasr-auto-insert-visitor'><\/div>","protected":false},"excerpt":{"rendered":"<p>&nbsp; O2 geh\u00f6rt zu den gr\u00f6\u00dften Playern am deutschen Internet- und Telefoniemarkt. Doch welches Netz hat bzw. nutzt der Anbieter eigentlich und wie gut schneidet dieses im Vergleich zu anderen Netzanbietern ab? Dies und mehr erfahren Sie hier in unserem O2-Netz Spezial.<\/p>\n","protected":false},"author":1,"featured_media":0,"parent":0,"menu_order":0,"comment_status":"closed","ping_status":"closed","template":"","meta":{"yasr_overall_rating":0,"yasr_post_is_review":"yes","yasr_auto_insert_disabled":"","yasr_review_type":"CreativeWorkSeries","iawp_total_views":10431,"footnotes":""},"class_list":["post-32874","page","type-page","status-publish","hentry"],"yasr_visitor_votes":{"stars_attributes":{"read_only":false,"span_bottom":false},"number_of_votes":6,"sum_votes":15},"jetpack_shortlink":"https:\/\/wp.me\/POOxv-8ye","_links":{"self":[{"href":"https:\/\/www.lte-anbieter.info\/lte-news\/wp-json\/wp\/v2\/pages\/32874","targetHints":{"allow":["GET"]}}],"collection":[{"href":"https:\/\/www.lte-anbieter.info\/lte-news\/wp-json\/wp\/v2\/pages"}],"about":[{"href":"https:\/\/www.lte-anbieter.info\/lte-news\/wp-json\/wp\/v2\/types\/page"}],"author":[{"embeddable":true,"href":"https:\/\/www.lte-anbieter.info\/lte-news\/wp-json\/wp\/v2\/users\/1"}],"replies":[{"embeddable":true,"href":"https:\/\/www.lte-anbieter.info\/lte-news\/wp-json\/wp\/v2\/comments?post=32874"}],"version-history":[{"count":5,"href":"https:\/\/www.lte-anbieter.info\/lte-news\/wp-json\/wp\/v2\/pages\/32874\/revisions"}],"predecessor-version":[{"id":41279,"href":"https:\/\/www.lte-anbieter.info\/lte-news\/wp-json\/wp\/v2\/pages\/32874\/revisions\/41279"}],"wp:attachment":[{"href":"https:\/\/www.lte-anbieter.info\/lte-news\/wp-json\/wp\/v2\/media?parent=32874"}],"curies":[{"name":"wp","href":"https:\/\/api.w.org\/{rel}","templated":true}]}}