{"id":32910,"date":"2026-02-06T10:19:31","date_gmt":"2026-02-06T09:19:31","guid":{"rendered":"https:\/\/www.lte-anbieter.info\/lte-news\/?page_id=32910"},"modified":"2026-02-07T10:15:21","modified_gmt":"2026-02-07T09:15:21","slug":"welches-netz-hat-telekom","status":"publish","type":"page","link":"https:\/\/www.lte-anbieter.info\/lte-news\/welches-netz-hat-telekom","title":{"rendered":"Welches Netz hat die Deutsche Telekom?"},"content":{"rendered":"<p>&nbsp;<\/p>\n<p>Die <a href=\"https:\/\/www.lte-anbieter.info\/lte-provider\/telekom\/telekom-lte.php\" data-internallinksmanager029f6b8e52c=\"32\" title=\"LTE- und 5G-Tarife der Deutschen Telekom zeigen\">Deutsche Telekom<\/a> geh\u00f6rt zu den gr\u00f6\u00dften Festnetz- und Mobilfunkanbietern in Deutschland. Doch welches Netz hat der Konzern eigentlich? Oder anders ausgedr\u00fcckt: Welches Netzt nutzen Telekomkunden am Smartphone und zuhause per DSL oder Glasfaser? LTE-Anbieter.info hat folgend alle Infos und Fakten f\u00fcr Sie gesammelt.<!--more--><\/p>\n<div class=\"pic_l_cl\"><img decoding=\"async\" src=\"https:\/\/www.lte-anbieter.info\/lte-news\/wp-content\/uploads\/2025\/01\/netz-telekom-spezial.webp\" alt=\"Spezial zum Fest- und Mobilnetz der Dt. Telekom\" fetchpriority=\"high\"><\/div>\n<h2>1. Das Mobilfunknetz<\/h2>\n<p>Bei der \u201eDeutsche Telekom AG\u201c handelt es sich um einen von drei Mobilfunknetzbetreibern in Deutschland. Nur <a href=\"https:\/\/www.lte-anbieter.info\/lte-provider\/o2\/o2-lte.php\" data-internallinksmanager029f6b8e52c=\"34\" title=\"O2 LTE- und 5G-Tarife zeigen\">O2<\/a> und <a href=\"https:\/\/www.lte-anbieter.info\/lte-provider\/vodafone\/vodafone-lte.php\" data-internallinksmanager029f6b8e52c=\"33\" title=\"Vodafone LTE- und 5G-Tarife zeigen\">Vodafone<\/a> besitzen noch eigene Lizenzen und Funkmasten. 1&#038;1 geh\u00f6rt zwar streng genommen seit 2023 auch in den erlauchten Kreis, wird mit dem Aufbau eines eigenen, nennenswerten Netzes wohl noch Jahre brauchen. Wer einen <a href=\"https:\/\/www.lte-anbieter.info\/lte-provider\/telekom\/telekom-lte.php#smartphone\">Magenta Smartphone-Tarif<\/a> hat oder bestellen will, surft und telefoniert also im <strong>Telekom-eigenen (D1) Mobilfunknetz<\/strong>.<\/p>\n<h2>Wie gut ist die Netzversorgung bei der Telekom 2026?<\/h2>\n<p>Alles in allem exzellent! Seit vielen Jahren schon attestieren die regelm\u00e4\u00dfig stattfindenden <a href=\"https:\/\/www.lte-anbieter.info\/lte-news\/index.php?s=netztest\">Netztests<\/a> von &#8222;Computer Bild&#8220; und &#8222;Connect&#8220; dem Bonner Unternehmen die Beste Abdeckung und hervorragende Performance im Telekom 4G-Netz. Im letzten Bericht der Stiftung-Warentest von 2022 (es gibt leider noch keinen neueren Test) sicherte man sich das Pr\u00e4dikat &#8222;gut&#8220; mit Note 1.6 (Vodafone 1.7 und O2 Note 1.9). Der Konzern wirbt daher stolz sogar mit dem Pr\u00e4dikat \u201ebestes Netz\u201c. Auch in der letzten Connect Leserwahl sicherte sich der Konzern wieder den 1. Platz in der Kundenzufriedenheit beim Netz. Die LTE-Abdeckung n\u00e4hert sich zudem seit 2024 <a href=\"https:\/\/www.lte-anbieter.info\/verfuegbarkeit\/telekom-lte-verfuegbarkeit-check.php\" rel=\"noopener\" target=\"_blank\">langsam der 99.9 Prozentmarke<\/a>. <a href=\"https:\/\/www.lte-anbieter.info\/3g\/\" data-internallinksmanager029f6b8e52c=\"74\" title=\"alles \u00fcber 3G und dessen Abschaltung erfahren\">3G<\/a> hingegen hat der Konzern Mitte 2021 zu Gunsten von 4G und <a href=\"https:\/\/www.lte-anbieter.info\/5g\/\" data-internallinksmanager029f6b8e52c=\"73\" title=\"alles zum LTE-Nachfolger 5G\">5G<\/a> <a href=\"https:\/\/www.lte-anbieter.info\/3g\/\">abgeschaltet<\/a>.<\/p>\n<h2>Wie ist die Qualit\u00e4t?<\/h2>\n<div class=\"pic_r\"><img decoding=\"async\" src=\"https:\/\/www.lte-anbieter.info\/lte-news\/wp-content\/uploads\/2025\/01\/telekom-netz.webp\" alt=\"Wertung zum Netz der Dt. Telekom\" title=\"Wertung zur Qualit\u00e4t des Telekomnetzes\" width=\"250\" loading=\"lazy\"><\/div>\n<p>Auch in Punkto Sprachqualit\u00e4t und Stabilit\u00e4t erzielt die Telekom regelm\u00e4\u00dfig Bestnoten.<\/p>\n<h2>Gibt es 4G\/LTE bei der Dt. Telekom und wie schnell ist es?<\/h2>\n<p>Selbstverst\u00e4ndlich! Das Unternehmen gilt sogar als Pionier in Punkto 4G. Aber auch beim neusten <a href=\"https:\/\/www.lte-anbieter.info\/5g\/\">5G<\/a> f\u00fchrt der Konzern, doch dazu gleich mehr. Die aktuell maximal m\u00f6gliche Daten\u00fcbertragungsrate im LTE-Netz der Telekom, liegt bei 300 MBit\/s. Also weit mehr, als die meisten Leser wohl zuhause daheim anliegen haben.<\/p>\n<p>&nbsp;<\/p>\n<div class=\"highlight2\">&raquo; <a href=\"https:\/\/www.lte-anbieter.info\/lte-provider\/telekom\/telekom-lte.php#smartphone\">Handy-Tarife der Dt. Telekom im Vergleich<\/a><\/div>\n<h2>Hat die Telekom 5G?<\/h2>\n<p>Und wie! Aktuell betreibt man neben Vodafone das bundesweit gr\u00f6\u00dfte 5G-Netz und versorgt seit 2026 99 Prozent der Bev\u00f6lkerung. Der neue 5G-Standard bietet deutlich h\u00f6here Datenraten als noch LTE. In wenigen Jahren sollen dar\u00fcber zweistellige Gigabit-Raten erreicht werden. Momentan sind in der Spitze knapp bis 1,5 bis 2 GBit pro Sekunde m\u00f6glich. Der Mittelwert d\u00fcrfte bei ca. 500-800 MBit liegen. Verf\u00fcgbar sowohl f\u00fcr Vertrags- als auch Prepaidkunden.<\/p>\n<h2>Bietet das Telekomnetz Voice over LTE und WLAN Calling?<\/h2>\n<p>Ja, der Anbieter bietet seinen Kunden beide Dienste an. <a href=\"https:\/\/www.lte-anbieter.info\/volte\/\">VoLTE<\/a> verbessert die Sprachqualit\u00e4t deutlich und <a href=\"https:\/\/www.lte-anbieter.info\/technik\/wlan\/wifi-calling.php\">WIFI-Calling<\/a> ist insbesondere dort n\u00fctzlich, wo das Netz einmal doch nicht hinreicht. Etwa in verwinkelten Geb\u00e4uden, Wohnungen oder B\u00fcros. Nur das Smartphone muss kompatibel sein, was aber bei fast allen Ger\u00e4ten seit ca. 2019 der Fall ist. An VoNR, also 5G-Telefonie, wird hingegen noch gearbeitet. Bei Bedarf k\u00f6nnen Kunden \u00fcbrigens auch <a href=\"https:\/\/www.lte-anbieter.info\/ratgeber\/e-sim.php\">eSIM<\/a>s bestellen.<\/p>\n<h2>andere Handy-Tarife im Telekomnetz<\/h2>\n<p>Es gibt noch einge ganze Reihe von anderen virtuellen Anbietern, die auf das Netz der Deutschen Telekom zur\u00fcckgreifen und Tarife \u00fcber eigene Marken anbieten. Wie zum Beispiel <a href=\"https:\/\/www.lte-anbieter.info\/lte-provider\/congstar\/congstar-lte.php\" data-internallinksmanager029f6b8e52c=\"37\" title=\"Congstar Tarife zeigen\">congstar<\/a> oder Edeka Mobil. Die folgende \u00dcbersicht zeigt die wichtigsten, aktuellen Angebote im \u00dcberblick.<\/p>\n<p>&nbsp;<\/p>\n<p><script type=\"text\/javascript\" src=\"https:\/\/www.tariffuxx.de\/tools\/view\/twl-mobile?tool_id=377\" id=\"twl-mobile-377\"><\/script><br \/>\n<noscript>Bitte aktivieren Sie JavaScript, um den Tarifvergleich zu nutzen.<\/noscript><\/p>\n<h2>2. Das Festnetz<\/h2>\n<p>Neben Mobilfunk betreibt die Telekom noch ein bundesweit ausgebautes Breitbandnetz auf Basis von DSL, <a href=\"https:\/\/www.lte-anbieter.info\/lte-alternativen\/vdsl-kabel\/vdsl-kabel-flatrate.php\" data-internallinksmanager029f6b8e52c=\"63\" title=\"Was ist VDSL und was kostet es?\">VDSL<\/a> und immer \u00f6fter auch Glasfaser (FTTH). Die Abdeckung mit dem bis zu 250 MBit schnellen VDSL liegt aktuell bei ca. 85-90 Prozent. FTTH, mit bis zu 1 Gbit, k\u00f6nnen um die 20-25 Prozent aller Kunden buchen. Am besten ist nach wie vor DSL ausgebaut \u2013 hier liegt die Quote bei \u00fcber 95 Prozent (in St\u00e4dten sogar 99 Prozent). Allerdings biete die Technik auch maximal 16 Mbit\/s, was in Zeiten von Netflix und UltraHD vergleichsweise wenig ist. Was und wie gut Ihr Haus schon versorgt ist, zeigt ein <a href=\"https:\/\/www.lte-anbieter.info\/details\/TelekomVerf\" rel=\"noopener nofollow\" target=\"_blank\">Verf\u00fcgbarkeitstest hier direkt auf der Seite der Telekom<\/a>.<\/p>\n<h2>Schon geswusst?<\/h2>\n<p>&raquo; <a href=\"https:\/\/www.lte-anbieter.info\/lte-news\/uebriges-datenvolumen-abfragen-ohne-app\">Restliches Datenvolumen abfragen ohne App!<\/a><\/p>\n<p>&nbsp;<\/p>\n<div style='text-align:center' class='yasr-auto-insert-visitor'><\/div>","protected":false},"excerpt":{"rendered":"<p>&nbsp; Die Deutsche Telekom geh\u00f6rt zu den gr\u00f6\u00dften Festnetz- und Mobilfunkanbietern in Deutschland. Doch welches Netz hat der Konzern eigentlich? Oder anders ausgedr\u00fcckt: Welches Netzt nutzen Telekomkunden am Smartphone und zuhause per DSL oder Glasfaser? LTE-Anbieter.info hat folgend alle Infos und Fakten f\u00fcr Sie gesammelt.<\/p>\n","protected":false},"author":1,"featured_media":0,"parent":0,"menu_order":0,"comment_status":"closed","ping_status":"closed","template":"","meta":{"yasr_overall_rating":0,"yasr_post_is_review":"yes","yasr_auto_insert_disabled":"","yasr_review_type":"CreativeWorkSeries","iawp_total_views":775,"footnotes":""},"class_list":["post-32910","page","type-page","status-publish","hentry"],"yasr_visitor_votes":{"stars_attributes":{"read_only":false,"span_bottom":false},"number_of_votes":1,"sum_votes":5},"jetpack_shortlink":"https:\/\/wp.me\/POOxv-8yO","_links":{"self":[{"href":"https:\/\/www.lte-anbieter.info\/lte-news\/wp-json\/wp\/v2\/pages\/32910","targetHints":{"allow":["GET"]}}],"collection":[{"href":"https:\/\/www.lte-anbieter.info\/lte-news\/wp-json\/wp\/v2\/pages"}],"about":[{"href":"https:\/\/www.lte-anbieter.info\/lte-news\/wp-json\/wp\/v2\/types\/page"}],"author":[{"embeddable":true,"href":"https:\/\/www.lte-anbieter.info\/lte-news\/wp-json\/wp\/v2\/users\/1"}],"replies":[{"embeddable":true,"href":"https:\/\/www.lte-anbieter.info\/lte-news\/wp-json\/wp\/v2\/comments?post=32910"}],"version-history":[{"count":5,"href":"https:\/\/www.lte-anbieter.info\/lte-news\/wp-json\/wp\/v2\/pages\/32910\/revisions"}],"predecessor-version":[{"id":44298,"href":"https:\/\/www.lte-anbieter.info\/lte-news\/wp-json\/wp\/v2\/pages\/32910\/revisions\/44298"}],"wp:attachment":[{"href":"https:\/\/www.lte-anbieter.info\/lte-news\/wp-json\/wp\/v2\/media?parent=32910"}],"curies":[{"name":"wp","href":"https:\/\/api.w.org\/{rel}","templated":true}]}}