{"id":32939,"date":"2026-02-18T11:14:05","date_gmt":"2026-02-18T10:14:05","guid":{"rendered":"https:\/\/www.lte-anbieter.info\/lte-news\/?page_id=32939"},"modified":"2026-02-19T09:59:32","modified_gmt":"2026-02-19T08:59:32","slug":"welches-netz-hat-vodafone","status":"publish","type":"page","link":"https:\/\/www.lte-anbieter.info\/lte-news\/welches-netz-hat-vodafone","title":{"rendered":"Welches Netz hat Vodafone?"},"content":{"rendered":"<p>&nbsp;<\/p>\n<p><a href=\"https:\/\/www.lte-anbieter.info\/lte-provider\/vodafone\/vodafone-lte.php\" data-internallinksmanager029f6b8e52c=\"33\" title=\"Vodafone LTE- und 5G-Tarife zeigen\">Vodafone<\/a> z\u00e4hlt zu den drei gr\u00f6\u00dften Mobilfunkunternehmen in Deutschland. Aber welches Netz hat der Anbieter eigentlich bzw. in welchem Netz surfen die Kunden bei Vodafone? All dies und mehr erfahren Sie im folgenden Ratgeber.<!--more--><\/p>\n<p>&nbsp;<\/p>\n<div class=\"highlight\">Zun\u00e4chst sei erw\u00e4hnt, dass Vodafone sowohl ein Mobilfunknetz, <u>als auch<\/u> ein Fest- bzw. Kabelnetz unterh\u00e4lt. Daher beleuchten wir folgend beide Welten getrennt &#8230;<\/div>\n<h2><u>1. Das Mobilfunknetz von Vodafone<\/u><\/h2>\n<div class=\"pic_r\"><img decoding=\"async\" src=\"https:\/\/www.lte-anbieter.info\/lte-news\/wp-content\/uploads\/2022\/08\/vodafone-logo-blog.webp\" alt=\"Vodafone\" width=\"150\" fetchpriority=\"high\"><\/div>\n<p>Nach der Deutschen Telekom betreibt Vodafone das zweitgr\u00f6\u00dfte Mobilnetz in Deutschland. Zusammen mit <a href=\"https:\/\/www.lte-anbieter.info\/lte-provider\/o2\/o2-lte.php\" data-internallinksmanager029f6b8e52c=\"34\" title=\"O2 LTE- und 5G-Tarife zeigen\">O2<\/a> und Deutscher Telekom, geh\u00f6rt Vodafone sogar zu den einzigen Netzbetreibern des Landes (1&#038;1 baut sein Netz noch auf). Vertrags- und Prepaidkunden surfen und telefonieren also im <u>hauseigenen Vodafone-Netz<\/u> (<strong>D2<\/strong>).<\/p>\n<h2>Wie gut ist die Netzabdeckung bei Vodafone 2026?<\/h2>\n<p>Unabh\u00e4ngige <a href=\"https:\/\/www.lte-anbieter.info\/lte-news\/index.php?s=netztest\">Netztests der letzten Jahre<\/a> zeigten immer wieder, dass der Anbieter mittlerweile eine exzellente Versorgung sicherstellen kann. Auch die Stiftung-Warentest testete letztmalig 2022 und vergab bei der letzten Pr\u00fcfung ein &#8222;gut&#8220; (Note 1,7). 4G\/LTE zum Beispiel, ist f\u00fcr \u00fcber 99 Prozent der Bev\u00f6lkerung via Vodafone gew\u00e4hrleistet. Bei <a href=\"https:\/\/www.lte-anbieter.info\/5g\/\">5G<\/a> sind es in etwa <a href=\"https:\/\/www.5g-anbieter.info\/verfuegbarkeit\/vodafone-5g-verfuegbarkeit-testen.html\" target=\"_blank\" rel=\"noopener\">93 Prozent<\/a>. Die Telekom und O2 kommen allerdings auf etwas h\u00f6here Werte. Auch <a href=\"https:\/\/www.lte-anbieter.info\/lte-news\/index.php?s=netztest\">neuere Netztests<\/a> best\u00e4tigen die Einsch\u00e4tzung. Wer sich selbst ein Bild vom aktuellen Status machen, findet <a href=\"https:\/\/www.lte-anbieter.info\/details\/Vodafonemap\" rel=\"noopener nofollow\" target=\"_blank\">hier die offizielle Netzabdeckungskarte von Vodafone<\/a>.<\/p>\n<h2>Wie gut ist die Netz-Qualit\u00e4t?<\/h2>\n<div class=\"pic_r\"><img decoding=\"async\" src=\"https:\/\/www.lte-anbieter.info\/lte-news\/wp-content\/uploads\/2025\/01\/vodafone-netz.webp\" alt=\"Wertung zum Vodafonenetz\" width=\"220\" loading=\"lazy\"><\/div>\n<p>Auch in Hinblick au die Qualit\u00e4t attestieren die Tests Vodafone sehr gute Schulnoten, vergleichbar mit dem der <a href=\"https:\/\/www.lte-anbieter.info\/lte-provider\/telekom\/telekom-lte.php\" data-internallinksmanager029f6b8e52c=\"32\" title=\"LTE- und 5G-Tarife der Deutschen Telekom zeigen\">Dt. Telekom<\/a>, die seit Jahren ein Sieg nach dem anderen f\u00fcr das \u201eBeste Netz\u201c einsteicht. Zudem bieten die D\u00fcsseldorfer ihren Kunden Zugang zu <a href=\"https:\/\/www.lte-anbieter.info\/volte\/\">VoLTE<\/a> und <a href=\"https:\/\/www.lte-anbieter.info\/technik\/wlan\/wifi-calling.php\">Wificalling<\/a> (nicht bei <a href=\"https:\/\/www.lte-anbieter.info\/prepaid\/anbieter\/callya-vodafone.php\" data-internallinksmanager029f6b8e52c=\"52\" title=\"Callya Prepaid Tarife von Vodafone im Vergleich\">Callya<\/a>) \u2013 zwei Dienste, welche die Sprachqualit\u00e4t und Versorgungsg\u00fcte deutlich steigern.<\/p>\n<h2>Gibt es LTE &#038; 5G bei Vodafone und wie schnell ist es?<\/h2>\n<p>Ja, auf jeden Fall! Vodafone war sogar der erste Anbieter, welcher 2010 erstmals 4G und 2019 dann auch <a href=\"https:\/\/www.lte-anbieter.info\/5g\/\" data-internallinksmanager029f6b8e52c=\"73\" title=\"alles zum LTE-Nachfolger 5G\">5G<\/a> einf\u00fchrte. Egal ob Vertrag oder Prepaid \u2013 Sie surfen bei Vodafone immer mit 300 MBit im LTE-Netz. Via 5G-Funk sind sogar \u00fcber 1 Gbit\/s m\u00f6glich.<\/p>\n<h2>andere Anbieter im Vodafone-Mobilnetz<\/h2>\n<p>Das Unternehmen stellt seine Dienste gegen Entgelt nat\u00fcrlich auch anderen, sogenannten virtuellen Anbietern, zur Verf\u00fcgung. Diese k\u00f6nnen sich einmieten und so eigene Tarifpakte schn\u00fcren. Bekannte Vertreter im Vodafone-Netz sind <a href=\"https:\/\/www.lte-anbieter.info\/lte-provider\/otelo\/otelo-lte.php\">Otelo<\/a> (Tochtermarke), <a href=\"https:\/\/www.lte-anbieter.info\/lte-provider\/simon\/simon-mobil.php\">SIMon<\/a> und <a href=\"https:\/\/www.lte-anbieter.info\/prepaid\/anbieter\/lidl.php\">Lidl<\/a>. Tats\u00e4chlich gibt es nur sehr wenige Partner. Weiter unten finden Sie \u00fcbrigens noch einen Tarifvergleich von alle infrage kommenden Anbietern&#8230;<\/p>\n<h2><u>2. Das Festnetz von Vodafone<\/u><\/h2>\n<p>Wie schon angedeutet, bietet der Konzern nicht nur Mobilfunk. Der vollintegrierte Anbieter unterh\u00e4lt n\u00e4mlich auch Deutschlands gr\u00f6\u00dftes Kabelnetz. Erwachsen aus mehreren \u00dcbernahmen \u2013 die bekanntesten davon sind Kabel Deutschland und Unitymedia. Anfang 2025 erreichte Vodafone \u00fcber das Kabelnetz schon gut 25 Mio. Haushalte. 24 Millionen davon k\u00f6nnen mit 1 GBit\/s zuhause ins Internet. Die entsprechenden Tarife und einen Verf\u00fcgbarkeitscheck zum Kabelnetz, finden Sie <a href=\"https:\/\/www.lte-anbieter.info\/details\/VFKabel\" rel=\"noopener nofollow\" target=\"_blank\">hier auf der Vodafoneseite<\/a>. (V)DSL spielt hingegen f\u00fcr den Konzern fast keine Rolle, da praktisch s\u00e4mtliche Anschl\u00fcsse als Resale von der Telekom angemietet werden.<\/p>\n<h2>andere Anbieter im Vodafone Mobilnetz<\/h2>\n<p>Sie wollen schon via Vodafone surfen und telefonieren, aber m\u00f6glichst g\u00fcnstiger? Dann werfen Sie doch einen Blick auf unseren Tarifvergleich. Der zeigt, welche anderen Angebote es auf dem Markt gibt.<\/p>\n<p>&nbsp;<\/p>\n<p><script type=\"text\/javascript\" src=\"https:\/\/www.tariffuxx.de\/tools\/view\/twl-mobile?tool_id=376\" id=\"twl-mobile-376\"><\/script><br \/>\n<noscript>Bitte aktivieren Sie JavaScript, um den Tarifvergleich zu nutzen.<\/noscript><\/p>\n<p>&nbsp;<\/p>\n<div style='text-align:center' class='yasr-auto-insert-visitor'><\/div>","protected":false},"excerpt":{"rendered":"<p>&nbsp; Vodafone z\u00e4hlt zu den drei gr\u00f6\u00dften Mobilfunkunternehmen in Deutschland. Aber welches Netz hat der Anbieter eigentlich bzw. in welchem Netz surfen die Kunden bei Vodafone? All dies und mehr erfahren Sie im folgenden Ratgeber.<\/p>\n","protected":false},"author":1,"featured_media":0,"parent":0,"menu_order":0,"comment_status":"closed","ping_status":"closed","template":"","meta":{"yasr_overall_rating":0,"yasr_post_is_review":"yes","yasr_auto_insert_disabled":"","yasr_review_type":"CreativeWorkSeries","iawp_total_views":2249,"footnotes":""},"class_list":["post-32939","page","type-page","status-publish","hentry"],"yasr_visitor_votes":{"stars_attributes":{"read_only":false,"span_bottom":false},"number_of_votes":2,"sum_votes":10},"jetpack_shortlink":"https:\/\/wp.me\/POOxv-8zh","_links":{"self":[{"href":"https:\/\/www.lte-anbieter.info\/lte-news\/wp-json\/wp\/v2\/pages\/32939","targetHints":{"allow":["GET"]}}],"collection":[{"href":"https:\/\/www.lte-anbieter.info\/lte-news\/wp-json\/wp\/v2\/pages"}],"about":[{"href":"https:\/\/www.lte-anbieter.info\/lte-news\/wp-json\/wp\/v2\/types\/page"}],"author":[{"embeddable":true,"href":"https:\/\/www.lte-anbieter.info\/lte-news\/wp-json\/wp\/v2\/users\/1"}],"replies":[{"embeddable":true,"href":"https:\/\/www.lte-anbieter.info\/lte-news\/wp-json\/wp\/v2\/comments?post=32939"}],"version-history":[{"count":5,"href":"https:\/\/www.lte-anbieter.info\/lte-news\/wp-json\/wp\/v2\/pages\/32939\/revisions"}],"predecessor-version":[{"id":43368,"href":"https:\/\/www.lte-anbieter.info\/lte-news\/wp-json\/wp\/v2\/pages\/32939\/revisions\/43368"}],"wp:attachment":[{"href":"https:\/\/www.lte-anbieter.info\/lte-news\/wp-json\/wp\/v2\/media?parent=32939"}],"curies":[{"name":"wp","href":"https:\/\/api.w.org\/{rel}","templated":true}]}}