{"id":33654,"date":"2025-12-02T08:22:27","date_gmt":"2025-12-02T07:22:27","guid":{"rendered":"https:\/\/www.lte-anbieter.info\/lte-news\/?page_id=33654"},"modified":"2026-02-04T12:51:51","modified_gmt":"2026-02-04T11:51:51","slug":"welches-netz-hat-freenet-funk","status":"publish","type":"page","link":"https:\/\/www.lte-anbieter.info\/lte-news\/welches-netz-hat-freenet-funk","title":{"rendered":"Welches Netz hat Freenet FUNK?"},"content":{"rendered":"<p>&nbsp;<\/p>\n<p>Freenet bietet seit Ende 2025 mit seiner Marke \u201eFUNK\u201c endlich wieder ein ganz besonderes Angebot. Unlimitiert mit LTE\/<a href=\"https:\/\/www.lte-anbieter.info\/5g\/\" data-internallinksmanager029f6b8e52c=\"73\" title=\"alles zum LTE-Nachfolger 5G\">5G<\/a> surfen f\u00fcr kann 20 \u20ac monatlich! Kaum verwunderlich, dass sich der Tarif gr\u00f6\u00dfter Beliebtheit erfreut, kosten doch Unlimited Allnetflats sonst meist ein Vielfaches. Doch welches Mobilfunknetz wird hier eigentlich genutzt und wie gut ist dieses?<!--more--><\/p>\n<p>&nbsp;<\/p>\n<p><img decoding=\"async\" src=\"https:\/\/www.lte-anbieter.info\/lte-news\/wp-content\/uploads\/2022\/01\/freenet-funk-sim-box.webp\" class=\"fullwidth\" alt=\"Freenet FUNK SIM\" fetchpriority=\"high\"><\/p>\n<h2>Das Mobilfunknetz von Freenet FUNK 2026<\/h2>\n<p>Eigentlich ist die Frage nicht ganz korrekt formuliert, denn Freenet selbst betreibt in Deutschland kein eigenes Netz. Vielmehr mietet das Unternehmen f\u00fcr seine Tarifangebote sich bei einem der drei gro\u00dfen Netzbetreiber ein. Man spricht hier auch von einem &#8222;virtuellen Provider&#8220;. Im Fall von <a href=\"https:\/\/www.lte-anbieter.info\/tarife\/tests\/freenet-funk-erfahrungsbericht.php\" data-internallinksmanager029f6b8e52c=\"51\" title=\"Freenet Funk Testbericht und Tarife\">Freenet FUNK<\/a> ist es <u><a href=\"https:\/\/www.lte-anbieter.info\/lte-provider\/o2\/o2-lte.php\" data-internallinksmanager029f6b8e52c=\"34\" title=\"O2 LTE- und 5G-Tarife zeigen\">O2 Telef\u00f3nica<\/a><\/u> (E-Netz).<\/p>\n<h2>Wie gut ist die Qualit\u00e4t?<\/h2>\n<p>Das Mobilfunknetz von O2 ist durchaus als gut zu bewerten. Im Vergleich zu <a href=\"https:\/\/www.lte-anbieter.info\/lte-provider\/vodafone\/vodafone-lte.php\" data-internallinksmanager029f6b8e52c=\"33\" title=\"Vodafone LTE- und 5G-Tarife zeigen\">Vodafone<\/a> und der <a href=\"https:\/\/www.lte-anbieter.info\/lte-provider\/telekom\/telekom-lte.php\" data-internallinksmanager029f6b8e52c=\"32\" title=\"LTE- und 5G-Tarife der Deutschen Telekom zeigen\">Dt. Telekom<\/a> gibt es aber auch 2026 immer noch leichte Abstiche in Punkto Abdeckung und Performance. Daf\u00fcr k\u00f6nnen alle O2-Kunden, also auch bei Freenet FUNK, moderne Dienste wie <a href=\"https:\/\/www.lte-anbieter.info\/volte\/\">VoLTE<\/a> oder <a href=\"https:\/\/www.lte-anbieter.info\/technik\/wlan\/wifi-calling.php\">Wificalling<\/a> nutzen, sofern das Smartphone kompatibel ist. Das erh\u00f6ht die Sprachqualit\u00e4t und Abdeckung ungemein.<\/p>\n<p>&nbsp;<\/p>\n<p>In den <a href=\"https:\/\/www.lte-anbieter.info\/lte-news\/index.php?s=netztest\">letzten Netztests der vergangenen Jahre<\/a> hat O2 stets den 3. Platz nach Telekom und Vodafone belegt. Immerhin holt der Anbieter stetig weiter auf und k\u00f6nnte bald sogar Vodafone \u00fcbertrumpfen. Nur im l\u00e4ndlichen Raum gibt es hier und da nach wie vor Gebiete, wo man im O2-Netz nur schlechten Empfang hat.<\/p>\n<p>&nbsp;<\/p>\n<div class=\"highlight2\">Schon gewusst? Freenet Funk kann <a href=\"https:\/\/www.lte-anbieter.info\/details\/freenetfunk\" rel=\"noopener nofollow\" target=\"_blank\">nur hier \u00fcber die App bestellt werden<\/a> und nicht auf der Webseite oder im Laden &#8230;<\/div>\n<h2>Wie gut ist die Netzabdeckung?<\/h2>\n<p>Aktuell liegt die LTE-Abdeckung bei O2 ungef\u00e4hr bei 99 Prozent. Bei 5G erreicht der Anbieter seit Anfang 2026 in etwa das gleiche Ausbau-Level. Ein genaueres Bild von der Situation vor Ort kann man sich aber recht schnell hier <a href=\"https:\/\/www.lte-anbieter.info\/details\/O2Verf\" rel=\"noopener nofollow\" target=\"_blank\">auf der O2-Ausbaukarte verschaffen<\/a>. F\u00fcr Reisen innerhalb der EU, also z.B. f\u00fcr den Urlaub, bietet der Tarif nat\u00fcrlich auch EU-Roaming.<\/p>\n<h2>Habe ich LTE bzw. 5G im Netz von Freenet FUNK?<\/h2>\n<p>Auf jeden Fall! Per LTE und 5G sind hier bis zu 300 MBit\/s m\u00f6glich. In unserem Test konnten wir mit dem Tarif sogar \u00fcber 500 MBit\/s erreichen und um die 70 MBit beim Upload. Top!<br \/>\nDas reicht selbst f\u00fcr die anspruchsvollsten Aufgaben wie 4K-Streaming aus &#8211; sogar auf mehreren Endger\u00e4ten. Zwar l\u00e4sst sich der Tarif nur auf dem Handy betreiben (<a href=\"https:\/\/www.lte-anbieter.info\/ratgeber\/e-sim.php\" data-internallinksmanager029f6b8e52c=\"28\" title=\"alles \u00fcber eSIMs erfahren\">eSIM<\/a>-only). Doch \u00fcber <a href=\"https:\/\/www.lte-anbieter.info\/technik\/wlan\/hotspot-tethering-einrichten.php\" data-internallinksmanager029f6b8e52c=\"57\" title=\"Was ist Tethering und wie nutze ich es?\">Tethering<\/a> lassen sich auch andere Ger\u00e4te per WLAN so mit Internet versorgen.<\/p>\n<h2>FUNK Tarife &#038; Angebote<\/h2>\n<div class=\"pic_r\"><img decoding=\"async\" src=\"https:\/\/www.lte-anbieter.info\/lte-news\/wp-content\/uploads\/2025\/12\/freenet-funk-netz.webp\" alt=\"Freenet FUNK Netz Bewertung\" width=\"210\"><\/div>\n<p>Die Tarifstruktur gestaltet sich extrem einfach. Kunden k\u00f6nnen zwischen t\u00e4glicher Abrechnung zu 0,99 \u20ac (dann mit 300 MBit) oder monatlicher Abrechnung f\u00fcr 19.99 \u20ac (bis 50 MBit) w\u00e4hlen. In beiden F\u00e4llen steht unbegrenztes Datenvolumen zur Verf\u00fcgung. Die <a href=\"https:\/\/www.lte-anbieter.info\/allnet\/tarifvergleich.php\" data-internallinksmanager029f6b8e52c=\"5\" title=\"aktuelle Allnetflat-Tarife vergleichen\">Allnetflat<\/a> f\u00fcr Gespr\u00e4che und SMS ist immer mit inklusive.<\/p>\n<h2>Wie siehts mit der elektronischen SIM aus?<\/h2>\n<p>Seit der letzten Tarif\u00e4nderung im November 2025 ist der Tarif nur noch \u00fcber <a href=\"https:\/\/www.lte-anbieter.info\/ratgeber\/e-sim.php\">eSIM<\/a>s nutzbar und in Kombination mit der hauseigenen App.<\/p>\n<h2>Freenet Funk Hotline-Nummern<\/h2>\n<p>Wie erreicht man den Anbieter bei Fragen oder Problemen? Alle M\u00f6glichkeiten haben wir Euch <a href=\"https:\/\/www.lte-anbieter.info\/lte-news\/freenet-funk-kundenservice-rufnummern-mails-hilfe\">hier<\/a> zusammengefasst.<\/p>\n<h2>Unser Fazit<\/h2>\n<p>Freenet Funk bietet viel Leistung zum kleinen Preis. Ich Sachen Netzausbau gibt es zwar noch etwas Nachfolgbedarf, daf\u00fcr lassen sich die Platzhirsche dies aber auch f\u00fcrstlich bezahlen. Sparf\u00fcchse sind hier dagegen genau richtig.<\/p>\n<h2>Welche Anbieter nutzen noch das Netz von O2?<\/h2>\n<p>Da gibt es eine ganze Menge. Gesch\u00e4tzt 80 Prozent aller deutschen Mobilfunkmarken setzten auf O2 als Netzanbieter. Nat\u00fcrlich vor allem wegen dem g\u00fcnstigen Preis. Als Beispiel seien hier <a href=\"https:\/\/www.lte-anbieter.info\/prepaid\/anbieter\/aldi-talk.php\">Aldi-Talk<\/a>, <a href=\"https:\/\/www.lte-anbieter.info\/prepaid\/anbieter\/blau.php\">Blau<\/a>, <a href=\"https:\/\/www.lte-anbieter.info\/lte-provider\/simyo\/simyo.php\">Simyo<\/a> oder <a href=\"https:\/\/www.lte-anbieter.info\/prepaid\/anbieter\/tchibo.php\">Tchibo<\/a> genannt.<\/p>\n<p><u><\/p>\n<h2>Anbieter &#038; Tarife im O2-Netz im Preisvergleich:<\/h2>\n<p><\/u><br \/>\nF.Funk ist doch nicht das Richtige? Folgend findet Ihr alle Angebote und Tarife auf O2-Basis im Vergleich. Wenn dir das Netz egal ist (alle zeigen), klicke <a href=\"https:\/\/www.lte-anbieter.info\/tarife\/smartphone-tarifvergleich.php\">hier<\/a>.<\/p>\n<p>&nbsp;<\/p>\n<p><script type=\"text\/javascript\" src=\"https:\/\/www.tariffuxx.de\/tools\/view\/twl-mobile?tool_id=375\" id=\"twl-mobile-375\"><\/script><br \/>\n<noscript>Bitte aktivieren Sie JavaScript, um den Tarifvergleich zu nutzen.<\/noscript><\/p>\n<p>&nbsp;<\/p>\n<div style='text-align:center' class='yasr-auto-insert-visitor'><\/div>","protected":false},"excerpt":{"rendered":"<p>&nbsp; Freenet bietet seit Ende 2025 mit seiner Marke \u201eFUNK\u201c endlich wieder ein ganz besonderes Angebot. Unlimitiert mit LTE\/5G surfen f\u00fcr kann 20 \u20ac monatlich! Kaum verwunderlich, dass sich der Tarif gr\u00f6\u00dfter Beliebtheit erfreut, kosten doch Unlimited Allnetflats sonst meist ein Vielfaches. Doch welches Mobilfunknetz wird hier eigentlich genutzt und wie gut ist dieses?<\/p>\n","protected":false},"author":1,"featured_media":0,"parent":0,"menu_order":0,"comment_status":"closed","ping_status":"closed","template":"","meta":{"yasr_overall_rating":0,"yasr_post_is_review":"yes","yasr_auto_insert_disabled":"","yasr_review_type":"CreativeWorkSeries","iawp_total_views":4243,"footnotes":""},"class_list":["post-33654","page","type-page","status-publish","hentry"],"yasr_visitor_votes":{"stars_attributes":{"read_only":false,"span_bottom":false},"number_of_votes":11,"sum_votes":39},"jetpack_shortlink":"https:\/\/wp.me\/POOxv-8KO","_links":{"self":[{"href":"https:\/\/www.lte-anbieter.info\/lte-news\/wp-json\/wp\/v2\/pages\/33654","targetHints":{"allow":["GET"]}}],"collection":[{"href":"https:\/\/www.lte-anbieter.info\/lte-news\/wp-json\/wp\/v2\/pages"}],"about":[{"href":"https:\/\/www.lte-anbieter.info\/lte-news\/wp-json\/wp\/v2\/types\/page"}],"author":[{"embeddable":true,"href":"https:\/\/www.lte-anbieter.info\/lte-news\/wp-json\/wp\/v2\/users\/1"}],"replies":[{"embeddable":true,"href":"https:\/\/www.lte-anbieter.info\/lte-news\/wp-json\/wp\/v2\/comments?post=33654"}],"version-history":[{"count":5,"href":"https:\/\/www.lte-anbieter.info\/lte-news\/wp-json\/wp\/v2\/pages\/33654\/revisions"}],"predecessor-version":[{"id":44285,"href":"https:\/\/www.lte-anbieter.info\/lte-news\/wp-json\/wp\/v2\/pages\/33654\/revisions\/44285"}],"wp:attachment":[{"href":"https:\/\/www.lte-anbieter.info\/lte-news\/wp-json\/wp\/v2\/media?parent=33654"}],"curies":[{"name":"wp","href":"https:\/\/api.w.org\/{rel}","templated":true}]}}