{"id":33673,"date":"2025-12-01T10:56:34","date_gmt":"2025-12-01T09:56:34","guid":{"rendered":"https:\/\/www.lte-anbieter.info\/lte-news\/?page_id=33673"},"modified":"2025-12-02T11:11:59","modified_gmt":"2025-12-02T10:11:59","slug":"freenet-funk-bestellen-so-gehts","status":"publish","type":"page","link":"https:\/\/www.lte-anbieter.info\/lte-news\/freenet-funk-bestellen-so-gehts","title":{"rendered":"Freenet FUNK bestellen | so gehts"},"content":{"rendered":"<p>&nbsp;<\/p>\n<p>Freenets &#8222;FUNK&#8220; Tarif hat es in sich! Seit der letzten Tarif\u00e4nderung Ende 2025 gibt es erstmals eine Handy-<a href=\"https:\/\/www.lte-anbieter.info\/allnet\/tarifvergleich.php\" data-internallinksmanager029f6b8e52c=\"5\" title=\"aktuelle Allnetflat-Tarife vergleichen\">Allnetflat<\/a> mit unbegrenztem Datenvolumen f\u00fcr nicht mal 20 \u20ac monatlich! Klar das sich der Tarif gr\u00f6\u00dfter Beliebtheit erfreut und immer h\u00e4ufiger abgeschlossen wird. Doch auch bei der Bestellung beschreitet der Provider keine herk\u00f6mmlichen Pfade. Wir zeigen, wie Sie <a href=\"https:\/\/www.lte-anbieter.info\/tarife\/tests\/freenet-funk-erfahrungsbericht.php\" data-internallinksmanager029f6b8e52c=\"51\" title=\"Freenet Funk Testbericht und Tarife\">Freenet FUNK<\/a> bestellen und was dabei zu beachten ist.<!--more--><\/p>\n<div class=\"pic_r_cl\"><img decoding=\"async\" src=\"https:\/\/www.lte-anbieter.info\/lte-news\/wp-content\/uploads\/2025\/12\/freenet-funk.webp\" alt=\"Freenet FUNK\"><\/p>\n<p>Bild: LTE-Anbieter.info<\/p>\n<\/div>\n<h2>Bestellung: Nur ein Weg m\u00f6glich<\/h2>\n<p>Nicht nur dass man bei diesem Angebot nur mit Paypal bezahlen kann und sich t\u00e4glich die Tarifoption \u00e4ndern l\u00e4sst \u2013 nein auch die Bestellung l\u00e4uft erstmals anders als sonst gewohnt! Beim Blick auf die Homepage www.freenet-funk.de f\u00e4llt auf, dass es hier <strong>KEINE<\/strong> Bestellm\u00f6glichkeit gibt. Weder per Internet, noch Hotline oder \u00c4hnlichem. Auch in den Freenet Shops l\u00e4sst sich FUNK nicht abschlie\u00dfen.<\/p>\n<p>&nbsp;<\/p>\n<p>Die L\u00f6sung: <u>Eine Bestellung ist nur \u00fcber die hauseigene FUNK-App m\u00f6glich<\/u>. Interessenten m\u00fcssen diese also zun\u00e4chst herunterladen:<\/p>\n<p>&nbsp;<\/p>\n<div class=\"highlight2\">\nGoogle Playstore: >> <a href=\"https:\/\/www.lte-anbieter.info\/details\/freenetfunk\" rel=\"noopener nofollow\" target=\"_blank\">hier geht\u2019s zur FUNK-App f\u00fcr Android Nutzer<\/a><br \/>\nApp-Store: >> <a href=\"https:\/\/www.lte-anbieter.info\/details\/freenetfunk\" rel=\"noopener nofollow\" target=\"_blank\">hier zur App f\u00fcr Apple iOS Nutzer<\/a>\n<\/div>\n<p>&nbsp;<\/p>\n<p>&nbsp;<\/p>\n<p><u>Oder alternative direkt hier den QR-Code abscannen:<\/u><br \/>\n<img decoding=\"async\" src=\"https:\/\/www.lte-anbieter.info\/lte-news\/wp-content\/uploads\/2020\/08\/qr-code-freenet-funk.jpg\" alt=\"QR Code Freenet Funk\" loading=\"lazy\"><\/p>\n<p>&nbsp;<\/p>\n<p>&nbsp;<\/p>\n<p>Hat man die App aufgespielt, kann die Bestellaufgabe einleitet werden. Dabei fragt die App diverse n\u00f6tige Daten, wie Anschrift und Mail, ab. Eine Video-Ident war gl\u00fccklicher Weise nicht n\u00f6tig. Der Anbieter begn\u00fcgt sich mit der Eingabe der Ausweisnummer. Wer mehr zum Angebot und dem Bestellablauf erfahren m\u00f6chte, findet alle Infos <a href=\"https:\/\/www.lte-anbieter.info\/tarife\/tests\/freenet-funk-erfahrungsbericht.php\">hier in unserem gro\u00dfen Testbericht zu Freenet Funk<\/a>.<\/p>\n<p>&nbsp;<\/p>\n<p><img decoding=\"async\" src=\"https:\/\/www.lte-anbieter.info\/Bilder\/lte-tarife\/test\/freenet-funk\/screen\/identifikation.webp\" alt=\"Bestellvorgang Freenet FUNK\" loading=\"lazy\"><\/p>\n<h2>K\u00fcndigen?<\/h2>\n<p>Auch das ist wieder \u00fcber die App m\u00f6glich. Einfach den entsprechenden Button anklicken und den Anweisungen folgen. Eine Mindestlaufzeit gibt es ja bei diesem Anbieter nicht.<\/p>\n<p>&nbsp;<\/p>\n<p>&raquo; <a href=\"https:\/\/www.lte-anbieter.info\/tarife\/tests\/freenet-funk-erfahrungsbericht.php\">mehr \u00fcber das Angebot erfahren<\/a><br \/>\n&raquo; <a href=\"https:\/\/www.lte-anbieter.info\/lte-news\/dsl-ueber-funk\">DSL per Funk &#8211; welche Anbieter gibt es?<\/a><\/p>\n<div style='text-align:center' class='yasr-auto-insert-visitor'><\/div>","protected":false},"excerpt":{"rendered":"<p>&nbsp; Freenets &#8222;FUNK&#8220; Tarif hat es in sich! Seit der letzten Tarif\u00e4nderung Ende 2025 gibt es erstmals eine Handy-Allnetflat mit unbegrenztem Datenvolumen f\u00fcr nicht mal 20 \u20ac monatlich! Klar das sich der Tarif gr\u00f6\u00dfter Beliebtheit erfreut und immer h\u00e4ufiger abgeschlossen wird. Doch auch bei der Bestellung beschreitet der Provider keine herk\u00f6mmlichen Pfade. Wir zeigen, wie [&hellip;]<\/p>\n","protected":false},"author":1,"featured_media":0,"parent":0,"menu_order":0,"comment_status":"closed","ping_status":"closed","template":"","meta":{"yasr_overall_rating":0,"yasr_post_is_review":"","yasr_auto_insert_disabled":"","yasr_review_type":"CreativeWorkSeries","iawp_total_views":487,"footnotes":""},"class_list":["post-33673","page","type-page","status-publish","hentry"],"yasr_visitor_votes":{"stars_attributes":{"read_only":false,"span_bottom":false},"number_of_votes":6,"sum_votes":27},"jetpack_shortlink":"https:\/\/wp.me\/POOxv-8L7","_links":{"self":[{"href":"https:\/\/www.lte-anbieter.info\/lte-news\/wp-json\/wp\/v2\/pages\/33673","targetHints":{"allow":["GET"]}}],"collection":[{"href":"https:\/\/www.lte-anbieter.info\/lte-news\/wp-json\/wp\/v2\/pages"}],"about":[{"href":"https:\/\/www.lte-anbieter.info\/lte-news\/wp-json\/wp\/v2\/types\/page"}],"author":[{"embeddable":true,"href":"https:\/\/www.lte-anbieter.info\/lte-news\/wp-json\/wp\/v2\/users\/1"}],"replies":[{"embeddable":true,"href":"https:\/\/www.lte-anbieter.info\/lte-news\/wp-json\/wp\/v2\/comments?post=33673"}],"version-history":[{"count":5,"href":"https:\/\/www.lte-anbieter.info\/lte-news\/wp-json\/wp\/v2\/pages\/33673\/revisions"}],"predecessor-version":[{"id":41067,"href":"https:\/\/www.lte-anbieter.info\/lte-news\/wp-json\/wp\/v2\/pages\/33673\/revisions\/41067"}],"wp:attachment":[{"href":"https:\/\/www.lte-anbieter.info\/lte-news\/wp-json\/wp\/v2\/media?parent=33673"}],"curies":[{"name":"wp","href":"https:\/\/api.w.org\/{rel}","templated":true}]}}