{"id":34027,"date":"2026-02-03T10:23:02","date_gmt":"2026-02-03T09:23:02","guid":{"rendered":"https:\/\/www.lte-anbieter.info\/lte-news\/?page_id=34027"},"modified":"2026-02-04T12:55:47","modified_gmt":"2026-02-04T11:55:47","slug":"telekom-netzausbau-karte-fuer-lte-5g","status":"publish","type":"page","link":"https:\/\/www.lte-anbieter.info\/lte-news\/telekom-netzausbau-karte-fuer-lte-5g","title":{"rendered":"Telekom Netzausbau Karte f\u00fcr LTE &#038; 5G"},"content":{"rendered":"<p>&nbsp;<\/p>\n<p>Die <a href=\"https:\/\/www.lte-anbieter.info\/lte-provider\/telekom\/telekom-lte.php\" data-internallinksmanager029f6b8e52c=\"32\" title=\"LTE- und 5G-Tarife der Deutschen Telekom zeigen\">Deutsche Telekom<\/a> geh\u00f6rt zu insgesamt drei Mobilfunk-Netzanbietern die es hierzulande aktuell gibt. Doch wie steht es bei dem Provider eigentlich um den Netzausbau? Wie ist der Status quo und wo findet man eine Karte dazu? Diese und mehr erfahren Sie hier in diesem Ratgeber.<!--more--><\/p>\n<p>&nbsp;<\/p>\n<p><img decoding=\"async\" src=\"https:\/\/www.lte-anbieter.info\/lte-news\/wp-content\/uploads\/2022\/01\/telekom-karte-ausbau-pruefen.webp\" class=\"fullwidth\" alt=\"Telekom: Netzausbau auf der Karte selbst pr\u00fcfen\" fetchpriority=\"high\"><\/p>\n<h2>Bestes Netz<\/h2>\n<p>Seit mehreren Jahren schon, heimst die Telekom j\u00e4hrlich bei <a href=\"https:\/\/www.lte-anbieter.info\/lte-news\/index.php?s=netztest\">allen Tests den ersten Platz<\/a> ein. Egal ob von Stiftung Warentest, connect oder Computerbild. Knapp auf den Fersen ist allerdings Konkurrent <a href=\"https:\/\/www.lte-anbieter.info\/lte-provider\/vodafone\/vodafone-lte.php\" data-internallinksmanager029f6b8e52c=\"33\" title=\"Vodafone LTE- und 5G-Tarife zeigen\">Vodafone<\/a>. Dennoch: Wer die dichteste Versorgung will, kommt am Rosa Riesen noch nicht vorbei, auch wenn die Tarife hier etwas teurer sind als bei der Konkurrenz.<\/p>\n<h2>5G &#038; LTE-Netzabdeckung auf der Karte<\/h2>\n<p>Aktuell (2026) versorgt die Dt. Telekom gut 99 Prozent der Bev\u00f6lkerung mit dem 4. Mobilfunkstandard, besser bekannt als \u201eLTE\u201c. Am Nachfolger <a href=\"https:\/\/www.lte-anbieter.info\/5g\/\">5G<\/a> wird seit 2019 intensiv gebaut. Die <a href=\"https:\/\/www.lte-anbieter.info\/5g\/\" data-internallinksmanager029f6b8e52c=\"73\" title=\"alles zum LTE-Nachfolger 5G\">5G<\/a>-Abdeckung liegt seit Anfang 2026 ebenfalls im Bereich von 99 Prozent. Die Versorgung von 4G und 5G im Telekomnetz sind also bereits in etwa gleich hoch!<\/p>\n<p>&nbsp;<\/p>\n<p>Wer sich ganz genau ein Bild von seiner Versorgungslage vor Ort machen m\u00f6chte (oder ggf. in einer Urlaubsregion), kann dies auf der Netzausbaukarte der Dt. Telekom. Diese ist leider etwas versteckt auf der Seite und etwas schwer zu finden. Wir haben daher den direkten Link f\u00fcr Sie hier hinterlegt.<\/p>\n<p>&nbsp;<\/p>\n<p><strong>&raquo; <a href=\"https:\/\/www.lte-anbieter.info\/details\/tmobileVerf\" rel=\"noopener nofollow\" target=\"_blank\">direkt zur Ausbaukarte der Telekom (LTE &#038; 5G)<\/a><\/strong><\/p>\n<p>&nbsp;<\/p>\n<p>Die Telekom-Netzausbaukarte zeigt f\u00fcr ganz Deutschland recht zuverl\u00e4ssig den Stand der Dinge. Besonders beim neuen 5G ist interessant zu sehen, wo die Versorgung schon gegeben ist. Leider zeigt die Karte aber nicht die Ausbauart an \u2013 sprich mit welcher Frequenz die Abdeckung in einem Gebiet erfolgt. Das ist mitunter relevant, wenn man z.B. f\u00fcr einen Router Zusatzantennen besorgen m\u00f6chte, welche speziell f\u00fcr das lokal verwendete Band (z.B. 1,8 GHz) optimiert sind. Dann hilft nur testen, z.B. mit einem Smartphone <a href=\"https:\/\/www.lte-anbieter.info\/lte-news\/die-besten-apps-fuer-lte-5g\">samt App<\/a> oder eine FritzBox. Letztere gibt auf Wunsch eine Netzliste aller vor Ort verf\u00fcgbaren Anbieter und Nutzb\u00e4nder aus.<\/p>\n<h2>Einstellm\u00f6glichkeiten<\/h2>\n<p>Recht in der Seitenleiste, kann man zun\u00e4chst wahlweise seine Adresse eingeben oder eine beliebige andere an der gepr\u00fcft werden soll. Alternativ k\u00f6nne Sie nat\u00fcrlich auch per Mouse selbst durch die Karte navigieren. Doppelklick z.B. zoomt eine Stufe weiter rein. Die Telekom erlaubt zudem, die Darstellung auf ein gew\u00fcnschtes Netz zu beschr\u00e4nken. Voreingestellt ist aktuell \u201e5G\u201c. Ein Klick auf \u201e4G\/LTE\u201c f\u00fcgt der Karte noch die Abdeckung des Vorg\u00e4ngerstandards hinzu. \u201e3G\/<a href=\"https:\/\/www.lte-anbieter.info\/3g\/\" data-internallinksmanager029f6b8e52c=\"74\" title=\"alles \u00fcber 3G und dessen Abschaltung erfahren\">UMTS<\/a>\/HSPA\u201c ist hingegen aus der Darstellung verschwunden. Schlie\u00dflich wurde das 3G-Netz bei der Deutschen Telekom im Sommer 2021 <a href=\"https:\/\/www.lte-anbieter.info\/3g\/\">abgeschaltet<\/a>.<\/p>\n<p>&nbsp;<\/p>\n<p>&raquo; <a href=\"https:\/\/www.lte-anbieter.info\/lte-news\/vodafone-netzausbau-karte-lte-5g-zeigen\">Netzausbaukarte von Vodafone<\/a><br \/>\n&raquo; <a href=\"https:\/\/www.lte-anbieter.info\/lte-news\/o2-netzausbau-karte-fuer-lte-5g\">Netzausbaukarte von O2 finden<\/a><\/p>\n<p>&nbsp;<\/p>\n<div style='text-align:center' class='yasr-auto-insert-visitor'><\/div>","protected":false},"excerpt":{"rendered":"<p>&nbsp; Die Deutsche Telekom geh\u00f6rt zu insgesamt drei Mobilfunk-Netzanbietern die es hierzulande aktuell gibt. Doch wie steht es bei dem Provider eigentlich um den Netzausbau? Wie ist der Status quo und wo findet man eine Karte dazu? Diese und mehr erfahren Sie hier in diesem Ratgeber.<\/p>\n","protected":false},"author":1,"featured_media":0,"parent":0,"menu_order":0,"comment_status":"closed","ping_status":"closed","template":"","meta":{"yasr_overall_rating":0,"yasr_post_is_review":"yes","yasr_auto_insert_disabled":"","yasr_review_type":"CreativeWorkSeries","iawp_total_views":3372,"footnotes":""},"class_list":["post-34027","page","type-page","status-publish","hentry"],"yasr_visitor_votes":{"stars_attributes":{"read_only":false,"span_bottom":false},"number_of_votes":13,"sum_votes":31},"jetpack_shortlink":"https:\/\/wp.me\/POOxv-8QP","_links":{"self":[{"href":"https:\/\/www.lte-anbieter.info\/lte-news\/wp-json\/wp\/v2\/pages\/34027","targetHints":{"allow":["GET"]}}],"collection":[{"href":"https:\/\/www.lte-anbieter.info\/lte-news\/wp-json\/wp\/v2\/pages"}],"about":[{"href":"https:\/\/www.lte-anbieter.info\/lte-news\/wp-json\/wp\/v2\/types\/page"}],"author":[{"embeddable":true,"href":"https:\/\/www.lte-anbieter.info\/lte-news\/wp-json\/wp\/v2\/users\/1"}],"replies":[{"embeddable":true,"href":"https:\/\/www.lte-anbieter.info\/lte-news\/wp-json\/wp\/v2\/comments?post=34027"}],"version-history":[{"count":5,"href":"https:\/\/www.lte-anbieter.info\/lte-news\/wp-json\/wp\/v2\/pages\/34027\/revisions"}],"predecessor-version":[{"id":44287,"href":"https:\/\/www.lte-anbieter.info\/lte-news\/wp-json\/wp\/v2\/pages\/34027\/revisions\/44287"}],"wp:attachment":[{"href":"https:\/\/www.lte-anbieter.info\/lte-news\/wp-json\/wp\/v2\/media?parent=34027"}],"curies":[{"name":"wp","href":"https:\/\/api.w.org\/{rel}","templated":true}]}}