{"id":34240,"date":"2025-10-30T09:55:23","date_gmt":"2025-10-30T08:55:23","guid":{"rendered":"https:\/\/www.lte-anbieter.info\/lte-news\/?page_id=34240"},"modified":"2025-11-03T15:24:28","modified_gmt":"2025-11-03T14:24:28","slug":"fraenk-flatrate-bestellen","status":"publish","type":"page","link":"https:\/\/www.lte-anbieter.info\/lte-news\/fraenk-flatrate-bestellen","title":{"rendered":"Fraenk Flatrate bestellen | so funktioniert\u00b4s"},"content":{"rendered":"<p>&nbsp;<\/p>\n<p>Die <a href=\"https:\/\/www.lte-anbieter.info\/lte-provider\/telekom\/telekom-lte.php\" data-internallinksmanager029f6b8e52c=\"32\" title=\"LTE- und 5G-Tarife der Deutschen Telekom zeigen\">Deutsche Telekom<\/a> hatte 2020 mit \u201e<strong><a href=\"https:\/\/www.lte-anbieter.info\/tarife\/tests\/fraenk-erfahrungsbericht.php\" data-internallinksmanager029f6b8e52c=\"49\" title=\"Fraenk Tarife hier vergleichen\">fraenk<\/a><\/strong>\u201c (ausgesprochen &#8222;Fr\u00e4nk&#8220;) \u00fcberraschend eine neue Discount-Marke im Mobilfunkmarkt gestartet. Obwohl es davon mittlerweile unz\u00e4hlige gibt, schafft es fraenk dennoch erheblich aus der Masse herauszustechen! Denn der Anbieter bricht mit etlichen Konventionen und konzentriert sich nur auf das Wesentliche. Auch die Bestellung ist v\u00f6llig anders und nur \u00fcber einen Weg m\u00f6glich. Wir zeigen wie&#8230;<!--more--><\/p>\n<h2>Bestellung: Nur ein Weg bei Fraenk m\u00f6glich<\/h2>\n<div class=\"pic_r\"><img decoding=\"async\" src=\"https:\/\/www.lte-anbieter.info\/lte-news\/wp-content\/uploads\/2020\/11\/fraenk-logo.jpg\" alt=\"Fraenk Logo\" fetchpriority=\"high\"><\/div>\n<p>Bisher konnte man alle Mobilfunktarife entweder direkt im Shop oder auf der Webseite des Anbieters bestellen. Nicht so bei \u201efraenk\u201c! Auf der Homepage https:\/\/fraenk.de\/ gibt es tats\u00e4chlich <u>keine<\/u> M\u00f6glichkeit das Angebot zu ordern. Zudem wirbt der Anbieter mit \u201ejetzt laden statt Laden\u201c und deutet damit schon an, dass man das Angebot nur durch herunterladen einer App aktiviert bzw. bestellt werden kann. Der Kauf in einem Shop\/Laden vor Ort ist damit also <u>auch nicht m\u00f6glich<\/u>.<\/p>\n<p>&nbsp;<\/p>\n<p>Wer also einen der fraenk Tarife bestellen m\u00f6chte, muss zun\u00e4chst die fraenk App downloaden. Wir haben f\u00fcr Sie die jeweils passenden Links f\u00fcr Android (Google Playstore) sowie Apple (App-Store) herausgesucht:<\/p>\n<p>&nbsp;<\/p>\n<p>Download f\u00fcr Android >> <a href=\"https:\/\/www.lte-anbieter.info\/details\/fraenk\" rel=\"noopener nofollow\" target=\"_blank\">zur fraenk App im Playstore<\/a><br \/>\nDownload f\u00fcr iOS >> <a href=\"https:\/\/www.lte-anbieter.info\/details\/fraenk\" rel=\"noopener nofollow\" target=\"_blank\">zur fraenk App im App-Store<\/a><\/p>\n<p>&nbsp;<\/p>\n<p>Alternativ finden Sie unten noch den QR-Code \u2013 einfach scannen und los geht\u2019s! Ihr landet automatisch im f\u00fcr Euch richtigen Store! Nach der Installation erfolgt dann wahlweise erst der eigentliche Bestellvorgang&#8230;<\/p>\n<p>&nbsp;<\/p>\n<p>Ganz neu ist das innovative Konzept \u00fcbrigens nicht. Den Anfang mache Anfang 2020 n\u00e4mlich \u201e<a href=\"https:\/\/www.lte-anbieter.info\/lte-news\/freenet-funk-unlimited-vorteile-und-grenzen\">Freenet Funk<\/a>\u201c. Auch hier ist ausschlie\u00dflich der Weg \u00fcber die App m\u00f6glich. Das Angebot von <a href=\"https:\/\/www.lte-anbieter.info\/tarife\/tests\/freenet-funk-erfahrungsbericht.php\" data-internallinksmanager029f6b8e52c=\"51\" title=\"Freenet Funk Testbericht und Tarife\">Freenet Funk<\/a> wird, im Gegensatz zu fraenk, \u00fcber\u00b4s <a href=\"https:\/\/www.lte-anbieter.info\/lte-provider\/o2\/o2-lte.php\" data-internallinksmanager029f6b8e52c=\"34\" title=\"O2 LTE- und 5G-Tarife zeigen\">O2<\/a>-Netz realisiert und bietet sogar unlimitiertes LTE f\u00fcr unter 30 \u20ac monatlich.<\/p>\n<h2>K\u00fcndigen?<\/h2>\n<p>Eines der zahlreisen Vorteile bei fraenk ist, dass es keine Mindestvertragslaufzeit gibt. Man kann sich also jederzeit wieder von dem Anbieter trennen. M\u00f6glich ist dies, nat\u00fcrlich, auch wieder nur \u00fcber die fraenk App.<\/p>\n<h2>Testbericht<\/h2>\n<p>Wir haben fraenk nat\u00fcrlich auch ausf\u00fchrlich getestet. Wie gut ist das Angebot (<a href=\"https:\/\/www.lte-anbieter.info\/allnet\/tarifvergleich.php\" data-internallinksmanager029f6b8e52c=\"5\" title=\"aktuelle Allnetflat-Tarife vergleichen\">Allnetflat<\/a> im Telekomnetz) wirklich? Hier gehts <a href=\"https:\/\/www.lte-anbieter.info\/tarife\/tests\/fraenk-erfahrungsbericht.php\">zum fraenk Test<\/a>. Seit 2024 gibt es \u00fcbrigens sogar <a href=\"https:\/\/www.lte-anbieter.info\/5g\/\" data-internallinksmanager029f6b8e52c=\"73\" title=\"alles zum LTE-Nachfolger 5G\">5G<\/a> mit inklusive!<\/p>\n<p>&nbsp;<\/p>\n<p>QR-Code zum bestellen:<\/p>\n<div align=\"center\"><img decoding=\"async\" src=\"https:\/\/www.lte-anbieter.info\/lte-news\/wp-content\/uploads\/2020\/11\/qr-code-fraenk.png\" alt=\"QR Code zu Fraenk\" loading=\"lazy\"><\/div>\n<p>&nbsp;<\/p>\n<p>&nbsp;<\/p>\n<div style='text-align:center' class='yasr-auto-insert-visitor'><\/div>","protected":false},"excerpt":{"rendered":"<p>&nbsp; Die Deutsche Telekom hatte 2020 mit \u201efraenk\u201c (ausgesprochen &#8222;Fr\u00e4nk&#8220;) \u00fcberraschend eine neue Discount-Marke im Mobilfunkmarkt gestartet. Obwohl es davon mittlerweile unz\u00e4hlige gibt, schafft es fraenk dennoch erheblich aus der Masse herauszustechen! Denn der Anbieter bricht mit etlichen Konventionen und konzentriert sich nur auf das Wesentliche. Auch die Bestellung ist v\u00f6llig anders und nur \u00fcber [&hellip;]<\/p>\n","protected":false},"author":1,"featured_media":0,"parent":0,"menu_order":0,"comment_status":"closed","ping_status":"closed","template":"","meta":{"yasr_overall_rating":0,"yasr_post_is_review":"","yasr_auto_insert_disabled":"","yasr_review_type":"","iawp_total_views":52,"footnotes":""},"class_list":["post-34240","page","type-page","status-publish","hentry"],"yasr_visitor_votes":{"stars_attributes":{"read_only":false,"span_bottom":false},"number_of_votes":0,"sum_votes":0},"jetpack_shortlink":"https:\/\/wp.me\/POOxv-8Ug","_links":{"self":[{"href":"https:\/\/www.lte-anbieter.info\/lte-news\/wp-json\/wp\/v2\/pages\/34240","targetHints":{"allow":["GET"]}}],"collection":[{"href":"https:\/\/www.lte-anbieter.info\/lte-news\/wp-json\/wp\/v2\/pages"}],"about":[{"href":"https:\/\/www.lte-anbieter.info\/lte-news\/wp-json\/wp\/v2\/types\/page"}],"author":[{"embeddable":true,"href":"https:\/\/www.lte-anbieter.info\/lte-news\/wp-json\/wp\/v2\/users\/1"}],"replies":[{"embeddable":true,"href":"https:\/\/www.lte-anbieter.info\/lte-news\/wp-json\/wp\/v2\/comments?post=34240"}],"version-history":[{"count":5,"href":"https:\/\/www.lte-anbieter.info\/lte-news\/wp-json\/wp\/v2\/pages\/34240\/revisions"}],"predecessor-version":[{"id":44042,"href":"https:\/\/www.lte-anbieter.info\/lte-news\/wp-json\/wp\/v2\/pages\/34240\/revisions\/44042"}],"wp:attachment":[{"href":"https:\/\/www.lte-anbieter.info\/lte-news\/wp-json\/wp\/v2\/media?parent=34240"}],"curies":[{"name":"wp","href":"https:\/\/api.w.org\/{rel}","templated":true}]}}