{"id":34278,"date":"2026-02-18T10:09:57","date_gmt":"2026-02-18T09:09:57","guid":{"rendered":"https:\/\/www.lte-anbieter.info\/lte-news\/?page_id=34278"},"modified":"2026-02-19T10:34:24","modified_gmt":"2026-02-19T09:34:24","slug":"welches-netz-nutzt-fraenk","status":"publish","type":"page","link":"https:\/\/www.lte-anbieter.info\/lte-news\/welches-netz-nutzt-fraenk","title":{"rendered":"Welches Mobilfunknetz hat Fraenk?"},"content":{"rendered":"<p>&nbsp;<\/p>\n<p>Die Mobilfunkmarke \u201e<strong><a href=\"https:\/\/www.lte-anbieter.info\/tarife\/tests\/fraenk-erfahrungsbericht.php\" data-internallinksmanager029f6b8e52c=\"49\" title=\"Fraenk Tarife hier vergleichen\">fraenk<\/a><\/strong>\u201c lockt mit Transparenz (nur ein Tarif) und innovativen Ideen. Da auf jeglichen \u201eSchnickschnack\u201c verzichtet wird, profitieren Kunden von g\u00fcnstigen Preisen. Doch welches Netz nutzt eigentlich \u201efraenk\u201c und wie gut ist dieses?<!--more--><\/p>\n<h2>Mobilfunknetz von fraenk<\/h2>\n<div class=\"pic_r\"><img decoding=\"async\" src=\"https:\/\/www.lte-anbieter.info\/lte-news\/wp-content\/uploads\/2020\/11\/fraenk-logo.jpg\" alt=\"fraenk\" fetchpriority=\"high\"><\/div>\n<p>Bei fraenk handelt es sich um einen sogenannten virtuellen Mobilfunkanbieter. Das bedeutet, er selbst betreibt kein eigenes Netz oder Funkantennen. Stattdessen mietet sich der Betreiber bei einem der drei deutschen Netzbetreiber ein und vertreibt dann dar\u00fcber Tarife unter eigenen Namen. In diesem Fall ist das die <a href=\"https:\/\/www.lte-anbieter.info\/lte-provider\/telekom\/telekom-lte.php\" data-internallinksmanager029f6b8e52c=\"32\" title=\"LTE- und 5G-Tarife der Deutschen Telekom zeigen\">Deutsche Telekom<\/a>. Fraenk-Kunden telefonieren und surfen also im mehrfach ausgezeichneten D1-Netz der Telekom! <\/p>\n<h2>Wie gut ist die Qualit\u00e4t?<\/h2>\n<p>Die Dt. Telekom staubt sein vielen Jahren nun schon einen Testsieg nach dem andren ein. Zeitschriften wie die \u201econnect\u201c oder \u201eComputerbild\u201c ver\u00f6ffentlichen jedes Jahr die neusten <a href=\"https:\/\/www.lte-anbieter.info\/lte-news\/index.php?s=netztest\" target=\"_blank\" rel=\"noopener\">Testergebnisse<\/a>. Auf Platz 1 steht dabei meist die Telekom. Auch Stiftung Warentest urteilte letztmalig 04\/2022 mit dem Testergebnis \u201egut\u201c (Note 1.6). Wer sich f\u00fcr den Fraenk Tarif entscheidet (es gibt nur einen), profitiert also vom Vorsprung der Telekom gegen\u00fcber <a href=\"https:\/\/www.lte-anbieter.info\/lte-provider\/vodafone\/vodafone-lte.php\" data-internallinksmanager029f6b8e52c=\"33\" title=\"Vodafone LTE- und 5G-Tarife zeigen\">Vodafone<\/a> oder <a href=\"https:\/\/www.lte-anbieter.info\/lte-provider\/o2\/o2-lte.php\" data-internallinksmanager029f6b8e52c=\"34\" title=\"O2 LTE- und 5G-Tarife zeigen\">O2<\/a>. Hinzu kommt noch, dass auch die fraenk Smartphone-Flat <a href=\"https:\/\/www.lte-anbieter.info\/volte\/\" data-internallinksmanager029f6b8e52c=\"7\" title=\"mehr \u00fcber VoLTE (LTE-Telefonie) erfahren\">Voice over LTE<\/a> (<a href=\"https:\/\/www.lte-anbieter.info\/volte\/\">VoLTE<\/a>) und <a href=\"https:\/\/www.lte-anbieter.info\/technik\/wlan\/wifi-calling.php\">WLAN Call<\/a> bietet. Die 4G-Telefonie (<a href=\"https:\/\/www.lte-anbieter.info\/volte\/\">VoLTE<\/a>) erm\u00f6glicht unter anderem eine deutlich verbesserte Sprachqualit\u00e4t.<\/p>\n<h2>Wie gut ist der Netzausbau bzw. Netzabdeckung 2026?<\/h2>\n<p>Die Deutsche Telekom als Netzpate betreibt eines der dichtesten 4G-Netze mit einer Versorgung von \u00fcber 99,6 Prozent. Beim neusten <a href=\"https:\/\/www.lte-anbieter.info\/5g\/\" data-internallinksmanager029f6b8e52c=\"73\" title=\"alles zum LTE-Nachfolger 5G\">5G<\/a>-Netz sieht es nur geringf\u00fcgig schlechter aus (> 96%). Wie es um die Situation in einer konkreten Region bestellt ist, verr\u00e4t ein <a href=\"https:\/\/www.lte-anbieter.info\/details\/tmobileVerf\" rel=\"nofollow noopener\" target=\"_blank\">Blick hier auf die Netzausbaukarte der Telekom<\/a>.<\/p>\n<h2>Gibt es LTE oder 5G bei fraenk?<\/h2>\n<div class=\"pic_r\"><img decoding=\"async\" src=\"https:\/\/www.lte-anbieter.info\/lte-news\/wp-content\/uploads\/2026\/02\/fraenk-netz.webp\" alt=\"Bewertung Netz von fraenk\" loading=\"lazy\"><\/div>\n<p>4G\/LTE ist fester Bestandteil bei der beiden Smartphone Allnetflats. Die maximale Datenrate betr\u00e4gt dabei 25 MBit\/s im Download und 10 MBit\/s f\u00fcr den Upload (senden). Monatlich stehen dann 20 bzw. 45 GB Datenvolumen zur Verf\u00fcgung. Auf den Nachfolger <a href=\"https:\/\/www.lte-anbieter.info\/5g\/\">5G<\/a> m\u00fcssen fraenk-Nutzer seit Februar 2024 ebenfalls nicht mehr verzichten!<\/p>\n<h2>Hab ich im fraenk Netz auch VoLTE und Wifi-Calling?<\/h2>\n<p>Ja, der Anbieter unterst\u00fctzt sowohl 4G-Telefonie (<a href=\"https:\/\/www.lte-anbieter.info\/volte\/\">VoLTE<\/a>) als auch <a href=\"https:\/\/www.lte-anbieter.info\/technik\/wlan\/wifi-calling.php\">Wifi-Calling<\/a>. Voice over LTE erh\u00f6ht die Sprachqualit\u00e4t und Reichweite ungemein. Beim Telefonieren per WLAN kann z.B. auch in Geb\u00e4uden oder im Ausland eine gute Abdeckung gew\u00e4hrleistet werden. Die Abwicklung erfolgt automatisch, sofern das Smartphone beide Verfahren unterst\u00fctzt. Das ist heute bei fast allen Ger\u00e4ten der Fall, die nicht \u00e4lter als 2018 (zirka) sind. Und auch <a href=\"https:\/\/www.lte-anbieter.info\/ratgeber\/e-sim.php\">eSIM<\/a> bietet fraenk mittlerweile in seinem Netz an.<\/p>\n<h2>Bestellung<\/h2>\n<p>Einer der Besonderheiten bei fraenk ist, dass die Bestellung nicht einfach im Onlineshop oder Laden m\u00f6glich ist. Wie genau, verraten wir Ihnen <a href=\"https:\/\/www.lte-anbieter.info\/lte-news\/fraenk-flatrate-bestellen\">hier<\/a>.<\/p>\n<h2>Kundendienst<\/h2>\n<p>Auch beim Kundenservice geht der Anbieter neue Wege. So gibt es tats\u00e4chlich keine Telefonhotline! Lediglich ein Servicechat und einige FAQs k\u00f6nnen auf der Homepage hier unter www.fraenk.de in Anspruch genommen werden. Zudem gibt\u2019s weitere Hilfsm\u00f6glichkeiten \u00fcber die hauseigene App, welche ohnehin Dreh und Angelpunkt des Angebots ist. Diese k\u00f6nnen Sie \u00fcber den folgenden QR-Code laden oder <a href=\"https:\/\/www.lte-anbieter.info\/details\/fraenk\" rel=\"noopener nofollow\" target=\"_blank\">hier klicken<\/a>.<\/p>\n<p>&nbsp;<\/p>\n<p><img decoding=\"async\" src=\"https:\/\/www.lte-anbieter.info\/lte-news\/wp-content\/uploads\/2025\/02\/qr-fraenk.webp\" alt=\"fraenk App\" loading=\"lazy\"><\/p>\n<h2>Fraenk im Test<\/h2>\n<p>Wie gut schl\u00e4gt sich das Angebot im Alltag und was sollte man beachten? Hier gehts <a href=\"https:\/\/www.lte-anbieter.info\/tarife\/tests\/fraenk-erfahrungsbericht.php\">zum fraenk Testbericht<\/a>.<\/p>\n<h2>sonstige Anbieter &#038; Tarife mit Telekomnetz im Preisvergleich<\/h2>\n<p>Unsere Redaktion hat f\u00fcr Sie noch weitere Alternativen zu fraenk im Telekomnetz herausgesucht, welche interessant sein k\u00f6nnten. Sowohl Prepaid- als auch Postpaid-Tarife wurden hierf\u00fcr ber\u00fccksichtigt!<\/p>\n<p>&nbsp;<\/p>\n<p><script type=\"text\/javascript\" src=\"https:\/\/www.tariffuxx.de\/tools\/view\/twl-mobile?tool_id=377\" id=\"twl-mobile-377\"><\/script><br \/>\n<noscript>Bitte aktivieren Sie JavaScript, um den Tarifvergleich zu nutzen.<\/noscript><\/p>\n<p>&nbsp;<\/p>\n<div style='text-align:center' class='yasr-auto-insert-visitor'><\/div>","protected":false},"excerpt":{"rendered":"<p>&nbsp; Die Mobilfunkmarke \u201efraenk\u201c lockt mit Transparenz (nur ein Tarif) und innovativen Ideen. Da auf jeglichen \u201eSchnickschnack\u201c verzichtet wird, profitieren Kunden von g\u00fcnstigen Preisen. Doch welches Netz nutzt eigentlich \u201efraenk\u201c und wie gut ist dieses?<\/p>\n","protected":false},"author":1,"featured_media":0,"parent":0,"menu_order":0,"comment_status":"closed","ping_status":"closed","template":"","meta":{"yasr_overall_rating":0,"yasr_post_is_review":"yes","yasr_auto_insert_disabled":"","yasr_review_type":"CreativeWorkSeries","iawp_total_views":902,"footnotes":""},"class_list":["post-34278","page","type-page","status-publish","hentry"],"yasr_visitor_votes":{"stars_attributes":{"read_only":false,"span_bottom":false},"number_of_votes":4,"sum_votes":15},"jetpack_shortlink":"https:\/\/wp.me\/POOxv-8US","_links":{"self":[{"href":"https:\/\/www.lte-anbieter.info\/lte-news\/wp-json\/wp\/v2\/pages\/34278","targetHints":{"allow":["GET"]}}],"collection":[{"href":"https:\/\/www.lte-anbieter.info\/lte-news\/wp-json\/wp\/v2\/pages"}],"about":[{"href":"https:\/\/www.lte-anbieter.info\/lte-news\/wp-json\/wp\/v2\/types\/page"}],"author":[{"embeddable":true,"href":"https:\/\/www.lte-anbieter.info\/lte-news\/wp-json\/wp\/v2\/users\/1"}],"replies":[{"embeddable":true,"href":"https:\/\/www.lte-anbieter.info\/lte-news\/wp-json\/wp\/v2\/comments?post=34278"}],"version-history":[{"count":5,"href":"https:\/\/www.lte-anbieter.info\/lte-news\/wp-json\/wp\/v2\/pages\/34278\/revisions"}],"predecessor-version":[{"id":44314,"href":"https:\/\/www.lte-anbieter.info\/lte-news\/wp-json\/wp\/v2\/pages\/34278\/revisions\/44314"}],"wp:attachment":[{"href":"https:\/\/www.lte-anbieter.info\/lte-news\/wp-json\/wp\/v2\/media?parent=34278"}],"curies":[{"name":"wp","href":"https:\/\/api.w.org\/{rel}","templated":true}]}}