{"id":34528,"date":"2025-08-02T08:31:06","date_gmt":"2025-08-02T06:31:06","guid":{"rendered":"https:\/\/www.lte-anbieter.info\/lte-news\/?page_id=34528"},"modified":"2025-08-04T10:29:37","modified_gmt":"2025-08-04T08:29:37","slug":"freenet-flex-bestellen","status":"publish","type":"page","link":"https:\/\/www.lte-anbieter.info\/lte-news\/freenet-flex-bestellen","title":{"rendered":"Freenet Flex bestellen"},"content":{"rendered":"<p>&nbsp;<\/p>\n<p>Freenet hat im Jahr 2020 ein v\u00f6llig neuartiges Tarifkonzept herausgebracht: \u201e<a href=\"https:\/\/www.lte-anbieter.info\/tarife\/tests\/freenet-flex-erfahrungsbericht.php\" data-internallinksmanager029f6b8e52c=\"50\" title=\"Freenet Flex Testbericht und Tarife\">Freenet Flex<\/a>\u201c. Das Angebot richtet sich offensichtlich prim\u00e4r an eine junge Zielgruppe, da vieles an den Tarifen recht ungew\u00f6hnlich ist.<!--more--><\/p>\n<p>&nbsp;<\/p>\n<div class=\"pic_r\"><img decoding=\"async\" src=\"https:\/\/www.lte-anbieter.info\/lte-news\/wp-content\/uploads\/2024\/07\/fflex-logo.webp\" alt=\"Freenet Flex\" width=\"200\"><\/div>\n<p>Trotz das es ein Postpaid-Tarif ist, gibt es keine Mindestlaufzeit. Man kann monatlich zwischen drei verschiedenen Preisen und Datenvolumina wechseln.<\/p>\n<p>&nbsp;<\/p>\n<p>Besonders ist auch: Bezahlt wird nur \u00fcber den eigenen Paypal-Account. Freenet Flex <a href=\"https:\/\/www.lte-anbieter.info\/lte-news\/welches-netz-hat-freenet-flex\">nutzt \u00fcbrigens das gut ausgebaute Vodafone LTE-Netz<\/a>. Bei allen drei Tarifen handelt es sich um eine echte <a href=\"https:\/\/www.lte-anbieter.info\/allnet\/tarifvergleich.php\" data-internallinksmanager029f6b8e52c=\"5\" title=\"aktuelle Allnetflat-Tarife vergleichen\">Allnetflat<\/a> f\u00fcr unbegrenzte Telefonate ins dt. Fest- oder Mobilfunknetz. Zum Beispiel 15 \u20ac f\u00fcr 12 GB monatlich.<\/p>\n<h2>Bestellung: Nur ein Weg m\u00f6glich<\/h2>\n<p>Die wohl ungew\u00f6hnlichste Neuerung bei Freenet Flex ist der Bestellvorgang. W\u00e4hren man herk\u00f6mmliche Mobilfunktarife entweder im Shop des Anbieters oder auf dessen Webseite ordern kann, geht man hier einen anderen Weg. Die Bestellung l\u00e4sst sich n\u00e4mlich <u>nur \u00fcber die Freenet Flex App vornehmen<\/u>. Diese ist zugleich Dreh- und Angelpunkt des kompletten Angebots. Kundensupport, \u00c4nderung des Tarifes oder der Nutzerdaten sind nur dar\u00fcber steuerbar. Auch das verbrauchte Datenvolumen ist so einzusehen. Und hier k\u00f6nnt Ihr die App laden:<\/p>\n<p>&nbsp;<\/p>\n<p>Download f\u00fcr Android >> <a href=\"https:\/\/www.lte-anbieter.info\/details\/freenetflex\" rel=\"noopener nofollow\" target=\"_blank\">hier gehts zur Freenet Flex App im Playstore<\/a> (Google)<br \/>\nDownload f\u00fcr iOS >> <a href=\"https:\/\/www.lte-anbieter.info\/details\/freenetflex\" rel=\"noopener nofollow\" target=\"_blank\">hier gehts zur Freenet Flex App im Apple Store<\/a><\/p>\n<p>&nbsp;<\/p>\n<p>Alternativ findet Ihr unten noch den QR-Code. Einfach scannen und es \u00f6ffnet sich automatisch die passende App f\u00fcr Android oder iOS. Der Anbieter verspricht sogar eine Lieferung noch am selben Tag, falls man in einer gr\u00f6\u00dferen Stadt wohnt&#8230;<\/p>\n<h2>K\u00fcndigen?<\/h2>\n<p>Nicht nur das Bestellen funktioniert \u00fcber die hauseigene App \u2013 auch die K\u00fcndigung k\u00f6nnt bzw. m\u00fcsst Ihr dar\u00fcber vornehmen. Wie schon erw\u00e4hnt gibt es keine Mindestlaufzeit! Die K\u00fcndigungsfrist betr\u00e4gt also sagenhaft 24 Stunden :-)<\/p>\n<p>&nbsp;<\/p>\n<div align=\"center\"><u>App QR-Code zur Installation\/Bestellung:<\/u><br \/>\n<img decoding=\"async\" src=\"https:\/\/www.lte-anbieter.info\/lte-news\/wp-content\/uploads\/2020\/12\/freenet-flex-code.png\" alt=\"Freenet Flex Bestell-QR-Code\">\n<\/div>\n<p>&nbsp;<\/p>\n<h2>Weiterf\u00fchrendes<\/h2>\n<p>&raquo; <a href=\"https:\/\/www.lte-anbieter.info\/lte-news\/welches-netz-hat-freenet-flex\">Welches Netz nutzt Freenet Flex?<\/a><br \/>\n&raquo; <a href=\"https:\/\/www.lte-anbieter.info\/tarife\/tests\/freenet-flex-erfahrungsbericht.php\">mehr zum Angebot von F-Flex und Testbericht<\/a><\/p>\n<p>&nbsp;<\/p>\n<div style='text-align:center' class='yasr-auto-insert-visitor'><\/div>","protected":false},"excerpt":{"rendered":"<p>&nbsp; Freenet hat im Jahr 2020 ein v\u00f6llig neuartiges Tarifkonzept herausgebracht: \u201eFreenet Flex\u201c. Das Angebot richtet sich offensichtlich prim\u00e4r an eine junge Zielgruppe, da vieles an den Tarifen recht ungew\u00f6hnlich ist.<\/p>\n","protected":false},"author":1,"featured_media":0,"parent":0,"menu_order":0,"comment_status":"closed","ping_status":"closed","template":"","meta":{"yasr_overall_rating":0,"yasr_post_is_review":"","yasr_auto_insert_disabled":"","yasr_review_type":"","iawp_total_views":133,"footnotes":""},"class_list":["post-34528","page","type-page","status-publish","hentry"],"yasr_visitor_votes":{"stars_attributes":{"read_only":false,"span_bottom":false},"number_of_votes":0,"sum_votes":0},"jetpack_shortlink":"https:\/\/wp.me\/POOxv-8YU","_links":{"self":[{"href":"https:\/\/www.lte-anbieter.info\/lte-news\/wp-json\/wp\/v2\/pages\/34528","targetHints":{"allow":["GET"]}}],"collection":[{"href":"https:\/\/www.lte-anbieter.info\/lte-news\/wp-json\/wp\/v2\/pages"}],"about":[{"href":"https:\/\/www.lte-anbieter.info\/lte-news\/wp-json\/wp\/v2\/types\/page"}],"author":[{"embeddable":true,"href":"https:\/\/www.lte-anbieter.info\/lte-news\/wp-json\/wp\/v2\/users\/1"}],"replies":[{"embeddable":true,"href":"https:\/\/www.lte-anbieter.info\/lte-news\/wp-json\/wp\/v2\/comments?post=34528"}],"version-history":[{"count":5,"href":"https:\/\/www.lte-anbieter.info\/lte-news\/wp-json\/wp\/v2\/pages\/34528\/revisions"}],"predecessor-version":[{"id":43825,"href":"https:\/\/www.lte-anbieter.info\/lte-news\/wp-json\/wp\/v2\/pages\/34528\/revisions\/43825"}],"wp:attachment":[{"href":"https:\/\/www.lte-anbieter.info\/lte-news\/wp-json\/wp\/v2\/media?parent=34528"}],"curies":[{"name":"wp","href":"https:\/\/api.w.org\/{rel}","templated":true}]}}