{"id":34810,"date":"2025-10-22T09:07:02","date_gmt":"2025-10-22T07:07:02","guid":{"rendered":"https:\/\/www.lte-anbieter.info\/lte-news\/?page_id=34810"},"modified":"2025-10-24T15:46:35","modified_gmt":"2025-10-24T13:46:35","slug":"welches-netz-hat-freenet-flex","status":"publish","type":"page","link":"https:\/\/www.lte-anbieter.info\/lte-news\/welches-netz-hat-freenet-flex","title":{"rendered":"Welches Netz hat Freenet Flex?"},"content":{"rendered":"<p>&nbsp;<\/p>\n<p>Sogenannte <a href=\"https:\/\/www.lte-anbieter.info\/lte-news\/mobilfunk-tarif-per-app-anbieter\">App-Mobilfunktarife<\/a> erleben seit dem Jahr 2020 einen stetig zunehmenden Boom. Freenets Marke \u201eFlex\u201c ist einer dieser Anbieter, welcher neue Wege geht und alle Tarif-Dienste ausschlie\u00dflich \u00fcber die hauseigene App anbietet. Doch welches Netz nutzt eigentlich <a href=\"https:\/\/www.lte-anbieter.info\/tarife\/tests\/freenet-flex-erfahrungsbericht.php\" data-internallinksmanager029f6b8e52c=\"50\" title=\"Freenet Flex Testbericht und Tarife\">Freenet Flex<\/a> und wie gut ist dieses?<!--more--><\/p>\n<h2>Mobilfunknetz von Freenet Flex<\/h2>\n<div class=\"pic_r\"><img decoding=\"async\" src=\"https:\/\/www.lte-anbieter.info\/lte-news\/wp-content\/uploads\/2020\/12\/fflex-logo.jpg\" alt=\"Freenet Flex\" width=\"180\" fetchpriority=\"high\"><\/div>\n<p>Der Anbieter selbst betreibt nat\u00fcrlich kein eigenes Mobilfunknetz. In Deutschland gibt es aktuell nur drei davon. Vielmehr handelt es sich um einen sogenannten virtuellen Provider. Diese bieten unter einer eigenen Marke Mobilfunktarife an. Realisiert werden der Internetzugang und Telefonie im Hintergrund aber stets \u00fcber einen der drei Netzanbieter, also der <a href=\"https:\/\/www.lte-anbieter.info\/lte-provider\/telekom\/telekom-lte.php\" data-internallinksmanager029f6b8e52c=\"32\" title=\"LTE- und 5G-Tarife der Deutschen Telekom zeigen\">Dt. Telekom<\/a>, <a href=\"https:\/\/www.lte-anbieter.info\/lte-provider\/vodafone\/vodafone-lte.php\" data-internallinksmanager029f6b8e52c=\"33\" title=\"Vodafone LTE- und 5G-Tarife zeigen\">Vodafone<\/a> oder <a href=\"https:\/\/www.lte-anbieter.info\/lte-provider\/o2\/o2-lte.php\" data-internallinksmanager029f6b8e52c=\"34\" title=\"O2 LTE- und 5G-Tarife zeigen\">O2<\/a>. Im Fall von Freenet Flex ist es <u>Vodafone<\/u>. Sie telefonieren und surfen als also mobil \u00fcber das ausgezeichnete <u>Vodafone D2-Netz<\/u>.<\/p>\n<h2>Wie gut ist die Netzqualit\u00e4t?<\/h2>\n<p>Netzpate Vodafone bietet ein exzellentes Mobilfunknetz. Freenet Flex Nutzer entscheiden sich also f\u00fcr Qualit\u00e4t. Auch <a href=\"https:\/\/www.lte-anbieter.info\/volte\/\">VoLTE<\/a> kann genutzt werden, was die Sprachqualit\u00e4t enorm erh\u00f6ht sowie den Stromverbrauch beim Telefonieren senkt. <a href=\"https:\/\/www.lte-anbieter.info\/technik\/wlan\/wifi-calling.php\">Wifi-Calling<\/a> ist ebenfalls m\u00f6glich. Der Dienst sorgt z.B. in Geb\u00e4uden f\u00fcr reibungslose Telefonie, falls der Empfang vom regul\u00e4ren Mobilfunknetz dort nicht oder schlecht ausf\u00e4llt. Nur <a href=\"https:\/\/www.lte-anbieter.info\/ratgeber\/e-sim.php\">eSIM<\/a>s sind noch nicht erh\u00e4ltlich.<\/p>\n<h2>Wie gut ist der Ausbau bzw. Abdeckung bei F-Flex?<\/h2>\n<p>Netzversorger Vodafone bietet, neben der Dt. Telekom, dass bundesweit zweitbeste Mobilfunknetz. Zumindest belegen das <a href=\"https:\/\/www.lte-anbieter.info\/lte-news\/index.php?s=netztest\">unabh\u00e4ngige Tests der letzten Jahre<\/a>. Vodafone rangiert heute in etwa auf dem Niveau der Deutschen Telekom was Abdeckung und Zuverl\u00e4ssigkeit angeht. Wer sich einen ganz genauen \u00dcberblick verschaffen will, sollte sich <a href=\"https:\/\/www.lte-anbieter.info\/details\/Vodafonemap\" rel=\"noopener nofollow\" target=\"_blank\">hier die offizielle Ausbaukarte von Vodafone ansehen<\/a>. Dort ist ganz genau verzeichnet, wo LTE bzw. <a href=\"https:\/\/www.lte-anbieter.info\/5g\/\" data-internallinksmanager029f6b8e52c=\"73\" title=\"alles zum LTE-Nachfolger 5G\">5G<\/a> schon verf\u00fcgbar ist.<\/p>\n<h2>Gibt es LTE oder 5G bei Freenet Flex<\/h2>\n<p>4G\/LTE ist fester Bestandteil bei allen Freenet Flex Tarifen. Der mobile Internetzugang bietet dabei eine Datenrate von bis zu 50 MBit\/s. Einzig auf das neue 5G m\u00fcssen Flex-Kunden noch verzichten. Bis es soweit ist, d\u00fcrften allerdings noch einige Jahre vergehen. Denn die Provider wollen die Technik nat\u00fcrlich eher f\u00fcr die eigenen Tarife reservieren. Wer sich f\u00fcr 5G interessiert, sollte daher eher ein Blick auf die <a href=\"https:\/\/www.lte-anbieter.info\/lte-provider\/vodafone\/vodafone-lte.php#smartphone\">Vodafone Gigamobil-Pakete<\/a> werfen. Hier ist der 4G-Nachfolger im Preis schon enthalten.<\/p>\n<h2>Bestellung<\/h2>\n<div class=\"pic_r\"><img decoding=\"async\" src=\"https:\/\/www.lte-anbieter.info\/lte-news\/wp-content\/uploads\/2021\/01\/qr-freenetfunk.png\" alt=\"QR Code Freenet Flex bestellen\" width=\"150\" loading=\"lazy\"><\/div>\n<p>Wie schon angedeutet, spielt die App bei diesem Anbieter eine entscheidende Rolle, auch bei der Bestellung. Ein Freenet Flex Tarif kann n\u00e4mlich <a href=\"https:\/\/www.lte-anbieter.info\/lte-news\/freenet-flex-bestellen\">nur \u00fcber die passende App abgeschlossen werden<\/a>. Oder einfach \u00fcber den QR-Code rechts.<\/p>\n<h2>Testbericht<\/h2>\n<p>Wir haben uns das Angebot nat\u00fcrlich f\u00fcr Sie einmal genauer angesehen. Was taugt Freenet Flex wirklich? Hier gehts <a title=\"zum Freenet Flex Erfahrungsbericht\" href=\"https:\/\/www.lte-anbieter.info\/tarife\/tests\/freenet-flex-erfahrungsbericht.php\">zum Erfahrungsbricht<\/a>.<\/p>\n<h2>Kundendienst<\/h2>\n<p>Was f\u00fcr die Bestellaufgabe zutrifft, gilt auch gleichsam f\u00fcr den Kundenservice. Der ist bei Freenet-Flex nicht telefonisch oder in einem Shop kontaktierbar, sondern ausschlie\u00dflich per WhatsApp \u00fcber die Nummer <em>040 34 85 85 041<\/em> oder Facebook.<\/p>\n<h2>sonstige Anbieter und Tarife mit Vodafone-Netz im Tarifvergleich<\/h2>\n<p>Wer dennoch nicht \u00fcberzeugt ist, findet nat\u00fcrlich noch eine Reihe weiterer Angebote am Markt im Vodafone-Netz. Der folgende Vergleich zeigt alle wichtigen, aktuellen Angebote und Deals. Sowohl Prepaid- als auch Postpaidtarife wurden hierf\u00fcr ber\u00fccksichtigt!<\/p>\n<p>&nbsp;<\/p>\n<p><script type=\"text\/javascript\" src=\"https:\/\/www.tariffuxx.de\/tools\/view\/twl-mobile?tool_id=376\" id=\"twl-mobile-376\"><\/script><br \/>\n<noscript>Bitte aktivieren Sie JavaScript, um den Tarifvergleich zu nutzen.<\/noscript><\/p>\n<p>&nbsp;<\/p>\n<h3>Wissenswertes zum Thema:<\/h3>\n<p>&raquo; <a href=\"https:\/\/www.lte-anbieter.info\/lte-news\/lte-app-discounter-tarife-welche-anbieter-gibt-es\">Freenet Funk, Freenet Flex und Fraenk im Vergleich<\/a><br \/>\n&raquo; <a href=\"https:\/\/www.lte-anbieter.info\/tarife\/tests\/freenet-flex-erfahrungsbericht.php\">zum Testbericht von Freenet Flex<\/a><\/p>\n<p>&nbsp;<\/p>\n<div style='text-align:center' class='yasr-auto-insert-visitor'><\/div>","protected":false},"excerpt":{"rendered":"<p>&nbsp; Sogenannte App-Mobilfunktarife erleben seit dem Jahr 2020 einen stetig zunehmenden Boom. Freenets Marke \u201eFlex\u201c ist einer dieser Anbieter, welcher neue Wege geht und alle Tarif-Dienste ausschlie\u00dflich \u00fcber die hauseigene App anbietet. Doch welches Netz nutzt eigentlich Freenet Flex und wie gut ist dieses?<\/p>\n","protected":false},"author":1,"featured_media":0,"parent":0,"menu_order":0,"comment_status":"closed","ping_status":"closed","template":"","meta":{"yasr_overall_rating":0,"yasr_post_is_review":"","yasr_auto_insert_disabled":"","yasr_review_type":"","iawp_total_views":112,"footnotes":""},"class_list":["post-34810","page","type-page","status-publish","hentry"],"yasr_visitor_votes":{"stars_attributes":{"read_only":false,"span_bottom":false},"number_of_votes":2,"sum_votes":6},"jetpack_shortlink":"https:\/\/wp.me\/POOxv-93s","_links":{"self":[{"href":"https:\/\/www.lte-anbieter.info\/lte-news\/wp-json\/wp\/v2\/pages\/34810","targetHints":{"allow":["GET"]}}],"collection":[{"href":"https:\/\/www.lte-anbieter.info\/lte-news\/wp-json\/wp\/v2\/pages"}],"about":[{"href":"https:\/\/www.lte-anbieter.info\/lte-news\/wp-json\/wp\/v2\/types\/page"}],"author":[{"embeddable":true,"href":"https:\/\/www.lte-anbieter.info\/lte-news\/wp-json\/wp\/v2\/users\/1"}],"replies":[{"embeddable":true,"href":"https:\/\/www.lte-anbieter.info\/lte-news\/wp-json\/wp\/v2\/comments?post=34810"}],"version-history":[{"count":3,"href":"https:\/\/www.lte-anbieter.info\/lte-news\/wp-json\/wp\/v2\/pages\/34810\/revisions"}],"predecessor-version":[{"id":42792,"href":"https:\/\/www.lte-anbieter.info\/lte-news\/wp-json\/wp\/v2\/pages\/34810\/revisions\/42792"}],"wp:attachment":[{"href":"https:\/\/www.lte-anbieter.info\/lte-news\/wp-json\/wp\/v2\/media?parent=34810"}],"curies":[{"name":"wp","href":"https:\/\/api.w.org\/{rel}","templated":true}]}}