{"id":35592,"date":"2026-02-18T11:51:35","date_gmt":"2026-02-18T10:51:35","guid":{"rendered":"https:\/\/www.lte-anbieter.info\/lte-news\/?page_id=35592"},"modified":"2026-02-19T09:56:03","modified_gmt":"2026-02-19T08:56:03","slug":"welches-netz-hat-sim-de","status":"publish","type":"page","link":"https:\/\/www.lte-anbieter.info\/lte-news\/welches-netz-hat-sim-de","title":{"rendered":"Welches Netz hat SIM.de?"},"content":{"rendered":"<p>&nbsp;<\/p>\n<p>Die Drillisch-Tochter <a href=\"https:\/\/www.lte-anbieter.info\/lte-provider\/sim\/sim-de.php\" data-internallinksmanager029f6b8e52c=\"43\" title=\"SIM.de Tarife vergleichen\">SIM.de<\/a> geh\u00f6rt zweifelsfrei zu den g\u00fcnstigsten Mobilfunkanbietern \u00fcberhaupt. Monat f\u00fcr Monat peitscht das Unternehmen eine Hammeraktion nach der anderen heraus, mit viel Leistung f\u00fcr wenig Geld. Doch welches Netz nutz SIM.de eigentlich und wie steht es um die Qualit\u00e4t und Abdeckung? All dies und mehr erfahren Sie in diesem Ratgeber.<!--more--><\/p>\n<h2>Welches Mobilfunknetz nutzt SIM.de 2026?<\/h2>\n<div class=\"pic_r_cl\"><img decoding=\"async\" src=\"https:\/\/www.lte-anbieter.info\/lte-news\/wp-content\/uploads\/2020\/03\/simde.jpg\" alt=\"sim.de\" width=\"220\" fetchpriority=\"high\"><\/div>\n<p>Streng genommen nat\u00fcrlich garkeins! Denn in Deutschland gibt es nur vier Mobilfunknetzbetreiber. Also Unternehmen, die Funkmasten samt der sonstigen Netzinfrastruktur ausbauen. Dabei handelt es sich um die <a href=\"https:\/\/www.lte-anbieter.info\/lte-provider\/telekom\/telekom-lte.php\" data-internallinksmanager029f6b8e52c=\"32\" title=\"LTE- und 5G-Tarife der Deutschen Telekom zeigen\">Dt. Telekom<\/a>, <a href=\"https:\/\/www.lte-anbieter.info\/lte-provider\/vodafone\/vodafone-lte.php\" data-internallinksmanager029f6b8e52c=\"33\" title=\"Vodafone LTE- und 5G-Tarife zeigen\">Vodafone<\/a>, <a href=\"https:\/\/www.lte-anbieter.info\/lte-provider\/o2\/o2-lte.php\" data-internallinksmanager029f6b8e52c=\"34\" title=\"O2 LTE- und 5G-Tarife zeigen\">O2<\/a> und mit ersten Funkantennen seit 2023 auch 1&#038;1. Da <a href=\"https:\/\/www.lte-anbieter.info\/lte-provider\/sim\/sim-de.php\">SIM.de<\/a> zu 1&#038;1\/Drillisch geh\u00f6rt, greift mittlerweile prim\u00e4r das hauseigene Netz. Da dies allerdings erst sehr rudiment\u00e4r ausgebaut ist, springt in den meisten F\u00e4llen weiter Vodafone als Netz-Partner ein (per National Roaming). Kunden von sim.de surfen und telefonieren daher, je nach Verf\u00fcgbarkeit vor Ort, entweder <strong>via 1&#038;1 oder im Vodafone-Netz (D2)<\/strong>. Die Netzkennung ist also &#8222;1und1&#8220; oder &#8222;Vodafone&#8220;.<\/p>\n<h2>Gibt es LTE\/4G bei SIM.de?<\/h2>\n<p>Ja nat\u00fcrlich! Mittlerweile bieten alle Anbieter das schnellere LTE. <a href=\"https:\/\/www.lte-anbieter.info\/3g\/\" data-internallinksmanager029f6b8e52c=\"74\" title=\"alles \u00fcber 3G und dessen Abschaltung erfahren\">3G<\/a> wurde 2021 bundesweit <a href=\"https:\/\/www.lte-anbieter.info\/3g\/\">abgeschaltet<\/a>. Bei Vodafone gingen die letzten 3G-Antennen Ende 2021 offline. \u00dcber 4G\/LTE bieten die Tarife immerhin 50 MBit\/s, was einem Standard <a href=\"https:\/\/www.lte-anbieter.info\/lte-alternativen\/vdsl-kabel\/vdsl-kabel-flatrate.php\" data-internallinksmanager029f6b8e52c=\"63\" title=\"Was ist VDSL und was kostet es?\">VDSL<\/a>-Anschluss zuhause entspricht.<\/p>\n<h2>Wie sieht es mit 5G aus?<\/h2>\n<p>Auf den Nachfolger <a href=\"https:\/\/www.lte-anbieter.info\/5g\/\">5G<\/a> m\u00fcssen SIM.de-Nutzer seit Dezember 2023 nicht mehr verzichten. Seither bieten alle SIM.de Tarife auch <a href=\"https:\/\/www.lte-anbieter.info\/5g\/\" data-internallinksmanager029f6b8e52c=\"73\" title=\"alles zum LTE-Nachfolger 5G\">5G<\/a>! Die Datenrate liegt aber weiterhin bei maximal 50 MBit\/s (Upload 32 MBit\/s). Durch 5G erh\u00f6ht sich aber die Netzabdeckung ungemein und auch die Reaktionszeit sinkt.<\/p>\n<p>&nbsp;<\/p>\n<div class=\"highlight2\">Jetzt aktuelle Aktionsvorteile nutzen und 5G Allnetflat mit viel Datenvolumen schon f\u00fcr deutlich unter 10 \u20ac sichern. Hier gehts zu <a href=\"https:\/\/www.lte-anbieter.info\/details\/simde\" rel=\"noopener nofollow\" target=\"_blank\">hier auf www.sim.de<\/a>.<\/div>\n<h2>Wie ist die Sprach- und Netzqualit\u00e4t beim sim.de?<\/h2>\n<p>Sehr gut! Denn wie alle Tarife im 1&#038;1 bzw. Vodafone-Netz, profitieren Kunden von den modernen Netzdiensten <a href=\"https:\/\/www.lte-anbieter.info\/volte\/\">VoLTE<\/a> und <a href=\"https:\/\/www.lte-anbieter.info\/technik\/wlan\/wifi-calling.php\">Wifi-Calling<\/a>. Beide steigern nicht nur die Sprachqualit\u00e4t ungemein, sondern erh\u00f6hen auch die Abdeckung und Netzstabilit\u00e4t. Ist z.B. in einem Geb\u00e4ude (Abschirmung) kein LTE mehr verf\u00fcgbar, kann \u00fcber WLAN dennoch normal telefonieret werden. Der Kunde merkt davon nichts. N\u00f6tig ist nur ein kompatibles Smartphone. Das trifft so ziemlich auf fast alle Modelle nach 2019 zu. <a href=\"https:\/\/www.lte-anbieter.info\/ratgeber\/e-sim.php\">eSIM<\/a>s lassen sich bei Bedarf gegen Aufpreis bestellen.<\/p>\n<h2>Wie gut ist die Netzabdeckung?<\/h2>\n<div class=\"pic_r\"><img decoding=\"async\" src=\"https:\/\/www.lte-anbieter.info\/lte-news\/wp-content\/uploads\/2024\/10\/sim-netz.webp\" alt=\"Unser Netzqualit\u00e4t Urteil f\u00fcr sim.de\" width=\"230\" loading=\"lazy\"><\/div>\n<p>1&#038;1 steckt beim Netzaufbau noch ganz am Anfang. Seit Ende 2025 k\u00f6nnten 25 Prozent der Bev\u00f6lkerung erreicht werden &#8211; das war zumindest die Auflage der Bundesnetzagentur f\u00fcr den Konzern. Deutsche Telekom und Vodafone liegen dagegen bei ca. 95-99 Prozent! Beim Netzpartner Vodafone sieht es in Punkto Netzabdeckung alles in allem also sehr gut aus! Die Deutsche Telekom schneidet zwar in den Netztests meist noch einen Tick besser ab, aber der Abstand schrumpft immer weiter. Daf\u00fcr sind die Angebote auch deutlich preiswerter. Die LTE-Versorgung im Vodafone-Netz betrug in Q1\/2026 gut 99 Prozent, 5G ist zu etwa 93 Prozent ausgebaut. Einen ganz genauen Einblick erh\u00e4lt man \u00fcbrigens <a href=\"https:\/\/www.lte-anbieter.info\/details\/Vodafonemap\" rel=\"noopener nofollow\" target=\"_blank\">hier auf der Vodafone-Netzausbaukarte<\/a>. Dort kann sich jeder mit 2 Klicks \u00fcber die Verf\u00fcgbarkeit an seinem Wohnort informieren.<\/p>\n<h2>Kosten und Tarife<\/h2>\n<p>SIM.de besticht durch sehr, sehr preiswerte Komplettpakete aus reichlich monatlichem Datenvolumen und einer Telefon-<a href=\"https:\/\/www.lte-anbieter.info\/allnet\/tarifvergleich.php\" data-internallinksmanager029f6b8e52c=\"5\" title=\"aktuelle Allnetflat-Tarife vergleichen\">Allnetflat<\/a>. Los geht\u2019s bereits, ja nach aktueller Aktion, <strong>ab nur 5-6 \u20ac pro Monat<\/strong>! Neben der Sprachflat, sind nat\u00fcrlich auch alle SMS enthalten. Dank EU-Roaming, ist eine europaweite Nutzung wie zuhause m\u00f6glich. Bestellung <a href=\"https:\/\/www.lte-anbieter.info\/details\/simde\" rel=\"noopener nofollow\" target=\"_blank\">hier auf www.sim.de\/tarife<\/a>.<\/p>\n<h2>Vorteil: Mit oder ohne Laufzeit<\/h2>\n<p>Wer sich nicht unbedingt gleich zwei Jahre binden m\u00f6chte, kann alle SIM.de Tarife \u00fcbrigens auch ohne Laufzeit bestellen. Am Grundpreis \u00e4ndert sich dabei nichts. Der Anbieter verlangt daf\u00fcr nur einen einmaligen Bereitstellungspreis von rund 20 Euro. Das kann sich also durchaus lohnen.<\/p>\n<h2>Haben die SIM.de Tarife eine Datenautomatik?<\/h2>\n<p>Ja! Alle Pakete haben eine sogenannten Datenautomatismus eingebaut. Dieser bewirkt, dass automatisch 300 MB extra eingebucht werden (f\u00fcr 2 \u20ac), sobald man sein monatliches Kontingent \u00fcberschritten hat. Wer das nicht will, muss entweder sein Volumen beobachten, z.B. \u00fcber eine App, oder aber \u00fcber den Kundendienst die DA deaktivieren lassen.<\/p>\n<h2>Tarifvergleich: alle anderen Angebote im 1und1-Netz mit SIM.de im Vergleich<\/h2>\n<p>Es gibt noch viele andere Anbieter und Tarife, die auch auf das 1&#038;1-Drillisch Netz zur\u00fcckgreifen. Der folgende Vergleich zeigt m\u00f6gliche Alternativen f\u00fcr Sie auf.<\/p>\n<p>&nbsp;<\/p>\n<p><script type=\"text\/javascript\" src=\"https:\/\/www.tariffuxx.de\/tools\/view\/twl-mobile?tool_id=3239\" id=\"twl-mobile-3239\"><\/script><br \/>\n<noscript>Bitte aktivieren Sie JavaScript, um den Vergleich nutzen zu k\u00f6nnen.<\/noscript><\/p>\n<h2>Kundenservice<\/h2>\n<p>Diesen erreichen Sie unter der Rufnummer 06181 7074 033 t\u00e4glich 06:00 \u2013 22:00 Uhr. Wer nur seine SIM entsperren m\u00f6chte, w\u00e4hlt dagegen die 06181 7074 044 (24h). Gibts auch eine Mailadresse? JA: kontakt@sim.de<\/p>\n<p>&nbsp;<\/p>\n<p>SIM.de bietet sogar noch eine Faxnummer unter der 06181 7074 063. Wir empfehlen allerdings bei K\u00fcndigung immer den postalischen Weg. Das ist sicherer. Die Postadresse lautet: Drillisch Online GmbH; Wilhelm-R\u00f6ntgen-Stra\u00dfe 1-5; 63477 Maintal<\/p>\n<p>&nbsp;<\/p>\n<div style='text-align:center' class='yasr-auto-insert-visitor'><\/div>","protected":false},"excerpt":{"rendered":"<p>&nbsp; Die Drillisch-Tochter SIM.de geh\u00f6rt zweifelsfrei zu den g\u00fcnstigsten Mobilfunkanbietern \u00fcberhaupt. Monat f\u00fcr Monat peitscht das Unternehmen eine Hammeraktion nach der anderen heraus, mit viel Leistung f\u00fcr wenig Geld. Doch welches Netz nutz SIM.de eigentlich und wie steht es um die Qualit\u00e4t und Abdeckung? All dies und mehr erfahren Sie in diesem Ratgeber.<\/p>\n","protected":false},"author":1,"featured_media":0,"parent":0,"menu_order":0,"comment_status":"closed","ping_status":"closed","template":"","meta":{"yasr_overall_rating":0,"yasr_post_is_review":"yes","yasr_auto_insert_disabled":"","yasr_review_type":"CreativeWorkSeries","iawp_total_views":56553,"footnotes":""},"class_list":["post-35592","page","type-page","status-publish","hentry"],"yasr_visitor_votes":{"stars_attributes":{"read_only":false,"span_bottom":false},"number_of_votes":39,"sum_votes":144},"jetpack_shortlink":"https:\/\/wp.me\/POOxv-9g4","_links":{"self":[{"href":"https:\/\/www.lte-anbieter.info\/lte-news\/wp-json\/wp\/v2\/pages\/35592","targetHints":{"allow":["GET"]}}],"collection":[{"href":"https:\/\/www.lte-anbieter.info\/lte-news\/wp-json\/wp\/v2\/pages"}],"about":[{"href":"https:\/\/www.lte-anbieter.info\/lte-news\/wp-json\/wp\/v2\/types\/page"}],"author":[{"embeddable":true,"href":"https:\/\/www.lte-anbieter.info\/lte-news\/wp-json\/wp\/v2\/users\/1"}],"replies":[{"embeddable":true,"href":"https:\/\/www.lte-anbieter.info\/lte-news\/wp-json\/wp\/v2\/comments?post=35592"}],"version-history":[{"count":5,"href":"https:\/\/www.lte-anbieter.info\/lte-news\/wp-json\/wp\/v2\/pages\/35592\/revisions"}],"predecessor-version":[{"id":44308,"href":"https:\/\/www.lte-anbieter.info\/lte-news\/wp-json\/wp\/v2\/pages\/35592\/revisions\/44308"}],"wp:attachment":[{"href":"https:\/\/www.lte-anbieter.info\/lte-news\/wp-json\/wp\/v2\/media?parent=35592"}],"curies":[{"name":"wp","href":"https:\/\/api.w.org\/{rel}","templated":true}]}}