{"id":36136,"date":"2026-02-06T09:09:32","date_gmt":"2026-02-06T08:09:32","guid":{"rendered":"https:\/\/www.lte-anbieter.info\/lte-news\/?page_id=36136"},"modified":"2026-02-07T10:21:21","modified_gmt":"2026-02-07T09:21:21","slug":"welches-netz-hat-simon-mobil","status":"publish","type":"page","link":"https:\/\/www.lte-anbieter.info\/lte-news\/welches-netz-hat-simon-mobil","title":{"rendered":"Welches Netz hat SIMon Mobil?"},"content":{"rendered":"<p>&nbsp;<\/p>\n<p>Im Sommer 2021 wurde eine bis dato g\u00e4nzlich neue Mobilfunkmarke namens \u201e<a href=\"https:\/\/www.lte-anbieter.info\/lte-provider\/simon\/simon-mobil.php\" data-internallinksmanager029f6b8e52c=\"48\" title=\"SIMon Tarife vergleichen\">SIMon<\/a>\u201c eingef\u00fchrt. Das Markengesicht ist ein kleiner punkiger Waschb\u00e4r \u201eSimon\u201c. Doch welches Mobilfunk-Netz nutzt das Angebot und wie gut ist es? Dies und mehr verr\u00e4t folgend unser kleiner Ratgeber!<!--more--><\/p>\n<h2>Was steckt hinter SIMon?<\/h2>\n<p><a href=\"https:\/\/www.lte-anbieter.info\/lte-provider\/vodafone\/vodafone-lte.php\" data-internallinksmanager029f6b8e52c=\"33\" title=\"Vodafone LTE- und 5G-Tarife zeigen\">Vodafone<\/a> hatte vor 5 Jahren \u00fcberraschend die neue Mobilfunkmarke \u201e<strong>SIMon<\/strong>\u201c. Man kann den Namen pers\u00f6nlich wie \u201eSimon\u201c lesen, also dem Waschb\u00e4r-Maskottchen. Oder eben technisch als \u201eSIM-on\u201c \u2013 in etwa wie \u201eSIM-Karte an\u201c. Zus\u00e4tzlich zur alten Hausmarke <a href=\"https:\/\/www.lte-anbieter.info\/lte-provider\/otelo\/otelo-lte.php\">Otelo<\/a>, gibt\u2019s seither also nicht ein weiteres Angebot der D\u00fcsseldorfer. Diese will augenscheinlich eher eine junge Zielgruppe erreichen, praktisch eine Art \u201e<a href=\"https:\/\/www.lte-anbieter.info\/lte-provider\/congstar\/congstar-lte.php\" data-internallinksmanager029f6b8e52c=\"37\" title=\"Congstar Tarife zeigen\">congstar<\/a>\u201c von Vodafone wenn man so will. Das Besondere ist eindeutig der Preis und das \u00fcbersichtliche Tarifangebot. Los geht\u2019s n\u00e4mlich schon ab 8.99 \u20ac f\u00fcr eine <a href=\"https:\/\/www.lte-anbieter.info\/allnet\/tarifvergleich.php\" data-internallinksmanager029f6b8e52c=\"5\" title=\"aktuelle Allnetflat-Tarife vergleichen\">Allnetflat<\/a> mit 20 GB monatlich.<\/p>\n<p>&nbsp;<\/p>\n<p><img decoding=\"async\" src=\"https:\/\/www.lte-anbieter.info\/lte-news\/wp-content\/uploads\/2021\/08\/simon-mobile.webp\" alt=\"SIMon Mobile\" class=\"fullwidth\" loading=\"lazy\"><\/p>\n<h2>Welches Mobilfunknetz kommt zum Einsatz?<\/h2>\n<p>Da es sich um ein Vodafone-eigenes Unternehmen handelt, telefoniert und surft man nat\u00fcrlich bei SIMon \u00fcbers D2-Vodafonenetz, was \u00fcber eine hervorragende Qualit\u00e4t und Abdeckung verf\u00fcgt&#8230;<\/p>\n<h2>Gibt es auch LTE\/4G? und 5G?<\/h2>\n<p>Ja, nat\u00fcrlich! Die Tarife bieten bis zu 100-150 MBit\/s (je nach Tarif), was also einem <a href=\"https:\/\/www.lte-anbieter.info\/lte-alternativen\/vdsl-kabel\/vdsl-kabel-flatrate.php\" data-internallinksmanager029f6b8e52c=\"63\" title=\"Was ist VDSL und was kostet es?\">VDSL<\/a>-Anschluss zuhause entspricht. Genug Leistung also selbst f\u00fcr 4K-Ultra-HD Videostreaming und alle sonstigen Anwendungen. Auch auf <a href=\"https:\/\/www.lte-anbieter.info\/5g\/\" data-internallinksmanager029f6b8e52c=\"73\" title=\"alles zum LTE-Nachfolger 5G\">5G<\/a> m\u00fcssen Kunden nat\u00fcrlich nicht verzichten. Genau wie im Vodafone Prepaid-Tarif <a href=\"https:\/\/www.lte-anbieter.info\/prepaid\/anbieter\/callya-vodafone.php\">Callya<\/a>, bietet SIMon den 5G-Datenturbo ohne Aufpreis. An der maximalen Datenrate \u00e4ndert sich allerdings nichts. Daf\u00fcr steigt die Abdeckung und der Akku h\u00e4lt tendenziell l\u00e4nger.<\/p>\n<h2>Wie gut ist die Netzabdeckung bei SIMon Mobil 2026?<\/h2>\n<div class=\"pic_r\"><img decoding=\"async\" src=\"https:\/\/www.lte-anbieter.info\/lte-news\/wp-content\/uploads\/2023\/01\/simon.webp\" alt=\"Unsere Wertung zum SIMon Mobil Netz\" width=\"230\" loading=\"lazy\"><\/div>\n<p>Vodafone und die <a href=\"https:\/\/www.lte-anbieter.info\/lte-provider\/telekom\/telekom-lte.php\" data-internallinksmanager029f6b8e52c=\"32\" title=\"LTE- und 5G-Tarife der Deutschen Telekom zeigen\">Dt. Telekom<\/a> betreiben die bundesweit bestausgebauten LTE-Netze, das belegen immer wieder <a href=\"https:\/\/www.lte-anbieter.info\/lte-news\/index.php?s=netztest\">aktuelle Netztests<\/a> von Computerbild und der Zeitschrift Connect. Die Abdeckung betr\u00e4gt mittlerweile fast 99 Prozent, ist also nahezu fl\u00e4chendeckend. Wer es ganz genau wissen will, sollte einen Blick <a href=\"https:\/\/www.lte-anbieter.info\/details\/Vodafonemap\" rel=\"nofollow noopener\" target=\"_blank\">auf die Vodafone-Netzausbaukarte hier werfen<\/a>.<\/p>\n<h2>Wie ist die Sprach- und Netzqualit\u00e4t?<\/h2>\n<p>SIMon unterst\u00fctzt <a href=\"https:\/\/www.lte-anbieter.info\/volte\/\">VoLTE<\/a>, also echte LTE-Telefonie. Damit ist eine exzellente Sprachqualit\u00e4t gesichert (auch HD-Calling genannt). Zudem verbraucht telefonieren per <a href=\"https:\/\/www.lte-anbieter.info\/volte\/\" data-internallinksmanager029f6b8e52c=\"7\" title=\"mehr \u00fcber VoLTE (LTE-Telefonie) erfahren\">VoLTE<\/a> deutlich weniger Akkuleistung gegen\u00fcber Telefonaten \u00fcber \u00e4ltere Netze. Auch <a href=\"https:\/\/www.lte-anbieter.info\/technik\/wlan\/wifi-calling.php\" data-internallinksmanager029f6b8e52c=\"11\" title=\"Ratgeber und Infos zum Thema WLAN-Telefonie\">Wifi-Calling<\/a> (<a href=\"https:\/\/www.lte-anbieter.info\/technik\/wlan\/wlan-ratgeber.php\">WLAN-Calls<\/a>) wird seit April 2024 unterst\u00fctzt.<\/p>\n<h2>Testbericht<\/h2>\n<p>Nat\u00fcrlich haben wir den &#8222;Waschb\u00e4r-Tarif&#8220; ausf\u00fchrlich f\u00fcr Euch getestet. Lohnt der Umstieg oder nicht? Hier gehts <a href=\"https:\/\/www.lte-anbieter.info\/lte-provider\/simon\/simon-mobil.php\">zum gro\u00dfen SIMon-Testbericht<\/a>.<\/p>\n<h2>Tarifvergleich: alle anderen Angebote im Vodafone-Netz mit SIMon im Vergleich<\/h2>\n<p>Es gibt zwar nicht viele Alternativen, aber dennoch wollen wir diese im folgenden Tarifvergleich noch einmal aufzeigen. Alle sind ebenfalls im Vodafone-Netz.<\/p>\n<p>&nbsp;<\/p>\n<p><script type=\"text\/javascript\" src=\"https:\/\/www.tariffuxx.de\/tools\/view\/twl-mobile?tool_id=376\" id=\"twl-mobile-376\"><\/script><br \/>\n<noscript>Bitte aktivieren Sie JavaScript, um den Tarifvergleich zu nutzen.<\/noscript><\/p>\n<p>&nbsp;<\/p>\n<div style='text-align:center' class='yasr-auto-insert-visitor'><\/div>","protected":false},"excerpt":{"rendered":"<p>&nbsp; Im Sommer 2021 wurde eine bis dato g\u00e4nzlich neue Mobilfunkmarke namens \u201eSIMon\u201c eingef\u00fchrt. Das Markengesicht ist ein kleiner punkiger Waschb\u00e4r \u201eSimon\u201c. Doch welches Mobilfunk-Netz nutzt das Angebot und wie gut ist es? Dies und mehr verr\u00e4t folgend unser kleiner Ratgeber!<\/p>\n","protected":false},"author":1,"featured_media":0,"parent":0,"menu_order":0,"comment_status":"closed","ping_status":"closed","template":"","meta":{"yasr_overall_rating":0,"yasr_post_is_review":"yes","yasr_auto_insert_disabled":"","yasr_review_type":"CreativeWorkSeries","iawp_total_views":1663,"footnotes":""},"class_list":["post-36136","page","type-page","status-publish","hentry"],"yasr_visitor_votes":{"stars_attributes":{"read_only":false,"span_bottom":false},"number_of_votes":1,"sum_votes":5},"jetpack_shortlink":"https:\/\/wp.me\/POOxv-9oQ","_links":{"self":[{"href":"https:\/\/www.lte-anbieter.info\/lte-news\/wp-json\/wp\/v2\/pages\/36136","targetHints":{"allow":["GET"]}}],"collection":[{"href":"https:\/\/www.lte-anbieter.info\/lte-news\/wp-json\/wp\/v2\/pages"}],"about":[{"href":"https:\/\/www.lte-anbieter.info\/lte-news\/wp-json\/wp\/v2\/types\/page"}],"author":[{"embeddable":true,"href":"https:\/\/www.lte-anbieter.info\/lte-news\/wp-json\/wp\/v2\/users\/1"}],"replies":[{"embeddable":true,"href":"https:\/\/www.lte-anbieter.info\/lte-news\/wp-json\/wp\/v2\/comments?post=36136"}],"version-history":[{"count":5,"href":"https:\/\/www.lte-anbieter.info\/lte-news\/wp-json\/wp\/v2\/pages\/36136\/revisions"}],"predecessor-version":[{"id":44300,"href":"https:\/\/www.lte-anbieter.info\/lte-news\/wp-json\/wp\/v2\/pages\/36136\/revisions\/44300"}],"wp:attachment":[{"href":"https:\/\/www.lte-anbieter.info\/lte-news\/wp-json\/wp\/v2\/media?parent=36136"}],"curies":[{"name":"wp","href":"https:\/\/api.w.org\/{rel}","templated":true}]}}