{"id":37133,"date":"2025-06-10T17:59:54","date_gmt":"2025-06-10T15:59:54","guid":{"rendered":"https:\/\/www.lte-anbieter.info\/lte-news\/?page_id=37133"},"modified":"2025-08-04T11:38:31","modified_gmt":"2025-08-04T09:38:31","slug":"verbleibendes-datenvolumen-per-app-ermitteln","status":"publish","type":"page","link":"https:\/\/www.lte-anbieter.info\/lte-news\/verbleibendes-datenvolumen-per-app-ermitteln","title":{"rendered":"Verbleibendes Datenvolumen per App bestimmen"},"content":{"rendered":"<p>&nbsp;<\/p>\n<p>Die meisten werden den Effekt kennen \u2013 der Monat ist noch nicht ganz rum, aber das Datenvolumen vom Mobilfunktarif ist schon wieder &#8222;alle&#8220;. Genauer gesagt das Highspeed-Datenvolumen aufgebraucht. Es gibt aber einen einfachen, kostenlosen Weg das verbleibende Volumen stets im Blick zu haben. Wir zeigen wie!<!--more--><\/p>\n<h2>Datenvolumen einsehen per App<\/h2>\n<p>Die Frage ist also \u2013 wieviel Gigabyte bleiben noch bis zur n\u00e4chsten Rechnungsperiode? Gl\u00fccklicher Weise l\u00e4sst sich das verbleibende Datenkontingent ganz einfach ermitteln. Alle Anbieter, egal ob Prepaid oder Vertrag bieten n\u00e4mlich ihren Kunden spezielle Apps.<\/p>\n<p>&nbsp;<\/p>\n<p>Nach der Installation muss man nur noch einmal seine Kundenzugangsdaten (z.B. Rufnummer + Passwort) eingeben und hat dann immer mit nur einem Klick Zugriff auf die gesuchten Daten. Zudem k\u00f6nnen noch viele andere Sachen ge\u00e4ndert oder eingesehen werden. Zum Beispiel der aktuelle Tarif, inklusive M\u00f6glichkeit zur Tarifumstellung.<\/p>\n<p>&nbsp;<\/p>\n<div class=\"pic_r_cl\"><img decoding=\"async\" src=\"https:\/\/www.lte-anbieter.info\/lte-news\/wp-content\/uploads\/2021\/12\/volumen-in-app-bsp.webp\" alt=\"Restvolumen in App\" class=\"fullwidth\"><\/p>\n<p>Beispiel Datenvolumenangaben in Apps | von links nach rechts <a href=\"https:\/\/www.lte-anbieter.info\/lte-provider\/simon\/simon-mobil.php\" data-internallinksmanager029f6b8e52c=\"48\" title=\"SIMon Tarife vergleichen\">SIMon<\/a>, Blau, <a href=\"https:\/\/www.lte-anbieter.info\/prepaid\/anbieter\/callya-vodafone.php\" data-internallinksmanager029f6b8e52c=\"52\" title=\"Callya Prepaid Tarife von Vodafone im Vergleich\">Callya<\/a><\/p>\n<\/div>\n<h2>Wo finde ich die passende App?<\/h2>\n<p>Geben Sie dazu einfach im Google Playstore oder im Appstore den Namen ihres Mobilfunkanbieters an. Also zum Beispiel <a href=\"https:\/\/www.lte-anbieter.info\/lte-provider\/vodafone\/vodafone-lte.php\" data-internallinksmanager029f6b8e52c=\"33\" title=\"Vodafone LTE- und 5G-Tarife zeigen\">Vodafone<\/a>, Aldi, <a href=\"https:\/\/www.lte-anbieter.info\/lte-provider\/sim\/sim-de.php\" data-internallinksmanager029f6b8e52c=\"43\" title=\"SIM.de Tarife vergleichen\">sim.de<\/a>, <a href=\"https:\/\/www.lte-anbieter.info\/lte-provider\/o2\/o2-lte.php\" data-internallinksmanager029f6b8e52c=\"34\" title=\"O2 LTE- und 5G-Tarife zeigen\">O2<\/a>, <a href=\"https:\/\/www.lte-anbieter.info\/lte-provider\/congstar\/congstar-lte.php\" data-internallinksmanager029f6b8e52c=\"37\" title=\"Congstar Tarife zeigen\">congstar<\/a>, Telekom oder Lidl. Folgend haben wir zudem f\u00fcr die g\u00e4ngigsten 10 Mobilfunkanbieter die Links jeweils herausgesucht:<\/p>\n<p>&nbsp;<\/p>\n<div class=\"aufzaehl1\">\n<ul>\n<li><a href=\"https:\/\/www.lte-anbieter.info\/lte-provider\/telekom\/telekom-lte.php\" data-internallinksmanager029f6b8e52c=\"32\" title=\"LTE- und 5G-Tarife der Deutschen Telekom zeigen\">Deutsche Telekom<\/a> (<a href=\"https:\/\/apps.apple.com\/de\/app\/meinmagenta-handy-festnetz\/id407932476\" rel=\"noopener nofollow\" target=\"_blank\">App Store<\/a> \/ <a href=\"https:\/\/play.google.com\/store\/apps\/details?id=de.telekom.android.customercenter&#038;hl=de\" rel=\"noopener nofollow\" target=\"_blank\">Play Store<\/a>)<\/li>\n<li>congstar (<a href=\"https:\/\/apps.apple.com\/de\/app\/congstar\/id917314686\" rel=\"noopener nofollow\" target=\"_blank\">App Store<\/a> \/ <a href=\"https:\/\/play.google.com\/store\/apps\/details?id=de.congstar.meincongstar&#038;hl=de\" rel=\"noopener nofollow\" target=\"_blank\">Play Store<\/a>)<\/li>\n<li>Vodafone + Callya (<a href=\"https:\/\/apps.apple.com\/de\/app\/meinvodafone\/id398195347\" rel=\"noopener nofollow\" target=\"_blank\">App Store<\/a> \/ <a href=\"https:\/\/play.google.com\/store\/apps\/details?id=com.appseleration.android.selfcare&#038;hl=de\" rel=\"noopener nofollow\" target=\"_blank\">Play Store<\/a>)<\/li>\n<li>O2 (<a href=\"https:\/\/apps.apple.com\/de\/app\/mein-o2\/id371338349\" rel=\"noopener nofollow\" target=\"_blank\">App Store<\/a> \/ <a href=\"https:\/\/play.google.com\/store\/apps\/details?id=canvasm.myo2&#038;hl=de\" rel=\"noopener nofollow\" target=\"_blank\">Play Store<\/a>)<\/li>\n<li>Blau (<a href=\"https:\/\/apps.apple.com\/de\/app\/mein-blau\/id1119566525\" rel=\"noopener nofollow\" target=\"_blank\">App Store<\/a> \/ <a href=\"https:\/\/play.google.com\/store\/apps\/details?id=telefonica.de.blau&#038;hl=de\" rel=\"noopener nofollow\" target=\"_blank\">Play Store<\/a>)<\/li>\n<li><a href=\"https:\/\/www.lte-anbieter.info\/prepaid\/anbieter\/aldi-talk.php\" data-internallinksmanager029f6b8e52c=\"53\" title=\"Aldi-Talk Tarife und Testbericht\">Aldi-Talk<\/a> (<a href=\"https:\/\/apps.apple.com\/de\/app\/aldi-talk\/id423979998\" rel=\"noopener nofollow\" target=\"_blank\">App S.<\/a>\/ <a href=\"https:\/\/play.google.com\/store\/apps\/details?id=de.eplus.mappecc.client.android.alditalk&#038;hl=de\" rel=\"noopener nofollow\" target=\"_blank\">Playstore<\/a>)<\/li>\n<li><a href=\"https:\/\/www.lte-anbieter.info\/prepaid\/anbieter\/lidl.php\" data-internallinksmanager029f6b8e52c=\"54\" title=\"LIDL Connect Tarife und Testbericht\">Lidl Connect<\/a> (<a href=\"https:\/\/apps.apple.com\/de\/app\/lidl-connect\/id1048941506\" rel=\"noopener nofollow\" target=\"_blank\">App S.<\/a>\/ <a href=\"https:\/\/play.google.com\/store\/apps\/details?id=de.lidlconnect.android&#038;hl=de\" rel=\"noopener nofollow\" target=\"_blank\">Playstore<\/a>)<\/li>\n<li><a href=\"https:\/\/www.lte-anbieter.info\/lte-provider\/otelo\/otelo-lte.php\" data-internallinksmanager029f6b8e52c=\"35\" title=\"Otelo Tarife zeigen\">Otelo<\/a> (<a href=\"https:\/\/apps.apple.com\/de\/app\/mein-otelo\/id1032250227\" rel=\"noopener nofollow\" target=\"_blank\">App S.<\/a>\/ <a href=\"https:\/\/play.google.com\/store\/apps\/details?id=de.otelo.android&#038;hl=de\" rel=\"noopener nofollow\" target=\"_blank\">Playstore<\/a>)<\/li>\n<li>Sim.de (<a href=\"https:\/\/apps.apple.com\/de\/app\/sim-de-servicewelt\/id948658474\" rel=\"noopener nofollow\" target=\"_blank\">App S.<\/a>\/ <a href=\"https:\/\/play.google.com\/store\/apps\/details?id=de.sim.servicewelt&#038;hl=de\" rel=\"noopener nofollow\" target=\"_blank\">Playstore<\/a>)<\/li>\n<li>SIMon (<a href=\"https:\/\/apps.apple.com\/de\/app\/simon-mobile-app\/id1568323159\" rel=\"noopener nofollow\" target=\"_blank\">App Store<\/a> \/ <a href=\"https:\/\/play.google.com\/store\/apps\/details?id=de.simonmobile.android&#038;hl=de\" rel=\"noopener nofollow\" target=\"_blank\">Playstore<\/a>)<\/li>\n<li>Anbieter nicht dabei? Einfach im Appstore nach Namen suchen und los geht\u00b4s!<\/li>\n<\/ul>\n<\/div>\n<h2>Volumen ohne App bestimmen<\/h2>\n<p>Es geht aber auch ohne! Wer sich keine zus\u00e4tzliche App auf sein Smartphone oder Tablet spielen m\u00f6chte, kann \u00fcber einige Umwege das verbleibende Datenvolumen auch anders bestimmen. Bei der Nutzung eines 4G oder <a href=\"https:\/\/www.lte-anbieter.info\/5g\/\" data-internallinksmanager029f6b8e52c=\"73\" title=\"alles zum LTE-Nachfolger 5G\">5G<\/a>-Routers ist dies sogar n\u00f6tig. Wie genau das funktioniert, zeigen wir <a href=\"https:\/\/www.lte-anbieter.info\/lte-news\/uebriges-datenvolumen-abfragen-ohne-app\">hier in diesem Ratgeber<\/a>.<\/p>\n<p>&nbsp;<\/p>\n<div style='text-align:center' class='yasr-auto-insert-visitor'><\/div>","protected":false},"excerpt":{"rendered":"<p>&nbsp; Die meisten werden den Effekt kennen \u2013 der Monat ist noch nicht ganz rum, aber das Datenvolumen vom Mobilfunktarif ist schon wieder &#8222;alle&#8220;. Genauer gesagt das Highspeed-Datenvolumen aufgebraucht. Es gibt aber einen einfachen, kostenlosen Weg das verbleibende Volumen stets im Blick zu haben. Wir zeigen wie!<\/p>\n","protected":false},"author":1,"featured_media":0,"parent":0,"menu_order":0,"comment_status":"closed","ping_status":"closed","template":"","meta":{"yasr_overall_rating":0,"yasr_post_is_review":"","yasr_auto_insert_disabled":"","yasr_review_type":"","iawp_total_views":258,"footnotes":""},"class_list":["post-37133","page","type-page","status-publish","hentry"],"yasr_visitor_votes":{"stars_attributes":{"read_only":false,"span_bottom":false},"number_of_votes":4,"sum_votes":10},"jetpack_shortlink":"https:\/\/wp.me\/POOxv-9EV","_links":{"self":[{"href":"https:\/\/www.lte-anbieter.info\/lte-news\/wp-json\/wp\/v2\/pages\/37133","targetHints":{"allow":["GET"]}}],"collection":[{"href":"https:\/\/www.lte-anbieter.info\/lte-news\/wp-json\/wp\/v2\/pages"}],"about":[{"href":"https:\/\/www.lte-anbieter.info\/lte-news\/wp-json\/wp\/v2\/types\/page"}],"author":[{"embeddable":true,"href":"https:\/\/www.lte-anbieter.info\/lte-news\/wp-json\/wp\/v2\/users\/1"}],"replies":[{"embeddable":true,"href":"https:\/\/www.lte-anbieter.info\/lte-news\/wp-json\/wp\/v2\/comments?post=37133"}],"version-history":[{"count":4,"href":"https:\/\/www.lte-anbieter.info\/lte-news\/wp-json\/wp\/v2\/pages\/37133\/revisions"}],"predecessor-version":[{"id":41065,"href":"https:\/\/www.lte-anbieter.info\/lte-news\/wp-json\/wp\/v2\/pages\/37133\/revisions\/41065"}],"wp:attachment":[{"href":"https:\/\/www.lte-anbieter.info\/lte-news\/wp-json\/wp\/v2\/media?parent=37133"}],"curies":[{"name":"wp","href":"https:\/\/api.w.org\/{rel}","templated":true}]}}