{"id":37139,"date":"2026-02-02T10:20:29","date_gmt":"2026-02-02T09:20:29","guid":{"rendered":"https:\/\/www.lte-anbieter.info\/lte-news\/?page_id=37139"},"modified":"2026-04-04T10:42:44","modified_gmt":"2026-04-04T08:42:44","slug":"internet-ohne-vertrag-ratgeber","status":"publish","type":"page","link":"https:\/\/www.lte-anbieter.info\/lte-news\/internet-ohne-vertrag-ratgeber","title":{"rendered":"Internet ohne Vertrag | M\u00f6glichkeiten &#038; Anbieter"},"content":{"rendered":"<p>\nEs kann viele Gr\u00fcnde geben, sich nicht langfristig an einen Internet-Anbieter binden zu wollen\/k\u00f6nnen. Die meisten Angebote am Markt weisen allerdings nach wie vor eine Mindestvertragslaufzeit von 2 Jahren auf. Aber es gibt sie \u2013 Tarife f\u00fcr schnelles Internet ganz ohne Vertrag bzw. Laufzeitbindung, wenn auch nicht sehr viele! Wir zeigen, was f\u00fcr M\u00f6glichkeiten Kunden heute haben, wer sowas bietet und wieviel die Vertragsfreiheit kostet.<!--more--><\/p>\n<p>&nbsp;<\/p>\n<p><img decoding=\"async\" src=\"https:\/\/www.lte-anbieter.info\/lte-news\/wp-content\/uploads\/2022\/01\/ohne-vertrag2.webp\" alt=\"kein Vertrag\" class=\"fullwidth\" fetchpriority=\"high\"><\/p>\n<h2>Wahlfreiheit: Regelt das nicht das neue Telemediengesetz?<\/h2>\n<p>Bereits im Dezember 2021 trat ein f\u00fcr Verbraucher deutlich verbessertes Telemediengesetz in Kraft. Die Neufassung erleichtert tats\u00e4chlich den Alltag mit Internetanbietern in vielerlei Hinsicht. Es schreibt aber nicht vor, dass Internettarife keine Vertragslaufzeit mehr haben d\u00fcrfen.<\/p>\n<p>&nbsp;<\/p>\n<p><u>Neu ist:<\/u> Bei Tarifen mit 2 Jahren Mindestbindung, darf sich die Laufzeit nicht mehr um weitere 12 Monate verl\u00e4ngern. Seit der Neufassung besteht seither monatlich die M\u00f6glichkeit zu k\u00fcndigen. Es bedeutet nicht, dass die Anbieter keine 2-Jahresvertr\u00e4ge mehr anbieten d\u00fcrfen. Die Mehrheit der Angebote bleibt daher vorerst gebunden, bis auf wenige Ausnahmen &#8230;<\/p>\n<h2>Zwei Welten, zwei Wege<\/h2>\n<p>Die gute Nachricht vorweg: Es gibt sogar prinzipiell <u>drei verschiedene Wege hin zu Internet mit Vertrags- bzw. Laufzeitfreiheit<\/u>. Schnelle Internetzug\u00e4nge werden heute n\u00e4mlich technisch auf  verschiedene Weisen realisiert. DSL ist nur eine von vielen! Die M\u00f6glichkeiten lassen sich grob in zwei Kategorien stecken: <strong>Breitband \u00fcber Festnetz<\/strong> und <strong>Breitband per Mobilfunk<\/strong>.<\/p>\n<p>&nbsp;<\/p>\n<p>Zur Kategorie Festnetz geh\u00f6ren dabei die Techniken DSL, <a href=\"https:\/\/www.lte-anbieter.info\/lte-alternativen\/vdsl-kabel\/vdsl-kabel-flatrate.php\" data-internallinksmanager029f6b8e52c=\"63\" title=\"Was ist VDSL und was kostet es?\">VDSL<\/a>, Kabel-Internet sowie oder Glasfaser (FTTH\/B). Das Mobilfunknetz wird nicht nur zum Surfen unterwegs am Smartphone, sondern liefert auch f\u00fcr station\u00e4re Anschl\u00fcsse sauschnelle Zug\u00e4nge \u00fcber LTE oder <a href=\"https:\/\/www.lte-anbieter.info\/5g\/\" data-internallinksmanager029f6b8e52c=\"73\" title=\"alles zum LTE-Nachfolger 5G\">5G<\/a>, die teils Glasfaser in nichts nachstehen. Folgend betrachten wir daher die M\u00f6glichkeiten und Anbieter f\u00fcr beide Breitbandwelten gleicherma\u00dfen. Jede f\u00fcr sich hat dabei Vorteile und Nachteile gleicherma\u00dfen.<\/p>\n<h2>A) Internet ohne Vertrag <u>per Festnetz<\/u><\/h2>\n<div class=\"pic_r\"><img decoding=\"async\" src=\"https:\/\/www.lte-anbieter.info\/lte-news\/wp-content\/uploads\/2023\/10\/internet-zuhause.webp\" alt=\"Internet zuhause\" width=\"220\" loading=\"lazy\"><\/div>\n<p>Wir konnten insgesamt <u>vier verschiedene Anbieter<\/u> (leider nicht mehr) mit bundesweitem Angebot recherchieren, die aktuell derartige Tarife zur Wahl stellen. Allen voran <strong><a href=\"https:\/\/www.lte-anbieter.info\/lte-provider\/o2\/o2-lte.php\" data-internallinksmanager029f6b8e52c=\"34\" title=\"O2 LTE- und 5G-Tarife zeigen\">O2<\/a> (Telef\u00f3nica)<\/strong>. Die <a href=\"https:\/\/www.lte-anbieter.info\/daheim\/o2-zuhause-4g.php\" data-internallinksmanager029f6b8e52c=\"21\" title=\"alles zu den O2-Homespot Tarifen erfahren\">O2 Home<\/a> Tarife k\u00f6nnen bei der Bestellung hier unter <a href=\"https:\/\/www.lte-anbieter.info\/details\/o2dsl\" rel=\"noopener nofollow\" target=\"_blank\">www.o2online.de\/home<\/a> je auch ohne feste Laufzeit gew\u00e4hlt werden. Am monatlichen Preis \u00e4ndert sich nichts! Daf\u00fcr verzichtet man aber nat\u00fcrlich auf die Neukundenaktion, wo meist mehrere Monate ein Preisnachlass winkt.<\/p>\n<p>&nbsp;<\/p>\n<p>Auch <a href=\"https:\/\/www.lte-anbieter.info\/lte-provider\/congstar\/congstar-lte.php\" data-internallinksmanager029f6b8e52c=\"37\" title=\"Congstar Tarife zeigen\">congstar<\/a> vertreibt g\u00fcnstige VDSL-Tarife mit bis zu 250 MBit\/s. Diese sind g\u00fcnstig wie bei keinem anderen Anbieter. Seit Anfang 2026 gibt es sogar Glasfaser ab 38 \u20ac monatlich! Congstar verzichtet daf\u00fcr z. B. auf die sonst \u00fcbliche Telefonflat, wobei heute die meisten ja ohnehin nur noch mit dem Handy telefonieren. Angeboten werden <a href=\"https:\/\/www.lte-anbieter.info\/details\/congstarDSL\" rel=\"noopener nofollow\" target=\"_blank\">hier unter www.congstar.de\/internet\/dsl-tarife\/<\/a> zwei DSL-Tarife mit 100 oder 250 MBit\/s und vier Glasfaser-Varianten von 150 bis 1000 Mbit\/s.<\/p>\n<p>&nbsp;<\/p>\n<p>Der dritte Anbieter wo dies m\u00f6glich ist, w\u00e4re die <strong><a href=\"https:\/\/www.lte-anbieter.info\/lte-provider\/telekom\/telekom-lte.php\" data-internallinksmanager029f6b8e52c=\"32\" title=\"LTE- und 5G-Tarife der Deutschen Telekom zeigen\">Deutsche Telekom<\/a><\/strong>. Alle MagentaZuhause Tarife k\u00f6nnen mittlerweile ebenfalls <a href=\"https:\/\/www.lte-anbieter.info\/details\/TelekomDSL\" rel=\"noopener nofollow\" target=\"_blank\">hier auf www.telekom.de\/zuhause<\/a> als Flex-Variante bestellt werden. Die K\u00fcndigungsfrist verk\u00fcrzt sich dann auf einen Monat. Ideal also, wenn man nur kurz station\u00e4res Internet ben\u00f6tigt, h\u00e4ufig wechseln will oder \u00e4hnliches.<\/p>\n<p>&nbsp;<\/p>\n<p>Aber auch <strong>1&#038;1<\/strong> hat neben den \u201enormalen\u201c Angeboten das sogenannte \u201eDSL Flex\u201c im Angebot. Nach den ersten 3 Monaten kann dann jederzeit gek\u00fcndigt werden mit einer Frist von 4 Wochen. Mehr <a href=\"https:\/\/www.lte-anbieter.info\/details\/1und1Main\" rel=\"noopener nofollow\" target=\"_blank\">unter www.1und1.de<\/a>. <\/p>\n<p>&nbsp;<\/p>\n<p>Zu guter Letzt ist noch <strong>M-net<\/strong> zu nennen, die allerdings nur lokal im Raum Bayern\/Augsburg vertreten sind. Seit Anfang 2024 bietet auch M-net monatlich k\u00fcndbare Glasfaser-Tarife bis 1000 MBit\/s. Mehr hier <a href=\"https:\/\/www.lte-anbieter.info\/details\/mnet\" rel=\"noopener nofollow\" target=\"_blank\">auf www.m-net.de<\/a>.<\/p>\n<p>&nbsp;<\/p>\n<p>\u00dcbrigens: <a href=\"https:\/\/www.lte-anbieter.info\/lte-provider\/vodafone\/vodafone-lte.php\" data-internallinksmanager029f6b8e52c=\"33\" title=\"Vodafone LTE- und 5G-Tarife zeigen\">Vodafone<\/a> bieten leider noch keine Festnetz-Tarife ohne lange Bindungszeit.<\/p>\n<h2>B) Internet ohne Vertrag <u>\u00fcber Mobilfunk<\/u><\/h2>\n<p>Etwas besser sieht das Angebot aus, wenn man sich nicht f\u00fcr einen traditionellen Festnetztarif entscheidet, sondern auch daheim auf <a href=\"https:\/\/www.lte-anbieter.info\/\">LTE<\/a> oder <a href=\"https:\/\/www.lte-anbieter.info\/5g\/\">5G<\/a> setzt. Das liegt sogar ziemlich im Trend! Denn im Gegensatz z. B. zu DSL, kann man den Router bei vielen Anbietern einfach \u201emitnehmen\u201c, also transportieren. Damit gibt\u2019s nicht nur zuhause schnelles Internet \u00fcber WLAN, sondern \u00fcberall in Deutschland und wo man gerade m\u00f6chte. Am Campingplatz, im Homeoffice, bei einem Ausflug oder im Urlaub. Auch ein Technikertermin nach der Bestellung oder lange Anschlusswartezeiten gibt\u2019s dann nicht mehr. Der Nachteil: Nicht immer sind die Tarife genauso unbeschr\u00e4nkt wie im Festnetz. Bedeutet: Mitunter gibt\u2019s Volumenbeschr\u00e4nkungen, wie z. B. 200 Gigabyte monatlich.<\/p>\n<p>&nbsp;<\/p>\n<p>Doch kommen wir zu den einzelnen Tarifen ohne Vertrag. Da w\u00e4re zun\u00e4chst <strong>congstar<\/strong> <a href=\"https:\/\/www.lte-anbieter.info\/lte-provider\/congstar\/homespot-lte.php\">mit seinem Homespot<\/a> zu nennen. Hier gibt\u2019s bis zu 400 GB pro Monat f\u00fcr preiswerte 42 \u20ac. Optional k\u00f6nnen alle Angebote mit \u201e0 Monaten\u201c, also ohne Vertrag bestellt werden. Preislich \u00e4ndert sich dabei nichts, nur das einmalige Bereitstellungsentgelt etwas. Bestellbar <a href=\"https:\/\/www.lte-anbieter.info\/details\/congstarhomespot\" rel=\"noopener nofollow\" target=\"_blank\">hier auf www.congstar.de\/homespot<\/a>.<\/p>\n<p>&nbsp;<\/p>\n<p>Das Pendant von <strong>Vodafone<\/strong> nennt sich <a href=\"https:\/\/www.lte-anbieter.info\/daheim\/vodafone-gigacube.php\" data-internallinksmanager029f6b8e52c=\"22\" title=\"alles zum Vodafone Gigacube Angebot sowie den Tarifen erfahren\">Gigacube<\/a>. Einfach nur SIM-Karte einlegen und los geht es! \u00dcber den <a href=\"https:\/\/www.lte-anbieter.info\/daheim\/gigacube-flex.php\">Gigacube-Flex<\/a> Tarif stehen monatlich 200 GB f\u00fcr rund 52 \u20ac bereit. Der Router kann dann bundesweit genutzt werden. Abgerechnet wird nur in dem Monat, in dem auch eine Nutzung erfolgte. Streng genommen handelt es sich auch hier um einen 24 Monatsvertrag. Aber da man nur im Fall der Nutzung zahlt, kommt es im Endeffekt f\u00fcr den Nutzer einem Tarif ohne Vertrag gleich. Bestellung <a href=\"https:\/\/www.lte-anbieter.info\/details\/gigacubeflex\" rel=\"noopener nofollow\" target=\"_blank\">hier auf www.vodafone.de\/gigacubeflex<\/a>.<\/p>\n<div class=\"pic_r_cl\"><img decoding=\"async\" src=\"https:\/\/www.lte-anbieter.info\/lte-news\/wp-content\/uploads\/2023\/10\/gigacube-daheim-1.webp\" alt=\"Gigacube Zuhause\" loading=\"lazy\"><\/p>\n<p>Gigacube-Router im Einsatz f\u00fcr Daheim &#038; Umgebung<\/p>\n<\/div>\n<p>&nbsp;<\/p>\n<p>Wie schon beim im Festnetz-Abschnitt, punktet auch hier wieder <strong>O2<\/strong> mit seinen Angeboten. Und das gleich in doppelter Hinsicht. Denn mit den <a href=\"https:\/\/www.lte-anbieter.info\/daheim\/o2-zuhause-4g.php\">\u201eO2 Home\u201c Tarifen mit Homespot<\/a> gibt rs sogar ganz unlimitiertes Datenvolumen und eine Festnetzflat schon ab rund 35 \u20ac pro Monat. Wieder wahlweise ohne 24-monatige Bindung. Mehr unter <a href=\"https:\/\/www.lte-anbieter.info\/details\/gigacubeflex\" rel=\"noopener nofollow\" target=\"_blank\">www.o2online.de\/homespot<\/a>. Dar\u00fcber hinaus offeriert O2 noch vier transportable Internettarife \u00fcber LTE\/5G namens &#8222;<a href=\"https:\/\/www.lte-anbieter.info\/tarife\/o2\/o2-datentarife.php\">O2 Data<\/a>&#8220; die ebenfalls ohne Mindestlaufzeit (Flex) bestellt werden k\u00f6nnen.<\/p>\n<p>&nbsp;<\/p>\n<p>Als n\u00e4chsten Anbieter wollen wir Freenet vorstellen. Der Tarif &#8222;<strong>Freenet Internet<\/strong>&#8220; verspricht eine Heimflat per LTE mit 1-monatiger K\u00fcndigungsfrist. Monatlich verf\u00fcgen Kunden \u00fcber ein Kontingent von 400 GB f\u00fcr 39.99 \u20ac. Mehr zum Angebot <a href=\"https:\/\/www.lte-anbieter.info\/daheim\/freenet\/freenet-internet-lte.php\">erfahren Sie hier<\/a>.<\/p>\n<p>&nbsp;<\/p>\n<p>Zu guter Letzt sei noch das Angebot der <strong>Dt. Telekom<\/strong> erw\u00e4hnt. Mit den <a href=\"https:\/\/www.lte-anbieter.info\/daheim\/speedbox-flex.php\">Speedbox Flex<\/a> Tarif stehen monatlich 100 per Funk (LTE) f\u00fcr 45 \u20ac zur Verf\u00fcgung. Auch hier kann der Router bundesweit beliebig aufgestellt werden. Man bucht immer nur in dem Monat, wo der Internetzugang ben\u00f6tigt wird, \u00e4hnlich wie bei Vodafones Gigacube. Nur dass hier eine aktive Best\u00e4tigung unter pass.telekom.de n\u00f6tig ist. Beim Gigacube reicht es, die SIM in den Router zu legen. Bestellung <a href=\"https:\/\/www.lte-anbieter.info\/details\/speedbox\" rel=\"noopener nofollow\" target=\"_blank\">auf www.telekom.de\/speedbox<\/a>.<\/p>\n<h2>Eher laufzeitfrei statt vertragsfrei&#8230;<\/h2>\n<p>Zum Schluss noch eine Formsache. Eigentlich ist es nicht ganz korrekt, wenn man von \u201eohne Vertrag\u201c oder Vertragsfreiheit spricht. Streng genommen w\u00e4re das nur bei Prepaid der Fall. Praktisch alle aufgef\u00fchrten Angebote haben nat\u00fcrlich ein Vertragsverh\u00e4ltnis als Grundlage \u2013 nur eben a) mit verk\u00fcrzter Laufzeit. Oder b) mit 24 Monaten wie im Fall von Gigacube Flex, wobei aber nur im Nutzungsfall etwas bezahlt werden muss.<\/p>\n<h2>Fazit<\/h2>\n<p>Es gibt mittlerweile eine Reihe von Internet-Tarifen ohne lange Vertragsbindung. Sogar auf zwei verschiedenen technischen Wegen. Funk bietet sich an, wenn man nicht nur zeitlich, sondern auch \u00f6rtlich flexibel sein m\u00f6chte was die Internetversorgung angeht. Festnetz ist dagegen immer ohne Volumenbegrenzung, was bei LTE\/5G nur bedingt der Fall ist oder sehr teuer&#8230;<\/p>\n<p>&nbsp;<\/p>\n<div style='text-align:center' class='yasr-auto-insert-visitor'><\/div>","protected":false},"excerpt":{"rendered":"<p>Es kann viele Gr\u00fcnde geben, sich nicht langfristig an einen Internet-Anbieter binden zu wollen\/k\u00f6nnen. Die meisten Angebote am Markt weisen allerdings nach wie vor eine Mindestvertragslaufzeit von 2 Jahren auf. Aber es gibt sie \u2013 Tarife f\u00fcr schnelles Internet ganz ohne Vertrag bzw. Laufzeitbindung, wenn auch nicht sehr viele! Wir zeigen, was f\u00fcr M\u00f6glichkeiten Kunden [&hellip;]<\/p>\n","protected":false},"author":1,"featured_media":0,"parent":0,"menu_order":0,"comment_status":"closed","ping_status":"closed","template":"","meta":{"yasr_overall_rating":0,"yasr_post_is_review":"yes","yasr_auto_insert_disabled":"","yasr_review_type":"CreativeWorkSeries","iawp_total_views":217,"footnotes":""},"class_list":["post-37139","page","type-page","status-publish","hentry"],"yasr_visitor_votes":{"stars_attributes":{"read_only":false,"span_bottom":false},"number_of_votes":5,"sum_votes":17},"jetpack_shortlink":"https:\/\/wp.me\/POOxv-9F1","_links":{"self":[{"href":"https:\/\/www.lte-anbieter.info\/lte-news\/wp-json\/wp\/v2\/pages\/37139","targetHints":{"allow":["GET"]}}],"collection":[{"href":"https:\/\/www.lte-anbieter.info\/lte-news\/wp-json\/wp\/v2\/pages"}],"about":[{"href":"https:\/\/www.lte-anbieter.info\/lte-news\/wp-json\/wp\/v2\/types\/page"}],"author":[{"embeddable":true,"href":"https:\/\/www.lte-anbieter.info\/lte-news\/wp-json\/wp\/v2\/users\/1"}],"replies":[{"embeddable":true,"href":"https:\/\/www.lte-anbieter.info\/lte-news\/wp-json\/wp\/v2\/comments?post=37139"}],"version-history":[{"count":5,"href":"https:\/\/www.lte-anbieter.info\/lte-news\/wp-json\/wp\/v2\/pages\/37139\/revisions"}],"predecessor-version":[{"id":44409,"href":"https:\/\/www.lte-anbieter.info\/lte-news\/wp-json\/wp\/v2\/pages\/37139\/revisions\/44409"}],"wp:attachment":[{"href":"https:\/\/www.lte-anbieter.info\/lte-news\/wp-json\/wp\/v2\/media?parent=37139"}],"curies":[{"name":"wp","href":"https:\/\/api.w.org\/{rel}","templated":true}]}}