{"id":38057,"date":"2026-01-02T11:46:23","date_gmt":"2026-01-02T10:46:23","guid":{"rendered":"https:\/\/www.lte-anbieter.info\/lte-news\/?page_id=38057"},"modified":"2026-04-04T10:40:47","modified_gmt":"2026-04-04T08:40:47","slug":"gigamobil-xs-vodafone","status":"publish","type":"page","link":"https:\/\/www.lte-anbieter.info\/lte-news\/gigamobil-xs-vodafone","title":{"rendered":"GigaMobil XS: Vodafone Allnetflat zum Sparpreis"},"content":{"rendered":"<p>&nbsp;<\/p>\n<p><a href=\"https:\/\/www.lte-anbieter.info\/lte-provider\/vodafone\/vodafone-lte.php\" data-internallinksmanager029f6b8e52c=\"33\" title=\"Vodafone LTE- und 5G-Tarife zeigen\">Vodafone<\/a> f\u00fchrt eine Reihe von Vertrags-Smartphone-Tarifen f\u00fcr anspruchsvolle Kunden. Je nach Paket steht unterschiedlich viel Datenvolumen zur Verf\u00fcgung. Der g\u00fcnstigste Tarif davon ist \u201eGigaMobil XS\u201c. Wir zeigen, was das Paket alles bietet und wieviel es kostet. Zudem gibt\u2019s Spartipps zur Bestellung.<!--more--><\/p>\n<h2>Eckdaten zu GigaMobil XS<\/h2>\n<div class=\"pic_r\"><img decoding=\"async\" src=\"https:\/\/www.lte-anbieter.info\/lte-news\/wp-content\/uploads\/2022\/08\/vodafone-logo-blog.webp\" alt=\"Vodafone\" width=\"180\"><\/div>\n<p>Der \u201ekleinste\u201c Smartphone-Tarif XS bietet bereits ein stattliches Repertoire an Leistungen. Wie bei allen anderen GigaMobil Tarife, ist zun\u00e4chst eine Sprach- und SMS-Flat enthalten. Diese deckt bundesweite Telefonate sowie Textnachrichten ins Mobil- und Festnetz ab. Mit enthalten sind zudem 7 Gigabyte (GB) Highspeedvolumen zum Surfen. \u00dcber LTE sind unterwegs so bis zu 500 MBit\/s m\u00f6glich, mit passendem <a href=\"https:\/\/www.lte-anbieter.info\/5g\/\">5G<\/a>-Smartphone sogar \u00fcber 1000 MBit\/s dank superschnellem <a href=\"https:\/\/www.lte-anbieter.info\/5g\/\" data-internallinksmanager029f6b8e52c=\"73\" title=\"alles zum LTE-Nachfolger 5G\">5G<\/a>.<\/p>\n<p>&nbsp;<\/p>\n<p>Dank EU-Romaing nutzt man \u00fcbrigens den Tarif wie daheim gewohnt auch im europ\u00e4ischen Ausland. Sofern Vodafone dort schon Roamingpartner hat, sogar mit 5G! Falls innerhalb eines Monats mal Volumen \u00fcbrigbleibt, wandert das zudem ins \u201eGigaDepot\u201c und kann im n\u00e4chsten Monat noch genutzt werden. Ziemlich praktisch finden wir!<\/p>\n<p>&nbsp;<\/p>\n<div class=\"highlight2\">Aktion: Noch bis 30.04.2026 <a href=\"https:\/\/www.lte-anbieter.info\/details\/gigamobil\" rel=\"noopener nofollow\" target=\"_blank\">hier online GigaMobil Tarif bestellen<\/a> und 25% Rabatt f\u00fcr 2 Jahre sichern!<\/div>\n<h2>Was kostet GigaMobil XS?<\/h2>\n<p>F\u00fcr die <a href=\"https:\/\/www.lte-anbieter.info\/allnet\/tarifvergleich.php\" data-internallinksmanager029f6b8e52c=\"5\" title=\"aktuelle Allnetflat-Tarife vergleichen\">Allnetflat<\/a> berechnet Vodafone <strike>29.99 \u20ac<\/strike> 23.99 \u20ac monatlich ohne Smartphone. Wer noch ein verg\u00fcnstigtes Top-Ger\u00e4t mit dazu haben m\u00f6chte, muss ca. 10 \u20ac Aufpreis mit einplanen und \u2013 je nach Modell \u2013 ggf. eine kleine Zuzahlung.<\/p>\n<h2>Young Variante g\u00fcnstiger<\/h2>\n<p>Vodafone bietet sogar noch eine verg\u00fcnstige Jugend-Variante &#8211; in diesem Fall <a href=\"https:\/\/www.lte-anbieter.info\/lte-news\/gigamobil-s-vodafone-lte-allnetflat-mit-viel-datenvolumen\" data-internallinksmanager029f6b8e52c=\"3\" title=\"mehr \u00fcber den Tarif Gigamobil S erfahren\">GigaMobil S<\/a> Young. Wer nachweislich unter 28 Jahre ist, profitiert von deutlich mehr Datenvolumen zum kleinen Preis.<\/p>\n<h2>Wie gut ist das Netz?<\/h2>\n<p>Vodafone unterh\u00e4lt mit der <a href=\"https:\/\/www.lte-anbieter.info\/lte-provider\/telekom\/telekom-lte.php\" data-internallinksmanager029f6b8e52c=\"32\" title=\"LTE- und 5G-Tarife der Deutschen Telekom zeigen\">Dt. Telekom<\/a> das wohl beste Mobilfunknetz in Deutschland. Beide decken heute schon ca. 99 Prozent mit LTE ab. Auch 5G von VF ist mittlerweile f\u00fcr \u00fcber 93 Prozent nutzbar, Tendenz steigend. Auch <a href=\"https:\/\/www.lte-anbieter.info\/lte-news\/index.php?s=netztest\">unabh\u00e4ngige Netztests<\/a> attestieren Vodafone in den Letzten Jahren immer exzellente Noten.<\/p>\n<h2>Kann ich meine Nummer mitnehmen?<\/h2>\n<p>Nat\u00fcrlich kein Problem! Eine Rufnummermitnahme ist heute Standard.<\/p>\n<h2>\u00e4hnliche Tarife von Vodafone<\/h2>\n<p>&raquo; <a href=\"https:\/\/www.lte-anbieter.info\/lte-news\/gigamobil-s-vodafone-lte-allnetflat-mit-viel-datenvolumen\">GigaMobil S &#8211; der g\u00fcnstige Allrounder<\/a><br \/>\n&raquo; <a href=\"https:\/\/www.lte-anbieter.info\/lte-news\/gigamobil-m\">GigaMobil M &#8211; viel Volumen f\u00fcrs Geld<\/a><br \/>\n&raquo; <a href=\"https:\/\/www.lte-anbieter.info\/lte-news\/red-xl-unlimited-bestellen\">GigaMobil XL &#8211; unlimitiert mobil surfen<\/a><\/p>\n<p>&nbsp;<\/p>\n<div style='text-align:center' class='yasr-auto-insert-visitor'><\/div>","protected":false},"excerpt":{"rendered":"<p>&nbsp; Vodafone f\u00fchrt eine Reihe von Vertrags-Smartphone-Tarifen f\u00fcr anspruchsvolle Kunden. Je nach Paket steht unterschiedlich viel Datenvolumen zur Verf\u00fcgung. Der g\u00fcnstigste Tarif davon ist \u201eGigaMobil XS\u201c. Wir zeigen, was das Paket alles bietet und wieviel es kostet. Zudem gibt\u2019s Spartipps zur Bestellung.<\/p>\n","protected":false},"author":1,"featured_media":0,"parent":0,"menu_order":0,"comment_status":"closed","ping_status":"closed","template":"","meta":{"yasr_overall_rating":0,"yasr_post_is_review":"","yasr_auto_insert_disabled":"","yasr_review_type":"","iawp_total_views":370,"footnotes":""},"class_list":["post-38057","page","type-page","status-publish","hentry"],"yasr_visitor_votes":{"stars_attributes":{"read_only":false,"span_bottom":false},"number_of_votes":1,"sum_votes":5},"jetpack_shortlink":"https:\/\/wp.me\/POOxv-9TP","_links":{"self":[{"href":"https:\/\/www.lte-anbieter.info\/lte-news\/wp-json\/wp\/v2\/pages\/38057","targetHints":{"allow":["GET"]}}],"collection":[{"href":"https:\/\/www.lte-anbieter.info\/lte-news\/wp-json\/wp\/v2\/pages"}],"about":[{"href":"https:\/\/www.lte-anbieter.info\/lte-news\/wp-json\/wp\/v2\/types\/page"}],"author":[{"embeddable":true,"href":"https:\/\/www.lte-anbieter.info\/lte-news\/wp-json\/wp\/v2\/users\/1"}],"replies":[{"embeddable":true,"href":"https:\/\/www.lte-anbieter.info\/lte-news\/wp-json\/wp\/v2\/comments?post=38057"}],"version-history":[{"count":5,"href":"https:\/\/www.lte-anbieter.info\/lte-news\/wp-json\/wp\/v2\/pages\/38057\/revisions"}],"predecessor-version":[{"id":44405,"href":"https:\/\/www.lte-anbieter.info\/lte-news\/wp-json\/wp\/v2\/pages\/38057\/revisions\/44405"}],"wp:attachment":[{"href":"https:\/\/www.lte-anbieter.info\/lte-news\/wp-json\/wp\/v2\/media?parent=38057"}],"curies":[{"name":"wp","href":"https:\/\/api.w.org\/{rel}","templated":true}]}}