{"id":38072,"date":"2026-01-02T09:40:13","date_gmt":"2026-01-02T08:40:13","guid":{"rendered":"https:\/\/www.lte-anbieter.info\/lte-news\/?page_id=38072"},"modified":"2026-04-04T10:40:25","modified_gmt":"2026-04-04T08:40:25","slug":"gigamobil-s-vodafone-lte-allnetflat-mit-viel-datenvolumen","status":"publish","type":"page","link":"https:\/\/www.lte-anbieter.info\/lte-news\/gigamobil-s-vodafone-lte-allnetflat-mit-viel-datenvolumen","title":{"rendered":"GigaMobil S: Vodafone Allnetflat mit viel Datenvolumen"},"content":{"rendered":"<p>&nbsp;<\/p>\n<p><a href=\"https:\/\/www.lte-anbieter.info\/lte-provider\/vodafone\/vodafone-lte.php\" data-internallinksmanager029f6b8e52c=\"33\" title=\"Vodafone LTE- und 5G-Tarife zeigen\">Vodafone<\/a> offeriert eine ganze Palette an Handyvertr\u00e4gen mit LTE und <a href=\"https:\/\/www.lte-anbieter.info\/5g\/\" data-internallinksmanager029f6b8e52c=\"73\" title=\"alles zum LTE-Nachfolger 5G\">5G<\/a>. Unterschiede gibt es vor allem in Punkto monatliches Highspeed-Datenvolumen. Ein sehr gutes Preis-Leistungsverh\u00e4ltnis bietet der Tarif \u201eGigaMobil S\u201c. Hier erfahren Sie, was der Tarif bietet und wie hoch die Kosten sind. Dar\u00fcber hinaus zeigen wir, wie man das Angebot sogar billiger bekommt!<!--more--><\/p>\n<h2>Eckdaten zu GigaMobil S<\/h2>\n<div class=\"pic_r\"><img decoding=\"async\" src=\"https:\/\/www.lte-anbieter.info\/lte-news\/wp-content\/uploads\/2022\/08\/vodafone-logo-blog.webp\" alt=\"Vodafone\" width=\"180\"><\/div>\n<p>Bei GigaMobil S handelt es sich um eine waschechte <a href=\"https:\/\/www.lte-anbieter.info\/allnet\/tarifvergleich.php\" data-internallinksmanager029f6b8e52c=\"5\" title=\"aktuelle Allnetflat-Tarife vergleichen\">Allnetflatrate<\/a>. Daher sind alle Gespr\u00e4che sowie Textnachrichten innerhalb Deutschlands und der EU schon abgedeckt. Au\u00dfer Sonderrufnummern, klar! Entscheidend ist bekanntlich das enthaltene Datenvolumen. Im Tarif \u201eS\u201c bietet Vodafone aktuell stattliche 25 GB pro Monat. Das reicht selbst f\u00fcr gelegentliches Videostreaming gut aus. Im gut ausgebauten Vodafone LTE-Netz sind Sie bereits mit bis zu 300 MBit\/s unterwegs. Zum Vergleich: DSL schafft nur 16 MBit\/s, <a href=\"https:\/\/www.lte-anbieter.info\/lte-alternativen\/vdsl-kabel\/vdsl-kabel-flatrate.php\" data-internallinksmanager029f6b8e52c=\"63\" title=\"Was ist VDSL und was kostet es?\">VDSL<\/a> 250 MBit\/s! \u00dcber <a href=\"https:\/\/www.lte-anbieter.info\/5g\/\">5G<\/a> sind sogar bei GigaMobil S \u00fcber 1000 MBit\/s m\u00f6glich. Mehrkosten fallen f\u00fcr 5G \u00fcbrigens keine an, nur das Smartphone muss kompatibel sein.<\/p>\n<p>&nbsp;<\/p>\n<p>Wer viel im EU-Ausland unterwegs ist, muss sich zudem keine Sorgen um Extrakosten machen. Selbstverst\u00e4ndlich ist auch im Paket \u201eS\u201c EU-weites <a href=\"https:\/\/www.lte-anbieter.info\/ratgeber\/lte-roaming.php\">Roaming<\/a> inklusive. Sie surfen und telefonieren wir zuhause. <u>\u00dcbrigens:<\/u> Nicht verbrauchtes Datenvolumen aus dem aktuellen Monat kann dank des Gigadepots in den n\u00e4chsten \u201egerettet\u201c und dann noch verbraucht werden.<\/p>\n<p>&nbsp;<\/p>\n<div class=\"highlight2\">Aktion: Noch bis 30.04.2026 <a href=\"https:\/\/www.lte-anbieter.info\/details\/gigamobil\" rel=\"noopener nofollow\" target=\"_blank\">hier online GigaMobil Tarif bestellen<\/a> und 25% Rabatt f\u00fcr 2 Jahre sichern!<\/div>\n<h2>Was kostet GigaMobil S?<\/h2>\n<p>Der monatliche Paketpreis f\u00fcr die Allnetflat liegt momentan bei <strike>39.99<\/strike> \u20ac 31.99 Euro. Wer ein Top-Smartphone mit dazu m\u00f6chte, kann aus vielen Modellen mit einer kleinen Zuzahlung w\u00e4hlen und zahlt um die 10 \u20ac Aufpreis monatlich.<\/p>\n<h2>Young Variante g\u00fcnstiger<\/h2>\n<p>F\u00fcr alle unter 28 bietet Vodafone GigaMobil S sogar zu stark verg\u00fcnstigten Konditionen. Mehr zu den aktuellen Aktionen auf der Vodafone-Homepage&#8230;<\/p>\n<h2>Wie gut ist das Netz?<\/h2>\n<p>Vodafone unterh\u00e4lt in Deutschland mit das beste LTE- und 5G-Mobilfunknetz. Das belegen auch immer wieder <a href=\"https:\/\/www.lte-anbieter.info\/lte-news\/index.php?s=netztest\">redaktionelle Tests<\/a>, wie z.B. von der Computerbild. LTE ist dabei schon nahezu fl\u00e4chendeckend ausgebaut, bei 5G liegt die Quote um die 93 Prozent.<\/p>\n<h2>Kann ich meine Nummer mitnehmen?<\/h2>\n<p>Nat\u00fcrlich kein Problem! Eine Rufnummermitnahme ist heute Standard.<\/p>\n<h2>andere, \u00e4hnliche Tarife<\/h2>\n<p>&raquo; <a href=\"https:\/\/www.lte-anbieter.info\/lte-news\/gigamobil-xs-vodafone\">GigaMobil XS &#8211; der g\u00fcnstige Einstieg<\/a><br \/>\n&raquo; <a href=\"https:\/\/www.lte-anbieter.info\/lte-news\/gigamobil-l\">GigaMobil L &#8211; extra viel Volumen f\u00fcrs Geld<\/a><br \/>\n&raquo; <a href=\"https:\/\/www.lte-anbieter.info\/lte-news\/red-xl-unlimited-bestellen\">GigaMobil XL mit unlimitiertem Volumen<\/a><\/p>\n<p>&nbsp;<\/p>\n<div style='text-align:center' class='yasr-auto-insert-visitor'><\/div>","protected":false},"excerpt":{"rendered":"<p>&nbsp; Vodafone offeriert eine ganze Palette an Handyvertr\u00e4gen mit LTE und 5G. Unterschiede gibt es vor allem in Punkto monatliches Highspeed-Datenvolumen. Ein sehr gutes Preis-Leistungsverh\u00e4ltnis bietet der Tarif \u201eGigaMobil S\u201c. Hier erfahren Sie, was der Tarif bietet und wie hoch die Kosten sind. Dar\u00fcber hinaus zeigen wir, wie man das Angebot sogar billiger bekommt!<\/p>\n","protected":false},"author":1,"featured_media":0,"parent":0,"menu_order":0,"comment_status":"closed","ping_status":"closed","template":"","meta":{"yasr_overall_rating":0,"yasr_post_is_review":"yes","yasr_auto_insert_disabled":"","yasr_review_type":"","iawp_total_views":93,"footnotes":""},"class_list":["post-38072","page","type-page","status-publish","hentry"],"yasr_visitor_votes":{"stars_attributes":{"read_only":false,"span_bottom":false},"number_of_votes":0,"sum_votes":0},"jetpack_shortlink":"https:\/\/wp.me\/POOxv-9U4","_links":{"self":[{"href":"https:\/\/www.lte-anbieter.info\/lte-news\/wp-json\/wp\/v2\/pages\/38072","targetHints":{"allow":["GET"]}}],"collection":[{"href":"https:\/\/www.lte-anbieter.info\/lte-news\/wp-json\/wp\/v2\/pages"}],"about":[{"href":"https:\/\/www.lte-anbieter.info\/lte-news\/wp-json\/wp\/v2\/types\/page"}],"author":[{"embeddable":true,"href":"https:\/\/www.lte-anbieter.info\/lte-news\/wp-json\/wp\/v2\/users\/1"}],"replies":[{"embeddable":true,"href":"https:\/\/www.lte-anbieter.info\/lte-news\/wp-json\/wp\/v2\/comments?post=38072"}],"version-history":[{"count":5,"href":"https:\/\/www.lte-anbieter.info\/lte-news\/wp-json\/wp\/v2\/pages\/38072\/revisions"}],"predecessor-version":[{"id":44403,"href":"https:\/\/www.lte-anbieter.info\/lte-news\/wp-json\/wp\/v2\/pages\/38072\/revisions\/44403"}],"wp:attachment":[{"href":"https:\/\/www.lte-anbieter.info\/lte-news\/wp-json\/wp\/v2\/media?parent=38072"}],"curies":[{"name":"wp","href":"https:\/\/api.w.org\/{rel}","templated":true}]}}