{"id":38121,"date":"2026-04-03T15:31:19","date_gmt":"2026-04-03T13:31:19","guid":{"rendered":"https:\/\/www.lte-anbieter.info\/lte-news\/?page_id=38121"},"modified":"2026-04-04T10:38:31","modified_gmt":"2026-04-04T08:38:31","slug":"dsl-ueber-funk","status":"publish","type":"page","link":"https:\/\/www.lte-anbieter.info\/lte-news\/dsl-ueber-funk","title":{"rendered":"DSL per Funk: Anbieter &#038; M\u00f6glichkeiten"},"content":{"rendered":"<p>&nbsp;<\/p>\n<p>Da vielerorts weiterhin keine oder nur sehr langsame Internetzug\u00e4nge \u00fcber DSL und <a href=\"https:\/\/www.lte-anbieter.info\/lte-alternativen\/vdsl-kabel\/vdsl-kabel-flatrate.php\" data-internallinksmanager029f6b8e52c=\"63\" title=\"Was ist VDSL und was kostet es?\">VDSL<\/a> verf\u00fcgbar sind, fragen sich viele Verbraucher, <u>ob man auch DSL \u00fcber Funk (also ohne Festnetzleitung) beziehen kann<\/u>. Indirekt geht das tats\u00e4chlich. Wir zeigen, was heute machbar ist, welche Anbieter es gibt und wieviel das kostet.<!--more--><\/p>\n<p>&nbsp;<\/p>\n<p><img decoding=\"async\" src=\"https:\/\/www.lte-anbieter.info\/lte-news\/wp-content\/uploads\/2022\/08\/dsl-via-funk.webp\" alt=\"DSL per Funk f\u00fcr zuhause\" fetchpriority=\"high\"><\/p>\n<h2>DSL-Anschluss per Mobilfunk \u00fcbertragen?<\/h2>\n<p>DSL \u00fcber Funk? Soviel vorweg &#8211; rein technisch gesehen ist das nat\u00fcrlich Quatsch! Warum zeigen wir gleich! Aber dennoch k\u00f6nnen \u00fcber Mobilfunk, genauer gesagt LTE und <a href=\"https:\/\/www.lte-anbieter.info\/5g\/\" data-internallinksmanager029f6b8e52c=\"73\" title=\"alles zum LTE-Nachfolger 5G\">5G<\/a>, Internetanschl\u00fcsse mit weit \u00fcber 100 MBit\/s realisiert werden. Fast an jedem beliebigen Ort! Doch der Reihe nach&#8230;<\/p>\n<p>&nbsp;<\/p>\n<p>Bei DSL (eigentlich ADSL) handelt es sich um ein Daten\u00fcbertragungsverfahren, was vor Jahrzenten entwickelt wurde und die alten Kupfer-Festnetzleitungen nutzt. Bevor es Handys gab, war schlie\u00dflich fast jeder Haushalt mit diesen Telefonleitungen ausgestattet. Anfang konnten so nur wenige KBit\/s \u00fcbertragen werden. \u00dcber die Zeit gab es diverse Verbesserungen bis hin zu ADSL2+, was auch heute noch DSL-Tarife mit maximal 16 MBit\/s erm\u00f6glicht. Bei DSL handelt es sich also um ein festnetzbasiertes \u00dcbertragungsverfahren f\u00fcr Internetzug\u00e4nge auf Basis des Telefonnetzes. \u201e<strong>DSL \u00fcber Funk<\/strong>\u201c ist daher eher metaphorisch zu verstehen als Internetzugang \u00fcber das Mobilfunknetz. Daher setzen wir den Begriff auch in Anf\u00fchrungszeichen.<\/p>\n<p>&nbsp;<\/p>\n<p>Die 4. und 5. Mobilfunkgeneration, besser bekannt als <a href=\"https:\/\/www.lte-anbieter.info\/\">4G (LTE)<\/a> und <a href=\"https:\/\/www.lte-anbieter.info\/5g\/\">5G<\/a>, sind \u00fcbrigens daf\u00fcr wie geschaffen. Selbst die Geschwindigkeit von Glasfaser kann damit geknackt werden&#8230;<\/p>\n<h2>Erfahrungen: Wie gut funktioniert \u201eDSL per Funk\u201c<\/h2>\n<p>Unsere Redaktion selbst hat derartige Internetanschl\u00fcsse in den vergangenen Jahren schon mehrfach getestet und sogar privat eingesetzt. Teils auf Reisen oder als \u00dcberbr\u00fcckung bei einem l\u00e4ngeren Netzausfall des Kabelanbieters. Sofern das Mobilnetz des gew\u00e4hlten Anbieters (siehe unten) vor Ort schon gut ausgebaut ist, k\u00f6nnen in der Praxis problemlos 50 MBit\/s erzielt werden. Teils sogar 100-200 MBit\/s. Rein technisch sind <a href=\"https:\/\/www.lte-anbieter.info\/ratgeber\/schnelligkeit-lte.php\">\u00fcber LTE aktuell 300 MBit\/s m\u00f6glich<\/a> und via 5G sogar mehr als 1000 MBit\/s. Links zu den Test- und Erfahrungsberichten finden Sie gleich folgend in der Anbieter\u00fcbersicht.<\/p>\n<h2>Wie stehts mit der Verf\u00fcgbarkeit?<\/h2>\n<p>Eigentlich sehr gut! Nachdem der LTE- und 5G-Ausbau lange Zeit in Deutschland recht schleppend voran ging, ist der Status quo heute bereits sehr gut, so dass praktisch jeder und \u00fcberall \u201eFunk DSL\u201c nutzen kann. 4G deckt \u00fcber 98-99 Prozent ab, 5G ca. 95 bis 99 Prozent, je nach Netzanbieter. Alles in allem also exzellente Voraussetzungen f\u00fcr diesen Bezugsweg!<\/p>\n<h2>m\u00f6gliche Anbieter im Kurzportrait<\/h2>\n<p>Kommen wir nun zu den Unternehmen, die derartige Tarife bieten. Wir werden an dieser Stelle nur kurz eine \u00dcbersicht geben. Sie finden aber jeweils finden Sie noch Links f\u00fcr mehr Hintergrundinformationen \u00fcber die Preise und Konditionen.<\/p>\n<p>&nbsp;<\/p>\n<p><u><a href=\"https:\/\/www.lte-anbieter.info\/lte-provider\/vodafone\/vodafone-lte.php\" data-internallinksmanager029f6b8e52c=\"33\" title=\"Vodafone LTE- und 5G-Tarife zeigen\">Vodafone<\/a>:<\/u> Die D\u00fcsseldorfer waren sogar die ersten, die 2011 erstmals DSL per Funk m\u00f6glich machten mit den <a href=\"https:\/\/www.lte-anbieter.info\/daheim\/lte-zuhause.php\" data-internallinksmanager029f6b8e52c=\"30\" title=\"LTE-Zuhause: Ratgeber und Tarife\">LTE Zuhause<\/a> Paketen. Die gibt es zwar nicht mehr, daf\u00fcr aber die noch besseren <a href=\"https:\/\/www.lte-anbieter.info\/daheim\/vodafone-gigacube.php\">Gigacube-Tarife<\/a>. Damit surfen Sie mit LTE oder 5G superschnell \u00fcberall bundesweit im Internet zu fairen Preisen ab 36.99 \u20ac im Monat. Wahlweise sogar ohne Datenlimitierung!<\/p>\n<p>&nbsp;<\/p>\n<p><img decoding=\"async\" src=\"https:\/\/www.lte-anbieter.info\/lte-news\/wp-content\/uploads\/2022\/11\/dsl-zuhause-per-funk.webp\" alt=\"DSL daheim per Funk\" loading=\"lazy\"><\/p>\n<p>&nbsp;<\/p>\n<p><u>Freenet:<\/u> Die Freenet hat ebenfalls einen solchen Tarif im Angebot \u2013 eigentlich sogar zwei. Einmal <a href=\"https:\/\/www.lte-anbieter.info\/daheim\/freenet\/freenet-internet-lte.php\">Freenet Internet 5G<\/a> \u2013 f\u00fcr 40 \u20ac stehen hier satte 400 GB Datenvolumen (bundesweit).<\/p>\n<p>&nbsp;<\/p>\n<p><u><a href=\"https:\/\/www.lte-anbieter.info\/lte-provider\/o2\/o2-lte.php\" data-internallinksmanager029f6b8e52c=\"34\" title=\"O2 LTE- und 5G-Tarife zeigen\">O2 Telef\u00f3nica<\/a>:<\/u> Ein sehr interessantes Funk-DSL Angebot kommt noch von O2. Im Tarif \u201e<a href=\"https:\/\/www.lte-anbieter.info\/daheim\/o2-zuhause-4g.php\">Home S<\/a>\u201c per Homespot bietet der Konzern eine unbegrenzte Surf- und Sprachflat ab sagenhaften 34.99 \u20ac. Immerhin 50-100 MBit sind so m\u00f6glich. Mit den &#8222;<a href=\"https:\/\/www.lte-anbieter.info\/tarife\/o2\/o2-datentarife.php\">O2 Datentarifen<\/a>&#8220; kann der Internetzugang sogar innerhalb Deutschlands sowie der Europ\u00e4ischen Union mitgenommen werden. Man ist dann nicht auf einen Anwendungsort beschr\u00e4nkt, ohne wie beim <a href=\"https:\/\/www.lte-anbieter.info\/daheim\/vodafone-gigacube.php\" data-internallinksmanager029f6b8e52c=\"22\" title=\"alles zum Vodafone Gigacube Angebot sowie den Tarifen erfahren\">Gigacube<\/a>.<\/p>\n<p>&nbsp;<\/p>\n<p><u><a href=\"https:\/\/www.lte-anbieter.info\/lte-provider\/congstar\/congstar-lte.php\" data-internallinksmanager029f6b8e52c=\"37\" title=\"Congstar Tarife zeigen\">Congstar<\/a>:<\/u> Ein sehr interessantes Angebot kommt noch von congstar. Die \u201eHomespot\u201c Tarife (S-L) bieten bis zu 400 GB Datenvolumen im Monat \u00fcber LTE oder 5G (50 MBit). Optional kann die Datenrate f\u00fcr 3 \u20ac auf 100 MBit erh\u00f6ht werden. Bei diesem Angebot surft man per Funk im exzellenten Telekom-Netz. Einsetzbar innerhalb Deutschlands und der EU. Bestellung <a href=\"https:\/\/www.lte-anbieter.info\/details\/congstarhomespot\" rel=\"noopener nofollow\" target=\"_blank\">auf www.congstar.de\/homespot<\/a>.<\/p>\n<p>&nbsp;<\/p>\n<p><u><a href=\"https:\/\/www.lte-anbieter.info\/lte-provider\/telekom\/telekom-lte.php\" data-internallinksmanager029f6b8e52c=\"32\" title=\"LTE- und 5G-Tarife der Deutschen Telekom zeigen\">Deutsche Telekom<\/a>:<\/u> Die Telekom bietet sogar gleich zwei Produkte. Das eine kombiniert tats\u00e4chlich DSL mit Funkinternet \u2013 genannt <a href=\"https:\/\/www.lte-anbieter.info\/hybrid\/magenta-zuhause-hybrid.php\">Hybrid<\/a>. Eine Volumenbegrenzung gibt es bei diesen Tarifen nicht. Alternativ hat der Konzern noch den <a href=\"https:\/\/www.lte-anbieter.info\/daheim\/telekom-speedbox.php\">Speedbox-Tarif<\/a> zu bieten, der Internet via Funk bereitstellt (4G oder 5G). Buchbar sind 100, 200 oder 400 GB monatlich ab 39.95 \u20ac.<\/p>\n<p>&nbsp;<\/p>\n<h2>Braucht man da einen speziellen Router?<\/h2>\n<p>Ja, auf jeden Fall. Herk\u00f6mmliche DSL-Router beherrschen ja kein LTE. Daher ist der Kauf oder die Miete eines entsprechenden LTE- bzw. 5G-Routers Pflicht f\u00fcr die Nutzung diese Zug\u00e4nge. Alle Anbieter bieten passende Modelle zu meist fairen Preisen. Mehr zu den Preisen <a href=\"https:\/\/www.lte-anbieter.info\/lte-hardware\/router\/lte-router-ratgeber.php\">hier<\/a>. Im Handel sind f\u00fcr gute Modelle in etwa 100-300 \u20ac einzuplanen.<\/p>\n<p>&nbsp;<\/p>\n<p>> <a href=\"https:\/\/www.lte-anbieter.info\/daheim\/testbericht-gigacube-4g-2022.php\">Testbericht Vodafone Gigacube<\/a><br \/>\n> <a href=\"https:\/\/www.lte-anbieter.info\/daheim\/erfahrungsbericht-telekom-speedbox-2020.php\">Testbericht Speedbox Telekom<\/a><br \/>\n> <a href=\"https:\/\/www.lte-anbieter.info\/daheim\/freenet\/testbericht-freenet-green-unlimited.php\">Testbericht Freenet Unlimited<\/a><br \/>\n> <a href=\"https:\/\/www.lte-anbieter.info\/daheim\/testbericht-o2-my-home-4g.php\">Testbericht O2 Home per LTE\/5G<\/a><br \/>\n&raquo; <a href=\"https:\/\/www.lte-anbieter.info\/ratgeber\/internet-kabellos.php\">Kabelloses Internet f\u00fcr \u00fcberall?<\/a><\/p>\n<p>&nbsp;<\/p>\n<div style='text-align:center' class='yasr-auto-insert-visitor'><\/div>","protected":false},"excerpt":{"rendered":"<p>&nbsp; Da vielerorts weiterhin keine oder nur sehr langsame Internetzug\u00e4nge \u00fcber DSL und VDSL verf\u00fcgbar sind, fragen sich viele Verbraucher, ob man auch DSL \u00fcber Funk (also ohne Festnetzleitung) beziehen kann. Indirekt geht das tats\u00e4chlich. Wir zeigen, was heute machbar ist, welche Anbieter es gibt und wieviel das kostet.<\/p>\n","protected":false},"author":1,"featured_media":0,"parent":0,"menu_order":0,"comment_status":"closed","ping_status":"closed","template":"","meta":{"yasr_overall_rating":0,"yasr_post_is_review":"yes","yasr_auto_insert_disabled":"","yasr_review_type":"CreativeWorkSeries","iawp_total_views":5485,"footnotes":""},"class_list":["post-38121","page","type-page","status-publish","hentry"],"yasr_visitor_votes":{"stars_attributes":{"read_only":false,"span_bottom":false},"number_of_votes":1,"sum_votes":5},"jetpack_shortlink":"https:\/\/wp.me\/POOxv-9UR","_links":{"self":[{"href":"https:\/\/www.lte-anbieter.info\/lte-news\/wp-json\/wp\/v2\/pages\/38121","targetHints":{"allow":["GET"]}}],"collection":[{"href":"https:\/\/www.lte-anbieter.info\/lte-news\/wp-json\/wp\/v2\/pages"}],"about":[{"href":"https:\/\/www.lte-anbieter.info\/lte-news\/wp-json\/wp\/v2\/types\/page"}],"author":[{"embeddable":true,"href":"https:\/\/www.lte-anbieter.info\/lte-news\/wp-json\/wp\/v2\/users\/1"}],"replies":[{"embeddable":true,"href":"https:\/\/www.lte-anbieter.info\/lte-news\/wp-json\/wp\/v2\/comments?post=38121"}],"version-history":[{"count":5,"href":"https:\/\/www.lte-anbieter.info\/lte-news\/wp-json\/wp\/v2\/pages\/38121\/revisions"}],"predecessor-version":[{"id":44400,"href":"https:\/\/www.lte-anbieter.info\/lte-news\/wp-json\/wp\/v2\/pages\/38121\/revisions\/44400"}],"wp:attachment":[{"href":"https:\/\/www.lte-anbieter.info\/lte-news\/wp-json\/wp\/v2\/media?parent=38121"}],"curies":[{"name":"wp","href":"https:\/\/api.w.org\/{rel}","templated":true}]}}