{"id":38135,"date":"2026-01-02T12:21:02","date_gmt":"2026-01-02T11:21:02","guid":{"rendered":"https:\/\/www.lte-anbieter.info\/lte-news\/?page_id=38135"},"modified":"2026-04-04T10:40:15","modified_gmt":"2026-04-04T08:40:15","slug":"gigamobil-m","status":"publish","type":"page","link":"https:\/\/www.lte-anbieter.info\/lte-news\/gigamobil-m","title":{"rendered":"GigaMobil M: Vodafone Allnetflat f\u00fcr anspruchsvolle mit LTE\/5G"},"content":{"rendered":"<p>&nbsp;<\/p>\n<p><a href=\"https:\/\/www.lte-anbieter.info\/lte-provider\/vodafone\/vodafone-lte.php\" data-internallinksmanager029f6b8e52c=\"33\" title=\"Vodafone LTE- und 5G-Tarife zeigen\">Vodafone<\/a> offeriert etliche Smartphone Allnet-Flat Tarife namens \u201eGigaMobil\u201c. Diese unterscheiden sich vor allem in Hinsicht auf das enthaltene Datenvolumen. GigaMobil M bietet besonders viel davon. Wir zeigen, was der Tarif alles beinhaltet, wie hoch die Kosten sind und wie Neukunden einiges sparen k\u00f6nnen!<!--more--><\/p>\n<h2>Eckdaten zu GigaMobil M<\/h2>\n<div class=\"pic_r\"><img decoding=\"async\" src=\"https:\/\/www.lte-anbieter.info\/lte-news\/wp-content\/uploads\/2022\/08\/vodafone-logo-blog.webp\" alt=\"Vodafone\" width=\"180\"><\/div>\n<p>Hier handelt es sich um eine waschechte <a href=\"https:\/\/www.lte-anbieter.info\/allnet\/allnet-flat-ratgeber.php\">Allnet-Flat<\/a>. Daher sind alle Gespr\u00e4che im deutschen Mobilfunk- und Festnetz samt Textnachrichten abgegolten. Auch innerhalb der EU nat\u00fcrlich. Ins Netz geht\u2019s mit Turbospeed von 300 MBit\/s (LTE) bzw. \u00fcber sogar \u00fcber 1000 via <a href=\"https:\/\/www.lte-anbieter.info\/5g\/\" data-internallinksmanager029f6b8e52c=\"73\" title=\"alles zum LTE-Nachfolger 5G\">5G<\/a>. Das monatlich zur Verf\u00fcgung stehende Datenvolumen betr\u00e4gt aktuell 50 GB. Nur GigaMobil L und <a href=\"https:\/\/www.lte-anbieter.info\/lte-news\/red-xl-unlimited-bestellen\">GigaMobil XL<\/a> bietet noch mehr (unbegrenzt). Sollte man mal nicht das ganze Volumen verbraucht haben, wird dies \u00fcbrigens \u00fcber das \u201eGigadepot\u201c in den n\u00e4chsten Monat transferiert. <\/p>\n<p>&nbsp;<\/p>\n<div class=\"highlight2\">Aktion: Noch bis 30.04.2026 <a href=\"https:\/\/www.lte-anbieter.info\/details\/gigamobil\" rel=\"noopener nofollow\" target=\"_blank\">hier online GigaMobil Tarif bestellen<\/a> und  25% Rabatt f\u00fcr 2 Jahre + unlimitiertes Volumen statt 50 GB Datenvolumen sichern!<\/div>\n<h2>Was kostet GigaMobil M?<\/h2>\n<p>Der Komplettpreis betr\u00e4gt <strike>39.99 \u20ac<\/strike> 49.99 \u20ac im Monat. Wem das zu viel ist, der sollte einen Blick auf die etwas kleineren Pakete <a href=\"https:\/\/www.lte-anbieter.info\/lte-news\/gigamobil-s-vodafone-lte-allnetflat-mit-viel-datenvolumen\">GigaMobil S<\/a> oder <a href=\"https:\/\/www.lte-anbieter.info\/lte-news\/gigamobil-xs-vodafone\">XS<\/a> werfen. Wer noch mehr Volumen m\u00f6chte, wird bei <a href=\"https:\/\/www.lte-anbieter.info\/lte-news\/gigamobil-l\">GigaMobil L<\/a> f\u00fcndig.<\/p>\n<h2>Young Variante g\u00fcnstiger<\/h2>\n<p>F\u00fcr alle unter 28 Jahren hat Vodafone einige Verg\u00fcnstigungen im Angebot, wie noch mehr Volumen und geringere Grundgeb\u00fchr&#8230;<\/p>\n<h2>Wie gut ist das gebotene Netz?<\/h2>\n<p>Mittlerweile sehr gut, das bescheinigen auch immer wieder <a href=\"https:\/\/www.lte-anbieter.info\/lte-news\/index.php?s=netztest\">unabh\u00e4ngige Tests<\/a>, wie von der Zeitung \u201econnect\u201c. Die LTE-Abdeckung im Vodafone-Netz liegt bei gut 98-99 Prozent. 5G k\u00f6nnen immerhin schon \u00fcber 93% der Verbraucher nutzen. Mehr dazu <a href=\"https:\/\/www.lte-anbieter.info\/lte-news\/vodafone-netzausbau-karte-lte-5g-zeigen\">hier<\/a>!<\/p>\n<h2>Kann ich meine Nummer mitnehmen?<\/h2>\n<p>Nat\u00fcrlich, das ist kein Problem!<\/p>\n<h3>Wissenswertes zum Thema:<\/h3>\n<p>\u00bb <a href=\"https:\/\/www.lte-anbieter.info\/lte-provider\/lte-anbieter-uebersicht.php\">LTE-Anbieter in der \u00dcbersicht<\/a><br \/>\n\u00bb <a href=\"https:\/\/www.lte-anbieter.info\/verfuegbarkeit\/lte-verfuegbarkeit-testen.php\">LTE Verf\u00fcgbarkeit hier testen<\/a><br \/>\n\u00bb <a href=\"https:\/\/www.lte-anbieter.info\/lte-news\/magentamobil-l-telekom-allnetflat-mit-datenvolumen-satt\">Was bietet MagentaMobil L von der Telekom?<\/a><br \/>\n\u00bb <a href=\"https:\/\/www.lte-anbieter.info\/lte-news\/magentamobil-m-telekom-allnetflat-mit-viel-datenvolumen\">Was bietet MagentaMobil M von der Telekom?<\/a><\/p>\n<p>&nbsp;<\/p>\n<div style='text-align:center' class='yasr-auto-insert-visitor'><\/div>","protected":false},"excerpt":{"rendered":"<p>&nbsp; Vodafone offeriert etliche Smartphone Allnet-Flat Tarife namens \u201eGigaMobil\u201c. Diese unterscheiden sich vor allem in Hinsicht auf das enthaltene Datenvolumen. GigaMobil M bietet besonders viel davon. Wir zeigen, was der Tarif alles beinhaltet, wie hoch die Kosten sind und wie Neukunden einiges sparen k\u00f6nnen!<\/p>\n","protected":false},"author":1,"featured_media":0,"parent":0,"menu_order":0,"comment_status":"closed","ping_status":"closed","template":"","meta":{"yasr_overall_rating":0,"yasr_post_is_review":"yes","yasr_auto_insert_disabled":"","yasr_review_type":"","iawp_total_views":89,"footnotes":""},"class_list":["post-38135","page","type-page","status-publish","hentry"],"yasr_visitor_votes":{"stars_attributes":{"read_only":false,"span_bottom":false},"number_of_votes":0,"sum_votes":0},"jetpack_shortlink":"https:\/\/wp.me\/POOxv-9V5","_links":{"self":[{"href":"https:\/\/www.lte-anbieter.info\/lte-news\/wp-json\/wp\/v2\/pages\/38135","targetHints":{"allow":["GET"]}}],"collection":[{"href":"https:\/\/www.lte-anbieter.info\/lte-news\/wp-json\/wp\/v2\/pages"}],"about":[{"href":"https:\/\/www.lte-anbieter.info\/lte-news\/wp-json\/wp\/v2\/types\/page"}],"author":[{"embeddable":true,"href":"https:\/\/www.lte-anbieter.info\/lte-news\/wp-json\/wp\/v2\/users\/1"}],"replies":[{"embeddable":true,"href":"https:\/\/www.lte-anbieter.info\/lte-news\/wp-json\/wp\/v2\/comments?post=38135"}],"version-history":[{"count":5,"href":"https:\/\/www.lte-anbieter.info\/lte-news\/wp-json\/wp\/v2\/pages\/38135\/revisions"}],"predecessor-version":[{"id":42759,"href":"https:\/\/www.lte-anbieter.info\/lte-news\/wp-json\/wp\/v2\/pages\/38135\/revisions\/42759"}],"wp:attachment":[{"href":"https:\/\/www.lte-anbieter.info\/lte-news\/wp-json\/wp\/v2\/media?parent=38135"}],"curies":[{"name":"wp","href":"https:\/\/api.w.org\/{rel}","templated":true}]}}