{"id":38590,"date":"2026-01-01T09:45:29","date_gmt":"2026-01-01T08:45:29","guid":{"rendered":"https:\/\/www.lte-anbieter.info\/lte-news\/?page_id=38590"},"modified":"2026-04-04T10:41:07","modified_gmt":"2026-04-04T08:41:07","slug":"magentamobil-xs-die-telekom-allnetflat-zum-kleinen-preis","status":"publish","type":"page","link":"https:\/\/www.lte-anbieter.info\/lte-news\/magentamobil-xs-die-telekom-allnetflat-zum-kleinen-preis","title":{"rendered":"MagentaMobil XS: Die Telekom Allnetflat zum kleinen Preis"},"content":{"rendered":"<p>&nbsp;<\/p>\n<p>Die <a href=\"https:\/\/www.lte-anbieter.info\/lte-provider\/telekom\/telekom-lte.php\" data-internallinksmanager029f6b8e52c=\"32\" title=\"LTE- und 5G-Tarife der Deutschen Telekom zeigen\">Deutsche Telekom<\/a> bietet eine breite Palette an Mobilfunktarifen f\u00fcr Ihr Smartphone. Bei allen handelt es sich um eine echte Allnet-Flatrate f\u00fcr unbegrenzte Telefonate in alle deutschen Netze. Den G\u00fcnstigste Einstieg bietet der Tarif \u201eMagentaMobil XS\u201c. Wir zeigen, was das Angebot alles beinhaltet und f\u00fcr wen er geeignet ist.<!--more--><\/p>\n<h2>Eckdaten zu MagentaMobil XS<\/h2>\n<div class=\"pic_r\"><img decoding=\"async\" src=\"https:\/\/www.lte-anbieter.info\/lte-news\/wp-content\/uploads\/2023\/11\/Telekom-Logo.webp\" alt=\"Deutsche Telekom\" width=\"100\"><\/div>\n<p>Bereits mit dem g\u00fcnstigsten Handytarif \u201eMagentaMobil XS\u201c surfen Sie sowohl im LTE- als auch <a href=\"https:\/\/www.lte-anbieter.info\/5g\/\" data-internallinksmanager029f6b8e52c=\"73\" title=\"alles zum LTE-Nachfolger 5G\">5G<\/a>-Netz der Deutschen Telekom. \u00dcber die 4. Generation (<a href=\"https:\/\/www.lte-anbieter.info\/\">LTE<\/a>) sind bis zu 300 Mbit\/s m\u00f6glich, w\u00e4hrend <a href=\"https:\/\/www.lte-anbieter.info\/5g\/\">5G<\/a> die Internetverbindung unterwegs sogar auf \u00fcber 1 Gbit\/s beschleunigen kann. Monatlich stehen 20 GB Datenvolumen zur Verf\u00fcgung.<\/p>\n<p>&nbsp;<\/p>\n<p>Auch mit inklusive ist eine <a href=\"https:\/\/www.lte-anbieter.info\/allnet\/allnet-flat-ratgeber.php\">Allnet-Flat<\/a>, bei der s\u00e4mtliche Telefonate im dt. Mobil- und Festnetz abgedeckt sind. Gleiches gilt nat\u00fcrlich auch f\u00fcr Textnachrichten. Des Weiteren bietet der preiswerte Einstiegstarif Zugriff auf alle Telekom WLAN-Hotspots dank Hotspot-Flat. Das spart unterwegs Datenvolumen. Dank EU-Roaming nutzen Sie die Flat nat\u00fcrlich auch auf Reisen wie zuhause. <\/p>\n<h2>Wie viel kostet der kleinste Tarif von der Telekom?<\/h2>\n<p>Wir hatten ja bereits erw\u00e4hnt, dass &#8222;XS&#8220; der g\u00fcnstigste Postpaid-Kompletttarif der Telekom ist. Die Kosten belaufen sich auf 29.95 \u20ac im Monat. Einmalig berechnet das Unternehmen zudem 39.95 \u20ac Anschlussgeb\u00fchr.<\/p>\n<p>&nbsp;<\/p>\n<div class=\"highlight2\">Aktion: Bei Bestellung <a href=\"https:\/\/www.lte-anbieter.info\/details\/magentamobil\" rel=\"noopener nofollow\" target=\"_blank\">hier unter www.telekom.de\/magentamobil<\/a> winken diesen Monat wieder attraktive Neukundenvorteile, wie z.B. 240 \u20ac Cashback. Nur bis 30.04.2026.<\/div>\n<h2>G\u00fcnstigere \u201eYoung\u201c Variante erh\u00e4ltlich<\/h2>\n<div class=\"pic_r\"><img decoding=\"async\" src=\"https:\/\/www.lte-anbieter.info\/lte-news\/wp-content\/uploads\/2024\/08\/magentamobil-basic.webp\" alt=\"Unsere Wertung f\u00fcr MagentaMobil XS\" width=\"250\"><\/div>\n<p>F\u00fcr alle unter 27 Jahren hat die Telekom noch spezielle \u201eYoung\u201c Tarifvarianten im Angebot, allerdings erst ab Paket \u201eS\u201c. \u201eMagentaMobil S Young\u201c kostet nicht nur 10 \u20ac weniger, sondern biete auch das doppelte Datenvolumen.<\/p>\n<h2>Wie gut ist das verwendete Mobilfunknetz?<\/h2>\n<p>Sie bekommen sogar offiziell das Beste Netz! Zumindest liegt die Telekom in <a href=\"https:\/\/www.lte-anbieter.info\/lte-news\/index.php?s=netztest\">unabh\u00e4ngigen Testberichten<\/a> von Stiftung Warentest, connect und Computerbild seit Jahren schon immer auf Platz 1 was das LTE- und 5G-Netz betrifft. Daher wirbt der Konzern nicht selten auch mit der Aussage. Daf\u00fcr geh\u00f6rten die Tarife auch nicht gerade zu den billigsten am Markt. Wer sich selbst einen \u00dcberblick zum Ausbaustand verschaffen will, findet <a href=\"https:\/\/www.lte-anbieter.info\/details\/tmobileVerf\" rel=\"noopener nofollow\" target=\"_blank\">hier die offizielle Netz-Karte der Telekom<\/a>.<\/p>\n<h2>Kann ich meine Rufnummer mitnehmen?<\/h2>\n<p>Ja, das ist problemlos m\u00f6glich. Einfach bei der Bestellung den Wechselwunsch mit angeben und Rufnummerportierung beauftragen.<\/p>\n<h2>Unser Fazit<\/h2>\n<p>Der g\u00fcnstigste Handy-Tarif der Telekom bietet bereits eine solide Grundausstattung zum Telefonieren und mobilen surfen. Ideal f\u00fcr Einsteiger. 5G Datenvolumen d\u00fcrften f\u00fcr die meisten bereits ausreichend sein, sofern auf Videostreaming verzichtet wird. Ambitionierteren Nutzern empfehlen wir allerdings den Griff zu einem der h\u00f6heren Pakete mit mehr Volumen, wie <a href=\"https:\/\/www.lte-anbieter.info\/lte-news\/magentamobil-m-telekom-allnetflat-mit-viel-datenvolumen\">MagentaMobil M<\/a> oder <a href=\"https:\/\/www.lte-anbieter.info\/lte-news\/magentamobil-l-telekom-allnetflat-mit-datenvolumen-satt\">MagentaMobil L<\/a>.<\/p>\n<h3>Wissenswertes zum Thema:<\/h3>\n<p>\u00bb <a href=\"https:\/\/www.lte-anbieter.info\/lte-provider\/telekom\/telekom-lte.php#smartphone\">MagentaMobil Tarife im Vergleich<\/a><br \/>\n\u00bb <a href=\"https:\/\/www.lte-anbieter.info\/lte-news\/magentamobil-l-telekom-allnetflat-mit-datenvolumen-satt\">MagentaMobil L<\/a><br \/>\n\u00bb <a href=\"https:\/\/www.lte-anbieter.info\/lte-news\/magentamobil-m-telekom-allnetflat-mit-viel-datenvolumen\">MagentaMobil M<\/a><\/p>\n<p>&nbsp;<\/p>\n<div style='text-align:center' class='yasr-auto-insert-visitor'><\/div>","protected":false},"excerpt":{"rendered":"<p>&nbsp; Die Deutsche Telekom bietet eine breite Palette an Mobilfunktarifen f\u00fcr Ihr Smartphone. Bei allen handelt es sich um eine echte Allnet-Flatrate f\u00fcr unbegrenzte Telefonate in alle deutschen Netze. Den G\u00fcnstigste Einstieg bietet der Tarif \u201eMagentaMobil XS\u201c. Wir zeigen, was das Angebot alles beinhaltet und f\u00fcr wen er geeignet ist.<\/p>\n","protected":false},"author":1,"featured_media":0,"parent":0,"menu_order":0,"comment_status":"closed","ping_status":"closed","template":"","meta":{"yasr_overall_rating":0,"yasr_post_is_review":"yes","yasr_auto_insert_disabled":"","yasr_review_type":"","iawp_total_views":254,"footnotes":""},"class_list":["post-38590","page","type-page","status-publish","hentry"],"yasr_visitor_votes":{"stars_attributes":{"read_only":false,"span_bottom":false},"number_of_votes":0,"sum_votes":0},"jetpack_shortlink":"https:\/\/wp.me\/POOxv-a2q","_links":{"self":[{"href":"https:\/\/www.lte-anbieter.info\/lte-news\/wp-json\/wp\/v2\/pages\/38590","targetHints":{"allow":["GET"]}}],"collection":[{"href":"https:\/\/www.lte-anbieter.info\/lte-news\/wp-json\/wp\/v2\/pages"}],"about":[{"href":"https:\/\/www.lte-anbieter.info\/lte-news\/wp-json\/wp\/v2\/types\/page"}],"author":[{"embeddable":true,"href":"https:\/\/www.lte-anbieter.info\/lte-news\/wp-json\/wp\/v2\/users\/1"}],"replies":[{"embeddable":true,"href":"https:\/\/www.lte-anbieter.info\/lte-news\/wp-json\/wp\/v2\/comments?post=38590"}],"version-history":[{"count":5,"href":"https:\/\/www.lte-anbieter.info\/lte-news\/wp-json\/wp\/v2\/pages\/38590\/revisions"}],"predecessor-version":[{"id":44408,"href":"https:\/\/www.lte-anbieter.info\/lte-news\/wp-json\/wp\/v2\/pages\/38590\/revisions\/44408"}],"wp:attachment":[{"href":"https:\/\/www.lte-anbieter.info\/lte-news\/wp-json\/wp\/v2\/media?parent=38590"}],"curies":[{"name":"wp","href":"https:\/\/api.w.org\/{rel}","templated":true}]}}