{"id":38626,"date":"2026-01-02T09:09:04","date_gmt":"2026-01-02T08:09:04","guid":{"rendered":"https:\/\/www.lte-anbieter.info\/lte-news\/?page_id=38626"},"modified":"2026-05-05T10:50:09","modified_gmt":"2026-05-05T08:50:09","slug":"magentamobil-m-telekom-allnetflat-mit-viel-datenvolumen","status":"publish","type":"page","link":"https:\/\/www.lte-anbieter.info\/lte-news\/magentamobil-m-telekom-allnetflat-mit-viel-datenvolumen","title":{"rendered":"MagentaMobil M: Telekom Allnetflat mit viel Datenvolumen"},"content":{"rendered":"<p>&nbsp;<\/p>\n<p>Die <a href=\"https:\/\/www.lte-anbieter.info\/lte-provider\/telekom\/telekom-lte.php\" data-internallinksmanager029f6b8e52c=\"32\" title=\"LTE- und 5G-Tarife der Deutschen Telekom zeigen\">Deutsche Telekom<\/a> hat eine ganze Reihe leistungsstarker Smartphone Allnet-Flat Tarife im Angebot. MagentaMobil M bietet dabei ein ausgezeichnetes Preisleistungsverh\u00e4ltnis. Doch f\u00fcr wen eignet sich der Tarif, was kostet er und wie k\u00f6nnen Neukunden sparen?<!--more--><\/p>\n<h2>alle Eckdaten zu MagentaMobil M<\/h2>\n<div class=\"pic_r\"><img decoding=\"async\" src=\"https:\/\/www.lte-anbieter.info\/lte-news\/wp-content\/uploads\/2023\/11\/Telekom-Logo.webp\" alt=\"Deutsche Telekom\" width=\"120\"><\/div>\n<p>Mit MagentaMobil M erhalten Nutzer einen Premium-Tarif mit sehr viel Leistung. Das wird schon beim monatlich zur Verf\u00fcgung stehenden Datenvolumen von 50 GB ersichtlich. Mobil gesurft wird \u00fcber das schnelle, exzellent ausgebaut LTE- oder <a href=\"https:\/\/www.lte-anbieter.info\/5g\/\" data-internallinksmanager029f6b8e52c=\"73\" title=\"alles zum LTE-Nachfolger 5G\">5G<\/a>-Netz der Telekom. So sind 300 bzw. sogar \u00fcber 1000 MBit\/s m\u00f6glich. Der Upload liegt bei maximal 50 Mbit\/s. Nat\u00fcrlich sind bei MagentaMobil M s\u00e4mtliche Gespr\u00e4che und Sprachnachrichten in alle dt. Netze (mobil\/Festnetz) abgedeckt \u2013 dank EU-Roaming auch im Urlaub. Eine Besonderheit hat der Telekom-Tarif auch noch zu bieten, denn Kunden haben Zugriff auf Millionen von kostenlosen WLAN-Hotspots bundesweit. Das schont unterwegs das Inklusiv-Datenvolumen. VoLTE (<a href=\"https:\/\/www.lte-anbieter.info\/volte\/\" data-internallinksmanager029f6b8e52c=\"7\" title=\"mehr \u00fcber VoLTE (LTE-Telefonie) erfahren\">Voice over LTE<\/a>) sowie <a href=\"https:\/\/www.lte-anbieter.info\/technik\/wlan\/wifi-calling.php\" data-internallinksmanager029f6b8e52c=\"11\" title=\"Ratgeber und Infos zum Thema WLAN-Telefonie\">Wifi-Calling<\/a> werden nat\u00fcrlich ebenfalls unterst\u00fctzt \u2013 <a href=\"https:\/\/www.lte-anbieter.info\/ratgeber\/e-sim.php\" data-internallinksmanager029f6b8e52c=\"28\" title=\"alles \u00fcber eSIMs erfahren\">eSIM<\/a> lassen sich optional bestellen.<\/p>\n<h2>Wie viel kostet MagentaMobil M?<\/h2>\n<p>So viel Leistung im exzellenten Telekomnetz hat nat\u00fcrlich seinen Preis. Die monatliche Grundgeb\u00fchr liegt bei MagentaMobil M bei 49.95 \u20ac. Zuz\u00fcglich einmalig 39.95 \u20ac Anschlusspreis.<\/p>\n<p>&nbsp;<\/p>\n<div class=\"highlight2\">Aktion: Bei Bestellung <a href=\"https:\/\/www.lte-anbieter.info\/details\/magentamobil\" rel=\"noopener nofollow\" target=\"_blank\">hier unter www.telekom.de\/magentamobil<\/a> winken diesen Monat wieder attraktive Neukundenvorteile, wie z. B. bis 240 \u20ac Cashback. Nur bis 31.05.2026.<\/div>\n<h2>G\u00fcnstigere \u201eYoung\u201c Variante erh\u00e4ltlich<\/h2>\n<div class=\"pic_r\"><img decoding=\"async\" src=\"https:\/\/www.lte-anbieter.info\/lte-news\/wp-content\/uploads\/2022\/09\/magentamobil-m.webp\" alt=\"Unsere Wertung f\u00fcr MagentaMobil M\" width=\"250\"><\/div>\n<p>Wer unter 27 Jahren ist, bekommt die <a href=\"https:\/\/www.lte-anbieter.info\/allnet\/tarifvergleich.php\" data-internallinksmanager029f6b8e52c=\"5\" title=\"aktuelle Allnetflat-Tarife vergleichen\">Allnetflat<\/a> sogar deutlich attraktiver. MagentaMobil Young M bietet n\u00e4mlich 30 GB monatlich mehr Volumens f\u00fcr 10 \u20ac weniger Grundgeb\u00fchr!<\/p>\n<h2>Wie gut ist das verwendete Mobilfunknetz?<\/h2>\n<p>Die Telekom selbst wirbt mit dem \u201ebesten Netz\u201c und das hat auch einen Grund. Seit mehreren Jahren schon attestieren <a href=\"https:\/\/www.lte-anbieter.info\/lte-news\/index.php?s=netztest\">unabh\u00e4ngige Tests<\/a> den 1. Platz vor <a href=\"https:\/\/www.lte-anbieter.info\/lte-provider\/vodafone\/vodafone-lte.php\" data-internallinksmanager029f6b8e52c=\"33\" title=\"Vodafone LTE- und 5G-Tarife zeigen\">Vodafone<\/a> und <a href=\"https:\/\/www.lte-anbieter.info\/lte-provider\/o2\/o2-lte.php\" data-internallinksmanager029f6b8e52c=\"34\" title=\"O2 LTE- und 5G-Tarife zeigen\">O2<\/a>. Wer sich selbst ein Bild von der Lage bei sich vor Ort machen m\u00f6chte, findet hier <a href=\"https:\/\/www.lte-anbieter.info\/details\/tmobileVerf\" rel=\"noopener nofollow\" target=\"_blank\">beim Anbieter eine Ausbaukarte<\/a>.<\/p>\n<h2>Kann ich meine Rufnummer mitnehmen?<\/h2>\n<p>Ja, nat\u00fcrlich, dass ist kein Problem.<\/p>\n<h2>Unser Fazit<\/h2>\n<p>MagentaMobil M versorgt Sie mit \u00fcppig dimensioniertem Datenvolumen, Sprachflat und allerlei n\u00fctzlichen Netzfeatures wie Wifi-Calling, VoLTE und einer Hotspotflat. Es gibt sicher billigere Angebote aber das Beste Netz hat eben seinen Preis. F\u00fcr Anspruchsvolle also ideal! Sparf\u00fcchse werfen hingegen einen Blick auf <a href=\"https:\/\/www.lte-anbieter.info\/lte-news\/magentamobil-xs-die-telekom-allnetflat-zum-kleinen-preis\">MagentaMobil XS<\/a>. Hier gehts schon ab rund 25 \u20ac monatlich los!<\/p>\n<h3>Wissenswertes zum Thema:<\/h3>\n<p>\u00bb <a href=\"https:\/\/www.lte-anbieter.info\/lte-news\/magentamobil-l-telekom-allnetflat-mit-datenvolumen-satt\">MagentaMobil L<\/a><br \/>\n\u00bb <a href=\"https:\/\/www.lte-anbieter.info\/lte-news\/magentamobil-xs-die-telekom-allnetflat-zum-kleinen-preis\">MagentaMobil XS<\/a><br \/>\n\u00bb <a href=\"https:\/\/www.lte-anbieter.info\/lte-provider\/telekom\/telekom-lte.php#smartphone\">MagentaMobil Tarife im Vergleich<\/a><\/p>\n<p>&nbsp;<\/p>\n<div style='text-align:center' class='yasr-auto-insert-visitor'><\/div>","protected":false},"excerpt":{"rendered":"<p>&nbsp; Die Deutsche Telekom hat eine ganze Reihe leistungsstarker Smartphone Allnet-Flat Tarife im Angebot. MagentaMobil M bietet dabei ein ausgezeichnetes Preisleistungsverh\u00e4ltnis. Doch f\u00fcr wen eignet sich der Tarif, was kostet er und wie k\u00f6nnen Neukunden sparen?<\/p>\n","protected":false},"author":1,"featured_media":0,"parent":0,"menu_order":0,"comment_status":"closed","ping_status":"closed","template":"","meta":{"yasr_overall_rating":0,"yasr_post_is_review":"yes","yasr_auto_insert_disabled":"","yasr_review_type":"","iawp_total_views":41,"footnotes":""},"class_list":["post-38626","page","type-page","status-publish","hentry"],"yasr_visitor_votes":{"stars_attributes":{"read_only":false,"span_bottom":false},"number_of_votes":0,"sum_votes":0},"jetpack_shortlink":"https:\/\/wp.me\/POOxv-a30","_links":{"self":[{"href":"https:\/\/www.lte-anbieter.info\/lte-news\/wp-json\/wp\/v2\/pages\/38626","targetHints":{"allow":["GET"]}}],"collection":[{"href":"https:\/\/www.lte-anbieter.info\/lte-news\/wp-json\/wp\/v2\/pages"}],"about":[{"href":"https:\/\/www.lte-anbieter.info\/lte-news\/wp-json\/wp\/v2\/types\/page"}],"author":[{"embeddable":true,"href":"https:\/\/www.lte-anbieter.info\/lte-news\/wp-json\/wp\/v2\/users\/1"}],"replies":[{"embeddable":true,"href":"https:\/\/www.lte-anbieter.info\/lte-news\/wp-json\/wp\/v2\/comments?post=38626"}],"version-history":[{"count":6,"href":"https:\/\/www.lte-anbieter.info\/lte-news\/wp-json\/wp\/v2\/pages\/38626\/revisions"}],"predecessor-version":[{"id":44473,"href":"https:\/\/www.lte-anbieter.info\/lte-news\/wp-json\/wp\/v2\/pages\/38626\/revisions\/44473"}],"wp:attachment":[{"href":"https:\/\/www.lte-anbieter.info\/lte-news\/wp-json\/wp\/v2\/media?parent=38626"}],"curies":[{"name":"wp","href":"https:\/\/api.w.org\/{rel}","templated":true}]}}