{"id":43212,"date":"2026-01-01T11:52:03","date_gmt":"2026-01-01T10:52:03","guid":{"rendered":"https:\/\/www.lte-anbieter.info\/lte-news\/?page_id=43212"},"modified":"2026-04-04T10:40:07","modified_gmt":"2026-04-04T08:40:07","slug":"gigamobil-l","status":"publish","type":"page","link":"https:\/\/www.lte-anbieter.info\/lte-news\/gigamobil-l","title":{"rendered":"GigaMobil L: Vodafone Allnetflat mit exta viel Datenvolumen"},"content":{"rendered":"<p>&nbsp;<\/p>\n<p><a href=\"https:\/\/www.lte-anbieter.info\/lte-provider\/vodafone\/vodafone-lte.php\" data-internallinksmanager029f6b8e52c=\"33\" title=\"Vodafone LTE- und 5G-Tarife zeigen\">Vodafone<\/a> vertreibt seine Smartphone-Tarife unter der Bezeichnung \u201eGigaMobil\u201c. Hierbei handelt es sich allesamt um echte Allnet-Flatrates zum Telefonieren. Unterschiede gibt es prim\u00e4r bez\u00fcglich des enthaltenen Datenvolumens. GigaMobil L lockt mit besonders vielen GB pro Monat. Wir zeigen, was der Tarif konkret bietet und wieviel er kostet!<!--more--><\/p>\n<h2>Eckdaten zu GigaMobil L<\/h2>\n<div class=\"pic_r\"><img decoding=\"async\" src=\"https:\/\/www.lte-anbieter.info\/lte-news\/wp-content\/uploads\/2022\/08\/vodafone-logo-blog.webp\" alt=\"Vodafone\" width=\"180\"><\/div>\n<p>Die <a href=\"https:\/\/www.lte-anbieter.info\/allnet\/tarifvergleich.php\" data-internallinksmanager029f6b8e52c=\"5\" title=\"aktuelle Allnetflat-Tarife vergleichen\">Allnetflat<\/a> GigaMobil L wurde erst im 4. Quartal 2024 eingef\u00fchrt. Der neue Tarif zeichnet sich durch besonders viel Datenvolumen aus, dass im <a href=\"https:\/\/www.lte-anbieter.info\/5g\/\" data-internallinksmanager029f6b8e52c=\"73\" title=\"alles zum LTE-Nachfolger 5G\">5G<\/a>- bzw. LTE-Netz von Vodafone unterwegs genutzt werden kann. Statt wie bei den meisten Handytarifen nur mit 10-50 GB auskommen zu m\u00fcssen, stehen hier <u>satte 280 GB jeden Monat zur Verf\u00fcgung<\/u>. Das ist mehr, wie die meisten Haushalte zuhause \u00fcber DSL, Kabel oder Glasfaser verbrauchen. Man hat also faktisch fast unlimitierten Zugang und kann auch unterwegs reuelos hochaufl\u00f6sende Videos streamen und beliebt viel Musik. H\u00e4ufige Uploads f\u00fcr Social-Media-Creator sind nat\u00fcrlich auch kein Problem. Das schnelle Vodafone-Netz macht es m\u00f6glich.<\/p>\n<p>&nbsp;<\/p>\n<div class=\"highlight2\">Aktion: Noch bis 30.04.2026 <a href=\"https:\/\/www.lte-anbieter.info\/details\/gigamobil\" rel=\"noopener nofollow\" target=\"_blank\">hier online GigaMobil Tarif bestellen<\/a> und  25% Rabatt f\u00fcr 2 Jahre sichern!<\/div>\n<h2>Was kostet GigaMobil L?<\/h2>\n<p>Der Preis f\u00fcr den Tarif liegt regul\u00e4r bei 59.99 \u20ac im Monat. Je nach aktueller Aktion (siehe Abschnitt oben), reduzieren sich die Kosten f\u00fcr Neukunden aber teils deutlich! Etwas g\u00fcnstiger sind die Varianten <a href=\"https:\/\/www.lte-anbieter.info\/lte-news\/gigamobil-m\">GigaMobil M<\/a> und <a href=\"https:\/\/www.lte-anbieter.info\/lte-news\/gigamobil-s-vodafone-lte-allnetflat-mit-viel-datenvolumen\">GigaMobil S<\/a>.<\/p>\n<h2>Young Variante g\u00fcnstiger<\/h2>\n<p>Alle unter 28 Jahren sparen sogar noch mehr Geld. Hier bietet Vodafone eine spezielle \u201eYoung\u201c-Variante. Dabei reduziert sich der monatliche Paketpreis auf 49.99 \u20ac + Neukundenaktionen, die den Preis im Schnitt nochmal um 10 \u20ac dr\u00fccken.<\/p>\n<h2>Wie gut ist das gebotene Netz?<\/h2>\n<p>Vodafone kam in den <a href=\"https:\/\/www.lte-anbieter.info\/lte-news\/index.php?s=netztest\">Netztests der letzten Jahre<\/a> meist auf Platz 2, knapp hinter der Deutschen Telekom. Der Netzausbau ist also exzellent, sowohl bei LTE als auch \u00fcber 5G. Interessenten k\u00f6nnen zudem <a href=\"https:\/\/www.lte-anbieter.info\/details\/Vodafonemap\" rel=\"noopener nofollow\" target=\"_blank\">hier auf der Ausbaukarte<\/a> ganz genau nachvollziehen, wie es am eigenen Wohnort aussieht.<\/p>\n<h2>Kann ich meine bisherige Rufnummer mitnehmen?<\/h2>\n<p>Nat\u00fcrlich, das ist kein Problem!<\/p>\n<h3>Wissenswertes zum Thema:<\/h3>\n<p>\u00bb <a href=\"https:\/\/www.lte-anbieter.info\/lte-news\/magentamobil-l-telekom-allnetflat-mit-datenvolumen-satt\">Was bietet MagentaMobil L von der Telekom?<\/a><br \/>\n\u00bb <a href=\"https:\/\/www.lte-anbieter.info\/lte-news\/magentamobil-m-telekom-allnetflat-mit-viel-datenvolumen\">Was bietet MagentaMobil M von der Telekom?<\/a><\/p>\n<p>&nbsp;<\/p>\n<div style='text-align:center' class='yasr-auto-insert-visitor'><\/div>","protected":false},"excerpt":{"rendered":"<p>&nbsp; Vodafone vertreibt seine Smartphone-Tarife unter der Bezeichnung \u201eGigaMobil\u201c. Hierbei handelt es sich allesamt um echte Allnet-Flatrates zum Telefonieren. Unterschiede gibt es prim\u00e4r bez\u00fcglich des enthaltenen Datenvolumens. GigaMobil L lockt mit besonders vielen GB pro Monat. Wir zeigen, was der Tarif konkret bietet und wieviel er kostet!<\/p>\n","protected":false},"author":1,"featured_media":0,"parent":0,"menu_order":0,"comment_status":"closed","ping_status":"closed","template":"","meta":{"yasr_overall_rating":0,"yasr_post_is_review":"","yasr_auto_insert_disabled":"","yasr_review_type":"","iawp_total_views":59,"footnotes":""},"class_list":["post-43212","page","type-page","status-publish","hentry"],"yasr_visitor_votes":{"stars_attributes":{"read_only":false,"span_bottom":false},"number_of_votes":0,"sum_votes":0},"jetpack_shortlink":"https:\/\/wp.me\/POOxv-beY","_links":{"self":[{"href":"https:\/\/www.lte-anbieter.info\/lte-news\/wp-json\/wp\/v2\/pages\/43212","targetHints":{"allow":["GET"]}}],"collection":[{"href":"https:\/\/www.lte-anbieter.info\/lte-news\/wp-json\/wp\/v2\/pages"}],"about":[{"href":"https:\/\/www.lte-anbieter.info\/lte-news\/wp-json\/wp\/v2\/types\/page"}],"author":[{"embeddable":true,"href":"https:\/\/www.lte-anbieter.info\/lte-news\/wp-json\/wp\/v2\/users\/1"}],"replies":[{"embeddable":true,"href":"https:\/\/www.lte-anbieter.info\/lte-news\/wp-json\/wp\/v2\/comments?post=43212"}],"version-history":[{"count":6,"href":"https:\/\/www.lte-anbieter.info\/lte-news\/wp-json\/wp\/v2\/pages\/43212\/revisions"}],"predecessor-version":[{"id":44401,"href":"https:\/\/www.lte-anbieter.info\/lte-news\/wp-json\/wp\/v2\/pages\/43212\/revisions\/44401"}],"wp:attachment":[{"href":"https:\/\/www.lte-anbieter.info\/lte-news\/wp-json\/wp\/v2\/media?parent=43212"}],"curies":[{"name":"wp","href":"https:\/\/api.w.org\/{rel}","templated":true}]}}